{"id":1277,"date":"2025-12-09T23:13:24","date_gmt":"2025-12-10T02:13:24","guid":{"rendered":"https:\/\/grupofossilis.com.br\/?page_id=1277"},"modified":"2025-12-10T08:55:48","modified_gmt":"2025-12-10T11:55:48","slug":"comissoes","status":"publish","type":"page","link":"https:\/\/grupofossilis.com.br\/index.php\/comissoes\/","title":{"rendered":"COMISS\u00d5ES"},"content":{"rendered":"\n<p><strong>Arqueologia<\/strong> &#8211; Juliano Silvano de Souza<\/p>\n\n\n\n<p><strong>Cultura Afro-Brasileira<\/strong> &#8211; Paula Regina Nunes Costa<\/p>\n\n\n\n<p><strong>Cultura Ind\u00edgena<\/strong> &#8211; Lu\u00eds Ant\u00f4nio da Costa<\/p>\n\n\n\n<p><strong>Filatelia<\/strong> &#8211; Ant\u00f4nio Carlos Teixeira Costa<\/p>\n\n\n\n<p><strong>Geologia<\/strong> &#8211; Patr\u00edcia Santos<\/p>\n\n\n\n<p><strong>Hist\u00f3ria Regional<\/strong> &#8211; Dalton Jacinto Costa<\/p>\n\n\n\n<p><strong>Numism\u00e1tica<\/strong> &#8211; Walter Zavat\u00e1rio<\/p>\n\n\n\n<p><strong>Paleontologia<\/strong> &#8211; Harley Leandro Coelho<\/p>\n\n\n\n<p><strong>Projeto Paleomirim<\/strong> &#8211; Vaneska Maria Lopes Viana<\/p>\n\n\n\n<p><strong>Redes Sociais<\/strong> &#8211; Joaquim Sabino de Souza Rodrigues<\/p>\n\n\n\n<p><\/p>\n","protected":false},"excerpt":{"rendered":"<p>Arqueologia &#8211; Juliano Silvano de Souza Cultura Afro-Brasileira &#8211; Paula Regina Nunes Costa Cultura Ind\u00edgena &#8211; Lu\u00eds Ant\u00f4nio<\/p>\n","protected":false},"author":1,"featured_media":0,"parent":0,"menu_order":0,"comment_status":"closed","ping_status":"closed","template":"","meta":{"footnotes":""},"class_list":["post-1277","page","type-page","status-publish","hentry"],"_links":{"self":[{"href":"https:\/\/grupofossilis.com.br\/index.php\/wp-json\/wp\/v2\/pages\/1277","targetHints":{"allow":["GET"]}}],"collection":[{"href":"https:\/\/grupofossilis.com.br\/index.php\/wp-json\/wp\/v2\/pages"}],"about":[{"href":"https:\/\/grupofossilis.com.br\/index.php\/wp-json\/wp\/v2\/types\/page"}],"author":[{"embeddable":true,"href":"https:\/\/grupofossilis.com.br\/index.php\/wp-json\/wp\/v2\/users\/1"}],"replies":[{"embeddable":true,"href":"https:\/\/grupofossilis.com.br\/index.php\/wp-json\/wp\/v2\/comments?post=1277"}],"version-history":[{"count":2,"href":"https:\/\/grupofossilis.com.br\/index.php\/wp-json\/wp\/v2\/pages\/1277\/revisions"}],"predecessor-version":[{"id":1320,"href":"https:\/\/grupofossilis.com.br\/index.php\/wp-json\/wp\/v2\/pages\/1277\/revisions\/1320"}],"wp:attachment":[{"href":"https:\/\/grupofossilis.com.br\/index.php\/wp-json\/wp\/v2\/media?parent=1277"}],"curies":[{"name":"wp","href":"https:\/\/api.w.org\/{rel}","templated":true}]}}