{"id":1293,"date":"2025-12-09T23:25:28","date_gmt":"2025-12-10T02:25:28","guid":{"rendered":"https:\/\/grupofossilis.com.br\/?page_id=1293"},"modified":"2026-02-24T13:22:28","modified_gmt":"2026-02-24T16:22:28","slug":"2001-2005","status":"publish","type":"page","link":"https:\/\/grupofossilis.com.br\/index.php\/2001-2005\/","title":{"rendered":"2001 &#8211; 2005"},"content":{"rendered":"\n<p><strong>2005<\/strong><br>* I F\u00f3rum Municipal de Cultura &#8211; Cine Brasil (Caratinga\/MG) <strong>&lt;<a href=\"https:\/\/grupofossilis.com.br\/index.php\/participacao-no-1o-forum-municipal-de-cultura\/\">Fotos<\/a>&gt;<\/strong><br>* Exposi\u00e7\u00e3o na 1\u00aa feira interdisciplinar de Letras da UNEC (Caratinga\/MG) <strong>&lt;<a href=\"https:\/\/grupofossilis.com.br\/index.php\/exposicao-na-1a-feira-interdisciplinar-de-letras\/\">Fotos<\/a>&gt;<\/strong><br>* Trabalho de Campo (Petr\u00f3polis\/RJ) <strong>&lt;<a href=\"https:\/\/grupofossilis.com.br\/index.php\/trabalho-de-campo-19\/\">Fotos<\/a>&gt;<\/strong><br>* Exposi\u00e7\u00e3o na Feira Cultural da E.E. Professor Joaquim Nunes (Caratinga\/MG) <strong>&lt;<a href=\"https:\/\/grupofossilis.com.br\/index.php\/exposicao-na-feira-cultural\/\">Fotos<\/a>&gt;<\/strong><br>* IV Exposi\u00e7\u00e3o Paleoarqueol\u00f3gica de Caratinga (Caratinga\/MG) <strong><a href=\"https:\/\/grupofossilis.com.br\/index.php\/iv-exposicao-paleoarqueologica-de-caratinga\/\">&lt;Fotos<\/a>&gt;<\/strong><br>* I Mostra de Cultura Alfro-Brasileira (Caratinga\/MG) <strong>&lt;<a href=\"https:\/\/grupofossilis.com.br\/index.php\/1a-mostra-de-cultura-afro-brasileira\/\">Fotos<\/a>&gt;<\/strong><br>* Exposi\u00e7\u00e3o no Dia do Trabalhador &#8211; SESI Minas (Caratinga\/MG) <strong>&lt;<a href=\"https:\/\/grupofossilis.com.br\/index.php\/exposicao-no-dia-do-trabalhador\/\">Fotos<\/a>&gt;<\/strong><br>* Stand no Dia Mundial da Sa\u00fade (Caratinga\/MG)<br>* Exposi\u00e7\u00e3o do Projeto Paleomirim &#8211; Distrito de Dom Lara (Caratinga\/MG) <strong>&lt;<a href=\"https:\/\/grupofossilis.com.br\/index.php\/exposicao-do-projeto-paleomirim-5\/\">Fotos<\/a>&gt;<\/strong><br>* Exposi\u00e7\u00e3o Filat\u00e9lica &#8211; E.E. Professor Joaquim Nunes (Caratinga\/MG) <strong>&lt;<a href=\"https:\/\/grupofossilis.com.br\/index.php\/exposicao-filatelica\/\">Fotos<\/a>&gt;<\/strong><br>* Palestra: Pr\u00e9-Hist\u00f3ria &#8211; E.M. Barquinho Amarelo (Caratinga\/MG)<br>* Palestra: Filatelia &#8211; E.E. Maur\u00edlio Senra &#8211; Distrito de Dom Lara (Caratinga\/MG) <strong>&lt;<a href=\"https:\/\/grupofossilis.com.br\/index.php\/palestra-sobre-filatelia\/\">Fotos<\/a>&gt;<\/strong><br>* Exposi\u00e7\u00e3o Filat\u00e9lica de Caratinga &#8211; E.E. Princesa Isabel (Caratinga\/MG) <strong>&lt;<a href=\"https:\/\/grupofossilis.com.br\/index.php\/exposicao-filatelica-de-caratinga\/\">Fotos<\/a>&gt;<\/strong><br>* Dia do Paleont\u00f3logo: V\u00eddeo\/Debate: A Extin\u00e7\u00e3o dos Dinossauros (Caratinga\/MG)<br><br><strong>2004<\/strong><br>* 3\u00aa Exposi\u00e7\u00e3o Paleoarqueol\u00f3gica de Caratinga (Caratinga\/MG) <strong>&lt;<a href=\"https:\/\/grupofossilis.com.br\/index.php\/3a-exposicao-paleoarqueologica-de-caratinga\/\">Fotos<\/a>&gt;<\/strong><br>* Exposi\u00e7\u00e3o no Projeto Parque de Ci\u00eancias &#8211; Col\u00e9gio C\u00e2ndido Portinari (Caratinga\/MG) <strong>&lt;<a href=\"https:\/\/grupofossilis.com.br\/index.php\/exposicao-no-projeto-parque-de-ciencias\/\">Fotos<\/a>&gt;<\/strong><br>* Semin\u00e1rio de Cultura Afro-Brasileira &#8211; E.E. Professor Joaquim Nunes (Caratinga\/MG) <strong>&lt;<a href=\"https:\/\/grupofossilis.com.br\/index.php\/seminario-de-cultura-afro-brasileira\/\">Fotos<\/a>&gt;<\/strong><br>* Exposi\u00e7\u00e3o Projeto Paleomirim &#8211; CSS Inform\u00e1tica (Caratinga\/MG) <strong>&lt;<a href=\"https:\/\/grupofossilis.com.br\/index.php\/exposicao-do-projeto-paleomirim-4\/\">Fotos<\/a>&gt;<\/strong><br>* Mutir\u00e3o de Coleta (Caratinga\/MG)<br>* Mutir\u00e3o de Coleta (Caratinga\/MG)<br>* Trabalho de Campo: Santo Ant\u00f4nio do Manhua\u00e7u (Caratinga\/MG)<br>* Trabalho de Campo: Patrim\u00f4nios Hist\u00f3ricos de Caratinga (Caratinga\/MG) <strong>&lt;<a href=\"https:\/\/grupofossilis.com.br\/index.php\/trabalho-de-campo-18\/\">Fotos<\/a>&gt;<\/strong><br>* Participa\u00e7\u00e3o na Oficina de Projetos (Caratinga\/MG) <strong>&lt;<a href=\"https:\/\/grupofossilis.com.br\/index.php\/participacao-na-oficina-de-projetos\/\">Fotos<\/a>&gt;<\/strong><br>* Trabalho de Campo (Congonhas do Campo\/MG) <strong>&lt;<a href=\"https:\/\/grupofossilis.com.br\/index.php\/trabalho-de-campo-17\/\">Fotos<\/a>&gt;<\/strong><br>* Trabalho de Campo (Ouro Preto\/MG) <strong>&lt;<a href=\"https:\/\/grupofossilis.com.br\/index.php\/trabalho-de-campo-16\/\">Fotos<\/a>&gt;<\/strong><br>* Trabalho de Campo (Mariana\/MG) <strong>&lt;<a href=\"https:\/\/grupofossilis.com.br\/index.php\/trabalho-de-campo-15\/\">Fotos<\/a>&gt;<\/strong><br>* Debate sobre Paleontologia &#8211; Dia do Paleont\u00f3logo (Caratinga\/MG) <strong>&lt;<a href=\"https:\/\/grupofossilis.com.br\/index.php\/debate-sobre-paleontologia\/\">Fotos<\/a>&gt;<\/strong><br>* Participa\u00e7\u00e3o no F\u00f3rum Permanente: As Enchentes de Caratinga (Caratinga\/MG)<br>* Trabalho de Campo &#8211; S\u00edtio Arqueol\u00f3gico (Ubaporanga\/MG) <strong>&lt;<a href=\"https:\/\/grupofossilis.com.br\/index.php\/trabalho-de-campo-14\/\">Fotos<\/a>&gt;<\/strong><br>* Palestra: Patrim\u00f4nio Hist\u00f3rico na Escola Professor Jairo Grossi (Caratinga\/MG) <strong>&lt;<a href=\"https:\/\/grupofossilis.com.br\/index.php\/palestra-sobre-patrimonio-historico\/\">Fotos<\/a>&gt;<\/strong><br>* Distribui\u00e7\u00e3o de Hipoclorito &#8211; Enchente em Caratinga (Caratinga\/MG) <strong>&lt;<a href=\"https:\/\/grupofossilis.com.br\/index.php\/distribuicao-de-hipoclorito\/\">Fotos<\/a>&gt;<\/strong><\/p>\n\n\n\n<p><strong>2003<\/strong><br>* Trabalho de Campo &#8211; Aeroporto (Ubaporanga\/MG)<br>* Trabalho de Campo &#8211; Bairro das Gra\u00e7as (Caratinga\/MG) <strong>&lt;<a href=\"https:\/\/grupofossilis.com.br\/index.php\/trabalho-de-campo-4\/\">Fotos<\/a>><\/strong><br>* Participa\u00e7\u00e3o na Confer\u00eancia Municipal de Meio Ambiente (Caratinga\/MG)<br>* Trabalho de Campo &#8211; RPPN Feliciano Miguel Abdala (Caratinga\/MG) <strong>&lt;<a href=\"https:\/\/grupofossilis.com.br\/index.php\/trabalho-de-campo-3\/\">Fotos<\/a>><\/strong><br>* Trabalho de Campo &#8211; S\u00edtio Arqueol\u00f3gico (Ubaporanga\/MG)<br>* Trabalho de Campo &#8211; Pedra Ita\u00fana (Caratinga\/MG) <strong>&lt;<a href=\"https:\/\/grupofossilis.com.br\/index.php\/trabalho-de-campo-2\/\">Fotos<\/a>><\/strong><br>* 2\u00aa Exposi\u00e7\u00e3o Paleoarqueol\u00f3gica de Caratinga (Caratinga\/MG) <strong>&lt;<a href=\"https:\/\/grupofossilis.com.br\/index.php\/2a-exposicao-paleoarqueologica-de-caratinga\/\">Fotos<\/a>><\/strong><br>* Exposi\u00e7\u00e3o Mostra Pedag\u00f3gica da E.M. Bezerra de Menezes (Caratinga\/MG) <strong>&lt;<a href=\"https:\/\/grupofossilis.com.br\/index.php\/exposicao-na-mostra-pedagogica\/\">Fotos<\/a>><\/strong><br>* Exposi\u00e7\u00e3o do Projeto Paleomirim &#8211; Distrito de Santo Ant\u00f4nio Manhua\u00e7u (Caratinga\/MG) <strong>&lt;<a href=\"https:\/\/grupofossilis.com.br\/index.php\/exposicao-do-projeto-paleomirim-3\/\">Fotos<\/a>><\/strong><br>* Exposi\u00e7\u00e3o do Projeto Paleomirim &#8211; Distrito de Patroc\u00ednio (Caratinga\/MG) <strong><strong><a href=\"https:\/\/grupofossilis.com.br\/index.php\/exposicao-do-projeto-paleomirim-2\/\">&lt;Fotos<\/a>><\/strong><\/strong><br>* Participa\u00e7\u00e3o na Oficina de Elabora\u00e7\u00e3o de Projetos (Caratinga\/MG)<br>* Palestra e Exposi\u00e7\u00e3o: Os \u00edndios brasileiros &#8211; E.M. N\u00aa Sra. do Carmo (Caratinga\/MG)<br>* Visita a Aldeia Ind\u00edgena Guarani &#8211; Tr\u00eas Palmeiras (Aracruz\/ES) <strong><strong>&lt;<a href=\"https:\/\/grupofossilis.com.br\/index.php\/visita-a-aldeia-indigena-guarani\/\">Fotos<\/a>><\/strong><\/strong><br>* Palestra e Exposi\u00e7\u00e3o: Os \u00edndios brasileiros &#8211; E.E. Luiz A. Bastos Cortes (Caratinga\/MG)<br>* Palestra e Exposi\u00e7\u00e3o: Os \u00edndios brasileiros &#8211; E.M. Dr. Maninho (Caratinga\/MG)<br>* Palestra: Dinossauros &#8211; E.M. N\u00aa Sra. do Carmo (Caratinga\/MG)<br>* Exposi\u00e7\u00e3o no Dia Mundial da \u00c1gua (Caratinga\/MG) <strong>&lt;<a href=\"https:\/\/grupofossilis.com.br\/index.php\/exposicao-no-dia-mundial-da-agua\/\">Fotos<\/a>><\/strong><br>* Exposi\u00e7\u00e3o do Projeto Paleomirim &#8211; Biblioteca P\u00fablica (Caratinga\/MG) <strong>&lt;<a href=\"https:\/\/grupofossilis.com.br\/index.php\/exposicao-do-projeto-paleomirim\/\">Fotos<\/a>><\/strong><br>* Palestra: Pr\u00e9-Hist\u00f3ria Brasileira &#8211; FUNEC (Caratinga\/MG)<br>* Mini-Curso: Em Busca das Origens Humanas &#8211; Parte #03 (Caratinga\/MG) <strong>&lt;<a href=\"https:\/\/grupofossilis.com.br\/index.php\/mini-curso-em-busca-das-origens-humanas\/\">Fotos<\/a>><\/strong><br>* Mini-Curso: Em Busca das Origens Humanas &#8211; Parte #02 (Caratinga\/MG) <br>* Trabalho de Campo &#8211; S\u00edtio Arqueol\u00f3gico (Ubaporanga\/MG) <strong>&lt;<a href=\"https:\/\/grupofossilis.com.br\/index.php\/trabalho-de-campo-13\/\">Fotos<\/a>><\/strong><br>* Mini-Curso: Em Busca das Origens Humanas &#8211; Parte #01 (Caratinga\/MG) <br><br><strong>2002<\/strong><br>* Visita ao Museu do Dinossauro \u2013 Distrito de Peir\u00f3polis (Uberaba\/MG) <strong>&lt;<a href=\"https:\/\/grupofossilis.com.br\/index.php\/trabalho-de-campo-12\/\">Fotos<\/a>><\/strong><br>* Caminhada Ecol\u00f3gica da APA Pedra Ita\u00fana (Caratinga\/MG) <strong>&lt;<a href=\"https:\/\/grupofossilis.com.br\/index.php\/caminhada-ecologica\/\">Fotos<\/a>><\/strong><br>* Trabalho de Campo &#8211; S\u00edtio Arqueol\u00f3gico (Ubaporanga\/MG) <strong>&lt;<a href=\"https:\/\/grupofossilis.com.br\/index.php\/trabalho-de-campo-11\/\">Fotos<\/a>><\/strong><br>* Exposi\u00e7\u00e3o no Caleidosc\u00f3pio Cultural da FUNEC (Caratinga\/MG) <strong>&lt;<a href=\"https:\/\/grupofossilis.com.br\/index.php\/exposicao-de-arte-indigena\/\">Fotos<\/a>><\/strong><br>* Trabalho de Campo &#8211; S\u00edtio Arqueol\u00f3gico (Ubaporanga \/MG) <strong>&lt;<a href=\"https:\/\/grupofossilis.com.br\/index.php\/trabalho-de-campo-10\/\">Fotos<\/a>><\/strong><br>* Trabalho de Campo &#8211; Caverna na Pedra Ita\u00fana (Caratinga\/MG) <strong>&lt;<a href=\"https:\/\/grupofossilis.com.br\/index.php\/trabalho-de-campo-9\/\">Fotos<\/a>><\/strong><br>* Debate sobre Paleontologia: Extin\u00e7\u00e3o dos Dinossauros (Caratinga\/MG)<br>* Trabalho de Campo &#8211; Pedra Ita\u00fana (Caratinga\/MG) <strong>&lt;<a href=\"https:\/\/grupofossilis.com.br\/index.php\/trabalho-de-campo-8\/\">Fotos<\/a>><\/strong><br>* 1\u00ba Simp\u00f3sio de Paleontologia de Caratinga (Caratinga\/MG) <strong>&lt;<a href=\"https:\/\/grupofossilis.com.br\/index.php\/1o-simposio-de-paleontologia-de-caratinga\/\">Fotos<\/a>><\/strong><br>* Debate sobre Arqueologia: A Origem do Homem (Caratinga\/MG)<br>* Exposi\u00e7\u00e3o na I Festa Folcl\u00f3rica da Escola Municipal N\u00aa Sra. do Carmo (Caratinga\/MG) <strong>&lt;<a href=\"https:\/\/grupofossilis.com.br\/index.php\/exposicao-de-paleontologia\/\">Fotos<\/a>><\/strong><br>* Abaixo Assinado em Favor da Lei dos F\u00f3sseis (Caratinga\/MG)<br>* 1\u00aa Exposi\u00e7\u00e3o Paleoarqueol\u00f3gica de Caratinga (Caratinga\/MG) <strong>&lt;<a href=\"https:\/\/grupofossilis.com.br\/index.php\/1a-exposicao-paleoarqueologica-de-caratinga\/\">Fotos<\/a>><\/strong><br>* Trabalho de Campo &#8211; Gruta Rei do Mato (Sete Lagoas\/MG) <strong>&lt;<a href=\"https:\/\/grupofossilis.com.br\/index.php\/trabalho-de-campo-7\/\">Fotos<\/a>><\/strong><br>* Trabalho de Campo &#8211; Serra do Cip\u00f3 (Santana do Riacho\/MG) <strong>&lt;<a href=\"https:\/\/grupofossilis.com.br\/index.php\/trabalho-de-campo-6\/\">Fotos<\/a>><\/strong><br>* Trabalho de Campo (Ouro Preto\/MG) <strong>&lt;<a href=\"https:\/\/grupofossilis.com.br\/index.php\/trabalho-de-campo-5\/\">Fotos<\/a>><\/strong><br><br><strong>2001<\/strong><br>* Trabalho de Campo \u2013 Distrito de Dom Lara (Caratinga\/MG) <strong>&lt;<a href=\"https:\/\/grupofossilis.com.br\/index.php\/trabalho-de-campo\/\">Fotos<\/a>><\/strong><br>* Trabalho de Campo \u2013 Distrito de Dom Lara (Caratinga\/MG)<\/p>\n\n\n\n<p><\/p>\n","protected":false},"excerpt":{"rendered":"<p>2005* I F\u00f3rum Municipal de Cultura &#8211; Cine Brasil (Caratinga\/MG) &lt;Fotos&gt;* Exposi\u00e7\u00e3o na 1\u00aa feira interdisciplinar de Letras<\/p>\n","protected":false},"author":1,"featured_media":0,"parent":0,"menu_order":0,"comment_status":"closed","ping_status":"closed","template":"","meta":{"footnotes":""},"class_list":["post-1293","page","type-page","status-publish","hentry"],"_links":{"self":[{"href":"https:\/\/grupofossilis.com.br\/index.php\/wp-json\/wp\/v2\/pages\/1293","targetHints":{"allow":["GET"]}}],"collection":[{"href":"https:\/\/grupofossilis.com.br\/index.php\/wp-json\/wp\/v2\/pages"}],"about":[{"href":"https:\/\/grupofossilis.com.br\/index.php\/wp-json\/wp\/v2\/types\/page"}],"author":[{"embeddable":true,"href":"https:\/\/grupofossilis.com.br\/index.php\/wp-json\/wp\/v2\/users\/1"}],"replies":[{"embeddable":true,"href":"https:\/\/grupofossilis.com.br\/index.php\/wp-json\/wp\/v2\/comments?post=1293"}],"version-history":[{"count":109,"href":"https:\/\/grupofossilis.com.br\/index.php\/wp-json\/wp\/v2\/pages\/1293\/revisions"}],"predecessor-version":[{"id":4442,"href":"https:\/\/grupofossilis.com.br\/index.php\/wp-json\/wp\/v2\/pages\/1293\/revisions\/4442"}],"wp:attachment":[{"href":"https:\/\/grupofossilis.com.br\/index.php\/wp-json\/wp\/v2\/media?parent=1293"}],"curies":[{"name":"wp","href":"https:\/\/api.w.org\/{rel}","templated":true}]}}