{"id":1295,"date":"2025-12-09T23:25:45","date_gmt":"2025-12-10T02:25:45","guid":{"rendered":"https:\/\/grupofossilis.com.br\/?page_id=1295"},"modified":"2026-02-24T13:22:37","modified_gmt":"2026-02-24T16:22:37","slug":"2006-2010","status":"publish","type":"page","link":"https:\/\/grupofossilis.com.br\/index.php\/2006-2010\/","title":{"rendered":"2006 &#8211; 2010"},"content":{"rendered":"\n<p><strong>2010<\/strong><br>* Visita ao Museu do Dinossauro em Peir\u00f3polis (Uberaba\/MG) <strong>&lt;<a href=\"https:\/\/grupofossilis.com.br\/index.php\/visita-ao-museu-do-dinossauro\/\">Fotos<\/a>><\/strong><br>* Prospec\u00e7\u00e3o Paleontol\u00f3gica &#8211; Peir\u00f3polis (Uberaba\/MG) <strong>&lt;<a href=\"https:\/\/grupofossilis.com.br\/index.php\/prospeccao-paleontologica\/\">Fotos<\/a>><\/strong><br>* Participa\u00e7\u00e3o na 9\u00aa Paleo Minas &#8211; Universidade Federal de Uberl\u00e2ndia (Uberl\u00e2ndia\/MG) <strong>&lt;<a href=\"https:\/\/grupofossilis.com.br\/index.php\/participacao-na-9a-paleo-minas\/\">Fotos<\/a>><\/strong><br>* Visita ao Zool\u00f3gico do Rio &#8211; Quinta da Boa Vista (Rio de Janeiro\/RJ)<br>* Visita ao Museu Nacional &#8211; Quinta da Boa Vista (Rio de Janeiro\/RJ) <strong>&lt;<a href=\"https:\/\/grupofossilis.com.br\/index.php\/visita-ao-museu-nacional-2\/\">Fotos<\/a>><\/strong><br>* Exposi\u00e7\u00e3o no Anivers\u00e1rio do Museu Nacional (Rio de Janeiro\/RJ) <strong>&lt;<a href=\"https:\/\/grupofossilis.com.br\/index.php\/exposicao-no-aniversario-do-museu-nacional\/\">Fotos<\/a>><\/strong><br>* Visita a RPPN Feliciano Miguel Abdala (Caratinga\/MG) <strong>&lt;<a href=\"https:\/\/grupofossilis.com.br\/index.php\/trabalho-de-campo-30\/\">Fotos<\/a>><\/strong><br>* Visita aos Patrim\u00f4nios Hist\u00f3ricos (Caratinga\/MG) <strong>&lt;<a href=\"https:\/\/grupofossilis.com.br\/index.php\/trabalho-de-campo-29\/\">Fotos<\/a>><\/strong><br>* Oficina de Paleoarte (Caratinga\/MG) <strong>&lt;<a href=\"https:\/\/grupofossilis.com.br\/index.php\/oficina-de-paleoarte-2\/\">Fotos<\/a>><\/strong><br>* 3\u00ba Simp\u00f3sio de Paleontologia de Caratinga (Caratinga\/MG) <strong>&lt;<a href=\"https:\/\/grupofossilis.com.br\/index.php\/3o-simposio-de-paleontologia-de-caratinga\/\">Fotos<\/a>><\/strong><br>* 7\u00aa Exposi\u00e7\u00e3o Paleoarqueol\u00f3gica de Caratinga (Caratinga\/MG) <strong>&lt;<a href=\"https:\/\/grupofossilis.com.br\/index.php\/7a-exposicao-paleoarqueologica-de-caratinga\/\">Fotos<\/a>><\/strong><br>* 4\u00aa Mostra Internacional de Paleoarte (Caratinga\/MG) <strong>&lt;<a href=\"https:\/\/grupofossilis.com.br\/index.php\/4a-mostra-internacional-de-paleoarte\/\">Fotos<\/a>><\/strong><br>* 1\u00ba Semana de Paleontologia do Leste Mineiro (Caratinga\/MG) <strong>&lt;<a href=\"https:\/\/grupofossilis.com.br\/index.php\/1a-semana-de-paleontologia-do-leste-mineiro\/\">Fotos<\/a>><\/strong><br>* 5\u00aa Caminhada Ecol\u00f3gica da APA Pedra Ita\u00fana (Caratinga\/MG) <strong>&lt;<a href=\"https:\/\/grupofossilis.com.br\/index.php\/5a-caminhada-ecologica\/\">Fotos<\/a>><\/strong><br>* Palestra sobre Patrim\u00f4nio Cultural &#8211; Petisco &amp; Mara (Santa Rita de Minas\/MG) <strong>&lt;<a href=\"https:\/\/grupofossilis.com.br\/index.php\/palestra-sobre-patrimonio-cultural\/\">Fotos<\/a>><\/strong><\/p>\n\n\n\n<p><strong>2009<\/strong><br>* Exposi\u00e7\u00e3o de Cultura Afro-Brasileira &#8211; E.E. Dom Carloto  (Caratinga\/MG) <strong>&lt;<a href=\"https:\/\/grupofossilis.com.br\/index.php\/exposicao-de-cultura-afro-brasileira\/\">Fotos<\/a>&gt;<\/strong><br>* Exposi\u00e7\u00e3o de Cultura Afro-Brasileira &#8211; Pestisco &amp; Mara (Santa Rita de Minas\/MG) <strong>&lt;<a href=\"https:\/\/grupofossilis.com.br\/index.php\/exposicao-cultura-afro-brasileira\/\">Fotos<\/a>&gt;<\/strong><br>* Palestra sobre Cultura Afro-Brasileira (Simon\u00e9sia\/MG) <strong>&lt;<a href=\"https:\/\/grupofossilis.com.br\/index.php\/palestra-sobre-cultura-afro-brasileira\/\">Fotos<\/a>&gt;<\/strong><br>* 2\u00ba Simp\u00f3sio de Paleontologia de Caratinga (Caratinga\/MG) &#8211; <strong>&lt;<a href=\"https:\/\/grupofossilis.com.br\/index.php\/2o-simposio-de-paleontologia-de-caratinga\/\">Fotos<\/a>&gt;<\/strong><br>* Oficina de Paleoarte (Caratinga\/MG) <strong>&lt;<a href=\"https:\/\/grupofossilis.com.br\/index.php\/oficina-de-paleoarte\/\">Fotos<\/a>&gt;<\/strong><br>* 3\u00aa Mostra Internacional de Paleoarte (Caratinga\/MG) <strong>&lt;<a href=\"https:\/\/grupofossilis.com.br\/index.php\/3a-mostra-internacional-de-paleoarte\/\">Fotos<\/a>&gt;<\/strong><br>* Participa\u00e7\u00e3o da 1\u00aa Confer\u00eancia Municipal de Cultura (Caratinga\/MG) <br>* Exposi\u00e7\u00e3o de Paleontologia na Escola Professor Jairo Grossi (Caratinga\/MG) <strong>&lt;<a href=\"https:\/\/grupofossilis.com.br\/index.php\/exposicao-de-paleontologia-2\/\">Fotos<\/a>&gt;<\/strong><br>* Exposi\u00e7\u00e3o no Festival de Inverno do Bairro Nossa Sra. Aparecida (Caratinga\/MG) <strong>&lt;<a href=\"https:\/\/grupofossilis.com.br\/index.php\/exposicao-no-festival-de-inverno\/\">Fotos<\/a>&gt;<\/strong><br>* Visita ao Museu Nacional &#8211; Quinta da Boa Vista (Rio de Janeiro\/RJ) <strong>&lt;<a href=\"https:\/\/grupofossilis.com.br\/index.php\/visita-ao-museu-nacional\/\">Fotos<\/a>&gt;<\/strong><br>* Visita ao Zool\u00f3gico do Rio &#8211; Quinta da Boa Vista (Rio de Janeiro\/RJ) <strong>&lt;<a href=\"https:\/\/grupofossilis.com.br\/index.php\/visita-ao-zoologico-do-rio-de-janeiro\/\">Fotos<\/a>&gt;<\/strong><br>* Participa\u00e7\u00e3o na Exposi\u00e7\u00e3o Dinos in Rio &#8211; Museu Nacional (Rio de Janeiro\/RJ) <strong>&lt;<a href=\"https:\/\/grupofossilis.com.br\/index.php\/participacao-na-exposicao-dinos-in-rio\/\">Fotos<\/a>&gt;<\/strong><br>* Participa\u00e7\u00e3o no 1\u00ba Festival Folcl\u00f3rico de Caratinga (Caratinga\/MG) <strong>&lt;<a href=\"https:\/\/grupofossilis.com.br\/index.php\/participacao-no-1o-festival-folclorico-de-caratinga\/\">Fotos<\/a>&gt;<\/strong><br>* Participa\u00e7\u00e3o na Assembleia para elei\u00e7\u00e3o do Conselho de Cultura (Caratinga\/MG) <strong>&lt;<a href=\"https:\/\/grupofossilis.com.br\/index.php\/participacao-na-assembleia-para-eleicao-do-conselho-de-cultura\/\">Fotos<\/a>&gt;<\/strong><br>* Visita \u00e0 Exposi\u00e7\u00e3o \u201cLuzes sobre o 13 de maio\u201d &#8211; Instituto Hist\u00f3rico e Geogr\u00e1fico (Gua\u00e7u\u00ed\/ES) <strong>&lt;<a href=\"https:\/\/grupofossilis.com.br\/index.php\/visita-a-exposicao-luzes-sobre-o-13-de-maio\/\">Fotos<\/a>&gt;<\/strong><br>* Participa\u00e7\u00e3o na Elei\u00e7\u00e3o da Comiss\u00e3o da Lei Municipal de Incentivo \u00e0 Cultura <strong>&lt;<a href=\"https:\/\/grupofossilis.com.br\/index.php\/participacao-na-eleicao-da-comissao-da-lei-municipal-de-incentivo-a-cultura\/\">Fotos<\/a>&gt;<\/strong><br>* Participa\u00e7\u00e3o no Treinamento do Fundo Estadual de Cultura &#8211; UNEC (Caratinga\/MG) <strong>&lt;<a href=\"https:\/\/grupofossilis.com.br\/index.php\/participacao-no-treinamento-do-fundo-estadual-de-cultura\/\">Fotos<\/a>&gt;<\/strong><br>* Mostra de Cultura Ind\u00edgena no Distrito de Sapucaia (Caratinga\/MG)<br>* 6\u00aa Exposi\u00e7\u00e3o Paleoarqueol\u00f3gica de Caratinga (Caratinga\/MG) <strong>&lt;<a href=\"https:\/\/grupofossilis.com.br\/index.php\/6a-exposicao-paleoarqueologica-de-caratinga\/\">Fotos<\/a>&gt;<\/strong><br>* Palestra sobre Paleontologia &#8211; Escola Pingo de Gente (Caratinga\/MG) <strong>&lt;<a href=\"https:\/\/grupofossilis.com.br\/index.php\/palestra-sobre-paleontologia\/\">Fotos<\/a>&gt;<\/strong><br>* Exposi\u00e7\u00e3o do Projeto Paleomirim &#8211; Bairro Nossa Sra. Aparecida (Caratinga\/MG) <strong>&lt;<a href=\"https:\/\/grupofossilis.com.br\/index.php\/exposicao-do-projeto-paleomirim-6\/\">Fotos<\/a>&gt;<\/strong><br>* 1\u00ba Simp\u00f3sio de Cultura Afro-Brasileira (Caratinga\/MG) <strong>&lt;<a href=\"https:\/\/grupofossilis.com.br\/index.php\/1o-simposio-de-cultura-afro-brasileira\/\">Fotos<\/a>&gt;<\/strong><br>* Exposi\u00e7\u00e3o Paleoarqueol\u00f3gica &#8211; E.E. Frei Carlos (Piedade de Caratinga\/MG) <strong>&lt;<a href=\"https:\/\/grupofossilis.com.br\/index.php\/exposicao-paleoarqueologica-em-piedade-de-caratinga\/\">Fotos<\/a>&gt;<\/strong><br>* Participa\u00e7\u00e3o no I Encontro de Igualdade Racial de Caratinga (Caratinga\/MG)<br>* Participa\u00e7\u00e3o no XI Congreso Nacional de Paleontolog\u00eda &#8211; Juriquilla &#8211; UNAM (Quer\u00e9taro &#8211; M\u00e9xico) <strong>&lt;<a href=\"https:\/\/grupofossilis.com.br\/index.php\/xi-congreso-nacional-de-paleontologia\/\">Fotos<\/a>&gt;<\/strong><br>* Participa\u00e7\u00e3o no Planejamento Municipal de Cultura (Caratinga\/MG) <strong>&lt;<a href=\"https:\/\/grupofossilis.com.br\/index.php\/participacao-no-planejamento-municipal-de-cultura\/\">Fotos<\/a>&gt;<\/strong><\/p>\n\n\n\n<p><strong>2008<\/strong><br>* Participa\u00e7\u00e3o na Semana de Hist\u00f3ria &#8211; Centro Universit\u00e1rio de Caratinga &#8211; UNEC (Caratinga\/MG) <strong>&lt;<a href=\"https:\/\/grupofossilis.com.br\/index.php\/participacao-nas-comemoracoes-do-dia-20-de-novembro\/\">Fotos<\/a>&gt;<\/strong><br>* Trabalho de Campo \u2013 S\u00edtio Arqueol\u00f3gico (Imb\u00e9 de Minas\/MG) <strong>&lt;<a href=\"https:\/\/grupofossilis.com.br\/index.php\/trabalho-de-campo-28\/\">Fotos<\/a>&gt;<\/strong><br>* Trabalho de Campo &#8211; S\u00edtio Arqueol\u00f3gico (Ubaporanga\/MG) <strong>&lt;<a href=\"https:\/\/grupofossilis.com.br\/index.php\/trabalho-de-campo-27\/\">Fotos<\/a>&gt;<\/strong><br>* Visita ao Centro de Estudos Biol\u00f3gicos &#8211; CEB\/UNEC (Caratinga\/MG) <strong>&lt;<a href=\"https:\/\/grupofossilis.com.br\/index.php\/trabalho-de-campo-26\/\">Fotos<\/a>&gt;<\/strong><br>* 2\u00aa Mostra Regional de Paleoarte de Caratinga &#8211; NUDOC\/UNEC (Caratinga\/MG) <strong>&lt;<a href=\"https:\/\/grupofossilis.com.br\/index.php\/2a-mostra-regional-de-paleoarte-de-caratinga\/\">Fotos<\/a>&gt;<\/strong><br>* Trabalho de Campo &#8211; S\u00edtio Arqueol\u00f3gico (Ubaporanga\/MG) <strong>&lt;<a href=\"https:\/\/grupofossilis.com.br\/index.php\/trabalho-de-campo-25\/\">Fotos<\/a>&gt;<\/strong><br>* Trabalho de Campo &#8211; Museu do Sambaqui da Tarioba (Rio das Ostras\/RJ) <strong>&lt;<a href=\"https:\/\/grupofossilis.com.br\/index.php\/trabalho-de-campo-24\/\">Fotos<\/a>&gt;<\/strong><\/p>\n\n\n\n<p><strong>2007<\/strong><br>* Trabalho de Campo &#8211; Centro Hist\u00f3rico (Campos dos Goytacazes\/RJ) <strong>&lt;<a href=\"https:\/\/grupofossilis.com.br\/index.php\/trabalho-de-campo-23\/\">Fotos<\/a>&gt;<\/strong><br>* Palestra sobre Patrim\u00f4nio Hist\u00f3rico &#8211; Instituto H\u00e9lio Amaral (Caratinga\/MG) <strong>&lt;<a href=\"https:\/\/grupofossilis.com.br\/index.php\/palestra-sobre-patrimonio-historico-3\/\">Fotos<\/a>&gt;<\/strong><br>* Palestra sobre Patrim\u00f4nio Hist\u00f3rico &#8211; Distrito de Santa Luzia (Caratinga\/MG) <strong>&lt;<a href=\"https:\/\/grupofossilis.com.br\/index.php\/palestra-sobre-patrimonio-historico-2\/\">Fotos<\/a>&gt;<\/strong><br>* Curso sobre a Lei de Incentivo e do Fundo Estadual de Cultura (Caratinga\/MG) <strong>&lt;<a href=\"https:\/\/grupofossilis.com.br\/index.php\/curso-sobre-a-lei-de-incentivo-e-do-fundo-estadual-de-cultura\/\">Fotos<\/a>&gt;<\/strong><br>* 1\u00aa Caminhada Hist\u00f3rica da Pedra Ita\u00fana (Caratinga\/MG) <strong>&lt;<a href=\"https:\/\/grupofossilis.com.br\/index.php\/1a-caminhada-historica\/\" data-type=\"link\" data-id=\"https:\/\/grupofossilis.com.br\/index.php\/1a-caminhada-historica\/\">Fotos<\/a>&gt;<\/strong><br>* 1\u00aa Mostra Regional de Paleoarte de Caratinga (Caratinga\/MG) <strong>&lt;<a href=\"https:\/\/grupofossilis.com.br\/index.php\/1a-mostra-regional-de-paleoarte-de-caratinga\/\">Fotos<\/a>&gt;<\/strong><\/p>\n\n\n\n<p><strong>2006<\/strong><br>* Trabalho de Campo &#8211; Pedra Ita\u00fana (Caratinga\/MG) <strong>&lt;<a href=\"https:\/\/grupofossilis.com.br\/index.php\/trabalho-de-campo-22\/\">Fotos<\/a>&gt;<\/strong><br>* Trabalho de Campo (Diamantina\/MG) <strong><strong>&lt;<a href=\"https:\/\/grupofossilis.com.br\/index.php\/trabalho-de-campo-21\/\">Fotos<\/a>&gt;<\/strong><\/strong><br>* Trabalho de Campo (Lagoa Santa\/MG) <strong>&lt;<a href=\"https:\/\/grupofossilis.com.br\/index.php\/trabalho-de-campo-20\/\">Fotos<\/a>&gt;<\/strong><br>* Participa\u00e7\u00e3o no Curso sobre Lei de Incentivo a Cultura (Caratinga\/MG)<br>* Visita a Exposi\u00e7\u00e3o &#8220;Pelas Ruas e Cal\u00e7adas&#8221; &#8211; UNEC (Caratinga\/MG) <strong>&lt;<a href=\"https:\/\/grupofossilis.com.br\/index.php\/visita-a-exposicao-pelas-ruas-e-calcadas\/\">Fotos<\/a>&gt;<\/strong><br>* 3\u00aa Caminhada Ecol\u00f3gica da APA Pedra Ita\u00fana (Caratinga\/MG) <strong>&lt;<a href=\"https:\/\/grupofossilis.com.br\/index.php\/3a-caminhada-ecologica\/\">Fotos<\/a>&gt;<\/strong><br>* 5\u00aa Exposi\u00e7\u00e3o Paleoarqueol\u00f3gica de Caratinga (Caratinga\/MG) <strong>&lt;<a href=\"https:\/\/grupofossilis.com.br\/index.php\/5a-exposicao-paleoarqueologica-de-caratinga\/\">Fotos<\/a>&gt;<\/strong><\/p>\n\n\n\n<p><\/p>\n","protected":false},"excerpt":{"rendered":"<p>2010* Visita ao Museu do Dinossauro em Peir\u00f3polis (Uberaba\/MG) &lt;Fotos>* Prospec\u00e7\u00e3o Paleontol\u00f3gica &#8211; Peir\u00f3polis (Uberaba\/MG) &lt;Fotos>* Participa\u00e7\u00e3o na<\/p>\n","protected":false},"author":1,"featured_media":0,"parent":0,"menu_order":0,"comment_status":"closed","ping_status":"closed","template":"","meta":{"footnotes":""},"class_list":["post-1295","page","type-page","status-publish","hentry"],"_links":{"self":[{"href":"https:\/\/grupofossilis.com.br\/index.php\/wp-json\/wp\/v2\/pages\/1295","targetHints":{"allow":["GET"]}}],"collection":[{"href":"https:\/\/grupofossilis.com.br\/index.php\/wp-json\/wp\/v2\/pages"}],"about":[{"href":"https:\/\/grupofossilis.com.br\/index.php\/wp-json\/wp\/v2\/types\/page"}],"author":[{"embeddable":true,"href":"https:\/\/grupofossilis.com.br\/index.php\/wp-json\/wp\/v2\/users\/1"}],"replies":[{"embeddable":true,"href":"https:\/\/grupofossilis.com.br\/index.php\/wp-json\/wp\/v2\/comments?post=1295"}],"version-history":[{"count":133,"href":"https:\/\/grupofossilis.com.br\/index.php\/wp-json\/wp\/v2\/pages\/1295\/revisions"}],"predecessor-version":[{"id":4443,"href":"https:\/\/grupofossilis.com.br\/index.php\/wp-json\/wp\/v2\/pages\/1295\/revisions\/4443"}],"wp:attachment":[{"href":"https:\/\/grupofossilis.com.br\/index.php\/wp-json\/wp\/v2\/media?parent=1295"}],"curies":[{"name":"wp","href":"https:\/\/api.w.org\/{rel}","templated":true}]}}