{"id":1297,"date":"2025-12-09T23:26:06","date_gmt":"2025-12-10T02:26:06","guid":{"rendered":"https:\/\/grupofossilis.com.br\/?page_id=1297"},"modified":"2026-02-24T13:23:27","modified_gmt":"2026-02-24T16:23:27","slug":"2011-2015","status":"publish","type":"page","link":"https:\/\/grupofossilis.com.br\/index.php\/2011-2015\/","title":{"rendered":"2011 &#8211; 2015"},"content":{"rendered":"\n<p><strong>2015<\/strong><br>* Exposi\u00e7\u00e3o de Paleontologia na E.E. Senador Levindo Coelho (S\u00e3o Pedro dos Ferros\/MG) <strong>&lt;<a href=\"https:\/\/grupofossilis.com.br\/index.php\/exposicao-de-paleontologia-6\/\">Fotos<\/a>&gt;<\/strong><br>* Visita Exposi\u00e7\u00e3o Mundo Jur\u00e1ssico &#8211; Shopping do Vale (Ipatinga\/MG) <strong>&lt;<a href=\"https:\/\/grupofossilis.com.br\/index.php\/visita-exposicao-mundo-jurassico-a-era-dos-dinossauros\/\">Fotos<\/a>&gt;<\/strong><br>* Trabalho de Campo Centro Hist\u00f3rico (Ouro Preto\/MG) <strong>&lt;<a href=\"https:\/\/grupofossilis.com.br\/index.php\/trabalho-de-campo-32\/\">Fotos<\/a>&gt;<\/strong><br>* Exposi\u00e7\u00e3o de Paleontologia no NUDOC\/UNEC (Caratinga\/MG) <strong>&lt;<a href=\"https:\/\/grupofossilis.com.br\/index.php\/exposicao-de-paleontologia-5\/\">Fotos<\/a>&gt;<\/strong><br>* Palestra sobre Paleontologia no NUDOC\/UNEC (Caratinga\/MG) <strong>&lt;<a href=\"https:\/\/grupofossilis.com.br\/index.php\/palestra-sobre-paleontologia-3\/\">Fotos<\/a>&gt;<\/strong><br>* Visita ao Projeto Xerimbabo (Ipatinga\/MG) <strong>&lt;<a href=\"https:\/\/grupofossilis.com.br\/index.php\/visita-ao-projeto-xerimbabo\/\">Fotos<\/a>&gt;<\/strong><br>* Trabalho de Campo &#8211; Parque Nacional do Capara\u00f3 (Alto Capara\u00f3\/MG) <strong>&lt;<a href=\"https:\/\/grupofossilis.com.br\/index.php\/trabalho-de-campo-31\/\">Fotos<\/a>&gt;<\/strong><br>* Participa\u00e7\u00e3o no Projeto Conex\u00e3o &#8211; Corredor Ecol\u00f3gico: Sossego\/Caratinga (Caratinga\/MG) <strong>&lt;<a href=\"https:\/\/grupofossilis.com.br\/index.php\/participacao-no-projeto-conexao-corredor-ecologico-sossego-caratinga\/\">Fotos<\/a>&gt;<\/strong><\/p>\n\n\n\n<p><strong>2014<\/strong><br>* 10\u00aa Exposi\u00e7\u00e3o Paleoarqueol\u00f3gica de Caratinga \u2013 Casa Ziraldo de Cultura (Caratinga\/MG) <strong>&lt;<a href=\"https:\/\/grupofossilis.com.br\/index.php\/10a-exposicao-paleoarqueologica-de-caratinga\/\">Fotos<\/a>&gt;<\/strong><br>* 8\u00aa Mostra Internacional de Paleoarte de Caratinga \u2013 Casa Ziraldo de Cultura &nbsp;(Caratinga\/MG)<br>* Exposi\u00e7\u00e3o Filat\u00e9lica de Caratinga \u2013 Casa Ziraldo de Cultura (Caratinga\/MG) <strong>&lt;<a href=\"https:\/\/grupofossilis.com.br\/index.php\/exposicao-filatelica-selos-de-todo-mundo\/\">Fotos<\/a>&gt;<br><\/strong>* Mostra de Cultura Afro-Brasileira de Caratinga \u2013 Casa Ziraldo de Cultura (Caratinga\/MG) <strong>&lt;<a href=\"https:\/\/grupofossilis.com.br\/index.php\/mostra-de-cultura-afro-brasileira-de-caratinga\/\">Fotos<\/a>&gt;<\/strong><br>* 2\u00aa Mostra de Cultura Ind\u00edgena de Caratinga \u2013 Casa Ziraldo de Cultura (Caratinga\/MG) <strong>&lt;<a href=\"https:\/\/grupofossilis.com.br\/index.php\/2a-mostra-de-cultura-indigena-de-caratinga\/\">Fotos<\/a>&gt;<\/strong><\/p>\n\n\n\n<p><strong>2013<\/strong><br>* 7\u00aa Mostra Internacional de Paleoarte de Caratinga \u2013 Casa Ziraldo de Cultura (Caratinga\/MG) <strong>&lt;<a href=\"https:\/\/grupofossilis.com.br\/index.php\/7a-mostra-internacional-de-paleoarte-de-caratinga\/\">Fotos<\/a>><\/strong><br>* Exposi\u00e7\u00e3o Um Passeio Fotogr\u00e1fico na Hist\u00f3ria do Fossilis (Santana do Cariri\/CE)<br>* Exposi\u00e7\u00e3o Um Passeio Fotogr\u00e1fico na Hist\u00f3ria do Fossilis (Cairo\/Egito)<br>* Exposi\u00e7\u00e3o Um Passeio Fotogr\u00e1fico na Hist\u00f3ria do Fossilis \u2013 Casa Ziraldo de Cultura (Caratinga\/MG) <br>* Participa\u00e7\u00e3o na Confer\u00eancia Municipal de Cultura (Caratinga\/MG) <br>* Participa\u00e7\u00e3o no Encontro Internacional para Conserva\u00e7\u00e3o dos Muriquis (Caratinga\/MG) <strong>&lt;<a href=\"https:\/\/grupofossilis.com.br\/index.php\/participacao-no-encontro-internacional-para-conservacao-dos-muriquis\/\">Fotos<\/a>><\/strong><br><strong><br>2012<\/strong><br>* 9\u00aa Exposi\u00e7\u00e3o Paleoarqueol\u00f3gica de Caratinga \u2013 Casar\u00e3o das Artes <strong>&lt;<a href=\"https:\/\/grupofossilis.com.br\/index.php\/9a-exposicao-paleoarqueologica-de-caratinga\/\">Fotos<\/a>><\/strong><br>* 6\u00aa Mostra Internacional de Paleoarte de Caratinga \u2013 Casa Ziraldo de Cultura \u00a0(Caratinga\/MG) <strong>&lt;<a href=\"https:\/\/grupofossilis.com.br\/index.php\/6a-mostra-internacional-de-paleoarte-de-caratinga\/\">Fotos<\/a>><\/strong><br>* Participa\u00e7\u00e3o na 6\u00aa Jornada Paleontol\u00f3gica do Sudeste do M\u00e9xico (Tuxtla Guti\u00e9rrez M\u00e9xico)<br>* Exposi\u00e7\u00e3o de Paleontologia no Dia do Trabalhador (Caratinga\/MG) <strong>&lt;<a href=\"https:\/\/grupofossilis.com.br\/index.php\/exposicao-de-paleontologia-4\/\">Fotos<\/a>><\/strong><br>* Palestra sobre Paleontologia &#8211; Escola Professor Jairo Grossi (Caratinga\/MG) <strong>&lt;<a href=\"https:\/\/grupofossilis.com.br\/index.php\/palestra-sobre-paleontologia-2\/\">Fotos<\/a>><\/strong><br>* Exposi\u00e7\u00e3o de Paleontologia &#8211; Bairro Esperan\u00e7a (Caratinga\/MG) <strong>&lt;<a href=\"https:\/\/grupofossilis.com.br\/index.php\/exposicao-de-paleontologia-3\/\">Fotos<\/a>><\/strong><br><br><strong>2011<\/strong><br>* 8\u00aa Exposi\u00e7\u00e3o Paleoarqueol\u00f3gica de Caratinga \u2013 Casa Ziraldo de Cultura (Caratinga\/MG) <strong>&lt;<a href=\"https:\/\/grupofossilis.com.br\/index.php\/8a-exposicao-paleoarqueologica-de-caratinga\/\">Fotos<\/a>><\/strong><br>* 5\u00aa Mostra Internacional de Paleoarte de Caratinga \u2013 Rede Doctum (Caratinga\/MG) <strong>&lt;<a href=\"https:\/\/grupofossilis.com.br\/index.php\/5a-mostra-internacional-de-paleoarte-de-caratinga\/\">Fotos<\/a>><\/strong><br>* Realiza\u00e7\u00e3o da 10\u00aa Paleo Minas &#8211; Rede Doctum (Caratinga\/MG) <strong>&lt;<a href=\"https:\/\/grupofossilis.com.br\/index.php\/realizacao-da-10a-paleo-minas\/\">Fotos<\/a>><\/strong><br>* Oficina de Paleoarte &#8211; E.M. Cinderela (Caratinga\/MG) <strong>&lt;<a href=\"https:\/\/grupofossilis.com.br\/index.php\/oficina-de-paleoarte-4\/\">Fotos<\/a>><\/strong><br>* Oficina de Paleoarte &#8211; E.M. Branca de Neve (Caratinga\/MG) <strong>&lt;<a href=\"https:\/\/grupofossilis.com.br\/index.php\/oficina-de-paleoarte-3\/\">Fotos<\/a>><\/strong><br>* Exposi\u00e7\u00e3o na Semana da Consci\u00eancia Negra (Caratinga\/MG) <strong>&lt;<a href=\"https:\/\/grupofossilis.com.br\/index.php\/exposicao-na-semana-da-consciencia-negra\/\">Fotos<\/a>><\/strong><br>* Exposi\u00e7\u00e3o do Projeto Paleomirim &#8211; Distrito de Sapucaia (Caratinga\/MG) <strong>&lt;<a href=\"https:\/\/grupofossilis.com.br\/index.php\/exposicao-do-projeto-paleomirim-10\/\">Fotos<\/a>><\/strong><br>* Participa\u00e7\u00e3o na Exposi\u00e7\u00e3o &#8220;Visitando o Passado&#8221; &#8211; Casa Ziraldo de Cultura (Caratinga\/MG) <strong>&lt;<a href=\"https:\/\/grupofossilis.com.br\/index.php\/2011\/09\/19\/participacao-na-exposicao-visitando-o-passado\/\">Fotos<\/a>><\/strong><br>* Exposi\u00e7\u00e3o da Feira de C\u00e3es e Gatos &#8211; Pra\u00e7a Ces\u00e1rio Alvim (Caratinga\/MG) <strong>&lt;<a href=\"https:\/\/grupofossilis.com.br\/index.php\/exposicao-da-feira-de-caes-e-gatos\/\">Fotos<\/a>><\/strong><br>* VI Caminhada Ecol\u00f3gica APA Pedra Ita\u00fana (Caratinga\/MG) <strong>&lt;<a href=\"https:\/\/grupofossilis.com.br\/index.php\/vi-caminhada-ecologica\/\">Fotos<\/a>><\/strong><br>* Participa\u00e7\u00e3o no 3\u00ba Festival Folcl\u00f3rico de Caratinga (Caratinga\/MG) <strong>&lt;<a href=\"https:\/\/grupofossilis.com.br\/index.php\/participacao-no-3o-festival-folclorico-de-caratinga\/\">Fotos<\/a>><\/strong><br>* Visita ao Zool\u00f3gico do Rio de Janeiro &#8211; Quinta da Boa Vista (Rio de Janeiro\/RJ) <strong>&lt;<a href=\"https:\/\/grupofossilis.com.br\/index.php\/visita-ao-zoologico-do-rio-de-janeiro-2\/\">Fotos<\/a>><\/strong><br>* Visita ao Museu Nacional &#8211; Quinta da Boa Vista (Rio de Janeiro\/RJ) <strong>&lt;<a href=\"https:\/\/grupofossilis.com.br\/index.php\/visita-ao-museu-nacional-3\/\">Fotos<\/a>><\/strong><br>* Exposi\u00e7\u00e3o no Anivers\u00e1rio do Museu Nacional &#8211; Quinta da Boa Vista (Rio de Janeiro\/RJ) <strong>&lt;<a href=\"https:\/\/grupofossilis.com.br\/index.php\/exposicao-no-aniversario-do-museu-nacional-2\/\">Fotos<\/a>><\/strong><br>* Exposi\u00e7\u00e3o do Projeto Paleomirim &#8211; Distrito de Santa Efig\u00eania (Caratinga\/MG) <strong>&lt;<a href=\"https:\/\/grupofossilis.com.br\/index.php\/exposicao-do-projeto-paleomirim-9\/\">Fotos<\/a>><\/strong><br>* Exposi\u00e7\u00e3o: &#8220;A Escravid\u00e3o no Brasil&#8221; &#8211; Casa Ziraldo de Cultura (Caratinga\/MG) <strong>&lt;<a href=\"https:\/\/grupofossilis.com.br\/index.php\/exposicao-a-escravidao-no-brasil\/\">Fotos<\/a>><\/strong><br>* Exposi\u00e7\u00e3o do Projeto Paleomirim &#8211; Distrito de Dom Modesto (Caratinga\/MG) <strong>&lt;<a href=\"https:\/\/grupofossilis.com.br\/index.php\/exposicao-do-projeto-paleomirim-8\/\">Fotos<\/a>><\/strong><br>* Exposi\u00e7\u00e3o de Cultura Ind\u00edgena &#8211; Casa Ziraldo de Cultura (Caratinga\/MG) <strong>&lt;<a href=\"https:\/\/grupofossilis.com.br\/index.php\/exposicao-de-cultura-indigena\/\">Fotos<\/a>><\/strong><br>* Exposi\u00e7\u00e3o &#8220;Fossilis 10 Anos&#8221; &#8211; Casa Ziraldo de Cultura (Caratinga\/MG) <strong>&lt;<a href=\"https:\/\/grupofossilis.com.br\/index.php\/exposicao-fossilis-10-anos\/\">Fotos<\/a>><\/strong><br>* Exposi\u00e7\u00e3o do Projeto Paleomirim &#8211; Distrito de Dom Lara (Caratinga\/MG) <strong>&lt;<a href=\"https:\/\/grupofossilis.com.br\/index.php\/exposicao-do-projeto-paleomirim-7\/\">Fotos<\/a>><\/strong><br>* Participa\u00e7\u00e3o no XII Congreso Nacional de Paleontolog\u00eda (Puebla\/M\u00e9xico)<br><\/p>\n","protected":false},"excerpt":{"rendered":"<p>2015* Exposi\u00e7\u00e3o de Paleontologia na E.E. Senador Levindo Coelho (S\u00e3o Pedro dos Ferros\/MG) &lt;Fotos&gt;* Visita Exposi\u00e7\u00e3o Mundo Jur\u00e1ssico<\/p>\n","protected":false},"author":1,"featured_media":0,"parent":0,"menu_order":0,"comment_status":"closed","ping_status":"closed","template":"","meta":{"footnotes":""},"class_list":["post-1297","page","type-page","status-publish","hentry"],"_links":{"self":[{"href":"https:\/\/grupofossilis.com.br\/index.php\/wp-json\/wp\/v2\/pages\/1297","targetHints":{"allow":["GET"]}}],"collection":[{"href":"https:\/\/grupofossilis.com.br\/index.php\/wp-json\/wp\/v2\/pages"}],"about":[{"href":"https:\/\/grupofossilis.com.br\/index.php\/wp-json\/wp\/v2\/types\/page"}],"author":[{"embeddable":true,"href":"https:\/\/grupofossilis.com.br\/index.php\/wp-json\/wp\/v2\/users\/1"}],"replies":[{"embeddable":true,"href":"https:\/\/grupofossilis.com.br\/index.php\/wp-json\/wp\/v2\/comments?post=1297"}],"version-history":[{"count":103,"href":"https:\/\/grupofossilis.com.br\/index.php\/wp-json\/wp\/v2\/pages\/1297\/revisions"}],"predecessor-version":[{"id":4444,"href":"https:\/\/grupofossilis.com.br\/index.php\/wp-json\/wp\/v2\/pages\/1297\/revisions\/4444"}],"wp:attachment":[{"href":"https:\/\/grupofossilis.com.br\/index.php\/wp-json\/wp\/v2\/media?parent=1297"}],"curies":[{"name":"wp","href":"https:\/\/api.w.org\/{rel}","templated":true}]}}