{"id":1301,"date":"2025-12-09T23:26:41","date_gmt":"2025-12-10T02:26:41","guid":{"rendered":"https:\/\/grupofossilis.com.br\/?page_id=1301"},"modified":"2026-04-06T22:29:36","modified_gmt":"2026-04-07T01:29:36","slug":"2021-2025","status":"publish","type":"page","link":"https:\/\/grupofossilis.com.br\/index.php\/2021-2025\/","title":{"rendered":"2021 &#8211; 2025"},"content":{"rendered":"\n<p><strong>2025<\/strong><br>* Bate Papo Pr\u00e9-Hist\u00f3rico &#8211; As aventuras de um paleoartista <strong>&lt;<a href=\"https:\/\/www.youtube.com\/watch?v=p7NIQ9sGH48&amp;t=20s\">Link<\/a>&gt;<\/strong><br>* 10\u00aa Mostra Internacional de Paleoarte (Caratinga\/MG) <strong>&lt;<a href=\"https:\/\/grupofossilis.com.br\/index.php\/10a-mostra-internacional-de-paleoarte\/\">Fotos<\/a>&gt;<\/strong><br>* Exposi\u00e7\u00e3o do Projeto Paleomirim &#8211; Biblioteca P\u00fablica (Inhapim\/MG) <strong>&lt;<a href=\"https:\/\/grupofossilis.com.br\/index.php\/exposicao-do-projeto-paleomirim-13\/\">Fotos<\/a>&gt;<\/strong><br>* Exposi\u00e7\u00e3o do Projeto Paleomirim &#8211; Secretaria Municipal de Cultura (Inhapim\/MG) <strong>&lt;<a href=\"https:\/\/grupofossilis.com.br\/index.php\/exposicao-do-projeto-paleomirim-14\/\">Fotos<\/a>&gt;<\/strong><br>* 13\u00aa Exposi\u00e7\u00e3o Paleoarqueol\u00f3gica de Caratinga (Caratinga\/MG) <strong>&lt;<a href=\"https:\/\/grupofossilis.com.br\/index.php\/13a-exposicao-paleoarqueologica-de-caratinga\/\">Fotos<\/a>&gt;<\/strong><br>* Exposi\u00e7\u00e3o no Projeto Astron (Caratinga\/MG) <strong>&lt;<a href=\"https:\/\/grupofossilis.com.br\/index.php\/exposicao-no-projeto-astron\/\">Fotos<\/a>&gt;<\/strong><br>* Bate Papo Pr\u00e9-Hist\u00f3rico &#8211; Os grandes macacos do Pleistoceno do Brasil <strong>&lt;<a href=\"https:\/\/www.youtube.com\/watch?v=bLlTHeanNPs&amp;t=630s\">Link<\/a>&gt;<\/strong><br>* Exposi\u00e7\u00e3o do Projeto Paleomirim &#8211; APAE (Caratinga\/MG) <strong>&lt;<a href=\"https:\/\/grupofossilis.com.br\/index.php\/exposicao-do-projeto-paleomirim-12\/\">Fotos<\/a>&gt;<\/strong><br>* Exposi\u00e7\u00e3o do Projeto Paleomirim &#8211; Biblioteca P\u00fablica (Caratinga\/MG) <strong>&lt;<a href=\"https:\/\/grupofossilis.com.br\/index.php\/exposicao-do-projeto-paleomirim-11\/\">Fotos<\/a>&gt;<\/strong><br>* Bate Papo Pr\u00e9-Hist\u00f3rico &#8211; A Proto-Amaz\u00f4nia Brasileira <strong>&lt;<a href=\"https:\/\/www.youtube.com\/watch?v=vkiPdu-85YM&amp;t=923s\">Link<\/a>&gt;<\/strong><br>* Bate Papo Pr\u00e9-Hist\u00f3rico &#8211; Como sobreviver no Permiano <strong>&lt;<a href=\"https:\/\/www.youtube.com\/watch?v=DUTdNLbdKuE&amp;t=136s\">Link<\/a>&gt;<\/strong><\/p>\n\n\n\n<p><strong>2024<\/strong><br>* Bate Papo Pr\u00e9-Hist\u00f3rico &#8211; Investiga\u00e7\u00e3o de ovos f\u00f3sseis <strong>&lt;<a href=\"https:\/\/www.youtube.com\/watch?v=DUpI2dk6d0U&amp;t=342s\">Link<\/a>&gt;<\/strong><br>* Bate Papo Pr\u00e9-Hist\u00f3rico &#8211; \u201cA hist\u00f3ria que os gr\u00e3os de p\u00f3len contam&#8230;\u201d <strong>&lt;<a href=\"https:\/\/www.youtube.com\/watch?v=SFr4_JVKhEs&amp;t=1233s\">Link<\/a>&gt;<\/strong><br>* Bate Papo Pr\u00e9-Hist\u00f3rico &#8211; A paleontologia nas novas exposi\u00e7\u00f5es do Museu Nacional\/UFRJ <strong>&lt;<a href=\"https:\/\/www.youtube.com\/watch?v=20x05m28BUQ&amp;t=241s\">Link<\/a>&gt;<\/strong><br>* Civiliza\u00e7\u00f5es Perdidas &#8211; Os Chinchorros <strong>&lt;<a href=\"https:\/\/www.youtube.com\/watch?v=4y1faeaZhxE&amp;t=51s\">Link<\/a>&gt;<\/strong><br>* Paleo Talk &#8211; Tr\u00e1fico de F\u00f3sseis <strong>&lt;<a href=\"https:\/\/www.youtube.com\/watch?v=1USMZ8Y0uXw&amp;t=96s\">Link<\/a>&gt; <\/strong><\/p>\n\n\n\n<p><strong>2023<\/strong><br>* Visita \u00e0s obras de restaura\u00e7\u00e3o do Museu Nacional (Rio de Janeiro\/RJ) <strong>&lt;<a href=\"https:\/\/grupofossilis.com.br\/index.php\/visita-as-obras-de-restauracao-do-museu-nacional\/\">Fotos<\/a>&gt;<\/strong><br>* Caf\u00e9 com Arqueologia &#8211; Dr. Bruno Rezende &#8211; UFMG <strong>&lt;<a href=\"https:\/\/www.youtube.com\/watch?v=GyuLiXBl_RA&amp;t=13s\">Link<\/a>&gt;<\/strong><\/p>\n\n\n\n<p><strong>2022<\/strong><br>* Bate Papo Pr\u00e9-Hist\u00f3rico &#8211; Dinossauros e outros gigantes do Cret\u00e1ceo brasileiro <strong>&lt;<a href=\"https:\/\/www.youtube.com\/watch?v=rd50KbpRAbk&amp;t=1955s\">Link<\/a>&gt;<\/strong><br>* Bate Papo Pr\u00e9-Hist\u00f3rico &#8211; Descobertas do outro lado do mundo: Drag\u00f5es alados da China <strong>&lt;<a href=\"https:\/\/www.youtube.com\/watch?v=jMXGb5_m-SU&amp;t=526s\">Link<\/a>&gt;<\/strong><br>* Bate Papo Pr\u00e9-Hist\u00f3rico &#8211; Tafonomia de vertebrados em ambientes continentais <strong>&lt;<a href=\"https:\/\/www.youtube.com\/watch?v=CN2aZOZAz5o\">Link<\/a>&gt;<\/strong><\/p>\n\n\n\n<p><strong>2021<\/strong><br>* Caf\u00e9 com Arqueologia \u2013 Entrevista Dr. Andres Zarankin &lt;<strong><a href=\"https:\/\/www.youtube.com\/watch?v=bAfmvL3D-sY&amp;t=119s\">Link<\/a><\/strong>><br>* Caf\u00e9 com Arqueologia \u2013 Entrevista Dra. Tatiane de Souza &lt;<strong><a href=\"https:\/\/www.youtube.com\/watch?v=pBzb38qxJ0o&amp;t=1388s\">Link<\/a><\/strong>><br>* Bate Papo Pr\u00e9-Hist\u00f3rico \u2013 Micropaleontologia: f\u00f3sseis min\u00fasculos a servi\u00e7o da ci\u00eancia &lt;<strong><a href=\"https:\/\/www.youtube.com\/watch?v=4nqJLTCXU64&amp;t=1034s\">Link<\/a><\/strong>><br>* Bate Papo Pr\u00e9-Hist\u00f3rico \u2013 Uma conversa sobre as plantas e o nosso futuro &lt;<strong><a href=\"https:\/\/www.youtube.com\/watch?v=6gOWGqIQLiY&amp;t=77s\">Link<\/a><\/strong>><br>* Bate Papo Pr\u00e9-Hist\u00f3rico \u2013 Tr\u00e1fico de f\u00f3sseis &lt;<strong><a href=\"https:\/\/www.youtube.com\/watch?v=RH8TRC6FVg8&amp;t=747s\">Link<\/a><\/strong>><br>* Fossilis Kids \u2013 Velociraptor &lt;<strong><a href=\"https:\/\/www.youtube.com\/watch?v=COXQhghf1io&amp;t=102s\">Link<\/a><\/strong>><br>* Bate Papo Pr\u00e9-Hist\u00f3rico \u2013 Crocodilos do Cret\u00e1ceo &lt;<strong><a href=\"https:\/\/www.youtube.com\/watch?v=UW_JlDwwIvY&amp;t=1410s\">Link<\/a><\/strong>><br>* Bate Papo Pr\u00e9-Hist\u00f3rico \u2013 A\u00e7\u00f5es educativas e paleontologia &lt;<strong><a href=\"https:\/\/www.youtube.com\/watch?v=C7LiowNFQHU&amp;t=522s\">Link<\/a><\/strong>><br>* Bate Papo Pr\u00e9-Hist\u00f3rico \u2013 P\u00f3lens: pequenos no tamanho gigantes na import\u00e2ncia &lt;<strong><a href=\"https:\/\/www.youtube.com\/watch?v=Yn_Qj3Mp0po&amp;t=4082s&amp;pp=0gcJCdkKAYcqIYzv\">Link<\/a><\/strong>><br>* Fossilis Teen \u2013 Dr. Rafael Casati &lt;<strong><a href=\"https:\/\/www.youtube.com\/watch?v=6phFMpNhwrY&amp;t=60s\">Link<\/a><\/strong>><br>* Bate Papo Pr\u00e9-Hist\u00f3rico \u2013 Revis\u00e3o da fauna de Tetr\u00e1podes do Mioceno da Amaz\u00f4nia brasileira &lt;<strong><a href=\"https:\/\/www.youtube.com\/watch?v=OOYLjBRLde8&amp;t=4325s\">Link<\/a><\/strong>><br>* Biodiversidade Em Foco \u2013 Dra. Daniela Cunha &lt;<strong><a href=\"https:\/\/www.youtube.com\/watch?v=oF4K7dw66oE&amp;t=14s\">Link<\/a><\/strong>><br>* Fossilis Kids \u2013 Dilophosaurus &lt;<strong><a href=\"https:\/\/www.youtube.com\/watch?v=bwUillHY91w&amp;t=37s\">Link<\/a><\/strong>><br>* Bate Papo Pr\u00e9-Hist\u00f3rico \u2013 Viver de arte com ci\u00eancia no Brasil &lt;<strong><a href=\"https:\/\/www.youtube.com\/watch?v=KLZ5dBImAGc&amp;t=155s\">Link<\/a><\/strong>><br>* Live Especial \u2013 Dia do bi\u00f3logo &lt;<strong><a href=\"https:\/\/www.youtube.com\/watch?v=lRA8nRC9X_0&amp;t=308s\">Link<\/a><\/strong>><br>* Bate Papo Pr\u00e9-Hist\u00f3rico \u2013 Escava\u00e7\u00f5es &lt;<strong><a href=\"https:\/\/www.youtube.com\/watch?v=7tHfSRDjQsM&amp;t=4s\">Link<\/a><\/strong>><br>* Caf\u00e9 Com Arqueologia \u2013 M\u00e1rcio Andr\u00e9 Ara\u00fajo &lt;<strong><a href=\"https:\/\/www.youtube.com\/watch?v=NpZ_UPS_8uo&amp;t=351s\">Link<\/a><\/strong>><br>* Bate Papo Pr\u00e9-Hist\u00f3rico \u2013 Dez livros de fic\u00e7\u00e3o em paleontologia que voc\u00ea deveria conhecer &lt;<strong><a href=\"https:\/\/www.youtube.com\/watch?v=mKqEkOcuKNE&amp;t=903s\">Link<\/a><\/strong>><br>* Biodiversidade Em Foco \u2013 Prof. Harley Leandro Coelho &lt;<strong><a href=\"https:\/\/www.youtube.com\/watch?v=9RnL8m4oHeU&amp;t=23s\">Link<\/a><\/strong>><br>* Fossilis Brasil \u2013 Glyptodon &lt;<strong><a href=\"https:\/\/www.youtube.com\/watch?v=EWHXI2qm_4w&amp;t=5s\">Link<\/a><\/strong>><br>* Bate Papo Pr\u00e9-Hist\u00f3rico \u2013 Resgate de acervos do Museu Nacional &lt;<strong><a href=\"https:\/\/www.youtube.com\/watch?v=kCbM1qnpbwM&amp;t=114s\">Link<\/a><\/strong>><br>* Bate Papo Pr\u00e9-Hist\u00f3rico \u2013 A biomec\u00e2nica dos organismos extintos &lt;<strong><a href=\"https:\/\/www.youtube.com\/watch?v=Q3DCRXgdoBk&amp;t=3686s\">Link<\/a><\/strong>><br>* Fossilis Teen \u2013 Ma. B\u00e1rbara da Silva Maciel<strong>\u00a0<\/strong>&lt;<strong><a href=\"https:\/\/www.youtube.com\/watch?v=_Q9kaC0mF2M&amp;t=329s\">Link<\/a><\/strong>><br>* Bate Papo Pr\u00e9-Hist\u00f3rico \u2013 Una breve historia sobre los dinosaurios gigantes de la Patagonia &lt;<strong><a href=\"https:\/\/www.youtube.com\/watch?v=NIApwvrByNA&amp;t=216s\">Link<\/a><\/strong>><br>* Bate Papo Pr\u00e9-Hist\u00f3rico \u2013 A Pr\u00e9-Hist\u00f3ria Brasileira: Desafios no ensino e na divulga\u00e7\u00e3o cient\u00edfica &lt;<strong><a href=\"https:\/\/www.youtube.com\/watch?v=gu73tK72az4&amp;t=1380s\">Link<\/a><\/strong>><br>* Bate Papo Pr\u00e9-Hist\u00f3rico \u2013 Hist\u00f3ria geol\u00f3gica e paleontol\u00f3gica do Rio Grande do Sul &lt;<strong><a href=\"https:\/\/www.youtube.com\/watch?v=7z_BCpO3KSo&amp;t=84s\">Link<\/a><\/strong>><br>* Bate Papo Pr\u00e9-Hist\u00f3rico \u2013 Arqueologia e Pr\u00e9-Hist\u00f3ria das regi\u00f5es temperadas e das regi\u00f5es tropicais &lt;<strong><a href=\"https:\/\/www.youtube.com\/watch?v=qh5KCR5e_8c&amp;t=16s\">Link<\/a><\/strong>><br>* Fossilis Kids \u2013 Argentavis &lt;<strong><a href=\"https:\/\/www.youtube.com\/watch?v=vVQvnX08-FQ\">Link<\/a><\/strong>><br>* Bate Papo Pr\u00e9-Hist\u00f3rico \u2013 Paleoantropologia: H\u00edbridos humanos \u00e0 luz da gen\u00e9tica &lt;<strong><a href=\"https:\/\/www.youtube.com\/watch?v=-ZfTZK0rOP8&amp;t=445s\">Link<\/a><\/strong>><br>* Bate Papo Pr\u00e9-Hist\u00f3rico \u2013 Museu em Festa: Mais de 29 Anos de paleontologia em Monte Alto\/SP &lt;<strong><a href=\"https:\/\/www.youtube.com\/watch?v=jbM-repRAUE&amp;t=84s\">Link<\/a><\/strong>><br>* Fossilis Teen \u2013 Dra. Enas Ahmed &lt;<strong><a href=\"https:\/\/www.youtube.com\/watch?v=Lt8heT8-bj8&amp;t=135s&amp;pp=0gcJCdkKAYcqIYzv\">Link<\/a><\/strong>><br>* Bate Papo Pr\u00e9-Hist\u00f3rico \u2013 F\u00f3sseis: como se formam e sua import\u00e2ncia &lt;<strong><a href=\"https:\/\/www.youtube.com\/watch?v=420mJNUvd9g&amp;t=1253s\">Link<\/a><\/strong>><br>* Fossilis Kids \u2013 Basilosaurus &lt;<strong><a href=\"https:\/\/www.youtube.com\/watch?v=fQhbHMmLxG0&amp;t=13s\">Link<\/a><\/strong>><br>* Biodiversidade em Foco \u2013 Dra. Karen Strier &lt;<strong><a href=\"https:\/\/www.youtube.com\/watch?v=KhdAIUP8i3Q&amp;t=108s\">Link<\/a><\/strong>><br>* Bate Papo Pr\u00e9-Hist\u00f3rico \u2013 Meninas com Ci\u00eancia &#8211; Vive e resiste pelo Museu Nacional\/UFRJ &lt;<strong><a href=\"https:\/\/www.youtube.com\/watch?v=1G1LmmXLFb8&amp;t=27s\">Link<\/a><\/strong>><br>* Fossilis Teen \u2013 Marcos Pinheiro &lt;<strong><a href=\"https:\/\/www.youtube.com\/watch?v=E9Oo202darA&amp;t=80s\">Link<\/a><\/strong>><br>* Bate Papo Pr\u00e9-Hist\u00f3rico \u2013 Como os f\u00f3sseis se formam &lt;<strong><a href=\"https:\/\/www.youtube.com\/watch?v=NvmrKUEiqv8&amp;t=48s&amp;pp=0gcJCdkKAYcqIYzv\">Link<\/a><\/strong>><br>* Bate Papo Pr\u00e9-Hist\u00f3rico \u2013 Evolu\u00e7\u00e3o das aves &lt;<strong><a href=\"https:\/\/www.youtube.com\/watch?v=Sm3QusEtfQQ&amp;t=78s\">Link<\/a><\/strong>><br>* Fossilis Kids \u2013 Stegosaurus &lt;<strong><a href=\"https:\/\/www.youtube.com\/watch?v=9uzvALPcEJM&amp;t=185s\">Link<\/a><\/strong>><br>* Bate Papo Pr\u00e9-Hist\u00f3rico \u2013 F\u00f3sseis-Vivos: O verdadeiro significado e exemplos not\u00e1veis &lt;<strong><a href=\"https:\/\/www.youtube.com\/watch?v=Oz_Iookb4_g&amp;t=856s\">Link<\/a><\/strong>><br>* Fossilis Teen \u2013 Thayane Braga De Souza Patusco<strong>\u00a0<\/strong>&lt;<strong><a href=\"https:\/\/www.youtube.com\/watch?v=k6-Mysqq9n0&amp;t=119s\">Link<\/a><\/strong>><br>* Bate Papo Pr\u00e9-Hist\u00f3rico \u2013 Ciclo dos Supercontinentes e Tect\u00f4nica de Placas &lt;<strong><a href=\"https:\/\/www.youtube.com\/watch?v=kUfanUdkglY&amp;t=703s\">Link<\/a><\/strong>><br>* Fossilis Kids \u2013 Mosasaurus &lt;<strong><a href=\"https:\/\/www.youtube.com\/watch?v=RHPW9Z1i46g&amp;t=313s\">Link<\/a><\/strong>><br>* Bate Papo Pr\u00e9-Hist\u00f3rico \u2013 El impacto de Chcxulub yla extinci\u00f3n masiva del K-Pg &lt;<strong><a href=\"https:\/\/www.youtube.com\/watch?v=4p5Z90ycXYc&amp;t=6s\">Link<\/a><\/strong>><br>* Bate Papo Pr\u00e9-Hist\u00f3rico \u2013 Crocodiliformes f\u00f3sseis do Cenozoico da Am\u00e9rica do Sul &lt;<strong><a href=\"https:\/\/www.youtube.com\/watch?v=BaiqVcBDbOw&amp;t=40s\">Link<\/a><\/strong>><br>* Fossilis Teen \u2013 Me. Marcus Vin\u00edcius Cabral &lt;<strong><a href=\"https:\/\/www.youtube.com\/watch?v=Dyp49E4fFss&amp;t=200s\">Link<\/a><\/strong>><br>* Bate Papo Pr\u00e9-Hist\u00f3rico \u2013 Cambriano: Explos\u00e3o da vida e origem dos cordados &lt;<strong><a href=\"https:\/\/www.youtube.com\/watch?v=08f_FCGuNH4&amp;t=1719s\">Link<\/a><\/strong>><br>* Fossilis Kids \u2013 Argentinosaurus &lt;<strong><a href=\"https:\/\/www.youtube.com\/watch?v=uks3LEL1mCQ&amp;t=23s\">Link<\/a><\/strong>><br>* Bate Papo Pr\u00e9-Hist\u00f3rico \u2013 Ovos fossilizados da regi\u00e3o de Mar\u00edlia e regi\u00e3o de Presidente Prudente &lt;<strong><a href=\"https:\/\/www.youtube.com\/watch?v=leBvSIp_4tM&amp;t=157s\">Link<\/a><\/strong>><br>* Fossilis Kids \u2013 Tyrannosaurus rex &lt;<strong><a href=\"https:\/\/www.youtube.com\/watch?v=WI205DqKBrg&amp;t=75s\">Link<\/a><\/strong>><br>* Fossilis Teen \u2013 Dr. Thiago Marinho &lt;<strong><a href=\"https:\/\/www.youtube.com\/watch?v=JQyH_APJLGs&amp;t=72s\">Link<\/a><\/strong>><br>* Bate Papo Pr\u00e9-Hist\u00f3rico \u2013 Paleobot\u00e2nica e Paleoambientes: As plantas tamb\u00e9m contam! &lt;<strong><a href=\"https:\/\/www.youtube.com\/watch?v=Kc0oKYkOR34&amp;t=367s\">Link<\/a><\/strong>><br>* Fossilis Kids \u2013 Dimorphodon &lt;<strong><a href=\"https:\/\/www.youtube.com\/watch?v=dwHggY_1p14&amp;t=166s\">Link<\/a><\/strong>><br>* Fossilis Teen \u2013 Dr. Giovanne Mendes Cidade &lt;<strong><a href=\"https:\/\/www.youtube.com\/watch?v=sVEweWsSDJg&amp;t=65s\">Link<\/a><\/strong>><br>* Bate Papo Pr\u00e9-Hist\u00f3rico \u2013 Trilobitas me mordam &lt;<strong><a href=\"https:\/\/www.youtube.com\/watch?v=ECBfJpLhkio&amp;t=621s\">Link<\/a><\/strong>><br>* Fossilis Kids \u2013 Dimetrodon &lt;<strong><a href=\"https:\/\/www.youtube.com\/watch?v=oufzrSBPkZk&amp;t=207s\">Link<\/a><\/strong>><br>* Fossilis Teen \u2013 Dr. Felipe Alves Elias &lt;<strong><a href=\"https:\/\/www.youtube.com\/watch?v=Zo8tmFPyd3U&amp;t=55s\">Link<\/a><\/strong>><br>* Bate Papo Pr\u00e9-Hist\u00f3rico \u2013 Prepara\u00e7\u00e3o, restaura\u00e7\u00e3o e preserva\u00e7\u00e3o de f\u00f3sseis &lt;<strong><a href=\"https:\/\/www.youtube.com\/watch?v=4VPLBg2EJio&amp;t=481s\">Link<\/a><\/strong>><br>* Mostra Virtual de Paleoarte &lt;<strong><a href=\"https:\/\/www.youtube.com\/watch?v=nIv-1PBbKWI&amp;t=612s\">Link<\/a><\/strong>><br>* Live Especial: Mostra Virtual de Paleoarte &lt;<strong><a href=\"https:\/\/www.youtube.com\/watch?v=qg-wkgPKhB4&amp;t=3165s\">Link<\/a><\/strong>><br>* Fossilis Teen \u2013 Dr. Francisco Vega &lt;<strong><a href=\"https:\/\/www.youtube.com\/watch?v=1Zwn89Mc66Q&amp;t=51s\">Link<\/a><\/strong>><br>* Bate Papo Pr\u00e9-Hist\u00f3rico \u2013 Cr\u00f4nicas do Cret\u00e1ceo: O tempo antes de n\u00f3s &lt;<strong><a href=\"https:\/\/www.youtube.com\/watch?v=oEtLqYL3Eqo&amp;t=579s\">Link<\/a><\/strong>><br>* Fossilis Teen &#8211; Dra. Geise Zerfass &lt;<strong><a href=\"https:\/\/www.youtube.com\/watch?v=MPOb94VYDu0&amp;t=157s\">Link<\/a><\/strong>><br>* Fossilis Brasil &#8211; Agudotherium gassenae <strong>&lt;<a href=\"https:\/\/www.youtube.com\/watch?v=RlZs8VWXv4Y&amp;t=51s\">Link<\/a>><\/strong><br>* Fossilis Teen &#8211; Dr. Alexander Kellner <strong>&lt;<a href=\"https:\/\/www.youtube.com\/watch?v=1k6i-JDAj64&amp;t=233s\">Link<\/a>><\/strong><br>* Bate Papo Pr\u00e9-Hist\u00f3rico &#8211; Crocodiliformes brasileiros <strong>&lt;<a href=\"https:\/\/www.youtube.com\/watch?v=f0PProR_Quk&amp;t=40s\">Link<\/a>><\/strong><br>* Bate Papo Pr\u00e9-Hist\u00f3rico &#8211; Hist\u00f3ria da vida nas rochas: Como os f\u00f3sseis s\u00e3o formados <strong>&lt;<a href=\"https:\/\/www.youtube.com\/watch?v=nW19US_8o0U&amp;t=3228s\">Link<\/a>><\/strong><br>* Bate Papo Pr\u00e9-Hist\u00f3rico &#8211; Bacia Bauru: Ambientes de sedimenta\u00e7\u00e3o e estratigrafia <strong>&lt;<a href=\"https:\/\/www.youtube.com\/watch?v=tMnVoayuZdI\">Link<\/a>><\/strong><br>* Pr\u00e9-Hist\u00f3ria na Escola com o Grupo Fossilis <strong>&lt;<a href=\"https:\/\/www.youtube.com\/watch?v=R_hkL-bZzjY&amp;t=1125s\">Link<\/a>><\/strong><br>* Bate Papo Pr\u00e9-Hist\u00f3rico &#8211; Fauna mineira do Pleistoceno <strong>&lt;<a href=\"https:\/\/www.youtube.com\/watch?v=hLjWa3aw_pQ\">Link<\/a>><\/strong><br>* Bate Papo Pr\u00e9-Hist\u00f3rico &#8211; Como criar um dinossauro <strong>&lt;<a href=\"https:\/\/www.youtube.com\/watch?v=Rq_Hg577nzc&amp;t=488s\">Link<\/a>><\/strong><br>* Semin\u00e1rio Fossilis 20 Anos &#8211; Desvendando o Permiano <strong>&lt;<a href=\"https:\/\/www.youtube.com\/watch?v=hxPONoYniOg&amp;t=323s\">Link<\/a>><\/strong><br>* Semin\u00e1rio Fossilis 20 Anos &#8211; Paleornitologia: A diversidade de aves f\u00f3sseis do Brasil <strong>&lt;<a href=\"https:\/\/www.youtube.com\/watch?v=sOfyxDOT66c&amp;t=52s\">Link<\/a>><\/strong><br>* Semin\u00e1rio Fossilis 20 Anos &#8211; F\u00f3sseis de Mar\u00edlia e o Museu de Paleontologia <strong>&lt;<a href=\"https:\/\/www.youtube.com\/watch?v=ARjbZwVVEfw&amp;t=85s\">Link<\/a>><\/strong><br>* Semin\u00e1rio Fossilis 20 Anos &#8211; Evolu\u00e7\u00e3o dos pterossauros E um paralelo com as aves <strong>&lt;<a href=\"https:\/\/www.youtube.com\/watch?v=GxDJn2qUiiE&amp;t=6s\">Link<\/a>><\/strong><br>* Semin\u00e1rio Fossilis 20 Anos &#8211; Origem dos Mammaliaformes <strong>&lt;<a href=\"https:\/\/www.youtube.com\/watch?v=kpEdkfIM-1w&amp;t=43s\">Link<\/a>><\/strong><br>* Semin\u00e1rio Fossilis 20 Anos &#8211; A Import\u00e2ncia das atividades de extens\u00e3o na paleontologia\u00a0<strong>&lt;<a href=\"https:\/\/www.youtube.com\/watch?v=G7SkjK2RI4o&amp;t=59s\">Link<\/a>><\/strong><br>* Semin\u00e1rio Fossilis 20 Anos &#8211; Uma Janela aos pequenos vertebrados do Cret\u00e1ceo Superior <strong>&lt;<a href=\"https:\/\/www.youtube.com\/watch?v=Eh8oy12R5H8&amp;t=41s\">Link<\/a>><\/strong><br>* Semin\u00e1rio Fossilis 20 Anos &#8211; Hist\u00f3rias sobre Notoss\u00faquios do Grupo Bauru <strong>&lt;<a href=\"https:\/\/www.youtube.com\/watch?v=BKihNI8eIpc&amp;t=2433s\">Link<\/a>><\/strong><br>* Semin\u00e1rio Fossilis 20 Anos &#8211; O Drag\u00e3o no ninho de pedra <strong>&lt;<a href=\"https:\/\/www.youtube.com\/watch?v=Q1EOW6y28as&amp;t=31s\">Link<\/a>><\/strong><br>* Semin\u00e1rio Fossilis 20 Anos &#8211; Dinossauros do Brasil <strong>&lt;<a href=\"https:\/\/www.youtube.com\/watch?v=UDPRdv4baas&amp;t=956s\" data-type=\"link\" data-id=\"https:\/\/www.youtube.com\/watch?v=UDPRdv4baas&amp;t=956s\">Link<\/a>><\/strong><\/p>\n","protected":false},"excerpt":{"rendered":"<p>2025* Bate Papo Pr\u00e9-Hist\u00f3rico &#8211; As aventuras de um paleoartista &lt;Link&gt;* 10\u00aa Mostra Internacional de Paleoarte (Caratinga\/MG) &lt;Fotos&gt;*<\/p>\n","protected":false},"author":1,"featured_media":0,"parent":0,"menu_order":0,"comment_status":"closed","ping_status":"closed","template":"","meta":{"footnotes":""},"class_list":["post-1301","page","type-page","status-publish","hentry"],"_links":{"self":[{"href":"https:\/\/grupofossilis.com.br\/index.php\/wp-json\/wp\/v2\/pages\/1301","targetHints":{"allow":["GET"]}}],"collection":[{"href":"https:\/\/grupofossilis.com.br\/index.php\/wp-json\/wp\/v2\/pages"}],"about":[{"href":"https:\/\/grupofossilis.com.br\/index.php\/wp-json\/wp\/v2\/types\/page"}],"author":[{"embeddable":true,"href":"https:\/\/grupofossilis.com.br\/index.php\/wp-json\/wp\/v2\/users\/1"}],"replies":[{"embeddable":true,"href":"https:\/\/grupofossilis.com.br\/index.php\/wp-json\/wp\/v2\/comments?post=1301"}],"version-history":[{"count":84,"href":"https:\/\/grupofossilis.com.br\/index.php\/wp-json\/wp\/v2\/pages\/1301\/revisions"}],"predecessor-version":[{"id":5143,"href":"https:\/\/grupofossilis.com.br\/index.php\/wp-json\/wp\/v2\/pages\/1301\/revisions\/5143"}],"wp:attachment":[{"href":"https:\/\/grupofossilis.com.br\/index.php\/wp-json\/wp\/v2\/media?parent=1301"}],"curies":[{"name":"wp","href":"https:\/\/api.w.org\/{rel}","templated":true}]}}