{"id":1335,"date":"2025-12-10T09:39:21","date_gmt":"2025-12-10T12:39:21","guid":{"rendered":"https:\/\/grupofossilis.com.br\/?page_id=1335"},"modified":"2025-12-15T12:10:41","modified_gmt":"2025-12-15T15:10:41","slug":"galeria-de-paleoarte","status":"publish","type":"page","link":"https:\/\/grupofossilis.com.br\/index.php\/galeria-de-paleoarte\/","title":{"rendered":"GALERIA DE PALEOARTE"},"content":{"rendered":"\n<h2 class=\"wp-block-heading\"><strong>Envie seu desenho de dinossauro para o Grupo Fossilis!<\/strong><\/h2>\n\n\n\n<p>Voc\u00ea gosta de dinossauros? Ent\u00e3o temos uma novidade especial para voc\u00ea! O <strong>Grupo Fossilis<\/strong> convida crian\u00e7as, adolescentes e todos os apaixonados pelo mundo pr\u00e9-hist\u00f3rico a enviarem seus desenhos de dinossauros para serem publicados em nosso site.<\/p>\n\n\n\n<p>Queremos mostrar o talento dos nossos jovens artistas e criar uma galeria cheia de criatividade, cores e criaturas impressionantes. Se voc\u00ea adora desenhar tiranossauros, estegossauros, pterossauros ou qualquer outro animal da Era Mesozoica, esta \u00e9 a sua chance de compartilhar sua arte com o mundo!<\/p>\n\n\n\n<h3 class=\"wp-block-heading\"><strong>Como participar<\/strong><\/h3>\n\n\n\n<ul class=\"wp-block-list\">\n<li>Fa\u00e7a um desenho de dinossauro ou de qualquer animal pr\u00e9-hist\u00f3rico.<\/li>\n\n\n\n<li>Tire uma foto ou digitalize sua obra.<\/li>\n\n\n\n<li>Envie para o e-mail do <strong>Grupo Fossilis<\/strong>: <strong>[fossilis@grupofossilis.com.br]<\/strong><\/li>\n\n\n\n<li>Inclua seu nome, idade e, se quiser, um t\u00edtulo para o seu desenho.<\/li>\n<\/ul>\n\n\n\n<p>Os melhores desenhos  ser\u00e3o publicados em nosso site, sempre com o devido cr\u00e9dito ao artista.<\/p>\n\n\n\n<p>Venha fazer parte dessa jornada pelo passado distante! Estamos ansiosos para ver sua criatividade ganhar vida.<\/p>\n\n\n\n<p>Grupo Fossilis: Explorando o passado, inspirando o futuro.<\/p>\n\n\n\n<p><\/p>\n\n\n\n<p><\/p>\n\n\n\n<p><strong>Ana Lopes <strong>&#8211; 21 anos (Rio das Ostras\/RJ)<\/strong> <a href=\"https:\/\/grupofossilis.com.br\/index.php\/ana-lopes\/\">&lt;link&gt;<\/a><\/strong><\/p>\n\n\n\n<p><strong>Arthur Nunes Costa &#8211; 16 anos (Caratinga\/MG) <a href=\"https:\/\/grupofossilis.com.br\/index.php\/arthur-nunes-costa\/\">&lt;link&gt;<\/a><\/strong><\/p>\n\n\n\n<p><strong>Caio Souza Freitas &#8211; 09 anos (Caratinga\/MG) <a href=\"https:\/\/grupofossilis.com.br\/index.php\/caio-souza-freitas\/\" data-type=\"page\" data-id=\"1342\">&lt;link><\/a><\/strong><br><br><strong>Mart\u00edn Santini Gossweiler &#8211; 11 anos (Balneario Sauce de Portezuelo, Uruguay) <a href=\"https:\/\/grupofossilis.com.br\/index.php\/martin-santini-gossweiler\/\" data-type=\"link\" data-id=\"https:\/\/grupofossilis.com.br\/index.php\/martin-santini-gossweiler\/\">&lt;link><\/a><\/strong><\/p>\n\n\n\n<p><strong>Pedro Gomes Genelhu &#8211; 08 anos (Caratinga\/MG) <a href=\"https:\/\/grupofossilis.com.br\/index.php\/pedro-gomes-genelhu\/\" data-type=\"page\" data-id=\"1346\">&lt;link&gt; <\/a><\/strong><\/p>\n\n\n\n<p><\/p>\n","protected":false},"excerpt":{"rendered":"<p>Envie seu desenho de dinossauro para o Grupo Fossilis! Voc\u00ea gosta de dinossauros? Ent\u00e3o temos uma novidade especial<\/p>\n","protected":false},"author":1,"featured_media":0,"parent":0,"menu_order":0,"comment_status":"closed","ping_status":"closed","template":"","meta":{"footnotes":""},"class_list":["post-1335","page","type-page","status-publish","hentry"],"_links":{"self":[{"href":"https:\/\/grupofossilis.com.br\/index.php\/wp-json\/wp\/v2\/pages\/1335","targetHints":{"allow":["GET"]}}],"collection":[{"href":"https:\/\/grupofossilis.com.br\/index.php\/wp-json\/wp\/v2\/pages"}],"about":[{"href":"https:\/\/grupofossilis.com.br\/index.php\/wp-json\/wp\/v2\/types\/page"}],"author":[{"embeddable":true,"href":"https:\/\/grupofossilis.com.br\/index.php\/wp-json\/wp\/v2\/users\/1"}],"replies":[{"embeddable":true,"href":"https:\/\/grupofossilis.com.br\/index.php\/wp-json\/wp\/v2\/comments?post=1335"}],"version-history":[{"count":10,"href":"https:\/\/grupofossilis.com.br\/index.php\/wp-json\/wp\/v2\/pages\/1335\/revisions"}],"predecessor-version":[{"id":1401,"href":"https:\/\/grupofossilis.com.br\/index.php\/wp-json\/wp\/v2\/pages\/1335\/revisions\/1401"}],"wp:attachment":[{"href":"https:\/\/grupofossilis.com.br\/index.php\/wp-json\/wp\/v2\/media?parent=1335"}],"curies":[{"name":"wp","href":"https:\/\/api.w.org\/{rel}","templated":true}]}}