{"id":1527,"date":"2023-07-14T00:24:00","date_gmt":"2023-07-14T03:24:00","guid":{"rendered":"https:\/\/grupofossilis.com.br\/?page_id=1527"},"modified":"2026-02-19T00:28:27","modified_gmt":"2026-02-19T03:28:27","slug":"visita-as-obras-de-restauracao-do-museu-nacional","status":"publish","type":"page","link":"https:\/\/grupofossilis.com.br\/index.php\/visita-as-obras-de-restauracao-do-museu-nacional\/","title":{"rendered":"VISITA \u00c0S OBRAS DE RESTAURA\u00c7\u00c3O DO MUSEU NACIONAL"},"content":{"rendered":"\n<p>14\/07\/2023 \u2013 Museu Nacional (Rio de Janeiro\/RJ)<\/p>\n\n\n\n<figure class=\"wp-block-gallery has-nested-images columns-default is-cropped wp-block-gallery-1 is-layout-flex wp-block-gallery-is-layout-flex\">\n<figure class=\"wp-block-image size-large\"><img loading=\"lazy\" decoding=\"async\" width=\"1024\" height=\"768\" data-id=\"1520\" src=\"https:\/\/grupofossilis.com.br\/wp-content\/uploads\/2026\/02\/z2-1024x768.jpg\" alt=\"\" class=\"wp-image-1520\" srcset=\"https:\/\/grupofossilis.com.br\/wp-content\/uploads\/2026\/02\/z2-1024x768.jpg 1024w, https:\/\/grupofossilis.com.br\/wp-content\/uploads\/2026\/02\/z2-300x225.jpg 300w, https:\/\/grupofossilis.com.br\/wp-content\/uploads\/2026\/02\/z2-768x576.jpg 768w, https:\/\/grupofossilis.com.br\/wp-content\/uploads\/2026\/02\/z2-1536x1152.jpg 1536w, https:\/\/grupofossilis.com.br\/wp-content\/uploads\/2026\/02\/z2-2048x1536.jpg 2048w\" sizes=\"auto, (max-width: 1024px) 100vw, 1024px\" \/><\/figure>\n\n\n\n<figure class=\"wp-block-image size-large\"><img loading=\"lazy\" decoding=\"async\" width=\"1024\" height=\"768\" data-id=\"1519\" src=\"https:\/\/grupofossilis.com.br\/wp-content\/uploads\/2026\/02\/IMG_20230721_115723926-1024x768.jpg\" alt=\"\" class=\"wp-image-1519\" srcset=\"https:\/\/grupofossilis.com.br\/wp-content\/uploads\/2026\/02\/IMG_20230721_115723926-1024x768.jpg 1024w, https:\/\/grupofossilis.com.br\/wp-content\/uploads\/2026\/02\/IMG_20230721_115723926-300x225.jpg 300w, https:\/\/grupofossilis.com.br\/wp-content\/uploads\/2026\/02\/IMG_20230721_115723926-768x576.jpg 768w, https:\/\/grupofossilis.com.br\/wp-content\/uploads\/2026\/02\/IMG_20230721_115723926-1536x1152.jpg 1536w, https:\/\/grupofossilis.com.br\/wp-content\/uploads\/2026\/02\/IMG_20230721_115723926-2048x1536.jpg 2048w\" sizes=\"auto, (max-width: 1024px) 100vw, 1024px\" \/><\/figure>\n\n\n\n<figure class=\"wp-block-image size-large\"><img loading=\"lazy\" decoding=\"async\" width=\"768\" height=\"1024\" data-id=\"1518\" src=\"https:\/\/grupofossilis.com.br\/wp-content\/uploads\/2026\/02\/IMG_20230721_114526019-768x1024.jpg\" alt=\"\" class=\"wp-image-1518\" srcset=\"https:\/\/grupofossilis.com.br\/wp-content\/uploads\/2026\/02\/IMG_20230721_114526019-768x1024.jpg 768w, https:\/\/grupofossilis.com.br\/wp-content\/uploads\/2026\/02\/IMG_20230721_114526019-225x300.jpg 225w, https:\/\/grupofossilis.com.br\/wp-content\/uploads\/2026\/02\/IMG_20230721_114526019-1152x1536.jpg 1152w, https:\/\/grupofossilis.com.br\/wp-content\/uploads\/2026\/02\/IMG_20230721_114526019-1536x2048.jpg 1536w, https:\/\/grupofossilis.com.br\/wp-content\/uploads\/2026\/02\/IMG_20230721_114526019-scaled.jpg 1920w\" sizes=\"auto, (max-width: 768px) 100vw, 768px\" \/><\/figure>\n\n\n\n<figure class=\"wp-block-image size-large\"><img loading=\"lazy\" decoding=\"async\" width=\"768\" height=\"1024\" data-id=\"1517\" src=\"https:\/\/grupofossilis.com.br\/wp-content\/uploads\/2026\/02\/IMG_20230721_114043430-768x1024.jpg\" alt=\"\" class=\"wp-image-1517\" srcset=\"https:\/\/grupofossilis.com.br\/wp-content\/uploads\/2026\/02\/IMG_20230721_114043430-768x1024.jpg 768w, https:\/\/grupofossilis.com.br\/wp-content\/uploads\/2026\/02\/IMG_20230721_114043430-225x300.jpg 225w, https:\/\/grupofossilis.com.br\/wp-content\/uploads\/2026\/02\/IMG_20230721_114043430-1152x1536.jpg 1152w, https:\/\/grupofossilis.com.br\/wp-content\/uploads\/2026\/02\/IMG_20230721_114043430-1536x2048.jpg 1536w, https:\/\/grupofossilis.com.br\/wp-content\/uploads\/2026\/02\/IMG_20230721_114043430-scaled.jpg 1920w\" sizes=\"auto, (max-width: 768px) 100vw, 768px\" \/><\/figure>\n\n\n\n<figure class=\"wp-block-image size-large\"><img loading=\"lazy\" decoding=\"async\" width=\"768\" height=\"1024\" data-id=\"1516\" src=\"https:\/\/grupofossilis.com.br\/wp-content\/uploads\/2026\/02\/IMG_20230721_114027935-768x1024.jpg\" alt=\"\" class=\"wp-image-1516\" srcset=\"https:\/\/grupofossilis.com.br\/wp-content\/uploads\/2026\/02\/IMG_20230721_114027935-768x1024.jpg 768w, https:\/\/grupofossilis.com.br\/wp-content\/uploads\/2026\/02\/IMG_20230721_114027935-225x300.jpg 225w, https:\/\/grupofossilis.com.br\/wp-content\/uploads\/2026\/02\/IMG_20230721_114027935-1152x1536.jpg 1152w, https:\/\/grupofossilis.com.br\/wp-content\/uploads\/2026\/02\/IMG_20230721_114027935-1536x2048.jpg 1536w, https:\/\/grupofossilis.com.br\/wp-content\/uploads\/2026\/02\/IMG_20230721_114027935-scaled.jpg 1920w\" sizes=\"auto, (max-width: 768px) 100vw, 768px\" \/><\/figure>\n\n\n\n<figure class=\"wp-block-image size-large\"><img loading=\"lazy\" decoding=\"async\" width=\"768\" height=\"1024\" data-id=\"1515\" src=\"https:\/\/grupofossilis.com.br\/wp-content\/uploads\/2026\/02\/IMG_20230721_113519228-768x1024.jpg\" alt=\"\" class=\"wp-image-1515\" srcset=\"https:\/\/grupofossilis.com.br\/wp-content\/uploads\/2026\/02\/IMG_20230721_113519228-768x1024.jpg 768w, https:\/\/grupofossilis.com.br\/wp-content\/uploads\/2026\/02\/IMG_20230721_113519228-225x300.jpg 225w, https:\/\/grupofossilis.com.br\/wp-content\/uploads\/2026\/02\/IMG_20230721_113519228-1152x1536.jpg 1152w, https:\/\/grupofossilis.com.br\/wp-content\/uploads\/2026\/02\/IMG_20230721_113519228-1536x2048.jpg 1536w, https:\/\/grupofossilis.com.br\/wp-content\/uploads\/2026\/02\/IMG_20230721_113519228-scaled.jpg 1920w\" sizes=\"auto, (max-width: 768px) 100vw, 768px\" \/><\/figure>\n\n\n\n<figure class=\"wp-block-image size-large\"><img loading=\"lazy\" decoding=\"async\" width=\"768\" height=\"1024\" data-id=\"1514\" src=\"https:\/\/grupofossilis.com.br\/wp-content\/uploads\/2026\/02\/IMG_20230721_113613554-768x1024.jpg\" alt=\"\" class=\"wp-image-1514\" srcset=\"https:\/\/grupofossilis.com.br\/wp-content\/uploads\/2026\/02\/IMG_20230721_113613554-768x1024.jpg 768w, https:\/\/grupofossilis.com.br\/wp-content\/uploads\/2026\/02\/IMG_20230721_113613554-225x300.jpg 225w, https:\/\/grupofossilis.com.br\/wp-content\/uploads\/2026\/02\/IMG_20230721_113613554-1152x1536.jpg 1152w, https:\/\/grupofossilis.com.br\/wp-content\/uploads\/2026\/02\/IMG_20230721_113613554-1536x2048.jpg 1536w, https:\/\/grupofossilis.com.br\/wp-content\/uploads\/2026\/02\/IMG_20230721_113613554-scaled.jpg 1920w\" sizes=\"auto, (max-width: 768px) 100vw, 768px\" \/><\/figure>\n\n\n\n<figure class=\"wp-block-image size-large\"><img loading=\"lazy\" decoding=\"async\" width=\"768\" height=\"1024\" data-id=\"1513\" src=\"https:\/\/grupofossilis.com.br\/wp-content\/uploads\/2026\/02\/IMG_20230721_114400069-768x1024.jpg\" alt=\"\" class=\"wp-image-1513\" srcset=\"https:\/\/grupofossilis.com.br\/wp-content\/uploads\/2026\/02\/IMG_20230721_114400069-768x1024.jpg 768w, https:\/\/grupofossilis.com.br\/wp-content\/uploads\/2026\/02\/IMG_20230721_114400069-225x300.jpg 225w, https:\/\/grupofossilis.com.br\/wp-content\/uploads\/2026\/02\/IMG_20230721_114400069-1152x1536.jpg 1152w, https:\/\/grupofossilis.com.br\/wp-content\/uploads\/2026\/02\/IMG_20230721_114400069-1536x2048.jpg 1536w, https:\/\/grupofossilis.com.br\/wp-content\/uploads\/2026\/02\/IMG_20230721_114400069-scaled.jpg 1920w\" sizes=\"auto, (max-width: 768px) 100vw, 768px\" \/><\/figure>\n\n\n\n<figure class=\"wp-block-image size-large\"><img loading=\"lazy\" decoding=\"async\" width=\"768\" height=\"1024\" data-id=\"1512\" src=\"https:\/\/grupofossilis.com.br\/wp-content\/uploads\/2026\/02\/IMG_20230721_113401329-768x1024.jpg\" alt=\"\" class=\"wp-image-1512\" srcset=\"https:\/\/grupofossilis.com.br\/wp-content\/uploads\/2026\/02\/IMG_20230721_113401329-768x1024.jpg 768w, https:\/\/grupofossilis.com.br\/wp-content\/uploads\/2026\/02\/IMG_20230721_113401329-225x300.jpg 225w, https:\/\/grupofossilis.com.br\/wp-content\/uploads\/2026\/02\/IMG_20230721_113401329-1152x1536.jpg 1152w, https:\/\/grupofossilis.com.br\/wp-content\/uploads\/2026\/02\/IMG_20230721_113401329-1536x2048.jpg 1536w, https:\/\/grupofossilis.com.br\/wp-content\/uploads\/2026\/02\/IMG_20230721_113401329-scaled.jpg 1920w\" sizes=\"auto, (max-width: 768px) 100vw, 768px\" \/><\/figure>\n\n\n\n<figure class=\"wp-block-image size-large\"><img loading=\"lazy\" decoding=\"async\" width=\"768\" height=\"1024\" data-id=\"1511\" src=\"https:\/\/grupofossilis.com.br\/wp-content\/uploads\/2026\/02\/IMG_20230721_113905856-768x1024.jpg\" alt=\"\" class=\"wp-image-1511\" srcset=\"https:\/\/grupofossilis.com.br\/wp-content\/uploads\/2026\/02\/IMG_20230721_113905856-768x1024.jpg 768w, https:\/\/grupofossilis.com.br\/wp-content\/uploads\/2026\/02\/IMG_20230721_113905856-225x300.jpg 225w, https:\/\/grupofossilis.com.br\/wp-content\/uploads\/2026\/02\/IMG_20230721_113905856-1152x1536.jpg 1152w, https:\/\/grupofossilis.com.br\/wp-content\/uploads\/2026\/02\/IMG_20230721_113905856-1536x2048.jpg 1536w, https:\/\/grupofossilis.com.br\/wp-content\/uploads\/2026\/02\/IMG_20230721_113905856-scaled.jpg 1920w\" sizes=\"auto, (max-width: 768px) 100vw, 768px\" \/><\/figure>\n\n\n\n<figure class=\"wp-block-image size-large\"><img loading=\"lazy\" decoding=\"async\" width=\"768\" height=\"1024\" data-id=\"1510\" src=\"https:\/\/grupofossilis.com.br\/wp-content\/uploads\/2026\/02\/IMG_20230721_113352037-768x1024.jpg\" alt=\"\" class=\"wp-image-1510\" srcset=\"https:\/\/grupofossilis.com.br\/wp-content\/uploads\/2026\/02\/IMG_20230721_113352037-768x1024.jpg 768w, https:\/\/grupofossilis.com.br\/wp-content\/uploads\/2026\/02\/IMG_20230721_113352037-225x300.jpg 225w, https:\/\/grupofossilis.com.br\/wp-content\/uploads\/2026\/02\/IMG_20230721_113352037-1152x1536.jpg 1152w, https:\/\/grupofossilis.com.br\/wp-content\/uploads\/2026\/02\/IMG_20230721_113352037-1536x2048.jpg 1536w, https:\/\/grupofossilis.com.br\/wp-content\/uploads\/2026\/02\/IMG_20230721_113352037-scaled.jpg 1920w\" sizes=\"auto, (max-width: 768px) 100vw, 768px\" \/><\/figure>\n\n\n\n<figure class=\"wp-block-image size-large\"><img loading=\"lazy\" decoding=\"async\" width=\"768\" height=\"1024\" data-id=\"1509\" src=\"https:\/\/grupofossilis.com.br\/wp-content\/uploads\/2026\/02\/IMG_20230721_113736333-768x1024.jpg\" alt=\"\" class=\"wp-image-1509\" srcset=\"https:\/\/grupofossilis.com.br\/wp-content\/uploads\/2026\/02\/IMG_20230721_113736333-768x1024.jpg 768w, https:\/\/grupofossilis.com.br\/wp-content\/uploads\/2026\/02\/IMG_20230721_113736333-225x300.jpg 225w, https:\/\/grupofossilis.com.br\/wp-content\/uploads\/2026\/02\/IMG_20230721_113736333-1152x1536.jpg 1152w, https:\/\/grupofossilis.com.br\/wp-content\/uploads\/2026\/02\/IMG_20230721_113736333-1536x2048.jpg 1536w, https:\/\/grupofossilis.com.br\/wp-content\/uploads\/2026\/02\/IMG_20230721_113736333-scaled.jpg 1920w\" sizes=\"auto, (max-width: 768px) 100vw, 768px\" \/><\/figure>\n<\/figure>\n","protected":false},"excerpt":{"rendered":"<p>14\/07\/2023 \u2013 Museu Nacional (Rio de Janeiro\/RJ)<\/p>\n","protected":false},"author":1,"featured_media":0,"parent":0,"menu_order":0,"comment_status":"closed","ping_status":"closed","template":"","meta":{"footnotes":""},"class_list":["post-1527","page","type-page","status-publish","hentry"],"_links":{"self":[{"href":"https:\/\/grupofossilis.com.br\/index.php\/wp-json\/wp\/v2\/pages\/1527","targetHints":{"allow":["GET"]}}],"collection":[{"href":"https:\/\/grupofossilis.com.br\/index.php\/wp-json\/wp\/v2\/pages"}],"about":[{"href":"https:\/\/grupofossilis.com.br\/index.php\/wp-json\/wp\/v2\/types\/page"}],"author":[{"embeddable":true,"href":"https:\/\/grupofossilis.com.br\/index.php\/wp-json\/wp\/v2\/users\/1"}],"replies":[{"embeddable":true,"href":"https:\/\/grupofossilis.com.br\/index.php\/wp-json\/wp\/v2\/comments?post=1527"}],"version-history":[{"count":3,"href":"https:\/\/grupofossilis.com.br\/index.php\/wp-json\/wp\/v2\/pages\/1527\/revisions"}],"predecessor-version":[{"id":1531,"href":"https:\/\/grupofossilis.com.br\/index.php\/wp-json\/wp\/v2\/pages\/1527\/revisions\/1531"}],"wp:attachment":[{"href":"https:\/\/grupofossilis.com.br\/index.php\/wp-json\/wp\/v2\/media?parent=1527"}],"curies":[{"name":"wp","href":"https:\/\/api.w.org\/{rel}","templated":true}]}}