{"id":1612,"date":"2003-06-19T19:24:00","date_gmt":"2003-06-19T22:24:00","guid":{"rendered":"https:\/\/grupofossilis.com.br\/?page_id=1612"},"modified":"2026-02-20T18:31:41","modified_gmt":"2026-02-20T21:31:41","slug":"exposicao-na-mostra-pedagogica","status":"publish","type":"page","link":"https:\/\/grupofossilis.com.br\/index.php\/exposicao-na-mostra-pedagogica\/","title":{"rendered":"EXPOSI\u00c7\u00c3O NA MOSTRA PEDAG\u00d3GICA"},"content":{"rendered":"\n<p>19\/06\/2003 &#8211; E.M. Bezerra de Menezes (Caratinga\/MG)<\/p>\n\n\n\n<figure class=\"wp-block-gallery has-nested-images columns-default is-cropped wp-block-gallery-1 is-layout-flex wp-block-gallery-is-layout-flex\"><\/figure>\n\n\n\n<figure class=\"wp-block-gallery has-nested-images columns-default is-cropped wp-block-gallery-2 is-layout-flex wp-block-gallery-is-layout-flex\">\n<figure class=\"wp-block-image size-large\"><img loading=\"lazy\" decoding=\"async\" width=\"640\" height=\"480\" data-id=\"2044\" src=\"https:\/\/grupofossilis.com.br\/wp-content\/uploads\/2026\/02\/2003-foto-ati-15-05.jpg\" alt=\"\" class=\"wp-image-2044\" srcset=\"https:\/\/grupofossilis.com.br\/wp-content\/uploads\/2026\/02\/2003-foto-ati-15-05.jpg 640w, https:\/\/grupofossilis.com.br\/wp-content\/uploads\/2026\/02\/2003-foto-ati-15-05-300x225.jpg 300w\" sizes=\"auto, (max-width: 640px) 100vw, 640px\" \/><\/figure>\n\n\n\n<figure class=\"wp-block-image size-large\"><img loading=\"lazy\" decoding=\"async\" width=\"640\" height=\"480\" data-id=\"2045\" src=\"https:\/\/grupofossilis.com.br\/wp-content\/uploads\/2026\/02\/2003-foto-ati-15-06.jpg\" alt=\"\" class=\"wp-image-2045\" srcset=\"https:\/\/grupofossilis.com.br\/wp-content\/uploads\/2026\/02\/2003-foto-ati-15-06.jpg 640w, https:\/\/grupofossilis.com.br\/wp-content\/uploads\/2026\/02\/2003-foto-ati-15-06-300x225.jpg 300w\" sizes=\"auto, (max-width: 640px) 100vw, 640px\" \/><\/figure>\n\n\n\n<figure class=\"wp-block-image size-large\"><img loading=\"lazy\" decoding=\"async\" width=\"597\" height=\"390\" data-id=\"2043\" src=\"https:\/\/grupofossilis.com.br\/wp-content\/uploads\/2026\/02\/2003-foto-ati-15-07.jpg\" alt=\"\" class=\"wp-image-2043\" srcset=\"https:\/\/grupofossilis.com.br\/wp-content\/uploads\/2026\/02\/2003-foto-ati-15-07.jpg 597w, https:\/\/grupofossilis.com.br\/wp-content\/uploads\/2026\/02\/2003-foto-ati-15-07-300x196.jpg 300w\" sizes=\"auto, (max-width: 597px) 100vw, 597px\" \/><\/figure>\n<\/figure>\n\n\n\n<figure class=\"wp-block-gallery has-nested-images columns-default is-cropped wp-block-gallery-3 is-layout-flex wp-block-gallery-is-layout-flex\">\n<figure class=\"wp-block-image size-large\"><img loading=\"lazy\" decoding=\"async\" width=\"640\" height=\"480\" data-id=\"2047\" src=\"https:\/\/grupofossilis.com.br\/wp-content\/uploads\/2026\/02\/2003-foto-ati-15-04.jpg\" alt=\"\" class=\"wp-image-2047\" srcset=\"https:\/\/grupofossilis.com.br\/wp-content\/uploads\/2026\/02\/2003-foto-ati-15-04.jpg 640w, https:\/\/grupofossilis.com.br\/wp-content\/uploads\/2026\/02\/2003-foto-ati-15-04-300x225.jpg 300w\" sizes=\"auto, (max-width: 640px) 100vw, 640px\" \/><\/figure>\n\n\n\n<figure class=\"wp-block-image size-large\"><img loading=\"lazy\" decoding=\"async\" width=\"640\" height=\"480\" data-id=\"2046\" src=\"https:\/\/grupofossilis.com.br\/wp-content\/uploads\/2026\/02\/2003-foto-ati-15-01.jpg\" alt=\"\" class=\"wp-image-2046\" srcset=\"https:\/\/grupofossilis.com.br\/wp-content\/uploads\/2026\/02\/2003-foto-ati-15-01.jpg 640w, https:\/\/grupofossilis.com.br\/wp-content\/uploads\/2026\/02\/2003-foto-ati-15-01-300x225.jpg 300w\" sizes=\"auto, (max-width: 640px) 100vw, 640px\" \/><\/figure>\n\n\n\n<figure class=\"wp-block-image size-large\"><img loading=\"lazy\" decoding=\"async\" width=\"350\" height=\"242\" data-id=\"1614\" src=\"https:\/\/grupofossilis.com.br\/wp-content\/uploads\/2026\/02\/grupo-fossilis-63-2.jpg\" alt=\"\" class=\"wp-image-1614\" srcset=\"https:\/\/grupofossilis.com.br\/wp-content\/uploads\/2026\/02\/grupo-fossilis-63-2.jpg 350w, https:\/\/grupofossilis.com.br\/wp-content\/uploads\/2026\/02\/grupo-fossilis-63-2-300x207.jpg 300w\" sizes=\"auto, (max-width: 350px) 100vw, 350px\" \/><\/figure>\n<\/figure>\n","protected":false},"excerpt":{"rendered":"<p>19\/06\/2003 &#8211; E.M. Bezerra de Menezes (Caratinga\/MG)<\/p>\n","protected":false},"author":1,"featured_media":0,"parent":0,"menu_order":0,"comment_status":"closed","ping_status":"closed","template":"","meta":{"footnotes":""},"class_list":["post-1612","page","type-page","status-publish","hentry"],"_links":{"self":[{"href":"https:\/\/grupofossilis.com.br\/index.php\/wp-json\/wp\/v2\/pages\/1612","targetHints":{"allow":["GET"]}}],"collection":[{"href":"https:\/\/grupofossilis.com.br\/index.php\/wp-json\/wp\/v2\/pages"}],"about":[{"href":"https:\/\/grupofossilis.com.br\/index.php\/wp-json\/wp\/v2\/types\/page"}],"author":[{"embeddable":true,"href":"https:\/\/grupofossilis.com.br\/index.php\/wp-json\/wp\/v2\/users\/1"}],"replies":[{"embeddable":true,"href":"https:\/\/grupofossilis.com.br\/index.php\/wp-json\/wp\/v2\/comments?post=1612"}],"version-history":[{"count":2,"href":"https:\/\/grupofossilis.com.br\/index.php\/wp-json\/wp\/v2\/pages\/1612\/revisions"}],"predecessor-version":[{"id":2048,"href":"https:\/\/grupofossilis.com.br\/index.php\/wp-json\/wp\/v2\/pages\/1612\/revisions\/2048"}],"wp:attachment":[{"href":"https:\/\/grupofossilis.com.br\/index.php\/wp-json\/wp\/v2\/media?parent=1612"}],"curies":[{"name":"wp","href":"https:\/\/api.w.org\/{rel}","templated":true}]}}