{"id":1693,"date":"2002-06-21T10:06:00","date_gmt":"2002-06-21T13:06:00","guid":{"rendered":"https:\/\/grupofossilis.com.br\/?page_id=1693"},"modified":"2026-02-20T18:01:32","modified_gmt":"2026-02-20T21:01:32","slug":"1a-exposicao-paleoarqueologica-de-caratinga","status":"publish","type":"page","link":"https:\/\/grupofossilis.com.br\/index.php\/1a-exposicao-paleoarqueologica-de-caratinga\/","title":{"rendered":"1\u00aa EXPOSI\u00c7\u00c3O PALEOARQUEOL\u00d3GICA DE CARATINGA"},"content":{"rendered":"\n<p>21\/06\/2002 &#8211; Coreto Ronaldinho Calazans (Caratinga\/MG)<\/p>\n\n\n\n<figure class=\"wp-block-gallery has-nested-images columns-default is-cropped wp-block-gallery-1 is-layout-flex wp-block-gallery-is-layout-flex\">\n<figure class=\"wp-block-image size-large\"><img loading=\"lazy\" decoding=\"async\" width=\"350\" height=\"242\" data-id=\"1697\" src=\"https:\/\/grupofossilis.com.br\/wp-content\/uploads\/2026\/02\/grupo-fossilis-47-2.jpg\" alt=\"\" class=\"wp-image-1697\" srcset=\"https:\/\/grupofossilis.com.br\/wp-content\/uploads\/2026\/02\/grupo-fossilis-47-2.jpg 350w, https:\/\/grupofossilis.com.br\/wp-content\/uploads\/2026\/02\/grupo-fossilis-47-2-300x207.jpg 300w\" sizes=\"auto, (max-width: 350px) 100vw, 350px\" \/><\/figure>\n\n\n\n<figure class=\"wp-block-image size-large\"><img loading=\"lazy\" decoding=\"async\" width=\"350\" height=\"242\" data-id=\"1696\" src=\"https:\/\/grupofossilis.com.br\/wp-content\/uploads\/2026\/02\/grupo-fossilis-47-3.jpg\" alt=\"\" class=\"wp-image-1696\" srcset=\"https:\/\/grupofossilis.com.br\/wp-content\/uploads\/2026\/02\/grupo-fossilis-47-3.jpg 350w, https:\/\/grupofossilis.com.br\/wp-content\/uploads\/2026\/02\/grupo-fossilis-47-3-300x207.jpg 300w\" sizes=\"auto, (max-width: 350px) 100vw, 350px\" \/><\/figure>\n\n\n\n<figure class=\"wp-block-image size-large\"><img loading=\"lazy\" decoding=\"async\" width=\"350\" height=\"242\" data-id=\"1695\" src=\"https:\/\/grupofossilis.com.br\/wp-content\/uploads\/2026\/02\/grupo-fossilis-47-6.jpg\" alt=\"\" class=\"wp-image-1695\" srcset=\"https:\/\/grupofossilis.com.br\/wp-content\/uploads\/2026\/02\/grupo-fossilis-47-6.jpg 350w, https:\/\/grupofossilis.com.br\/wp-content\/uploads\/2026\/02\/grupo-fossilis-47-6-300x207.jpg 300w\" sizes=\"auto, (max-width: 350px) 100vw, 350px\" \/><\/figure>\n<\/figure>\n\n\n\n<figure class=\"wp-block-gallery has-nested-images columns-default is-cropped wp-block-gallery-2 is-layout-flex wp-block-gallery-is-layout-flex\">\n<figure class=\"wp-block-image size-large\"><img loading=\"lazy\" decoding=\"async\" width=\"640\" height=\"480\" data-id=\"1995\" src=\"https:\/\/grupofossilis.com.br\/wp-content\/uploads\/2026\/02\/2002-foto-ati-02-05.jpg\" alt=\"\" class=\"wp-image-1995\" srcset=\"https:\/\/grupofossilis.com.br\/wp-content\/uploads\/2026\/02\/2002-foto-ati-02-05.jpg 640w, https:\/\/grupofossilis.com.br\/wp-content\/uploads\/2026\/02\/2002-foto-ati-02-05-300x225.jpg 300w\" sizes=\"auto, (max-width: 640px) 100vw, 640px\" \/><\/figure>\n\n\n\n<figure class=\"wp-block-image size-large\"><img loading=\"lazy\" decoding=\"async\" width=\"640\" height=\"480\" data-id=\"1996\" src=\"https:\/\/grupofossilis.com.br\/wp-content\/uploads\/2026\/02\/2002-foto-ati-02-08.jpg\" alt=\"\" class=\"wp-image-1996\" srcset=\"https:\/\/grupofossilis.com.br\/wp-content\/uploads\/2026\/02\/2002-foto-ati-02-08.jpg 640w, https:\/\/grupofossilis.com.br\/wp-content\/uploads\/2026\/02\/2002-foto-ati-02-08-300x225.jpg 300w\" sizes=\"auto, (max-width: 640px) 100vw, 640px\" \/><\/figure>\n\n\n\n<figure class=\"wp-block-image size-large\"><img loading=\"lazy\" decoding=\"async\" width=\"640\" height=\"480\" data-id=\"1994\" src=\"https:\/\/grupofossilis.com.br\/wp-content\/uploads\/2026\/02\/2002-foto-ati-02-09.jpg\" alt=\"\" class=\"wp-image-1994\" srcset=\"https:\/\/grupofossilis.com.br\/wp-content\/uploads\/2026\/02\/2002-foto-ati-02-09.jpg 640w, https:\/\/grupofossilis.com.br\/wp-content\/uploads\/2026\/02\/2002-foto-ati-02-09-300x225.jpg 300w\" sizes=\"auto, (max-width: 640px) 100vw, 640px\" \/><\/figure>\n<\/figure>\n","protected":false},"excerpt":{"rendered":"<p>21\/06\/2002 &#8211; Coreto Ronaldinho Calazans (Caratinga\/MG)<\/p>\n","protected":false},"author":1,"featured_media":0,"parent":0,"menu_order":0,"comment_status":"closed","ping_status":"closed","template":"","meta":{"footnotes":""},"class_list":["post-1693","page","type-page","status-publish","hentry"],"_links":{"self":[{"href":"https:\/\/grupofossilis.com.br\/index.php\/wp-json\/wp\/v2\/pages\/1693","targetHints":{"allow":["GET"]}}],"collection":[{"href":"https:\/\/grupofossilis.com.br\/index.php\/wp-json\/wp\/v2\/pages"}],"about":[{"href":"https:\/\/grupofossilis.com.br\/index.php\/wp-json\/wp\/v2\/types\/page"}],"author":[{"embeddable":true,"href":"https:\/\/grupofossilis.com.br\/index.php\/wp-json\/wp\/v2\/users\/1"}],"replies":[{"embeddable":true,"href":"https:\/\/grupofossilis.com.br\/index.php\/wp-json\/wp\/v2\/comments?post=1693"}],"version-history":[{"count":3,"href":"https:\/\/grupofossilis.com.br\/index.php\/wp-json\/wp\/v2\/pages\/1693\/revisions"}],"predecessor-version":[{"id":1997,"href":"https:\/\/grupofossilis.com.br\/index.php\/wp-json\/wp\/v2\/pages\/1693\/revisions\/1997"}],"wp:attachment":[{"href":"https:\/\/grupofossilis.com.br\/index.php\/wp-json\/wp\/v2\/media?parent=1693"}],"curies":[{"name":"wp","href":"https:\/\/api.w.org\/{rel}","templated":true}]}}