{"id":1744,"date":"2002-11-05T10:24:00","date_gmt":"2002-11-05T12:24:00","guid":{"rendered":"https:\/\/grupofossilis.com.br\/?page_id=1744"},"modified":"2026-02-20T18:05:29","modified_gmt":"2026-02-20T21:05:29","slug":"exposicao-de-arte-indigena","status":"publish","type":"page","link":"https:\/\/grupofossilis.com.br\/index.php\/exposicao-de-arte-indigena\/","title":{"rendered":"EXPOSI\u00c7\u00c3O DE ARTE IND\u00cdGENA"},"content":{"rendered":"\n<p>05\/11\/2002 &#8211; Caleidosc\u00f3pio Cultural da Funda\u00e7\u00e3o Educacional de Caratinga &#8211; FUNEC (Caratinga\/MG)<\/p>\n\n\n\n<figure class=\"wp-block-gallery has-nested-images columns-default is-cropped wp-block-gallery-1 is-layout-flex wp-block-gallery-is-layout-flex\">\n<figure class=\"wp-block-image size-large\"><img loading=\"lazy\" decoding=\"async\" width=\"350\" height=\"242\" data-id=\"1747\" src=\"https:\/\/grupofossilis.com.br\/wp-content\/uploads\/2026\/02\/grupo-fossilis-52-1.jpg\" alt=\"\" class=\"wp-image-1747\" srcset=\"https:\/\/grupofossilis.com.br\/wp-content\/uploads\/2026\/02\/grupo-fossilis-52-1.jpg 350w, https:\/\/grupofossilis.com.br\/wp-content\/uploads\/2026\/02\/grupo-fossilis-52-1-300x207.jpg 300w\" sizes=\"auto, (max-width: 350px) 100vw, 350px\" \/><\/figure>\n\n\n\n<figure class=\"wp-block-image size-large\"><img loading=\"lazy\" decoding=\"async\" width=\"350\" height=\"242\" data-id=\"1746\" src=\"https:\/\/grupofossilis.com.br\/wp-content\/uploads\/2026\/02\/grupo-fossilis-52-2.jpg\" alt=\"\" class=\"wp-image-1746\" srcset=\"https:\/\/grupofossilis.com.br\/wp-content\/uploads\/2026\/02\/grupo-fossilis-52-2.jpg 350w, https:\/\/grupofossilis.com.br\/wp-content\/uploads\/2026\/02\/grupo-fossilis-52-2-300x207.jpg 300w\" sizes=\"auto, (max-width: 350px) 100vw, 350px\" \/><\/figure>\n\n\n\n<figure class=\"wp-block-image size-large\"><img loading=\"lazy\" decoding=\"async\" width=\"350\" height=\"242\" data-id=\"1745\" src=\"https:\/\/grupofossilis.com.br\/wp-content\/uploads\/2026\/02\/grupo-fossilis-52-3.jpg\" alt=\"\" class=\"wp-image-1745\" srcset=\"https:\/\/grupofossilis.com.br\/wp-content\/uploads\/2026\/02\/grupo-fossilis-52-3.jpg 350w, https:\/\/grupofossilis.com.br\/wp-content\/uploads\/2026\/02\/grupo-fossilis-52-3-300x207.jpg 300w\" sizes=\"auto, (max-width: 350px) 100vw, 350px\" \/><\/figure>\n\n\n\n<figure class=\"wp-block-image size-large\"><img loading=\"lazy\" decoding=\"async\" width=\"350\" height=\"242\" data-id=\"1748\" src=\"https:\/\/grupofossilis.com.br\/wp-content\/uploads\/2026\/02\/grupo-fossilis-52-4.jpg\" alt=\"\" class=\"wp-image-1748\" srcset=\"https:\/\/grupofossilis.com.br\/wp-content\/uploads\/2026\/02\/grupo-fossilis-52-4.jpg 350w, https:\/\/grupofossilis.com.br\/wp-content\/uploads\/2026\/02\/grupo-fossilis-52-4-300x207.jpg 300w\" sizes=\"auto, (max-width: 350px) 100vw, 350px\" \/><\/figure>\n\n\n\n<figure class=\"wp-block-image size-large\"><img loading=\"lazy\" decoding=\"async\" width=\"350\" height=\"242\" data-id=\"1750\" src=\"https:\/\/grupofossilis.com.br\/wp-content\/uploads\/2026\/02\/grupo-fossilis-52-5.jpg\" alt=\"\" class=\"wp-image-1750\" srcset=\"https:\/\/grupofossilis.com.br\/wp-content\/uploads\/2026\/02\/grupo-fossilis-52-5.jpg 350w, https:\/\/grupofossilis.com.br\/wp-content\/uploads\/2026\/02\/grupo-fossilis-52-5-300x207.jpg 300w\" sizes=\"auto, (max-width: 350px) 100vw, 350px\" \/><\/figure>\n\n\n\n<figure class=\"wp-block-image size-large\"><img loading=\"lazy\" decoding=\"async\" width=\"350\" height=\"242\" data-id=\"1749\" src=\"https:\/\/grupofossilis.com.br\/wp-content\/uploads\/2026\/02\/grupo-fossilis-52-6.jpg\" alt=\"\" class=\"wp-image-1749\" srcset=\"https:\/\/grupofossilis.com.br\/wp-content\/uploads\/2026\/02\/grupo-fossilis-52-6.jpg 350w, https:\/\/grupofossilis.com.br\/wp-content\/uploads\/2026\/02\/grupo-fossilis-52-6-300x207.jpg 300w\" sizes=\"auto, (max-width: 350px) 100vw, 350px\" \/><\/figure>\n<\/figure>\n\n\n\n<figure class=\"wp-block-gallery has-nested-images columns-default is-cropped wp-block-gallery-2 is-layout-flex wp-block-gallery-is-layout-flex\">\n<figure class=\"wp-block-image size-large\"><img loading=\"lazy\" decoding=\"async\" width=\"640\" height=\"480\" data-id=\"2004\" src=\"https:\/\/grupofossilis.com.br\/wp-content\/uploads\/2026\/02\/2002-foto-ati-11-01.jpg\" alt=\"\" class=\"wp-image-2004\" srcset=\"https:\/\/grupofossilis.com.br\/wp-content\/uploads\/2026\/02\/2002-foto-ati-11-01.jpg 640w, https:\/\/grupofossilis.com.br\/wp-content\/uploads\/2026\/02\/2002-foto-ati-11-01-300x225.jpg 300w\" sizes=\"auto, (max-width: 640px) 100vw, 640px\" \/><\/figure>\n\n\n\n<figure class=\"wp-block-image size-large\"><img loading=\"lazy\" decoding=\"async\" width=\"640\" height=\"480\" data-id=\"2003\" src=\"https:\/\/grupofossilis.com.br\/wp-content\/uploads\/2026\/02\/2002-foto-ati-11-04.jpg\" alt=\"\" class=\"wp-image-2003\" srcset=\"https:\/\/grupofossilis.com.br\/wp-content\/uploads\/2026\/02\/2002-foto-ati-11-04.jpg 640w, https:\/\/grupofossilis.com.br\/wp-content\/uploads\/2026\/02\/2002-foto-ati-11-04-300x225.jpg 300w\" sizes=\"auto, (max-width: 640px) 100vw, 640px\" \/><\/figure>\n\n\n\n<figure class=\"wp-block-image size-large\"><img loading=\"lazy\" decoding=\"async\" width=\"640\" height=\"480\" data-id=\"2005\" src=\"https:\/\/grupofossilis.com.br\/wp-content\/uploads\/2026\/02\/2002-foto-ati-11-05.jpg\" alt=\"\" class=\"wp-image-2005\" srcset=\"https:\/\/grupofossilis.com.br\/wp-content\/uploads\/2026\/02\/2002-foto-ati-11-05.jpg 640w, https:\/\/grupofossilis.com.br\/wp-content\/uploads\/2026\/02\/2002-foto-ati-11-05-300x225.jpg 300w\" sizes=\"auto, (max-width: 640px) 100vw, 640px\" \/><\/figure>\n<\/figure>\n","protected":false},"excerpt":{"rendered":"<p>05\/11\/2002 &#8211; Caleidosc\u00f3pio Cultural da Funda\u00e7\u00e3o Educacional de Caratinga &#8211; FUNEC (Caratinga\/MG)<\/p>\n","protected":false},"author":1,"featured_media":0,"parent":0,"menu_order":0,"comment_status":"closed","ping_status":"closed","template":"","meta":{"footnotes":""},"class_list":["post-1744","page","type-page","status-publish","hentry"],"_links":{"self":[{"href":"https:\/\/grupofossilis.com.br\/index.php\/wp-json\/wp\/v2\/pages\/1744","targetHints":{"allow":["GET"]}}],"collection":[{"href":"https:\/\/grupofossilis.com.br\/index.php\/wp-json\/wp\/v2\/pages"}],"about":[{"href":"https:\/\/grupofossilis.com.br\/index.php\/wp-json\/wp\/v2\/types\/page"}],"author":[{"embeddable":true,"href":"https:\/\/grupofossilis.com.br\/index.php\/wp-json\/wp\/v2\/users\/1"}],"replies":[{"embeddable":true,"href":"https:\/\/grupofossilis.com.br\/index.php\/wp-json\/wp\/v2\/comments?post=1744"}],"version-history":[{"count":2,"href":"https:\/\/grupofossilis.com.br\/index.php\/wp-json\/wp\/v2\/pages\/1744\/revisions"}],"predecessor-version":[{"id":2006,"href":"https:\/\/grupofossilis.com.br\/index.php\/wp-json\/wp\/v2\/pages\/1744\/revisions\/2006"}],"wp:attachment":[{"href":"https:\/\/grupofossilis.com.br\/index.php\/wp-json\/wp\/v2\/media?parent=1744"}],"curies":[{"name":"wp","href":"https:\/\/api.w.org\/{rel}","templated":true}]}}