{"id":1873,"date":"2004-11-22T14:16:00","date_gmt":"2004-11-22T16:16:00","guid":{"rendered":"https:\/\/grupofossilis.com.br\/?page_id=1873"},"modified":"2026-02-20T14:18:11","modified_gmt":"2026-02-20T17:18:11","slug":"exposicao-no-projeto-parque-de-ciencias","status":"publish","type":"page","link":"https:\/\/grupofossilis.com.br\/index.php\/exposicao-no-projeto-parque-de-ciencias\/","title":{"rendered":"EXPOSI\u00c7\u00c3O NO PROJETO PARQUE DE CI\u00caNCIAS"},"content":{"rendered":"\n<p>22\/11\/2004 \u2013 Col\u00e9gio C\u00e2ndido Portinari (Caratinga\/MG)<\/p>\n\n\n\n<figure class=\"wp-block-gallery has-nested-images columns-default is-cropped wp-block-gallery-1 is-layout-flex wp-block-gallery-is-layout-flex\">\n<figure class=\"wp-block-image size-large\"><img loading=\"lazy\" decoding=\"async\" width=\"1024\" height=\"722\" data-id=\"1875\" src=\"https:\/\/grupofossilis.com.br\/wp-content\/uploads\/2026\/02\/a-1-1024x722.jpg\" alt=\"\" class=\"wp-image-1875\" srcset=\"https:\/\/grupofossilis.com.br\/wp-content\/uploads\/2026\/02\/a-1-1024x722.jpg 1024w, https:\/\/grupofossilis.com.br\/wp-content\/uploads\/2026\/02\/a-1-300x212.jpg 300w, https:\/\/grupofossilis.com.br\/wp-content\/uploads\/2026\/02\/a-1-768x542.jpg 768w, https:\/\/grupofossilis.com.br\/wp-content\/uploads\/2026\/02\/a-1-1536x1083.jpg 1536w, https:\/\/grupofossilis.com.br\/wp-content\/uploads\/2026\/02\/a-1.jpg 2046w\" sizes=\"auto, (max-width: 1024px) 100vw, 1024px\" \/><\/figure>\n\n\n\n<figure class=\"wp-block-image size-large\"><img loading=\"lazy\" decoding=\"async\" width=\"1024\" height=\"722\" data-id=\"1877\" src=\"https:\/\/grupofossilis.com.br\/wp-content\/uploads\/2026\/02\/a-4-1024x722.jpg\" alt=\"\" class=\"wp-image-1877\" srcset=\"https:\/\/grupofossilis.com.br\/wp-content\/uploads\/2026\/02\/a-4-1024x722.jpg 1024w, https:\/\/grupofossilis.com.br\/wp-content\/uploads\/2026\/02\/a-4-300x212.jpg 300w, https:\/\/grupofossilis.com.br\/wp-content\/uploads\/2026\/02\/a-4-768x542.jpg 768w, https:\/\/grupofossilis.com.br\/wp-content\/uploads\/2026\/02\/a-4-1536x1083.jpg 1536w, https:\/\/grupofossilis.com.br\/wp-content\/uploads\/2026\/02\/a-4-2048x1444.jpg 2048w\" sizes=\"auto, (max-width: 1024px) 100vw, 1024px\" \/><\/figure>\n\n\n\n<figure class=\"wp-block-image size-large\"><img loading=\"lazy\" decoding=\"async\" width=\"320\" height=\"226\" data-id=\"1874\" src=\"https:\/\/grupofossilis.com.br\/wp-content\/uploads\/2026\/02\/grupo-fossilis-2004-13-03.jpg\" alt=\"\" class=\"wp-image-1874\" srcset=\"https:\/\/grupofossilis.com.br\/wp-content\/uploads\/2026\/02\/grupo-fossilis-2004-13-03.jpg 320w, https:\/\/grupofossilis.com.br\/wp-content\/uploads\/2026\/02\/grupo-fossilis-2004-13-03-300x212.jpg 300w\" sizes=\"auto, (max-width: 320px) 100vw, 320px\" \/><\/figure>\n<\/figure>\n","protected":false},"excerpt":{"rendered":"<p>22\/11\/2004 \u2013 Col\u00e9gio C\u00e2ndido Portinari (Caratinga\/MG)<\/p>\n","protected":false},"author":1,"featured_media":0,"parent":0,"menu_order":0,"comment_status":"closed","ping_status":"closed","template":"","meta":{"footnotes":""},"class_list":["post-1873","page","type-page","status-publish","hentry"],"_links":{"self":[{"href":"https:\/\/grupofossilis.com.br\/index.php\/wp-json\/wp\/v2\/pages\/1873","targetHints":{"allow":["GET"]}}],"collection":[{"href":"https:\/\/grupofossilis.com.br\/index.php\/wp-json\/wp\/v2\/pages"}],"about":[{"href":"https:\/\/grupofossilis.com.br\/index.php\/wp-json\/wp\/v2\/types\/page"}],"author":[{"embeddable":true,"href":"https:\/\/grupofossilis.com.br\/index.php\/wp-json\/wp\/v2\/users\/1"}],"replies":[{"embeddable":true,"href":"https:\/\/grupofossilis.com.br\/index.php\/wp-json\/wp\/v2\/comments?post=1873"}],"version-history":[{"count":1,"href":"https:\/\/grupofossilis.com.br\/index.php\/wp-json\/wp\/v2\/pages\/1873\/revisions"}],"predecessor-version":[{"id":1880,"href":"https:\/\/grupofossilis.com.br\/index.php\/wp-json\/wp\/v2\/pages\/1873\/revisions\/1880"}],"wp:attachment":[{"href":"https:\/\/grupofossilis.com.br\/index.php\/wp-json\/wp\/v2\/media?parent=1873"}],"curies":[{"name":"wp","href":"https:\/\/api.w.org\/{rel}","templated":true}]}}