{"id":1883,"date":"2004-11-01T14:20:00","date_gmt":"2004-11-01T17:20:00","guid":{"rendered":"https:\/\/grupofossilis.com.br\/?page_id=1883"},"modified":"2026-02-20T18:49:20","modified_gmt":"2026-02-20T21:49:20","slug":"3a-exposicao-paleoarqueologica-de-caratinga","status":"publish","type":"page","link":"https:\/\/grupofossilis.com.br\/index.php\/3a-exposicao-paleoarqueologica-de-caratinga\/","title":{"rendered":"3\u00aa EXPOSI\u00c7\u00c3O PALEOARQUEOL\u00d3GICA DE CARATINGA"},"content":{"rendered":"\n<p>29\/11\/2004 &#8211; Igrejinha de S\u00e3o Jo\u00e3o (Caratinga\/MG)<\/p>\n\n\n\n<figure class=\"wp-block-gallery has-nested-images columns-default is-cropped wp-block-gallery-1 is-layout-flex wp-block-gallery-is-layout-flex\">\n<figure class=\"wp-block-image size-large\"><img loading=\"lazy\" decoding=\"async\" width=\"1024\" height=\"670\" data-id=\"1884\" src=\"https:\/\/grupofossilis.com.br\/wp-content\/uploads\/2026\/02\/b1-1024x670.jpg\" alt=\"\" class=\"wp-image-1884\" srcset=\"https:\/\/grupofossilis.com.br\/wp-content\/uploads\/2026\/02\/b1-1024x670.jpg 1024w, https:\/\/grupofossilis.com.br\/wp-content\/uploads\/2026\/02\/b1-300x196.jpg 300w, https:\/\/grupofossilis.com.br\/wp-content\/uploads\/2026\/02\/b1-768x502.jpg 768w, https:\/\/grupofossilis.com.br\/wp-content\/uploads\/2026\/02\/b1-1536x1004.jpg 1536w, https:\/\/grupofossilis.com.br\/wp-content\/uploads\/2026\/02\/b1.jpg 1731w\" sizes=\"auto, (max-width: 1024px) 100vw, 1024px\" \/><\/figure>\n\n\n\n<figure class=\"wp-block-image size-large\"><img loading=\"lazy\" decoding=\"async\" width=\"1024\" height=\"674\" data-id=\"1885\" src=\"https:\/\/grupofossilis.com.br\/wp-content\/uploads\/2026\/02\/b2-1024x674.jpg\" alt=\"\" class=\"wp-image-1885\" srcset=\"https:\/\/grupofossilis.com.br\/wp-content\/uploads\/2026\/02\/b2-1024x674.jpg 1024w, https:\/\/grupofossilis.com.br\/wp-content\/uploads\/2026\/02\/b2-300x197.jpg 300w, https:\/\/grupofossilis.com.br\/wp-content\/uploads\/2026\/02\/b2-768x505.jpg 768w, https:\/\/grupofossilis.com.br\/wp-content\/uploads\/2026\/02\/b2-1536x1010.jpg 1536w, https:\/\/grupofossilis.com.br\/wp-content\/uploads\/2026\/02\/b2.jpg 1753w\" sizes=\"auto, (max-width: 1024px) 100vw, 1024px\" \/><\/figure>\n\n\n\n<figure class=\"wp-block-image size-large\"><img loading=\"lazy\" decoding=\"async\" width=\"1024\" height=\"676\" data-id=\"1886\" src=\"https:\/\/grupofossilis.com.br\/wp-content\/uploads\/2026\/02\/b4-1024x676.jpg\" alt=\"\" class=\"wp-image-1886\" srcset=\"https:\/\/grupofossilis.com.br\/wp-content\/uploads\/2026\/02\/b4-1024x676.jpg 1024w, https:\/\/grupofossilis.com.br\/wp-content\/uploads\/2026\/02\/b4-300x198.jpg 300w, https:\/\/grupofossilis.com.br\/wp-content\/uploads\/2026\/02\/b4-768x507.jpg 768w, https:\/\/grupofossilis.com.br\/wp-content\/uploads\/2026\/02\/b4-1536x1013.jpg 1536w, https:\/\/grupofossilis.com.br\/wp-content\/uploads\/2026\/02\/b4.jpg 1731w\" sizes=\"auto, (max-width: 1024px) 100vw, 1024px\" \/><\/figure>\n<\/figure>\n\n\n\n<figure class=\"wp-block-gallery has-nested-images columns-default is-cropped wp-block-gallery-2 is-layout-flex wp-block-gallery-is-layout-flex\">\n<figure class=\"wp-block-image size-large\"><img loading=\"lazy\" decoding=\"async\" width=\"640\" height=\"480\" data-id=\"2060\" src=\"https:\/\/grupofossilis.com.br\/wp-content\/uploads\/2026\/02\/2004-foto-16-02.jpg\" alt=\"\" class=\"wp-image-2060\" srcset=\"https:\/\/grupofossilis.com.br\/wp-content\/uploads\/2026\/02\/2004-foto-16-02.jpg 640w, https:\/\/grupofossilis.com.br\/wp-content\/uploads\/2026\/02\/2004-foto-16-02-300x225.jpg 300w\" sizes=\"auto, (max-width: 640px) 100vw, 640px\" \/><\/figure>\n\n\n\n<figure class=\"wp-block-image size-large\"><img loading=\"lazy\" decoding=\"async\" width=\"640\" height=\"480\" data-id=\"2059\" src=\"https:\/\/grupofossilis.com.br\/wp-content\/uploads\/2026\/02\/2004-foto-16-04.jpg\" alt=\"\" class=\"wp-image-2059\" srcset=\"https:\/\/grupofossilis.com.br\/wp-content\/uploads\/2026\/02\/2004-foto-16-04.jpg 640w, https:\/\/grupofossilis.com.br\/wp-content\/uploads\/2026\/02\/2004-foto-16-04-300x225.jpg 300w\" sizes=\"auto, (max-width: 640px) 100vw, 640px\" \/><\/figure>\n\n\n\n<figure class=\"wp-block-image size-large\"><img loading=\"lazy\" decoding=\"async\" width=\"640\" height=\"480\" data-id=\"2061\" src=\"https:\/\/grupofossilis.com.br\/wp-content\/uploads\/2026\/02\/2004-foto-16-05.jpg\" alt=\"\" class=\"wp-image-2061\" srcset=\"https:\/\/grupofossilis.com.br\/wp-content\/uploads\/2026\/02\/2004-foto-16-05.jpg 640w, https:\/\/grupofossilis.com.br\/wp-content\/uploads\/2026\/02\/2004-foto-16-05-300x225.jpg 300w\" sizes=\"auto, (max-width: 640px) 100vw, 640px\" \/><\/figure>\n<\/figure>\n","protected":false},"excerpt":{"rendered":"<p>29\/11\/2004 &#8211; Igrejinha de S\u00e3o Jo\u00e3o (Caratinga\/MG)<\/p>\n","protected":false},"author":1,"featured_media":0,"parent":0,"menu_order":0,"comment_status":"closed","ping_status":"closed","template":"","meta":{"footnotes":""},"class_list":["post-1883","page","type-page","status-publish","hentry"],"_links":{"self":[{"href":"https:\/\/grupofossilis.com.br\/index.php\/wp-json\/wp\/v2\/pages\/1883","targetHints":{"allow":["GET"]}}],"collection":[{"href":"https:\/\/grupofossilis.com.br\/index.php\/wp-json\/wp\/v2\/pages"}],"about":[{"href":"https:\/\/grupofossilis.com.br\/index.php\/wp-json\/wp\/v2\/types\/page"}],"author":[{"embeddable":true,"href":"https:\/\/grupofossilis.com.br\/index.php\/wp-json\/wp\/v2\/users\/1"}],"replies":[{"embeddable":true,"href":"https:\/\/grupofossilis.com.br\/index.php\/wp-json\/wp\/v2\/comments?post=1883"}],"version-history":[{"count":3,"href":"https:\/\/grupofossilis.com.br\/index.php\/wp-json\/wp\/v2\/pages\/1883\/revisions"}],"predecessor-version":[{"id":2063,"href":"https:\/\/grupofossilis.com.br\/index.php\/wp-json\/wp\/v2\/pages\/1883\/revisions\/2063"}],"wp:attachment":[{"href":"https:\/\/grupofossilis.com.br\/index.php\/wp-json\/wp\/v2\/media?parent=1883"}],"curies":[{"name":"wp","href":"https:\/\/api.w.org\/{rel}","templated":true}]}}