{"id":1892,"date":"2005-03-11T14:35:00","date_gmt":"2005-03-11T17:35:00","guid":{"rendered":"https:\/\/grupofossilis.com.br\/?page_id=1892"},"modified":"2026-02-20T14:40:08","modified_gmt":"2026-02-20T17:40:08","slug":"exposicao-filatelica-de-caratinga","status":"publish","type":"page","link":"https:\/\/grupofossilis.com.br\/index.php\/exposicao-filatelica-de-caratinga\/","title":{"rendered":"EXPOSI\u00c7\u00c3O FILAT\u00c9LICA"},"content":{"rendered":"\n<p>11\/03\/2005 &#8211; E.E. Princesa Isabel (Caratinga\/MG)<\/p>\n\n\n\n<figure class=\"wp-block-gallery has-nested-images columns-default is-cropped wp-block-gallery-1 is-layout-flex wp-block-gallery-is-layout-flex\">\n<figure class=\"wp-block-image size-large\"><img loading=\"lazy\" decoding=\"async\" width=\"320\" height=\"210\" data-id=\"1894\" src=\"https:\/\/grupofossilis.com.br\/wp-content\/uploads\/2026\/02\/grupo-fossilis-2005-01-01.jpg\" alt=\"\" class=\"wp-image-1894\" srcset=\"https:\/\/grupofossilis.com.br\/wp-content\/uploads\/2026\/02\/grupo-fossilis-2005-01-01.jpg 320w, https:\/\/grupofossilis.com.br\/wp-content\/uploads\/2026\/02\/grupo-fossilis-2005-01-01-300x197.jpg 300w\" sizes=\"auto, (max-width: 320px) 100vw, 320px\" \/><\/figure>\n\n\n\n<figure class=\"wp-block-image size-large\"><img loading=\"lazy\" decoding=\"async\" width=\"320\" height=\"210\" data-id=\"1897\" src=\"https:\/\/grupofossilis.com.br\/wp-content\/uploads\/2026\/02\/grupo-fossilis-2005-01-02.jpg\" alt=\"\" class=\"wp-image-1897\" srcset=\"https:\/\/grupofossilis.com.br\/wp-content\/uploads\/2026\/02\/grupo-fossilis-2005-01-02.jpg 320w, https:\/\/grupofossilis.com.br\/wp-content\/uploads\/2026\/02\/grupo-fossilis-2005-01-02-300x197.jpg 300w\" sizes=\"auto, (max-width: 320px) 100vw, 320px\" \/><\/figure>\n\n\n\n<figure class=\"wp-block-image size-large\"><img loading=\"lazy\" decoding=\"async\" width=\"320\" height=\"210\" data-id=\"1895\" src=\"https:\/\/grupofossilis.com.br\/wp-content\/uploads\/2026\/02\/grupo-fossilis-2005-01-03.jpg\" alt=\"\" class=\"wp-image-1895\" srcset=\"https:\/\/grupofossilis.com.br\/wp-content\/uploads\/2026\/02\/grupo-fossilis-2005-01-03.jpg 320w, https:\/\/grupofossilis.com.br\/wp-content\/uploads\/2026\/02\/grupo-fossilis-2005-01-03-300x197.jpg 300w\" sizes=\"auto, (max-width: 320px) 100vw, 320px\" \/><\/figure>\n\n\n\n<figure class=\"wp-block-image size-large\"><img loading=\"lazy\" decoding=\"async\" width=\"320\" height=\"210\" data-id=\"1898\" src=\"https:\/\/grupofossilis.com.br\/wp-content\/uploads\/2026\/02\/grupo-fossilis-2005-01-04.jpg\" alt=\"\" class=\"wp-image-1898\" srcset=\"https:\/\/grupofossilis.com.br\/wp-content\/uploads\/2026\/02\/grupo-fossilis-2005-01-04.jpg 320w, https:\/\/grupofossilis.com.br\/wp-content\/uploads\/2026\/02\/grupo-fossilis-2005-01-04-300x197.jpg 300w\" sizes=\"auto, (max-width: 320px) 100vw, 320px\" \/><\/figure>\n\n\n\n<figure class=\"wp-block-image size-large\"><img loading=\"lazy\" decoding=\"async\" width=\"320\" height=\"210\" data-id=\"1893\" src=\"https:\/\/grupofossilis.com.br\/wp-content\/uploads\/2026\/02\/grupo-fossilis-2005-01-05.jpg\" alt=\"\" class=\"wp-image-1893\" srcset=\"https:\/\/grupofossilis.com.br\/wp-content\/uploads\/2026\/02\/grupo-fossilis-2005-01-05.jpg 320w, https:\/\/grupofossilis.com.br\/wp-content\/uploads\/2026\/02\/grupo-fossilis-2005-01-05-300x197.jpg 300w\" sizes=\"auto, (max-width: 320px) 100vw, 320px\" \/><\/figure>\n\n\n\n<figure class=\"wp-block-image size-large\"><img loading=\"lazy\" decoding=\"async\" width=\"320\" height=\"210\" data-id=\"1896\" src=\"https:\/\/grupofossilis.com.br\/wp-content\/uploads\/2026\/02\/grupo-fossilis-2005-01-06.jpg\" alt=\"\" class=\"wp-image-1896\" srcset=\"https:\/\/grupofossilis.com.br\/wp-content\/uploads\/2026\/02\/grupo-fossilis-2005-01-06.jpg 320w, https:\/\/grupofossilis.com.br\/wp-content\/uploads\/2026\/02\/grupo-fossilis-2005-01-06-300x197.jpg 300w\" sizes=\"auto, (max-width: 320px) 100vw, 320px\" \/><\/figure>\n<\/figure>\n","protected":false},"excerpt":{"rendered":"<p>11\/03\/2005 &#8211; E.E. Princesa Isabel (Caratinga\/MG)<\/p>\n","protected":false},"author":1,"featured_media":0,"parent":0,"menu_order":0,"comment_status":"closed","ping_status":"closed","template":"","meta":{"footnotes":""},"class_list":["post-1892","page","type-page","status-publish","hentry"],"_links":{"self":[{"href":"https:\/\/grupofossilis.com.br\/index.php\/wp-json\/wp\/v2\/pages\/1892","targetHints":{"allow":["GET"]}}],"collection":[{"href":"https:\/\/grupofossilis.com.br\/index.php\/wp-json\/wp\/v2\/pages"}],"about":[{"href":"https:\/\/grupofossilis.com.br\/index.php\/wp-json\/wp\/v2\/types\/page"}],"author":[{"embeddable":true,"href":"https:\/\/grupofossilis.com.br\/index.php\/wp-json\/wp\/v2\/users\/1"}],"replies":[{"embeddable":true,"href":"https:\/\/grupofossilis.com.br\/index.php\/wp-json\/wp\/v2\/comments?post=1892"}],"version-history":[{"count":3,"href":"https:\/\/grupofossilis.com.br\/index.php\/wp-json\/wp\/v2\/pages\/1892\/revisions"}],"predecessor-version":[{"id":1902,"href":"https:\/\/grupofossilis.com.br\/index.php\/wp-json\/wp\/v2\/pages\/1892\/revisions\/1902"}],"wp:attachment":[{"href":"https:\/\/grupofossilis.com.br\/index.php\/wp-json\/wp\/v2\/media?parent=1892"}],"curies":[{"name":"wp","href":"https:\/\/api.w.org\/{rel}","templated":true}]}}