{"id":1903,"date":"2005-03-28T14:40:00","date_gmt":"2005-03-28T17:40:00","guid":{"rendered":"https:\/\/grupofossilis.com.br\/?page_id=1903"},"modified":"2026-02-20T14:41:36","modified_gmt":"2026-02-20T17:41:36","slug":"exposicao-filatelica","status":"publish","type":"page","link":"https:\/\/grupofossilis.com.br\/index.php\/exposicao-filatelica\/","title":{"rendered":"EXPOSI\u00c7\u00c3O FILAT\u00c9LICA"},"content":{"rendered":"\n<p>28\/03\/2005 \u2013 E.E. Professor Joaquim Nunes (Caratinga\/MG)<\/p>\n\n\n\n<figure class=\"wp-block-gallery has-nested-images columns-default is-cropped wp-block-gallery-1 is-layout-flex wp-block-gallery-is-layout-flex\">\n<figure class=\"wp-block-image size-large\"><img loading=\"lazy\" decoding=\"async\" width=\"320\" height=\"210\" data-id=\"1906\" src=\"https:\/\/grupofossilis.com.br\/wp-content\/uploads\/2026\/02\/grupo-fossilis-2005-02-01.jpg\" alt=\"\" class=\"wp-image-1906\" srcset=\"https:\/\/grupofossilis.com.br\/wp-content\/uploads\/2026\/02\/grupo-fossilis-2005-02-01.jpg 320w, https:\/\/grupofossilis.com.br\/wp-content\/uploads\/2026\/02\/grupo-fossilis-2005-02-01-300x197.jpg 300w\" sizes=\"auto, (max-width: 320px) 100vw, 320px\" \/><\/figure>\n\n\n\n<figure class=\"wp-block-image size-large\"><img loading=\"lazy\" decoding=\"async\" width=\"320\" height=\"210\" data-id=\"1905\" src=\"https:\/\/grupofossilis.com.br\/wp-content\/uploads\/2026\/02\/grupo-fossilis-2005-02-02.jpg\" alt=\"\" class=\"wp-image-1905\" srcset=\"https:\/\/grupofossilis.com.br\/wp-content\/uploads\/2026\/02\/grupo-fossilis-2005-02-02.jpg 320w, https:\/\/grupofossilis.com.br\/wp-content\/uploads\/2026\/02\/grupo-fossilis-2005-02-02-300x197.jpg 300w\" sizes=\"auto, (max-width: 320px) 100vw, 320px\" \/><\/figure>\n\n\n\n<figure class=\"wp-block-image size-large\"><img loading=\"lazy\" decoding=\"async\" width=\"320\" height=\"210\" data-id=\"1904\" src=\"https:\/\/grupofossilis.com.br\/wp-content\/uploads\/2026\/02\/grupo-fossilis-2005-02-03.jpg\" alt=\"\" class=\"wp-image-1904\" srcset=\"https:\/\/grupofossilis.com.br\/wp-content\/uploads\/2026\/02\/grupo-fossilis-2005-02-03.jpg 320w, https:\/\/grupofossilis.com.br\/wp-content\/uploads\/2026\/02\/grupo-fossilis-2005-02-03-300x197.jpg 300w\" sizes=\"auto, (max-width: 320px) 100vw, 320px\" \/><\/figure>\n<\/figure>\n\n\n\n<p><\/p>\n","protected":false},"excerpt":{"rendered":"<p>28\/03\/2005 \u2013 E.E. Professor Joaquim Nunes (Caratinga\/MG)<\/p>\n","protected":false},"author":1,"featured_media":0,"parent":0,"menu_order":0,"comment_status":"closed","ping_status":"closed","template":"","meta":{"footnotes":""},"class_list":["post-1903","page","type-page","status-publish","hentry"],"_links":{"self":[{"href":"https:\/\/grupofossilis.com.br\/index.php\/wp-json\/wp\/v2\/pages\/1903","targetHints":{"allow":["GET"]}}],"collection":[{"href":"https:\/\/grupofossilis.com.br\/index.php\/wp-json\/wp\/v2\/pages"}],"about":[{"href":"https:\/\/grupofossilis.com.br\/index.php\/wp-json\/wp\/v2\/types\/page"}],"author":[{"embeddable":true,"href":"https:\/\/grupofossilis.com.br\/index.php\/wp-json\/wp\/v2\/users\/1"}],"replies":[{"embeddable":true,"href":"https:\/\/grupofossilis.com.br\/index.php\/wp-json\/wp\/v2\/comments?post=1903"}],"version-history":[{"count":1,"href":"https:\/\/grupofossilis.com.br\/index.php\/wp-json\/wp\/v2\/pages\/1903\/revisions"}],"predecessor-version":[{"id":1907,"href":"https:\/\/grupofossilis.com.br\/index.php\/wp-json\/wp\/v2\/pages\/1903\/revisions\/1907"}],"wp:attachment":[{"href":"https:\/\/grupofossilis.com.br\/index.php\/wp-json\/wp\/v2\/media?parent=1903"}],"curies":[{"name":"wp","href":"https:\/\/api.w.org\/{rel}","templated":true}]}}