{"id":2064,"date":"2006-06-16T18:53:00","date_gmt":"2006-06-16T21:53:00","guid":{"rendered":"https:\/\/grupofossilis.com.br\/?page_id=2064"},"modified":"2026-02-20T19:01:00","modified_gmt":"2026-02-20T22:01:00","slug":"5a-exposicao-paleoarqueologica-de-caratinga","status":"publish","type":"page","link":"https:\/\/grupofossilis.com.br\/index.php\/5a-exposicao-paleoarqueologica-de-caratinga\/","title":{"rendered":"5\u00aa EXPOSI\u00c7\u00c3O PALEOARQUEOL\u00d3GICA DE CARATINGA"},"content":{"rendered":"\n<p>16\/06\/2006 &#8211; Pra\u00e7a Ces\u00e1rio Alvim (Caratinga\/MG) <\/p>\n\n\n\n<figure class=\"wp-block-gallery has-nested-images columns-default is-cropped wp-block-gallery-1 is-layout-flex wp-block-gallery-is-layout-flex\">\n<figure class=\"wp-block-image size-large\"><img loading=\"lazy\" decoding=\"async\" width=\"640\" height=\"480\" data-id=\"2067\" src=\"https:\/\/grupofossilis.com.br\/wp-content\/uploads\/2026\/02\/atividade-2006-01-01.jpg\" alt=\"\" class=\"wp-image-2067\" srcset=\"https:\/\/grupofossilis.com.br\/wp-content\/uploads\/2026\/02\/atividade-2006-01-01.jpg 640w, https:\/\/grupofossilis.com.br\/wp-content\/uploads\/2026\/02\/atividade-2006-01-01-300x225.jpg 300w\" sizes=\"auto, (max-width: 640px) 100vw, 640px\" \/><\/figure>\n\n\n\n<figure class=\"wp-block-image size-large\"><img loading=\"lazy\" decoding=\"async\" width=\"640\" height=\"480\" data-id=\"2068\" src=\"https:\/\/grupofossilis.com.br\/wp-content\/uploads\/2026\/02\/atividade-2006-01-02.jpg\" alt=\"\" class=\"wp-image-2068\" srcset=\"https:\/\/grupofossilis.com.br\/wp-content\/uploads\/2026\/02\/atividade-2006-01-02.jpg 640w, https:\/\/grupofossilis.com.br\/wp-content\/uploads\/2026\/02\/atividade-2006-01-02-300x225.jpg 300w\" sizes=\"auto, (max-width: 640px) 100vw, 640px\" \/><\/figure>\n\n\n\n<figure class=\"wp-block-image size-large\"><img loading=\"lazy\" decoding=\"async\" width=\"640\" height=\"480\" data-id=\"2066\" src=\"https:\/\/grupofossilis.com.br\/wp-content\/uploads\/2026\/02\/atividade-2006-01-03.jpg\" alt=\"\" class=\"wp-image-2066\" srcset=\"https:\/\/grupofossilis.com.br\/wp-content\/uploads\/2026\/02\/atividade-2006-01-03.jpg 640w, https:\/\/grupofossilis.com.br\/wp-content\/uploads\/2026\/02\/atividade-2006-01-03-300x225.jpg 300w\" sizes=\"auto, (max-width: 640px) 100vw, 640px\" \/><\/figure>\n\n\n\n<figure class=\"wp-block-image size-large\"><img loading=\"lazy\" decoding=\"async\" width=\"640\" height=\"480\" data-id=\"2070\" src=\"https:\/\/grupofossilis.com.br\/wp-content\/uploads\/2026\/02\/atividade-2006-01-04.jpg\" alt=\"\" class=\"wp-image-2070\" srcset=\"https:\/\/grupofossilis.com.br\/wp-content\/uploads\/2026\/02\/atividade-2006-01-04.jpg 640w, https:\/\/grupofossilis.com.br\/wp-content\/uploads\/2026\/02\/atividade-2006-01-04-300x225.jpg 300w\" sizes=\"auto, (max-width: 640px) 100vw, 640px\" \/><\/figure>\n\n\n\n<figure class=\"wp-block-image size-large\"><img loading=\"lazy\" decoding=\"async\" width=\"640\" height=\"480\" data-id=\"2069\" src=\"https:\/\/grupofossilis.com.br\/wp-content\/uploads\/2026\/02\/atividade-2006-01-05.jpg\" alt=\"\" class=\"wp-image-2069\" srcset=\"https:\/\/grupofossilis.com.br\/wp-content\/uploads\/2026\/02\/atividade-2006-01-05.jpg 640w, https:\/\/grupofossilis.com.br\/wp-content\/uploads\/2026\/02\/atividade-2006-01-05-300x225.jpg 300w\" sizes=\"auto, (max-width: 640px) 100vw, 640px\" \/><\/figure>\n\n\n\n<figure class=\"wp-block-image size-large\"><img loading=\"lazy\" decoding=\"async\" width=\"1024\" height=\"768\" data-id=\"2071\" src=\"https:\/\/grupofossilis.com.br\/wp-content\/uploads\/2026\/02\/atividade-2006-01-06-1024x768.jpg\" alt=\"\" class=\"wp-image-2071\" srcset=\"https:\/\/grupofossilis.com.br\/wp-content\/uploads\/2026\/02\/atividade-2006-01-06-1024x768.jpg 1024w, https:\/\/grupofossilis.com.br\/wp-content\/uploads\/2026\/02\/atividade-2006-01-06-300x225.jpg 300w, https:\/\/grupofossilis.com.br\/wp-content\/uploads\/2026\/02\/atividade-2006-01-06-768x576.jpg 768w, https:\/\/grupofossilis.com.br\/wp-content\/uploads\/2026\/02\/atividade-2006-01-06-1536x1152.jpg 1536w, https:\/\/grupofossilis.com.br\/wp-content\/uploads\/2026\/02\/atividade-2006-01-06.jpg 1600w\" sizes=\"auto, (max-width: 1024px) 100vw, 1024px\" \/><\/figure>\n<\/figure>\n","protected":false},"excerpt":{"rendered":"<p>16\/06\/2006 &#8211; Pra\u00e7a Ces\u00e1rio Alvim (Caratinga\/MG)<\/p>\n","protected":false},"author":1,"featured_media":0,"parent":0,"menu_order":0,"comment_status":"closed","ping_status":"closed","template":"","meta":{"footnotes":""},"class_list":["post-2064","page","type-page","status-publish","hentry"],"_links":{"self":[{"href":"https:\/\/grupofossilis.com.br\/index.php\/wp-json\/wp\/v2\/pages\/2064","targetHints":{"allow":["GET"]}}],"collection":[{"href":"https:\/\/grupofossilis.com.br\/index.php\/wp-json\/wp\/v2\/pages"}],"about":[{"href":"https:\/\/grupofossilis.com.br\/index.php\/wp-json\/wp\/v2\/types\/page"}],"author":[{"embeddable":true,"href":"https:\/\/grupofossilis.com.br\/index.php\/wp-json\/wp\/v2\/users\/1"}],"replies":[{"embeddable":true,"href":"https:\/\/grupofossilis.com.br\/index.php\/wp-json\/wp\/v2\/comments?post=2064"}],"version-history":[{"count":2,"href":"https:\/\/grupofossilis.com.br\/index.php\/wp-json\/wp\/v2\/pages\/2064\/revisions"}],"predecessor-version":[{"id":2073,"href":"https:\/\/grupofossilis.com.br\/index.php\/wp-json\/wp\/v2\/pages\/2064\/revisions\/2073"}],"wp:attachment":[{"href":"https:\/\/grupofossilis.com.br\/index.php\/wp-json\/wp\/v2\/media?parent=2064"}],"curies":[{"name":"wp","href":"https:\/\/api.w.org\/{rel}","templated":true}]}}