{"id":2385,"date":"2009-05-25T00:15:00","date_gmt":"2009-05-25T03:15:00","guid":{"rendered":"https:\/\/grupofossilis.com.br\/?page_id=2385"},"modified":"2026-02-21T12:14:50","modified_gmt":"2026-02-21T15:14:50","slug":"6a-exposicao-paleoarqueologica-de-caratinga","status":"publish","type":"page","link":"https:\/\/grupofossilis.com.br\/index.php\/6a-exposicao-paleoarqueologica-de-caratinga\/","title":{"rendered":"6\u00aa EXPOSI\u00c7\u00c3O PALEOARQUEOL\u00d3GICA DE CARATINGA"},"content":{"rendered":"\n<p>25\/05\/2009 &#8211; Unidade II do Centro Universit\u00e1rio de Caratinga &#8211; UNEC (Caratinga\/MG)<\/p>\n\n\n\n<figure class=\"wp-block-gallery has-nested-images columns-default is-cropped wp-block-gallery-1 is-layout-flex wp-block-gallery-is-layout-flex\">\n<figure class=\"wp-block-image size-large\"><img loading=\"lazy\" decoding=\"async\" width=\"640\" height=\"480\" data-id=\"2387\" src=\"https:\/\/grupofossilis.com.br\/wp-content\/uploads\/2026\/02\/P1200031.jpg\" alt=\"\" class=\"wp-image-2387\" srcset=\"https:\/\/grupofossilis.com.br\/wp-content\/uploads\/2026\/02\/P1200031.jpg 640w, https:\/\/grupofossilis.com.br\/wp-content\/uploads\/2026\/02\/P1200031-300x225.jpg 300w\" sizes=\"auto, (max-width: 640px) 100vw, 640px\" \/><\/figure>\n\n\n\n<figure class=\"wp-block-image size-large\"><img loading=\"lazy\" decoding=\"async\" width=\"640\" height=\"480\" data-id=\"2390\" src=\"https:\/\/grupofossilis.com.br\/wp-content\/uploads\/2026\/02\/P1200040.jpg\" alt=\"\" class=\"wp-image-2390\" srcset=\"https:\/\/grupofossilis.com.br\/wp-content\/uploads\/2026\/02\/P1200040.jpg 640w, https:\/\/grupofossilis.com.br\/wp-content\/uploads\/2026\/02\/P1200040-300x225.jpg 300w\" sizes=\"auto, (max-width: 640px) 100vw, 640px\" \/><\/figure>\n\n\n\n<figure class=\"wp-block-image size-large\"><img loading=\"lazy\" decoding=\"async\" width=\"640\" height=\"480\" data-id=\"2391\" src=\"https:\/\/grupofossilis.com.br\/wp-content\/uploads\/2026\/02\/P1200046.jpg\" alt=\"\" class=\"wp-image-2391\" srcset=\"https:\/\/grupofossilis.com.br\/wp-content\/uploads\/2026\/02\/P1200046.jpg 640w, https:\/\/grupofossilis.com.br\/wp-content\/uploads\/2026\/02\/P1200046-300x225.jpg 300w\" sizes=\"auto, (max-width: 640px) 100vw, 640px\" \/><\/figure>\n\n\n\n<figure class=\"wp-block-image size-large\"><img loading=\"lazy\" decoding=\"async\" width=\"640\" height=\"480\" data-id=\"2392\" src=\"https:\/\/grupofossilis.com.br\/wp-content\/uploads\/2026\/02\/P1200052.jpg\" alt=\"\" class=\"wp-image-2392\" srcset=\"https:\/\/grupofossilis.com.br\/wp-content\/uploads\/2026\/02\/P1200052.jpg 640w, https:\/\/grupofossilis.com.br\/wp-content\/uploads\/2026\/02\/P1200052-300x225.jpg 300w\" sizes=\"auto, (max-width: 640px) 100vw, 640px\" \/><\/figure>\n\n\n\n<figure class=\"wp-block-image size-large\"><img loading=\"lazy\" decoding=\"async\" width=\"640\" height=\"480\" data-id=\"2393\" src=\"https:\/\/grupofossilis.com.br\/wp-content\/uploads\/2026\/02\/P1200068.jpg\" alt=\"\" class=\"wp-image-2393\" srcset=\"https:\/\/grupofossilis.com.br\/wp-content\/uploads\/2026\/02\/P1200068.jpg 640w, https:\/\/grupofossilis.com.br\/wp-content\/uploads\/2026\/02\/P1200068-300x225.jpg 300w\" sizes=\"auto, (max-width: 640px) 100vw, 640px\" \/><figcaption class=\"wp-element-caption\">O<\/figcaption><\/figure>\n\n\n\n<figure class=\"wp-block-image size-large\"><img loading=\"lazy\" decoding=\"async\" width=\"640\" height=\"480\" data-id=\"2394\" src=\"https:\/\/grupofossilis.com.br\/wp-content\/uploads\/2026\/02\/P1200089.jpg\" alt=\"\" class=\"wp-image-2394\" srcset=\"https:\/\/grupofossilis.com.br\/wp-content\/uploads\/2026\/02\/P1200089.jpg 640w, https:\/\/grupofossilis.com.br\/wp-content\/uploads\/2026\/02\/P1200089-300x225.jpg 300w\" sizes=\"auto, (max-width: 640px) 100vw, 640px\" \/><\/figure>\n<\/figure>\n","protected":false},"excerpt":{"rendered":"<p>25\/05\/2009 &#8211; Unidade II do Centro Universit\u00e1rio de Caratinga &#8211; UNEC (Caratinga\/MG)<\/p>\n","protected":false},"author":1,"featured_media":0,"parent":0,"menu_order":0,"comment_status":"closed","ping_status":"closed","template":"","meta":{"footnotes":""},"class_list":["post-2385","page","type-page","status-publish","hentry"],"_links":{"self":[{"href":"https:\/\/grupofossilis.com.br\/index.php\/wp-json\/wp\/v2\/pages\/2385","targetHints":{"allow":["GET"]}}],"collection":[{"href":"https:\/\/grupofossilis.com.br\/index.php\/wp-json\/wp\/v2\/pages"}],"about":[{"href":"https:\/\/grupofossilis.com.br\/index.php\/wp-json\/wp\/v2\/types\/page"}],"author":[{"embeddable":true,"href":"https:\/\/grupofossilis.com.br\/index.php\/wp-json\/wp\/v2\/users\/1"}],"replies":[{"embeddable":true,"href":"https:\/\/grupofossilis.com.br\/index.php\/wp-json\/wp\/v2\/comments?post=2385"}],"version-history":[{"count":2,"href":"https:\/\/grupofossilis.com.br\/index.php\/wp-json\/wp\/v2\/pages\/2385\/revisions"}],"predecessor-version":[{"id":2701,"href":"https:\/\/grupofossilis.com.br\/index.php\/wp-json\/wp\/v2\/pages\/2385\/revisions\/2701"}],"wp:attachment":[{"href":"https:\/\/grupofossilis.com.br\/index.php\/wp-json\/wp\/v2\/media?parent=2385"}],"curies":[{"name":"wp","href":"https:\/\/api.w.org\/{rel}","templated":true}]}}