{"id":2398,"date":"2009-07-17T00:20:00","date_gmt":"2009-07-17T03:20:00","guid":{"rendered":"https:\/\/grupofossilis.com.br\/?page_id=2398"},"modified":"2026-02-21T00:32:04","modified_gmt":"2026-02-21T03:32:04","slug":"visita-a-exposicao-luzes-sobre-o-13-de-maio","status":"publish","type":"page","link":"https:\/\/grupofossilis.com.br\/index.php\/visita-a-exposicao-luzes-sobre-o-13-de-maio\/","title":{"rendered":"VISITA \u00c0 EXPOSI\u00c7\u00c3O &#8220;LUZES SOBRE O 13 DE MAIO&#8221;"},"content":{"rendered":"\n<p>14\/07\/2009 &#8211; Instituto Hist\u00f3rico e Geogr\u00e1fico &#8211; IHGGES (Gua\u00e7u\u00ed\/ES)<\/p>\n\n\n\n<figure class=\"wp-block-gallery has-nested-images columns-default is-cropped wp-block-gallery-1 is-layout-flex wp-block-gallery-is-layout-flex\">\n<figure class=\"wp-block-image size-large\"><img loading=\"lazy\" decoding=\"async\" width=\"1024\" height=\"768\" data-id=\"2416\" src=\"https:\/\/grupofossilis.com.br\/wp-content\/uploads\/2026\/02\/DSCF0374-1024x768.jpg\" alt=\"\" class=\"wp-image-2416\" srcset=\"https:\/\/grupofossilis.com.br\/wp-content\/uploads\/2026\/02\/DSCF0374-1024x768.jpg 1024w, https:\/\/grupofossilis.com.br\/wp-content\/uploads\/2026\/02\/DSCF0374-300x225.jpg 300w, https:\/\/grupofossilis.com.br\/wp-content\/uploads\/2026\/02\/DSCF0374-768x576.jpg 768w, https:\/\/grupofossilis.com.br\/wp-content\/uploads\/2026\/02\/DSCF0374-1536x1152.jpg 1536w, https:\/\/grupofossilis.com.br\/wp-content\/uploads\/2026\/02\/DSCF0374-2048x1536.jpg 2048w\" sizes=\"auto, (max-width: 1024px) 100vw, 1024px\" \/><\/figure>\n\n\n\n<figure class=\"wp-block-image size-large\"><img loading=\"lazy\" decoding=\"async\" width=\"1024\" height=\"768\" data-id=\"2415\" src=\"https:\/\/grupofossilis.com.br\/wp-content\/uploads\/2026\/02\/DSCF0377-1024x768.jpg\" alt=\"\" class=\"wp-image-2415\" srcset=\"https:\/\/grupofossilis.com.br\/wp-content\/uploads\/2026\/02\/DSCF0377-1024x768.jpg 1024w, https:\/\/grupofossilis.com.br\/wp-content\/uploads\/2026\/02\/DSCF0377-300x225.jpg 300w, https:\/\/grupofossilis.com.br\/wp-content\/uploads\/2026\/02\/DSCF0377-768x576.jpg 768w, https:\/\/grupofossilis.com.br\/wp-content\/uploads\/2026\/02\/DSCF0377-1536x1152.jpg 1536w, https:\/\/grupofossilis.com.br\/wp-content\/uploads\/2026\/02\/DSCF0377-2048x1536.jpg 2048w\" sizes=\"auto, (max-width: 1024px) 100vw, 1024px\" \/><\/figure>\n\n\n\n<figure class=\"wp-block-image size-large\"><img loading=\"lazy\" decoding=\"async\" width=\"1024\" height=\"768\" data-id=\"2418\" src=\"https:\/\/grupofossilis.com.br\/wp-content\/uploads\/2026\/02\/DSCF0378-1024x768.jpg\" alt=\"\" class=\"wp-image-2418\" srcset=\"https:\/\/grupofossilis.com.br\/wp-content\/uploads\/2026\/02\/DSCF0378-1024x768.jpg 1024w, https:\/\/grupofossilis.com.br\/wp-content\/uploads\/2026\/02\/DSCF0378-300x225.jpg 300w, https:\/\/grupofossilis.com.br\/wp-content\/uploads\/2026\/02\/DSCF0378-768x576.jpg 768w, https:\/\/grupofossilis.com.br\/wp-content\/uploads\/2026\/02\/DSCF0378-1536x1152.jpg 1536w, https:\/\/grupofossilis.com.br\/wp-content\/uploads\/2026\/02\/DSCF0378-2048x1536.jpg 2048w\" sizes=\"auto, (max-width: 1024px) 100vw, 1024px\" \/><\/figure>\n\n\n\n<figure class=\"wp-block-image size-large\"><img loading=\"lazy\" decoding=\"async\" width=\"1024\" height=\"768\" data-id=\"2417\" src=\"https:\/\/grupofossilis.com.br\/wp-content\/uploads\/2026\/02\/DSCF0381-1024x768.jpg\" alt=\"\" class=\"wp-image-2417\" srcset=\"https:\/\/grupofossilis.com.br\/wp-content\/uploads\/2026\/02\/DSCF0381-1024x768.jpg 1024w, https:\/\/grupofossilis.com.br\/wp-content\/uploads\/2026\/02\/DSCF0381-300x225.jpg 300w, https:\/\/grupofossilis.com.br\/wp-content\/uploads\/2026\/02\/DSCF0381-768x576.jpg 768w, https:\/\/grupofossilis.com.br\/wp-content\/uploads\/2026\/02\/DSCF0381-1536x1152.jpg 1536w, https:\/\/grupofossilis.com.br\/wp-content\/uploads\/2026\/02\/DSCF0381-2048x1536.jpg 2048w\" sizes=\"auto, (max-width: 1024px) 100vw, 1024px\" \/><\/figure>\n\n\n\n<figure class=\"wp-block-image size-large\"><img loading=\"lazy\" decoding=\"async\" width=\"1024\" height=\"768\" data-id=\"2420\" src=\"https:\/\/grupofossilis.com.br\/wp-content\/uploads\/2026\/02\/DSCF0382-1024x768.jpg\" alt=\"\" class=\"wp-image-2420\" srcset=\"https:\/\/grupofossilis.com.br\/wp-content\/uploads\/2026\/02\/DSCF0382-1024x768.jpg 1024w, https:\/\/grupofossilis.com.br\/wp-content\/uploads\/2026\/02\/DSCF0382-300x225.jpg 300w, https:\/\/grupofossilis.com.br\/wp-content\/uploads\/2026\/02\/DSCF0382-768x576.jpg 768w, https:\/\/grupofossilis.com.br\/wp-content\/uploads\/2026\/02\/DSCF0382-1536x1152.jpg 1536w, https:\/\/grupofossilis.com.br\/wp-content\/uploads\/2026\/02\/DSCF0382-2048x1536.jpg 2048w\" sizes=\"auto, (max-width: 1024px) 100vw, 1024px\" \/><\/figure>\n\n\n\n<figure class=\"wp-block-image size-large\"><img loading=\"lazy\" decoding=\"async\" width=\"1024\" height=\"768\" data-id=\"2419\" src=\"https:\/\/grupofossilis.com.br\/wp-content\/uploads\/2026\/02\/DSCF0383-1024x768.jpg\" alt=\"\" class=\"wp-image-2419\" srcset=\"https:\/\/grupofossilis.com.br\/wp-content\/uploads\/2026\/02\/DSCF0383-1024x768.jpg 1024w, https:\/\/grupofossilis.com.br\/wp-content\/uploads\/2026\/02\/DSCF0383-300x225.jpg 300w, https:\/\/grupofossilis.com.br\/wp-content\/uploads\/2026\/02\/DSCF0383-768x576.jpg 768w, https:\/\/grupofossilis.com.br\/wp-content\/uploads\/2026\/02\/DSCF0383-1536x1152.jpg 1536w, https:\/\/grupofossilis.com.br\/wp-content\/uploads\/2026\/02\/DSCF0383-2048x1536.jpg 2048w\" sizes=\"auto, (max-width: 1024px) 100vw, 1024px\" \/><\/figure>\n\n\n\n<figure class=\"wp-block-image size-large\"><img loading=\"lazy\" decoding=\"async\" width=\"1024\" height=\"768\" data-id=\"2421\" src=\"https:\/\/grupofossilis.com.br\/wp-content\/uploads\/2026\/02\/DSCF0387-1024x768.jpg\" alt=\"\" class=\"wp-image-2421\" srcset=\"https:\/\/grupofossilis.com.br\/wp-content\/uploads\/2026\/02\/DSCF0387-1024x768.jpg 1024w, https:\/\/grupofossilis.com.br\/wp-content\/uploads\/2026\/02\/DSCF0387-300x225.jpg 300w, https:\/\/grupofossilis.com.br\/wp-content\/uploads\/2026\/02\/DSCF0387-768x576.jpg 768w, https:\/\/grupofossilis.com.br\/wp-content\/uploads\/2026\/02\/DSCF0387-1536x1152.jpg 1536w, https:\/\/grupofossilis.com.br\/wp-content\/uploads\/2026\/02\/DSCF0387-2048x1536.jpg 2048w\" sizes=\"auto, (max-width: 1024px) 100vw, 1024px\" \/><\/figure>\n\n\n\n<figure class=\"wp-block-image size-large\"><img loading=\"lazy\" decoding=\"async\" width=\"1024\" height=\"768\" data-id=\"2422\" src=\"https:\/\/grupofossilis.com.br\/wp-content\/uploads\/2026\/02\/DSCF0388-1024x768.jpg\" alt=\"\" class=\"wp-image-2422\" srcset=\"https:\/\/grupofossilis.com.br\/wp-content\/uploads\/2026\/02\/DSCF0388-1024x768.jpg 1024w, https:\/\/grupofossilis.com.br\/wp-content\/uploads\/2026\/02\/DSCF0388-300x225.jpg 300w, https:\/\/grupofossilis.com.br\/wp-content\/uploads\/2026\/02\/DSCF0388-768x576.jpg 768w, https:\/\/grupofossilis.com.br\/wp-content\/uploads\/2026\/02\/DSCF0388-1536x1152.jpg 1536w, https:\/\/grupofossilis.com.br\/wp-content\/uploads\/2026\/02\/DSCF0388-2048x1536.jpg 2048w\" sizes=\"auto, (max-width: 1024px) 100vw, 1024px\" \/><\/figure>\n\n\n\n<figure class=\"wp-block-image size-large\"><img loading=\"lazy\" decoding=\"async\" width=\"1024\" height=\"768\" data-id=\"2423\" src=\"https:\/\/grupofossilis.com.br\/wp-content\/uploads\/2026\/02\/DSCF0418-1024x768.jpg\" alt=\"\" class=\"wp-image-2423\" srcset=\"https:\/\/grupofossilis.com.br\/wp-content\/uploads\/2026\/02\/DSCF0418-1024x768.jpg 1024w, https:\/\/grupofossilis.com.br\/wp-content\/uploads\/2026\/02\/DSCF0418-300x225.jpg 300w, https:\/\/grupofossilis.com.br\/wp-content\/uploads\/2026\/02\/DSCF0418-768x576.jpg 768w, https:\/\/grupofossilis.com.br\/wp-content\/uploads\/2026\/02\/DSCF0418-1536x1152.jpg 1536w, https:\/\/grupofossilis.com.br\/wp-content\/uploads\/2026\/02\/DSCF0418-2048x1536.jpg 2048w\" sizes=\"auto, (max-width: 1024px) 100vw, 1024px\" \/><\/figure>\n\n\n\n<figure class=\"wp-block-image size-large\"><img loading=\"lazy\" decoding=\"async\" width=\"1024\" height=\"768\" data-id=\"2424\" src=\"https:\/\/grupofossilis.com.br\/wp-content\/uploads\/2026\/02\/DSCF0419-1024x768.jpg\" alt=\"\" class=\"wp-image-2424\" srcset=\"https:\/\/grupofossilis.com.br\/wp-content\/uploads\/2026\/02\/DSCF0419-1024x768.jpg 1024w, https:\/\/grupofossilis.com.br\/wp-content\/uploads\/2026\/02\/DSCF0419-300x225.jpg 300w, https:\/\/grupofossilis.com.br\/wp-content\/uploads\/2026\/02\/DSCF0419-768x576.jpg 768w, https:\/\/grupofossilis.com.br\/wp-content\/uploads\/2026\/02\/DSCF0419-1536x1152.jpg 1536w, https:\/\/grupofossilis.com.br\/wp-content\/uploads\/2026\/02\/DSCF0419-2048x1536.jpg 2048w\" sizes=\"auto, (max-width: 1024px) 100vw, 1024px\" \/><\/figure>\n\n\n\n<figure class=\"wp-block-image size-large\"><img loading=\"lazy\" decoding=\"async\" width=\"1024\" height=\"768\" data-id=\"2425\" src=\"https:\/\/grupofossilis.com.br\/wp-content\/uploads\/2026\/02\/DSCF0420-1024x768.jpg\" alt=\"\" class=\"wp-image-2425\" srcset=\"https:\/\/grupofossilis.com.br\/wp-content\/uploads\/2026\/02\/DSCF0420-1024x768.jpg 1024w, https:\/\/grupofossilis.com.br\/wp-content\/uploads\/2026\/02\/DSCF0420-300x225.jpg 300w, https:\/\/grupofossilis.com.br\/wp-content\/uploads\/2026\/02\/DSCF0420-768x576.jpg 768w, https:\/\/grupofossilis.com.br\/wp-content\/uploads\/2026\/02\/DSCF0420-1536x1152.jpg 1536w, https:\/\/grupofossilis.com.br\/wp-content\/uploads\/2026\/02\/DSCF0420-2048x1536.jpg 2048w\" sizes=\"auto, (max-width: 1024px) 100vw, 1024px\" \/><\/figure>\n\n\n\n<figure class=\"wp-block-image size-large\"><img loading=\"lazy\" decoding=\"async\" width=\"1024\" height=\"768\" data-id=\"2428\" src=\"https:\/\/grupofossilis.com.br\/wp-content\/uploads\/2026\/02\/DSCF0425-1024x768.jpg\" alt=\"\" class=\"wp-image-2428\" srcset=\"https:\/\/grupofossilis.com.br\/wp-content\/uploads\/2026\/02\/DSCF0425-1024x768.jpg 1024w, https:\/\/grupofossilis.com.br\/wp-content\/uploads\/2026\/02\/DSCF0425-300x225.jpg 300w, https:\/\/grupofossilis.com.br\/wp-content\/uploads\/2026\/02\/DSCF0425-768x576.jpg 768w, https:\/\/grupofossilis.com.br\/wp-content\/uploads\/2026\/02\/DSCF0425-1536x1152.jpg 1536w, https:\/\/grupofossilis.com.br\/wp-content\/uploads\/2026\/02\/DSCF0425-2048x1536.jpg 2048w\" sizes=\"auto, (max-width: 1024px) 100vw, 1024px\" \/><\/figure>\n\n\n\n<figure class=\"wp-block-image size-large\"><img loading=\"lazy\" decoding=\"async\" width=\"1024\" height=\"768\" data-id=\"2426\" src=\"https:\/\/grupofossilis.com.br\/wp-content\/uploads\/2026\/02\/DSCF0426-1024x768.jpg\" alt=\"\" class=\"wp-image-2426\" srcset=\"https:\/\/grupofossilis.com.br\/wp-content\/uploads\/2026\/02\/DSCF0426-1024x768.jpg 1024w, https:\/\/grupofossilis.com.br\/wp-content\/uploads\/2026\/02\/DSCF0426-300x225.jpg 300w, https:\/\/grupofossilis.com.br\/wp-content\/uploads\/2026\/02\/DSCF0426-768x576.jpg 768w, https:\/\/grupofossilis.com.br\/wp-content\/uploads\/2026\/02\/DSCF0426-1536x1152.jpg 1536w, https:\/\/grupofossilis.com.br\/wp-content\/uploads\/2026\/02\/DSCF0426-2048x1536.jpg 2048w\" sizes=\"auto, (max-width: 1024px) 100vw, 1024px\" \/><\/figure>\n\n\n\n<figure class=\"wp-block-image size-large\"><img loading=\"lazy\" decoding=\"async\" width=\"1024\" height=\"768\" data-id=\"2427\" src=\"https:\/\/grupofossilis.com.br\/wp-content\/uploads\/2026\/02\/DSCF0427-1024x768.jpg\" alt=\"\" class=\"wp-image-2427\" srcset=\"https:\/\/grupofossilis.com.br\/wp-content\/uploads\/2026\/02\/DSCF0427-1024x768.jpg 1024w, https:\/\/grupofossilis.com.br\/wp-content\/uploads\/2026\/02\/DSCF0427-300x225.jpg 300w, https:\/\/grupofossilis.com.br\/wp-content\/uploads\/2026\/02\/DSCF0427-768x576.jpg 768w, https:\/\/grupofossilis.com.br\/wp-content\/uploads\/2026\/02\/DSCF0427-1536x1152.jpg 1536w, https:\/\/grupofossilis.com.br\/wp-content\/uploads\/2026\/02\/DSCF0427-2048x1536.jpg 2048w\" sizes=\"auto, (max-width: 1024px) 100vw, 1024px\" \/><\/figure>\n\n\n\n<figure class=\"wp-block-image size-large\"><img loading=\"lazy\" decoding=\"async\" width=\"1024\" height=\"768\" data-id=\"2429\" src=\"https:\/\/grupofossilis.com.br\/wp-content\/uploads\/2026\/02\/DSCF0428-1024x768.jpg\" alt=\"\" class=\"wp-image-2429\" srcset=\"https:\/\/grupofossilis.com.br\/wp-content\/uploads\/2026\/02\/DSCF0428-1024x768.jpg 1024w, https:\/\/grupofossilis.com.br\/wp-content\/uploads\/2026\/02\/DSCF0428-300x225.jpg 300w, https:\/\/grupofossilis.com.br\/wp-content\/uploads\/2026\/02\/DSCF0428-768x576.jpg 768w, https:\/\/grupofossilis.com.br\/wp-content\/uploads\/2026\/02\/DSCF0428-1536x1152.jpg 1536w, https:\/\/grupofossilis.com.br\/wp-content\/uploads\/2026\/02\/DSCF0428-2048x1536.jpg 2048w\" sizes=\"auto, (max-width: 1024px) 100vw, 1024px\" \/><\/figure>\n<\/figure>\n","protected":false},"excerpt":{"rendered":"<p>14\/07\/2009 &#8211; Instituto Hist\u00f3rico e Geogr\u00e1fico &#8211; IHGGES (Gua\u00e7u\u00ed\/ES)<\/p>\n","protected":false},"author":1,"featured_media":0,"parent":0,"menu_order":0,"comment_status":"closed","ping_status":"closed","template":"","meta":{"footnotes":""},"class_list":["post-2398","page","type-page","status-publish","hentry"],"_links":{"self":[{"href":"https:\/\/grupofossilis.com.br\/index.php\/wp-json\/wp\/v2\/pages\/2398","targetHints":{"allow":["GET"]}}],"collection":[{"href":"https:\/\/grupofossilis.com.br\/index.php\/wp-json\/wp\/v2\/pages"}],"about":[{"href":"https:\/\/grupofossilis.com.br\/index.php\/wp-json\/wp\/v2\/types\/page"}],"author":[{"embeddable":true,"href":"https:\/\/grupofossilis.com.br\/index.php\/wp-json\/wp\/v2\/users\/1"}],"replies":[{"embeddable":true,"href":"https:\/\/grupofossilis.com.br\/index.php\/wp-json\/wp\/v2\/comments?post=2398"}],"version-history":[{"count":2,"href":"https:\/\/grupofossilis.com.br\/index.php\/wp-json\/wp\/v2\/pages\/2398\/revisions"}],"predecessor-version":[{"id":2431,"href":"https:\/\/grupofossilis.com.br\/index.php\/wp-json\/wp\/v2\/pages\/2398\/revisions\/2431"}],"wp:attachment":[{"href":"https:\/\/grupofossilis.com.br\/index.php\/wp-json\/wp\/v2\/media?parent=2398"}],"curies":[{"name":"wp","href":"https:\/\/api.w.org\/{rel}","templated":true}]}}