{"id":2439,"date":"2009-08-12T00:39:00","date_gmt":"2009-08-12T03:39:00","guid":{"rendered":"https:\/\/grupofossilis.com.br\/?page_id=2439"},"modified":"2026-02-21T00:41:37","modified_gmt":"2026-02-21T03:41:37","slug":"participacao-na-assembleia-para-eleicao-do-conselho-de-cultura","status":"publish","type":"page","link":"https:\/\/grupofossilis.com.br\/index.php\/participacao-na-assembleia-para-eleicao-do-conselho-de-cultura\/","title":{"rendered":"PARTICIPA\u00c7\u00c3O NA ASSEMBLEIA PARA ELEI\u00c7\u00c3O DO CONSELHO DE CULTURA"},"content":{"rendered":"\n<p>12\/08\/2009 &#8211; Secretaria Municipal de Cultura (Caratinga\/MG)<\/p>\n\n\n\n<figure class=\"wp-block-gallery has-nested-images columns-default is-cropped wp-block-gallery-1 is-layout-flex wp-block-gallery-is-layout-flex\">\n<figure class=\"wp-block-image size-large\"><img loading=\"lazy\" decoding=\"async\" width=\"1024\" height=\"768\" data-id=\"2443\" src=\"https:\/\/grupofossilis.com.br\/wp-content\/uploads\/2026\/02\/DSCF0760-1024x768.jpg\" alt=\"\" class=\"wp-image-2443\" srcset=\"https:\/\/grupofossilis.com.br\/wp-content\/uploads\/2026\/02\/DSCF0760-1024x768.jpg 1024w, https:\/\/grupofossilis.com.br\/wp-content\/uploads\/2026\/02\/DSCF0760-300x225.jpg 300w, https:\/\/grupofossilis.com.br\/wp-content\/uploads\/2026\/02\/DSCF0760-768x576.jpg 768w, https:\/\/grupofossilis.com.br\/wp-content\/uploads\/2026\/02\/DSCF0760-1536x1152.jpg 1536w, https:\/\/grupofossilis.com.br\/wp-content\/uploads\/2026\/02\/DSCF0760-2048x1536.jpg 2048w\" sizes=\"auto, (max-width: 1024px) 100vw, 1024px\" \/><\/figure>\n\n\n\n<figure class=\"wp-block-image size-large\"><img loading=\"lazy\" decoding=\"async\" width=\"1024\" height=\"768\" data-id=\"2442\" src=\"https:\/\/grupofossilis.com.br\/wp-content\/uploads\/2026\/02\/DSCF0761-1024x768.jpg\" alt=\"\" class=\"wp-image-2442\" srcset=\"https:\/\/grupofossilis.com.br\/wp-content\/uploads\/2026\/02\/DSCF0761-1024x768.jpg 1024w, https:\/\/grupofossilis.com.br\/wp-content\/uploads\/2026\/02\/DSCF0761-300x225.jpg 300w, https:\/\/grupofossilis.com.br\/wp-content\/uploads\/2026\/02\/DSCF0761-768x576.jpg 768w, https:\/\/grupofossilis.com.br\/wp-content\/uploads\/2026\/02\/DSCF0761-1536x1152.jpg 1536w, https:\/\/grupofossilis.com.br\/wp-content\/uploads\/2026\/02\/DSCF0761-2048x1536.jpg 2048w\" sizes=\"auto, (max-width: 1024px) 100vw, 1024px\" \/><\/figure>\n\n\n\n<figure class=\"wp-block-image size-large\"><img loading=\"lazy\" decoding=\"async\" width=\"1024\" height=\"768\" data-id=\"2440\" src=\"https:\/\/grupofossilis.com.br\/wp-content\/uploads\/2026\/02\/DSCF0762-1024x768.jpg\" alt=\"\" class=\"wp-image-2440\" srcset=\"https:\/\/grupofossilis.com.br\/wp-content\/uploads\/2026\/02\/DSCF0762-1024x768.jpg 1024w, https:\/\/grupofossilis.com.br\/wp-content\/uploads\/2026\/02\/DSCF0762-300x225.jpg 300w, https:\/\/grupofossilis.com.br\/wp-content\/uploads\/2026\/02\/DSCF0762-768x576.jpg 768w, https:\/\/grupofossilis.com.br\/wp-content\/uploads\/2026\/02\/DSCF0762-1536x1152.jpg 1536w, https:\/\/grupofossilis.com.br\/wp-content\/uploads\/2026\/02\/DSCF0762-2048x1536.jpg 2048w\" sizes=\"auto, (max-width: 1024px) 100vw, 1024px\" \/><\/figure>\n\n\n\n<figure class=\"wp-block-image size-large\"><img loading=\"lazy\" decoding=\"async\" width=\"1024\" height=\"768\" data-id=\"2441\" src=\"https:\/\/grupofossilis.com.br\/wp-content\/uploads\/2026\/02\/DSCF0763-1024x768.jpg\" alt=\"\" class=\"wp-image-2441\" srcset=\"https:\/\/grupofossilis.com.br\/wp-content\/uploads\/2026\/02\/DSCF0763-1024x768.jpg 1024w, https:\/\/grupofossilis.com.br\/wp-content\/uploads\/2026\/02\/DSCF0763-300x225.jpg 300w, https:\/\/grupofossilis.com.br\/wp-content\/uploads\/2026\/02\/DSCF0763-768x576.jpg 768w, https:\/\/grupofossilis.com.br\/wp-content\/uploads\/2026\/02\/DSCF0763-1536x1152.jpg 1536w, https:\/\/grupofossilis.com.br\/wp-content\/uploads\/2026\/02\/DSCF0763-2048x1536.jpg 2048w\" sizes=\"auto, (max-width: 1024px) 100vw, 1024px\" \/><\/figure>\n\n\n\n<figure class=\"wp-block-image size-large\"><img loading=\"lazy\" decoding=\"async\" width=\"1024\" height=\"768\" data-id=\"2445\" src=\"https:\/\/grupofossilis.com.br\/wp-content\/uploads\/2026\/02\/DSCF0764-1024x768.jpg\" alt=\"\" class=\"wp-image-2445\" srcset=\"https:\/\/grupofossilis.com.br\/wp-content\/uploads\/2026\/02\/DSCF0764-1024x768.jpg 1024w, https:\/\/grupofossilis.com.br\/wp-content\/uploads\/2026\/02\/DSCF0764-300x225.jpg 300w, https:\/\/grupofossilis.com.br\/wp-content\/uploads\/2026\/02\/DSCF0764-768x576.jpg 768w, https:\/\/grupofossilis.com.br\/wp-content\/uploads\/2026\/02\/DSCF0764-1536x1152.jpg 1536w, https:\/\/grupofossilis.com.br\/wp-content\/uploads\/2026\/02\/DSCF0764-2048x1536.jpg 2048w\" sizes=\"auto, (max-width: 1024px) 100vw, 1024px\" \/><\/figure>\n\n\n\n<figure class=\"wp-block-image size-large\"><img loading=\"lazy\" decoding=\"async\" width=\"1024\" height=\"768\" data-id=\"2444\" src=\"https:\/\/grupofossilis.com.br\/wp-content\/uploads\/2026\/02\/DSCF0765-1024x768.jpg\" alt=\"\" class=\"wp-image-2444\" srcset=\"https:\/\/grupofossilis.com.br\/wp-content\/uploads\/2026\/02\/DSCF0765-1024x768.jpg 1024w, https:\/\/grupofossilis.com.br\/wp-content\/uploads\/2026\/02\/DSCF0765-300x225.jpg 300w, https:\/\/grupofossilis.com.br\/wp-content\/uploads\/2026\/02\/DSCF0765-768x576.jpg 768w, https:\/\/grupofossilis.com.br\/wp-content\/uploads\/2026\/02\/DSCF0765-1536x1152.jpg 1536w, https:\/\/grupofossilis.com.br\/wp-content\/uploads\/2026\/02\/DSCF0765-2048x1536.jpg 2048w\" sizes=\"auto, (max-width: 1024px) 100vw, 1024px\" \/><\/figure>\n\n\n\n<figure class=\"wp-block-image size-large\"><img loading=\"lazy\" decoding=\"async\" width=\"1024\" height=\"768\" data-id=\"2446\" src=\"https:\/\/grupofossilis.com.br\/wp-content\/uploads\/2026\/02\/DSCF0766-1024x768.jpg\" alt=\"\" class=\"wp-image-2446\" srcset=\"https:\/\/grupofossilis.com.br\/wp-content\/uploads\/2026\/02\/DSCF0766-1024x768.jpg 1024w, https:\/\/grupofossilis.com.br\/wp-content\/uploads\/2026\/02\/DSCF0766-300x225.jpg 300w, https:\/\/grupofossilis.com.br\/wp-content\/uploads\/2026\/02\/DSCF0766-768x576.jpg 768w, https:\/\/grupofossilis.com.br\/wp-content\/uploads\/2026\/02\/DSCF0766-1536x1152.jpg 1536w, https:\/\/grupofossilis.com.br\/wp-content\/uploads\/2026\/02\/DSCF0766-2048x1536.jpg 2048w\" sizes=\"auto, (max-width: 1024px) 100vw, 1024px\" \/><\/figure>\n\n\n\n<figure class=\"wp-block-image size-large\"><img loading=\"lazy\" decoding=\"async\" width=\"1024\" height=\"768\" data-id=\"2447\" src=\"https:\/\/grupofossilis.com.br\/wp-content\/uploads\/2026\/02\/DSCF0767-1024x768.jpg\" alt=\"\" class=\"wp-image-2447\" srcset=\"https:\/\/grupofossilis.com.br\/wp-content\/uploads\/2026\/02\/DSCF0767-1024x768.jpg 1024w, https:\/\/grupofossilis.com.br\/wp-content\/uploads\/2026\/02\/DSCF0767-300x225.jpg 300w, https:\/\/grupofossilis.com.br\/wp-content\/uploads\/2026\/02\/DSCF0767-768x576.jpg 768w, https:\/\/grupofossilis.com.br\/wp-content\/uploads\/2026\/02\/DSCF0767-1536x1152.jpg 1536w, https:\/\/grupofossilis.com.br\/wp-content\/uploads\/2026\/02\/DSCF0767-2048x1536.jpg 2048w\" sizes=\"auto, (max-width: 1024px) 100vw, 1024px\" \/><\/figure>\n\n\n\n<figure class=\"wp-block-image size-large\"><img loading=\"lazy\" decoding=\"async\" width=\"1024\" height=\"768\" data-id=\"2448\" src=\"https:\/\/grupofossilis.com.br\/wp-content\/uploads\/2026\/02\/DSCF0768-1024x768.jpg\" alt=\"\" class=\"wp-image-2448\" srcset=\"https:\/\/grupofossilis.com.br\/wp-content\/uploads\/2026\/02\/DSCF0768-1024x768.jpg 1024w, https:\/\/grupofossilis.com.br\/wp-content\/uploads\/2026\/02\/DSCF0768-300x225.jpg 300w, https:\/\/grupofossilis.com.br\/wp-content\/uploads\/2026\/02\/DSCF0768-768x576.jpg 768w, https:\/\/grupofossilis.com.br\/wp-content\/uploads\/2026\/02\/DSCF0768-1536x1152.jpg 1536w, https:\/\/grupofossilis.com.br\/wp-content\/uploads\/2026\/02\/DSCF0768-2048x1536.jpg 2048w\" sizes=\"auto, (max-width: 1024px) 100vw, 1024px\" \/><\/figure>\n<\/figure>\n","protected":false},"excerpt":{"rendered":"<p>12\/08\/2009 &#8211; Secretaria Municipal de Cultura (Caratinga\/MG)<\/p>\n","protected":false},"author":1,"featured_media":0,"parent":0,"menu_order":0,"comment_status":"closed","ping_status":"closed","template":"","meta":{"footnotes":""},"class_list":["post-2439","page","type-page","status-publish","hentry"],"_links":{"self":[{"href":"https:\/\/grupofossilis.com.br\/index.php\/wp-json\/wp\/v2\/pages\/2439","targetHints":{"allow":["GET"]}}],"collection":[{"href":"https:\/\/grupofossilis.com.br\/index.php\/wp-json\/wp\/v2\/pages"}],"about":[{"href":"https:\/\/grupofossilis.com.br\/index.php\/wp-json\/wp\/v2\/types\/page"}],"author":[{"embeddable":true,"href":"https:\/\/grupofossilis.com.br\/index.php\/wp-json\/wp\/v2\/users\/1"}],"replies":[{"embeddable":true,"href":"https:\/\/grupofossilis.com.br\/index.php\/wp-json\/wp\/v2\/comments?post=2439"}],"version-history":[{"count":1,"href":"https:\/\/grupofossilis.com.br\/index.php\/wp-json\/wp\/v2\/pages\/2439\/revisions"}],"predecessor-version":[{"id":2449,"href":"https:\/\/grupofossilis.com.br\/index.php\/wp-json\/wp\/v2\/pages\/2439\/revisions\/2449"}],"wp:attachment":[{"href":"https:\/\/grupofossilis.com.br\/index.php\/wp-json\/wp\/v2\/media?parent=2439"}],"curies":[{"name":"wp","href":"https:\/\/api.w.org\/{rel}","templated":true}]}}