{"id":2687,"date":"2008-09-21T12:00:00","date_gmt":"2008-09-21T15:00:00","guid":{"rendered":"https:\/\/grupofossilis.com.br\/?page_id=2687"},"modified":"2026-02-21T12:04:49","modified_gmt":"2026-02-21T15:04:49","slug":"trabalho-de-campo-28","status":"publish","type":"page","link":"https:\/\/grupofossilis.com.br\/index.php\/trabalho-de-campo-28\/","title":{"rendered":"TRABALHO DE CAMPO"},"content":{"rendered":"\n<p>21\/09\/2008 &#8211; Trabalho de Campo \u2013 S\u00edtio Arqueol\u00f3gico (Imb\u00e9 de Minas\/MG)<\/p>\n\n\n\n<figure class=\"wp-block-gallery has-nested-images columns-default is-cropped wp-block-gallery-1 is-layout-flex wp-block-gallery-is-layout-flex\">\n<figure class=\"wp-block-image size-large\"><img loading=\"lazy\" decoding=\"async\" width=\"400\" height=\"300\" data-id=\"2690\" src=\"https:\/\/grupofossilis.com.br\/wp-content\/uploads\/2026\/02\/PESQUISASGRACOPOLIS14SET2008-022.jpg\" alt=\"\" class=\"wp-image-2690\" srcset=\"https:\/\/grupofossilis.com.br\/wp-content\/uploads\/2026\/02\/PESQUISASGRACOPOLIS14SET2008-022.jpg 400w, https:\/\/grupofossilis.com.br\/wp-content\/uploads\/2026\/02\/PESQUISASGRACOPOLIS14SET2008-022-300x225.jpg 300w\" sizes=\"auto, (max-width: 400px) 100vw, 400px\" \/><\/figure>\n\n\n\n<figure class=\"wp-block-image size-large\"><img loading=\"lazy\" decoding=\"async\" width=\"400\" height=\"300\" data-id=\"2689\" src=\"https:\/\/grupofossilis.com.br\/wp-content\/uploads\/2026\/02\/PESQUISASGRACOPOLIS14SET2008-025.jpg\" alt=\"\" class=\"wp-image-2689\" srcset=\"https:\/\/grupofossilis.com.br\/wp-content\/uploads\/2026\/02\/PESQUISASGRACOPOLIS14SET2008-025.jpg 400w, https:\/\/grupofossilis.com.br\/wp-content\/uploads\/2026\/02\/PESQUISASGRACOPOLIS14SET2008-025-300x225.jpg 300w\" sizes=\"auto, (max-width: 400px) 100vw, 400px\" \/><\/figure>\n\n\n\n<figure class=\"wp-block-image size-large\"><img loading=\"lazy\" decoding=\"async\" width=\"400\" height=\"300\" data-id=\"2693\" src=\"https:\/\/grupofossilis.com.br\/wp-content\/uploads\/2026\/02\/PESQUISASGRACOPOLIS14SET2008-026.jpg\" alt=\"\" class=\"wp-image-2693\" srcset=\"https:\/\/grupofossilis.com.br\/wp-content\/uploads\/2026\/02\/PESQUISASGRACOPOLIS14SET2008-026.jpg 400w, https:\/\/grupofossilis.com.br\/wp-content\/uploads\/2026\/02\/PESQUISASGRACOPOLIS14SET2008-026-300x225.jpg 300w\" sizes=\"auto, (max-width: 400px) 100vw, 400px\" \/><\/figure>\n\n\n\n<figure class=\"wp-block-image size-large\"><img loading=\"lazy\" decoding=\"async\" width=\"400\" height=\"300\" data-id=\"2692\" src=\"https:\/\/grupofossilis.com.br\/wp-content\/uploads\/2026\/02\/PESQUISASGRACOPOLIS14SET2008-034.jpg\" alt=\"\" class=\"wp-image-2692\" srcset=\"https:\/\/grupofossilis.com.br\/wp-content\/uploads\/2026\/02\/PESQUISASGRACOPOLIS14SET2008-034.jpg 400w, https:\/\/grupofossilis.com.br\/wp-content\/uploads\/2026\/02\/PESQUISASGRACOPOLIS14SET2008-034-300x225.jpg 300w\" sizes=\"auto, (max-width: 400px) 100vw, 400px\" \/><\/figure>\n\n\n\n<figure class=\"wp-block-image size-large\"><img loading=\"lazy\" decoding=\"async\" width=\"400\" height=\"300\" data-id=\"2691\" src=\"https:\/\/grupofossilis.com.br\/wp-content\/uploads\/2026\/02\/PESQUISASGRACOPOLIS14SET2008-048.jpg\" alt=\"\" class=\"wp-image-2691\" srcset=\"https:\/\/grupofossilis.com.br\/wp-content\/uploads\/2026\/02\/PESQUISASGRACOPOLIS14SET2008-048.jpg 400w, https:\/\/grupofossilis.com.br\/wp-content\/uploads\/2026\/02\/PESQUISASGRACOPOLIS14SET2008-048-300x225.jpg 300w\" sizes=\"auto, (max-width: 400px) 100vw, 400px\" \/><\/figure>\n\n\n\n<figure class=\"wp-block-image size-large\"><img loading=\"lazy\" decoding=\"async\" width=\"400\" height=\"300\" data-id=\"2688\" src=\"https:\/\/grupofossilis.com.br\/wp-content\/uploads\/2026\/02\/PESQUISASGRACOPOLIS14SET2008-049.jpg\" alt=\"\" class=\"wp-image-2688\" srcset=\"https:\/\/grupofossilis.com.br\/wp-content\/uploads\/2026\/02\/PESQUISASGRACOPOLIS14SET2008-049.jpg 400w, https:\/\/grupofossilis.com.br\/wp-content\/uploads\/2026\/02\/PESQUISASGRACOPOLIS14SET2008-049-300x225.jpg 300w\" sizes=\"auto, (max-width: 400px) 100vw, 400px\" \/><\/figure>\n<\/figure>\n","protected":false},"excerpt":{"rendered":"<p>21\/09\/2008 &#8211; Trabalho de Campo \u2013 S\u00edtio Arqueol\u00f3gico (Imb\u00e9 de Minas\/MG)<\/p>\n","protected":false},"author":1,"featured_media":0,"parent":0,"menu_order":0,"comment_status":"closed","ping_status":"closed","template":"","meta":{"footnotes":""},"class_list":["post-2687","page","type-page","status-publish","hentry"],"_links":{"self":[{"href":"https:\/\/grupofossilis.com.br\/index.php\/wp-json\/wp\/v2\/pages\/2687","targetHints":{"allow":["GET"]}}],"collection":[{"href":"https:\/\/grupofossilis.com.br\/index.php\/wp-json\/wp\/v2\/pages"}],"about":[{"href":"https:\/\/grupofossilis.com.br\/index.php\/wp-json\/wp\/v2\/types\/page"}],"author":[{"embeddable":true,"href":"https:\/\/grupofossilis.com.br\/index.php\/wp-json\/wp\/v2\/users\/1"}],"replies":[{"embeddable":true,"href":"https:\/\/grupofossilis.com.br\/index.php\/wp-json\/wp\/v2\/comments?post=2687"}],"version-history":[{"count":1,"href":"https:\/\/grupofossilis.com.br\/index.php\/wp-json\/wp\/v2\/pages\/2687\/revisions"}],"predecessor-version":[{"id":2694,"href":"https:\/\/grupofossilis.com.br\/index.php\/wp-json\/wp\/v2\/pages\/2687\/revisions\/2694"}],"wp:attachment":[{"href":"https:\/\/grupofossilis.com.br\/index.php\/wp-json\/wp\/v2\/media?parent=2687"}],"curies":[{"name":"wp","href":"https:\/\/api.w.org\/{rel}","templated":true}]}}