{"id":2855,"date":"2010-04-26T17:59:00","date_gmt":"2010-04-26T20:59:00","guid":{"rendered":"https:\/\/grupofossilis.com.br\/?page_id=2855"},"modified":"2026-02-21T18:04:40","modified_gmt":"2026-02-21T21:04:40","slug":"7a-exposicao-paleoarqueologica-de-caratinga","status":"publish","type":"page","link":"https:\/\/grupofossilis.com.br\/index.php\/7a-exposicao-paleoarqueologica-de-caratinga\/","title":{"rendered":"7\u00aa EXPOSI\u00c7\u00c3O PALEOARQUEOL\u00d3GICA DE CARATINGA"},"content":{"rendered":"\n<p>26\/04\/2010 &#8211; Casa Ziraldo de Cultura (Caratinga\/MG)<\/p>\n\n\n\n<figure class=\"wp-block-gallery has-nested-images columns-default is-cropped wp-block-gallery-1 is-layout-flex wp-block-gallery-is-layout-flex\">\n<figure class=\"wp-block-image size-large\"><img loading=\"lazy\" decoding=\"async\" width=\"1024\" height=\"768\" data-id=\"2858\" src=\"https:\/\/grupofossilis.com.br\/wp-content\/uploads\/2026\/02\/100_5238-1024x768.jpg\" alt=\"\" class=\"wp-image-2858\" srcset=\"https:\/\/grupofossilis.com.br\/wp-content\/uploads\/2026\/02\/100_5238-1024x768.jpg 1024w, https:\/\/grupofossilis.com.br\/wp-content\/uploads\/2026\/02\/100_5238-300x225.jpg 300w, https:\/\/grupofossilis.com.br\/wp-content\/uploads\/2026\/02\/100_5238-768x576.jpg 768w, https:\/\/grupofossilis.com.br\/wp-content\/uploads\/2026\/02\/100_5238-1536x1152.jpg 1536w, https:\/\/grupofossilis.com.br\/wp-content\/uploads\/2026\/02\/100_5238-2048x1536.jpg 2048w\" sizes=\"auto, (max-width: 1024px) 100vw, 1024px\" \/><\/figure>\n\n\n\n<figure class=\"wp-block-image size-large\"><img loading=\"lazy\" decoding=\"async\" width=\"1024\" height=\"768\" data-id=\"2857\" src=\"https:\/\/grupofossilis.com.br\/wp-content\/uploads\/2026\/02\/100_5239-1024x768.jpg\" alt=\"\" class=\"wp-image-2857\" srcset=\"https:\/\/grupofossilis.com.br\/wp-content\/uploads\/2026\/02\/100_5239-1024x768.jpg 1024w, https:\/\/grupofossilis.com.br\/wp-content\/uploads\/2026\/02\/100_5239-300x225.jpg 300w, https:\/\/grupofossilis.com.br\/wp-content\/uploads\/2026\/02\/100_5239-768x576.jpg 768w, https:\/\/grupofossilis.com.br\/wp-content\/uploads\/2026\/02\/100_5239-1536x1152.jpg 1536w, https:\/\/grupofossilis.com.br\/wp-content\/uploads\/2026\/02\/100_5239-2048x1536.jpg 2048w\" sizes=\"auto, (max-width: 1024px) 100vw, 1024px\" \/><\/figure>\n\n\n\n<figure class=\"wp-block-image size-large\"><img loading=\"lazy\" decoding=\"async\" width=\"1024\" height=\"768\" data-id=\"2859\" src=\"https:\/\/grupofossilis.com.br\/wp-content\/uploads\/2026\/02\/100_5240-1024x768.jpg\" alt=\"\" class=\"wp-image-2859\" srcset=\"https:\/\/grupofossilis.com.br\/wp-content\/uploads\/2026\/02\/100_5240-1024x768.jpg 1024w, https:\/\/grupofossilis.com.br\/wp-content\/uploads\/2026\/02\/100_5240-300x225.jpg 300w, https:\/\/grupofossilis.com.br\/wp-content\/uploads\/2026\/02\/100_5240-768x576.jpg 768w, https:\/\/grupofossilis.com.br\/wp-content\/uploads\/2026\/02\/100_5240-1536x1152.jpg 1536w, https:\/\/grupofossilis.com.br\/wp-content\/uploads\/2026\/02\/100_5240-2048x1536.jpg 2048w\" sizes=\"auto, (max-width: 1024px) 100vw, 1024px\" \/><\/figure>\n\n\n\n<figure class=\"wp-block-image size-large\"><img loading=\"lazy\" decoding=\"async\" width=\"1024\" height=\"768\" data-id=\"2856\" src=\"https:\/\/grupofossilis.com.br\/wp-content\/uploads\/2026\/02\/100_5244-1024x768.jpg\" alt=\"\" class=\"wp-image-2856\" srcset=\"https:\/\/grupofossilis.com.br\/wp-content\/uploads\/2026\/02\/100_5244-1024x768.jpg 1024w, https:\/\/grupofossilis.com.br\/wp-content\/uploads\/2026\/02\/100_5244-300x225.jpg 300w, https:\/\/grupofossilis.com.br\/wp-content\/uploads\/2026\/02\/100_5244-768x576.jpg 768w, https:\/\/grupofossilis.com.br\/wp-content\/uploads\/2026\/02\/100_5244-1536x1152.jpg 1536w, https:\/\/grupofossilis.com.br\/wp-content\/uploads\/2026\/02\/100_5244-2048x1536.jpg 2048w\" sizes=\"auto, (max-width: 1024px) 100vw, 1024px\" \/><\/figure>\n\n\n\n<figure class=\"wp-block-image size-large\"><img loading=\"lazy\" decoding=\"async\" width=\"1024\" height=\"768\" data-id=\"2861\" src=\"https:\/\/grupofossilis.com.br\/wp-content\/uploads\/2026\/02\/100_5245-1024x768.jpg\" alt=\"\" class=\"wp-image-2861\" srcset=\"https:\/\/grupofossilis.com.br\/wp-content\/uploads\/2026\/02\/100_5245-1024x768.jpg 1024w, https:\/\/grupofossilis.com.br\/wp-content\/uploads\/2026\/02\/100_5245-300x225.jpg 300w, https:\/\/grupofossilis.com.br\/wp-content\/uploads\/2026\/02\/100_5245-768x576.jpg 768w, https:\/\/grupofossilis.com.br\/wp-content\/uploads\/2026\/02\/100_5245-1536x1152.jpg 1536w, https:\/\/grupofossilis.com.br\/wp-content\/uploads\/2026\/02\/100_5245-2048x1536.jpg 2048w\" sizes=\"auto, (max-width: 1024px) 100vw, 1024px\" \/><\/figure>\n\n\n\n<figure class=\"wp-block-image size-large\"><img loading=\"lazy\" decoding=\"async\" width=\"1024\" height=\"768\" data-id=\"2860\" src=\"https:\/\/grupofossilis.com.br\/wp-content\/uploads\/2026\/02\/100_5246-1024x768.jpg\" alt=\"\" class=\"wp-image-2860\" srcset=\"https:\/\/grupofossilis.com.br\/wp-content\/uploads\/2026\/02\/100_5246-1024x768.jpg 1024w, https:\/\/grupofossilis.com.br\/wp-content\/uploads\/2026\/02\/100_5246-300x225.jpg 300w, https:\/\/grupofossilis.com.br\/wp-content\/uploads\/2026\/02\/100_5246-768x576.jpg 768w, https:\/\/grupofossilis.com.br\/wp-content\/uploads\/2026\/02\/100_5246-1536x1152.jpg 1536w, https:\/\/grupofossilis.com.br\/wp-content\/uploads\/2026\/02\/100_5246-2048x1536.jpg 2048w\" sizes=\"auto, (max-width: 1024px) 100vw, 1024px\" \/><\/figure>\n<\/figure>\n\n\n\n<figure class=\"wp-block-gallery has-nested-images columns-default is-cropped wp-block-gallery-2 is-layout-flex wp-block-gallery-is-layout-flex\">\n<figure class=\"wp-block-image size-large\"><img loading=\"lazy\" decoding=\"async\" width=\"1024\" height=\"768\" data-id=\"2864\" src=\"https:\/\/grupofossilis.com.br\/wp-content\/uploads\/2026\/02\/100_5247-1-1024x768.jpg\" alt=\"\" class=\"wp-image-2864\" srcset=\"https:\/\/grupofossilis.com.br\/wp-content\/uploads\/2026\/02\/100_5247-1-1024x768.jpg 1024w, https:\/\/grupofossilis.com.br\/wp-content\/uploads\/2026\/02\/100_5247-1-300x225.jpg 300w, https:\/\/grupofossilis.com.br\/wp-content\/uploads\/2026\/02\/100_5247-1-768x576.jpg 768w, https:\/\/grupofossilis.com.br\/wp-content\/uploads\/2026\/02\/100_5247-1-1536x1152.jpg 1536w, https:\/\/grupofossilis.com.br\/wp-content\/uploads\/2026\/02\/100_5247-1-2048x1536.jpg 2048w\" sizes=\"auto, (max-width: 1024px) 100vw, 1024px\" \/><\/figure>\n\n\n\n<figure class=\"wp-block-image size-large\"><img loading=\"lazy\" decoding=\"async\" width=\"1024\" height=\"768\" data-id=\"2867\" src=\"https:\/\/grupofossilis.com.br\/wp-content\/uploads\/2026\/02\/IMG_3184-1024x768.jpg\" alt=\"\" class=\"wp-image-2867\" srcset=\"https:\/\/grupofossilis.com.br\/wp-content\/uploads\/2026\/02\/IMG_3184-1024x768.jpg 1024w, https:\/\/grupofossilis.com.br\/wp-content\/uploads\/2026\/02\/IMG_3184-300x225.jpg 300w, https:\/\/grupofossilis.com.br\/wp-content\/uploads\/2026\/02\/IMG_3184-768x576.jpg 768w, https:\/\/grupofossilis.com.br\/wp-content\/uploads\/2026\/02\/IMG_3184-1536x1152.jpg 1536w, https:\/\/grupofossilis.com.br\/wp-content\/uploads\/2026\/02\/IMG_3184-2048x1536.jpg 2048w\" sizes=\"auto, (max-width: 1024px) 100vw, 1024px\" \/><\/figure>\n\n\n\n<figure class=\"wp-block-image size-large\"><img loading=\"lazy\" decoding=\"async\" width=\"1024\" height=\"768\" data-id=\"2868\" src=\"https:\/\/grupofossilis.com.br\/wp-content\/uploads\/2026\/02\/IMG_3185-1024x768.jpg\" alt=\"\" class=\"wp-image-2868\" srcset=\"https:\/\/grupofossilis.com.br\/wp-content\/uploads\/2026\/02\/IMG_3185-1024x768.jpg 1024w, https:\/\/grupofossilis.com.br\/wp-content\/uploads\/2026\/02\/IMG_3185-300x225.jpg 300w, https:\/\/grupofossilis.com.br\/wp-content\/uploads\/2026\/02\/IMG_3185-768x576.jpg 768w, https:\/\/grupofossilis.com.br\/wp-content\/uploads\/2026\/02\/IMG_3185-1536x1152.jpg 1536w, https:\/\/grupofossilis.com.br\/wp-content\/uploads\/2026\/02\/IMG_3185-2048x1536.jpg 2048w\" sizes=\"auto, (max-width: 1024px) 100vw, 1024px\" \/><\/figure>\n<\/figure>\n","protected":false},"excerpt":{"rendered":"<p>26\/04\/2010 &#8211; Casa Ziraldo de Cultura (Caratinga\/MG)<\/p>\n","protected":false},"author":1,"featured_media":0,"parent":0,"menu_order":0,"comment_status":"closed","ping_status":"closed","template":"","meta":{"footnotes":""},"class_list":["post-2855","page","type-page","status-publish","hentry"],"_links":{"self":[{"href":"https:\/\/grupofossilis.com.br\/index.php\/wp-json\/wp\/v2\/pages\/2855","targetHints":{"allow":["GET"]}}],"collection":[{"href":"https:\/\/grupofossilis.com.br\/index.php\/wp-json\/wp\/v2\/pages"}],"about":[{"href":"https:\/\/grupofossilis.com.br\/index.php\/wp-json\/wp\/v2\/types\/page"}],"author":[{"embeddable":true,"href":"https:\/\/grupofossilis.com.br\/index.php\/wp-json\/wp\/v2\/users\/1"}],"replies":[{"embeddable":true,"href":"https:\/\/grupofossilis.com.br\/index.php\/wp-json\/wp\/v2\/comments?post=2855"}],"version-history":[{"count":1,"href":"https:\/\/grupofossilis.com.br\/index.php\/wp-json\/wp\/v2\/pages\/2855\/revisions"}],"predecessor-version":[{"id":2869,"href":"https:\/\/grupofossilis.com.br\/index.php\/wp-json\/wp\/v2\/pages\/2855\/revisions\/2869"}],"wp:attachment":[{"href":"https:\/\/grupofossilis.com.br\/index.php\/wp-json\/wp\/v2\/media?parent=2855"}],"curies":[{"name":"wp","href":"https:\/\/api.w.org\/{rel}","templated":true}]}}