{"id":3124,"date":"2026-02-23T09:02:09","date_gmt":"2026-02-23T12:02:09","guid":{"rendered":"https:\/\/grupofossilis.com.br\/?page_id=3124"},"modified":"2026-03-15T17:16:12","modified_gmt":"2026-03-15T20:16:12","slug":"2016-2020","status":"publish","type":"page","link":"https:\/\/grupofossilis.com.br\/index.php\/2016-2020\/","title":{"rendered":"2016 &#8211; 2020"},"content":{"rendered":"\n<p><strong>2020<\/strong><br>Nenhum<\/p>\n\n\n\n<p><strong>2019<\/strong><br>* Visita ao Museu da PUC\/MINAS (Belo Horizonte\/MG) <strong>&lt;<a href=\"https:\/\/grupofossilis.com.br\/index.php\/visita-ao-museu-da-puc-minas\/\">Fotos<\/a>><\/strong><\/p>\n\n\n\n<p><strong>2018<\/strong><br>* Exposi\u00e7\u00e3o de Paleontologia no Col\u00e9gio CNEC (Caratinga\/MG) <\/p>\n\n\n\n<p><strong>2017<\/strong><br>* Exposi\u00e7\u00e3o na Mostra de Ci\u00eancias &#8211; Escola Professor Jairo Grossi (Caratinga\/MG) <strong>&lt;<a href=\"https:\/\/grupofossilis.com.br\/index.php\/exposicao-na-mostra-de-ciencias\/\" data-type=\"link\" data-id=\"https:\/\/grupofossilis.com.br\/index.php\/exposicao-na-mostra-de-ciencias\/\">Fotos<\/a>&gt;<\/strong><br>* Realiza\u00e7\u00e3o da 14\u00aa Paleo Minas &#8211; Casa Ziraldo de Cultura (Caratinga\/MG) <strong>&lt;<a href=\"https:\/\/grupofossilis.com.br\/index.php\/realizacao-da-14a-paleo-minas\/\">Fotos<\/a>&gt;<\/strong><br>* Exposi\u00e7\u00e3o de Paleontologia &#8211; Casa Ziraldo de Cultura (Caratinga\/MG) <strong>&lt;<a href=\"https:\/\/grupofossilis.com.br\/index.php\/exposicao-de-paleontologia-7\/\">Fotos<\/a>&gt;<\/strong><br>* 12\u00aa Exposi\u00e7\u00e3o Paleoarqueol\u00f3gica de Caratinga &#8211; Casa Ziraldo de Cultura (Caratinga\/MG) <strong>&lt;<a href=\"https:\/\/grupofossilis.com.br\/wp-admin\/post.php?post=3993&amp;action=edit\">Fotos<\/a>&gt;<\/strong> <br>* Palestra sobre Paleontologia na Escola Professor Jairo Grossi (Caratinga\/MG) <strong>&lt;<a href=\"https:\/\/grupofossilis.com.br\/index.php\/palestra-sobre-paleontologia-4\/\">Fotos<\/a>&gt;<\/strong> <br>* Exposi\u00e7\u00e3o de Paleontologia no &#8220;Dia do Paleont\u00f3logo&#8221; &#8211; CEB\/UNEC (Caratinga\/MG) <strong>&lt;<a href=\"https:\/\/grupofossilis.com.br\/index.php\/exposicao-de-paleontologia-no-dia-do-paleontologo\/\">Fotos<\/a>&gt;<\/strong><\/p>\n\n\n\n<p><strong>2016<\/strong><br>Nenhum<\/p>\n\n\n\n<p><\/p>\n","protected":false},"excerpt":{"rendered":"<p>2020Nenhum 2019* Visita ao Museu da PUC\/MINAS (Belo Horizonte\/MG) &lt;Fotos> 2018* Exposi\u00e7\u00e3o de Paleontologia no Col\u00e9gio CNEC (Caratinga\/MG)<\/p>\n","protected":false},"author":1,"featured_media":0,"parent":0,"menu_order":0,"comment_status":"closed","ping_status":"closed","template":"","meta":{"footnotes":""},"class_list":["post-3124","page","type-page","status-publish","hentry"],"_links":{"self":[{"href":"https:\/\/grupofossilis.com.br\/index.php\/wp-json\/wp\/v2\/pages\/3124","targetHints":{"allow":["GET"]}}],"collection":[{"href":"https:\/\/grupofossilis.com.br\/index.php\/wp-json\/wp\/v2\/pages"}],"about":[{"href":"https:\/\/grupofossilis.com.br\/index.php\/wp-json\/wp\/v2\/types\/page"}],"author":[{"embeddable":true,"href":"https:\/\/grupofossilis.com.br\/index.php\/wp-json\/wp\/v2\/users\/1"}],"replies":[{"embeddable":true,"href":"https:\/\/grupofossilis.com.br\/index.php\/wp-json\/wp\/v2\/comments?post=3124"}],"version-history":[{"count":19,"href":"https:\/\/grupofossilis.com.br\/index.php\/wp-json\/wp\/v2\/pages\/3124\/revisions"}],"predecessor-version":[{"id":4445,"href":"https:\/\/grupofossilis.com.br\/index.php\/wp-json\/wp\/v2\/pages\/3124\/revisions\/4445"}],"wp:attachment":[{"href":"https:\/\/grupofossilis.com.br\/index.php\/wp-json\/wp\/v2\/media?parent=3124"}],"curies":[{"name":"wp","href":"https:\/\/api.w.org\/{rel}","templated":true}]}}