{"id":3180,"date":"2011-04-18T14:12:00","date_gmt":"2011-04-18T17:12:00","guid":{"rendered":"https:\/\/grupofossilis.com.br\/?page_id=3180"},"modified":"2026-02-23T16:02:23","modified_gmt":"2026-02-23T19:02:23","slug":"exposicao-de-cultura-indigena","status":"publish","type":"page","link":"https:\/\/grupofossilis.com.br\/index.php\/exposicao-de-cultura-indigena\/","title":{"rendered":"EXPOSI\u00c7\u00c3O DE CULTURA IND\u00cdGENA"},"content":{"rendered":"\n<p>18\/04\/2011 &#8211; Casa Ziraldo de Cultura (Caratinga\/MG)<\/p>\n\n\n\n<figure class=\"wp-block-gallery has-nested-images columns-default is-cropped wp-block-gallery-1 is-layout-flex wp-block-gallery-is-layout-flex\">\n<figure class=\"wp-block-image size-large\"><img loading=\"lazy\" decoding=\"async\" width=\"720\" height=\"540\" data-id=\"3182\" src=\"https:\/\/grupofossilis.com.br\/wp-content\/uploads\/2026\/02\/218539994839837.jpg\" alt=\"\" class=\"wp-image-3182\" srcset=\"https:\/\/grupofossilis.com.br\/wp-content\/uploads\/2026\/02\/218539994839837.jpg 720w, https:\/\/grupofossilis.com.br\/wp-content\/uploads\/2026\/02\/218539994839837-300x225.jpg 300w\" sizes=\"auto, (max-width: 720px) 100vw, 720px\" \/><\/figure>\n\n\n\n<figure class=\"wp-block-image size-large\"><img loading=\"lazy\" decoding=\"async\" width=\"720\" height=\"540\" data-id=\"3181\" src=\"https:\/\/grupofossilis.com.br\/wp-content\/uploads\/2026\/02\/218540111506492.jpg\" alt=\"\" class=\"wp-image-3181\" srcset=\"https:\/\/grupofossilis.com.br\/wp-content\/uploads\/2026\/02\/218540111506492.jpg 720w, https:\/\/grupofossilis.com.br\/wp-content\/uploads\/2026\/02\/218540111506492-300x225.jpg 300w\" sizes=\"auto, (max-width: 720px) 100vw, 720px\" \/><\/figure>\n\n\n\n<figure class=\"wp-block-image size-large\"><img loading=\"lazy\" decoding=\"async\" width=\"720\" height=\"540\" data-id=\"3183\" src=\"https:\/\/grupofossilis.com.br\/wp-content\/uploads\/2026\/02\/218540208173149.jpg\" alt=\"\" class=\"wp-image-3183\" srcset=\"https:\/\/grupofossilis.com.br\/wp-content\/uploads\/2026\/02\/218540208173149.jpg 720w, https:\/\/grupofossilis.com.br\/wp-content\/uploads\/2026\/02\/218540208173149-300x225.jpg 300w\" sizes=\"auto, (max-width: 720px) 100vw, 720px\" \/><\/figure>\n\n\n\n<figure class=\"wp-block-image size-large\"><img loading=\"lazy\" decoding=\"async\" width=\"720\" height=\"540\" data-id=\"3184\" src=\"https:\/\/grupofossilis.com.br\/wp-content\/uploads\/2026\/02\/218540308173139.jpg\" alt=\"\" class=\"wp-image-3184\" srcset=\"https:\/\/grupofossilis.com.br\/wp-content\/uploads\/2026\/02\/218540308173139.jpg 720w, https:\/\/grupofossilis.com.br\/wp-content\/uploads\/2026\/02\/218540308173139-300x225.jpg 300w\" sizes=\"auto, (max-width: 720px) 100vw, 720px\" \/><\/figure>\n\n\n\n<figure class=\"wp-block-image size-large\"><img loading=\"lazy\" decoding=\"async\" width=\"720\" height=\"540\" data-id=\"3186\" src=\"https:\/\/grupofossilis.com.br\/wp-content\/uploads\/2026\/02\/218540451506458.jpg\" alt=\"\" class=\"wp-image-3186\" srcset=\"https:\/\/grupofossilis.com.br\/wp-content\/uploads\/2026\/02\/218540451506458.jpg 720w, https:\/\/grupofossilis.com.br\/wp-content\/uploads\/2026\/02\/218540451506458-300x225.jpg 300w\" sizes=\"auto, (max-width: 720px) 100vw, 720px\" \/><\/figure>\n\n\n\n<figure class=\"wp-block-image size-large\"><img loading=\"lazy\" decoding=\"async\" width=\"720\" height=\"540\" data-id=\"3185\" src=\"https:\/\/grupofossilis.com.br\/wp-content\/uploads\/2026\/02\/218540714839765.jpg\" alt=\"\" class=\"wp-image-3185\" srcset=\"https:\/\/grupofossilis.com.br\/wp-content\/uploads\/2026\/02\/218540714839765.jpg 720w, https:\/\/grupofossilis.com.br\/wp-content\/uploads\/2026\/02\/218540714839765-300x225.jpg 300w\" sizes=\"auto, (max-width: 720px) 100vw, 720px\" \/><\/figure>\n\n\n\n<figure class=\"wp-block-image size-large\"><img loading=\"lazy\" decoding=\"async\" width=\"720\" height=\"540\" data-id=\"3190\" src=\"https:\/\/grupofossilis.com.br\/wp-content\/uploads\/2026\/02\/218540824839754.jpg\" alt=\"\" class=\"wp-image-3190\" srcset=\"https:\/\/grupofossilis.com.br\/wp-content\/uploads\/2026\/02\/218540824839754.jpg 720w, https:\/\/grupofossilis.com.br\/wp-content\/uploads\/2026\/02\/218540824839754-300x225.jpg 300w\" sizes=\"auto, (max-width: 720px) 100vw, 720px\" \/><\/figure>\n\n\n\n<figure class=\"wp-block-image size-large\"><img loading=\"lazy\" decoding=\"async\" width=\"720\" height=\"540\" data-id=\"3189\" src=\"https:\/\/grupofossilis.com.br\/wp-content\/uploads\/2026\/02\/218540938173076.jpg\" alt=\"\" class=\"wp-image-3189\" srcset=\"https:\/\/grupofossilis.com.br\/wp-content\/uploads\/2026\/02\/218540938173076.jpg 720w, https:\/\/grupofossilis.com.br\/wp-content\/uploads\/2026\/02\/218540938173076-300x225.jpg 300w\" sizes=\"auto, (max-width: 720px) 100vw, 720px\" \/><\/figure>\n\n\n\n<figure class=\"wp-block-image size-large\"><img loading=\"lazy\" decoding=\"async\" width=\"720\" height=\"540\" data-id=\"3188\" src=\"https:\/\/grupofossilis.com.br\/wp-content\/uploads\/2026\/02\/218541068173063.jpg\" alt=\"\" class=\"wp-image-3188\" srcset=\"https:\/\/grupofossilis.com.br\/wp-content\/uploads\/2026\/02\/218541068173063.jpg 720w, https:\/\/grupofossilis.com.br\/wp-content\/uploads\/2026\/02\/218541068173063-300x225.jpg 300w\" sizes=\"auto, (max-width: 720px) 100vw, 720px\" \/><\/figure>\n\n\n\n<figure class=\"wp-block-image size-large\"><img loading=\"lazy\" decoding=\"async\" width=\"720\" height=\"540\" data-id=\"3187\" src=\"https:\/\/grupofossilis.com.br\/wp-content\/uploads\/2026\/02\/218541188173051.jpg\" alt=\"\" class=\"wp-image-3187\" srcset=\"https:\/\/grupofossilis.com.br\/wp-content\/uploads\/2026\/02\/218541188173051.jpg 720w, https:\/\/grupofossilis.com.br\/wp-content\/uploads\/2026\/02\/218541188173051-300x225.jpg 300w\" sizes=\"auto, (max-width: 720px) 100vw, 720px\" \/><\/figure>\n\n\n\n<figure class=\"wp-block-image size-large\"><img loading=\"lazy\" decoding=\"async\" width=\"720\" height=\"540\" data-id=\"3191\" src=\"https:\/\/grupofossilis.com.br\/wp-content\/uploads\/2026\/02\/218541288173041.jpg\" alt=\"\" class=\"wp-image-3191\" srcset=\"https:\/\/grupofossilis.com.br\/wp-content\/uploads\/2026\/02\/218541288173041.jpg 720w, https:\/\/grupofossilis.com.br\/wp-content\/uploads\/2026\/02\/218541288173041-300x225.jpg 300w\" sizes=\"auto, (max-width: 720px) 100vw, 720px\" \/><\/figure>\n\n\n\n<figure class=\"wp-block-image size-large\"><img loading=\"lazy\" decoding=\"async\" width=\"720\" height=\"540\" data-id=\"3192\" src=\"https:\/\/grupofossilis.com.br\/wp-content\/uploads\/2026\/02\/218541371506366.jpg\" alt=\"\" class=\"wp-image-3192\" srcset=\"https:\/\/grupofossilis.com.br\/wp-content\/uploads\/2026\/02\/218541371506366.jpg 720w, https:\/\/grupofossilis.com.br\/wp-content\/uploads\/2026\/02\/218541371506366-300x225.jpg 300w\" sizes=\"auto, (max-width: 720px) 100vw, 720px\" \/><\/figure>\n\n\n\n<figure class=\"wp-block-image size-large\"><img loading=\"lazy\" decoding=\"async\" width=\"720\" height=\"540\" data-id=\"3193\" src=\"https:\/\/grupofossilis.com.br\/wp-content\/uploads\/2026\/02\/218541428173027.jpg\" alt=\"\" class=\"wp-image-3193\" srcset=\"https:\/\/grupofossilis.com.br\/wp-content\/uploads\/2026\/02\/218541428173027.jpg 720w, https:\/\/grupofossilis.com.br\/wp-content\/uploads\/2026\/02\/218541428173027-300x225.jpg 300w\" sizes=\"auto, (max-width: 720px) 100vw, 720px\" \/><\/figure>\n\n\n\n<figure class=\"wp-block-image size-large\"><img loading=\"lazy\" decoding=\"async\" width=\"720\" height=\"540\" data-id=\"3194\" src=\"https:\/\/grupofossilis.com.br\/wp-content\/uploads\/2026\/02\/218541501506353.jpg\" alt=\"\" class=\"wp-image-3194\" srcset=\"https:\/\/grupofossilis.com.br\/wp-content\/uploads\/2026\/02\/218541501506353.jpg 720w, https:\/\/grupofossilis.com.br\/wp-content\/uploads\/2026\/02\/218541501506353-300x225.jpg 300w\" sizes=\"auto, (max-width: 720px) 100vw, 720px\" \/><\/figure>\n\n\n\n<figure class=\"wp-block-image size-large\"><img loading=\"lazy\" decoding=\"async\" width=\"720\" height=\"540\" data-id=\"3195\" src=\"https:\/\/grupofossilis.com.br\/wp-content\/uploads\/2026\/02\/218541614839675.jpg\" alt=\"\" class=\"wp-image-3195\" srcset=\"https:\/\/grupofossilis.com.br\/wp-content\/uploads\/2026\/02\/218541614839675.jpg 720w, https:\/\/grupofossilis.com.br\/wp-content\/uploads\/2026\/02\/218541614839675-300x225.jpg 300w\" sizes=\"auto, (max-width: 720px) 100vw, 720px\" \/><\/figure>\n\n\n\n<figure class=\"wp-block-image size-large\"><img loading=\"lazy\" decoding=\"async\" width=\"720\" height=\"540\" data-id=\"3196\" src=\"https:\/\/grupofossilis.com.br\/wp-content\/uploads\/2026\/02\/218541714839665.jpg\" alt=\"\" class=\"wp-image-3196\" srcset=\"https:\/\/grupofossilis.com.br\/wp-content\/uploads\/2026\/02\/218541714839665.jpg 720w, https:\/\/grupofossilis.com.br\/wp-content\/uploads\/2026\/02\/218541714839665-300x225.jpg 300w\" sizes=\"auto, (max-width: 720px) 100vw, 720px\" \/><\/figure>\n\n\n\n<figure class=\"wp-block-image size-large\"><img loading=\"lazy\" decoding=\"async\" width=\"720\" height=\"540\" data-id=\"3197\" src=\"https:\/\/grupofossilis.com.br\/wp-content\/uploads\/2026\/02\/218541964839640.jpg\" alt=\"\" class=\"wp-image-3197\" srcset=\"https:\/\/grupofossilis.com.br\/wp-content\/uploads\/2026\/02\/218541964839640.jpg 720w, https:\/\/grupofossilis.com.br\/wp-content\/uploads\/2026\/02\/218541964839640-300x225.jpg 300w\" sizes=\"auto, (max-width: 720px) 100vw, 720px\" \/><\/figure>\n\n\n\n<figure class=\"wp-block-image size-large\"><img loading=\"lazy\" decoding=\"async\" width=\"720\" height=\"540\" data-id=\"3198\" src=\"https:\/\/grupofossilis.com.br\/wp-content\/uploads\/2026\/02\/218542044839632.jpg\" alt=\"\" class=\"wp-image-3198\" srcset=\"https:\/\/grupofossilis.com.br\/wp-content\/uploads\/2026\/02\/218542044839632.jpg 720w, https:\/\/grupofossilis.com.br\/wp-content\/uploads\/2026\/02\/218542044839632-300x225.jpg 300w\" sizes=\"auto, (max-width: 720px) 100vw, 720px\" \/><\/figure>\n<\/figure>\n\n\n\n<figure class=\"wp-block-gallery has-nested-images columns-default is-cropped wp-block-gallery-2 is-layout-flex wp-block-gallery-is-layout-flex\">\n<figure class=\"wp-block-image size-large\"><img loading=\"lazy\" decoding=\"async\" width=\"1024\" height=\"768\" data-id=\"3460\" src=\"https:\/\/grupofossilis.com.br\/wp-content\/uploads\/2026\/02\/Imagem-1599-1024x768.jpg\" alt=\"\" class=\"wp-image-3460\" srcset=\"https:\/\/grupofossilis.com.br\/wp-content\/uploads\/2026\/02\/Imagem-1599-1024x768.jpg 1024w, https:\/\/grupofossilis.com.br\/wp-content\/uploads\/2026\/02\/Imagem-1599-300x225.jpg 300w, https:\/\/grupofossilis.com.br\/wp-content\/uploads\/2026\/02\/Imagem-1599-768x576.jpg 768w, https:\/\/grupofossilis.com.br\/wp-content\/uploads\/2026\/02\/Imagem-1599-1536x1152.jpg 1536w, https:\/\/grupofossilis.com.br\/wp-content\/uploads\/2026\/02\/Imagem-1599.jpg 1600w\" sizes=\"auto, (max-width: 1024px) 100vw, 1024px\" \/><\/figure>\n\n\n\n<figure class=\"wp-block-image size-large\"><img loading=\"lazy\" decoding=\"async\" width=\"1024\" height=\"768\" data-id=\"3462\" src=\"https:\/\/grupofossilis.com.br\/wp-content\/uploads\/2026\/02\/Imagem-1601-1024x768.jpg\" alt=\"\" class=\"wp-image-3462\" srcset=\"https:\/\/grupofossilis.com.br\/wp-content\/uploads\/2026\/02\/Imagem-1601-1024x768.jpg 1024w, https:\/\/grupofossilis.com.br\/wp-content\/uploads\/2026\/02\/Imagem-1601-300x225.jpg 300w, https:\/\/grupofossilis.com.br\/wp-content\/uploads\/2026\/02\/Imagem-1601-768x576.jpg 768w, https:\/\/grupofossilis.com.br\/wp-content\/uploads\/2026\/02\/Imagem-1601-1536x1152.jpg 1536w, https:\/\/grupofossilis.com.br\/wp-content\/uploads\/2026\/02\/Imagem-1601.jpg 1600w\" sizes=\"auto, (max-width: 1024px) 100vw, 1024px\" \/><\/figure>\n\n\n\n<figure class=\"wp-block-image size-large\"><img loading=\"lazy\" decoding=\"async\" width=\"1024\" height=\"768\" data-id=\"3463\" src=\"https:\/\/grupofossilis.com.br\/wp-content\/uploads\/2026\/02\/Imagem-1602-1024x768.jpg\" alt=\"\" class=\"wp-image-3463\" srcset=\"https:\/\/grupofossilis.com.br\/wp-content\/uploads\/2026\/02\/Imagem-1602-1024x768.jpg 1024w, https:\/\/grupofossilis.com.br\/wp-content\/uploads\/2026\/02\/Imagem-1602-300x225.jpg 300w, https:\/\/grupofossilis.com.br\/wp-content\/uploads\/2026\/02\/Imagem-1602-768x576.jpg 768w, https:\/\/grupofossilis.com.br\/wp-content\/uploads\/2026\/02\/Imagem-1602-1536x1152.jpg 1536w, https:\/\/grupofossilis.com.br\/wp-content\/uploads\/2026\/02\/Imagem-1602.jpg 1600w\" sizes=\"auto, (max-width: 1024px) 100vw, 1024px\" \/><\/figure>\n\n\n\n<figure class=\"wp-block-image size-large\"><img loading=\"lazy\" decoding=\"async\" width=\"1024\" height=\"768\" data-id=\"3461\" src=\"https:\/\/grupofossilis.com.br\/wp-content\/uploads\/2026\/02\/Imagem-1604-1024x768.jpg\" alt=\"\" class=\"wp-image-3461\" srcset=\"https:\/\/grupofossilis.com.br\/wp-content\/uploads\/2026\/02\/Imagem-1604-1024x768.jpg 1024w, https:\/\/grupofossilis.com.br\/wp-content\/uploads\/2026\/02\/Imagem-1604-300x225.jpg 300w, https:\/\/grupofossilis.com.br\/wp-content\/uploads\/2026\/02\/Imagem-1604-768x576.jpg 768w, https:\/\/grupofossilis.com.br\/wp-content\/uploads\/2026\/02\/Imagem-1604-1536x1152.jpg 1536w, https:\/\/grupofossilis.com.br\/wp-content\/uploads\/2026\/02\/Imagem-1604.jpg 1600w\" sizes=\"auto, (max-width: 1024px) 100vw, 1024px\" \/><\/figure>\n\n\n\n<figure class=\"wp-block-image size-large\"><img loading=\"lazy\" decoding=\"async\" width=\"1024\" height=\"768\" data-id=\"3464\" src=\"https:\/\/grupofossilis.com.br\/wp-content\/uploads\/2026\/02\/Imagem-1605-1024x768.jpg\" alt=\"\" class=\"wp-image-3464\" srcset=\"https:\/\/grupofossilis.com.br\/wp-content\/uploads\/2026\/02\/Imagem-1605-1024x768.jpg 1024w, https:\/\/grupofossilis.com.br\/wp-content\/uploads\/2026\/02\/Imagem-1605-300x225.jpg 300w, https:\/\/grupofossilis.com.br\/wp-content\/uploads\/2026\/02\/Imagem-1605-768x576.jpg 768w, https:\/\/grupofossilis.com.br\/wp-content\/uploads\/2026\/02\/Imagem-1605-1536x1152.jpg 1536w, https:\/\/grupofossilis.com.br\/wp-content\/uploads\/2026\/02\/Imagem-1605.jpg 1600w\" sizes=\"auto, (max-width: 1024px) 100vw, 1024px\" \/><\/figure>\n\n\n\n<figure class=\"wp-block-image size-large\"><img loading=\"lazy\" decoding=\"async\" width=\"1024\" height=\"768\" data-id=\"3467\" src=\"https:\/\/grupofossilis.com.br\/wp-content\/uploads\/2026\/02\/Imagem-1606-1024x768.jpg\" alt=\"\" class=\"wp-image-3467\" srcset=\"https:\/\/grupofossilis.com.br\/wp-content\/uploads\/2026\/02\/Imagem-1606-1024x768.jpg 1024w, https:\/\/grupofossilis.com.br\/wp-content\/uploads\/2026\/02\/Imagem-1606-300x225.jpg 300w, https:\/\/grupofossilis.com.br\/wp-content\/uploads\/2026\/02\/Imagem-1606-768x576.jpg 768w, https:\/\/grupofossilis.com.br\/wp-content\/uploads\/2026\/02\/Imagem-1606-1536x1152.jpg 1536w, https:\/\/grupofossilis.com.br\/wp-content\/uploads\/2026\/02\/Imagem-1606.jpg 1600w\" sizes=\"auto, (max-width: 1024px) 100vw, 1024px\" \/><\/figure>\n\n\n\n<figure class=\"wp-block-image size-large\"><img loading=\"lazy\" decoding=\"async\" width=\"1024\" height=\"768\" data-id=\"3465\" src=\"https:\/\/grupofossilis.com.br\/wp-content\/uploads\/2026\/02\/Imagem-1624-1024x768.jpg\" alt=\"\" class=\"wp-image-3465\" srcset=\"https:\/\/grupofossilis.com.br\/wp-content\/uploads\/2026\/02\/Imagem-1624-1024x768.jpg 1024w, https:\/\/grupofossilis.com.br\/wp-content\/uploads\/2026\/02\/Imagem-1624-300x225.jpg 300w, https:\/\/grupofossilis.com.br\/wp-content\/uploads\/2026\/02\/Imagem-1624-768x576.jpg 768w, https:\/\/grupofossilis.com.br\/wp-content\/uploads\/2026\/02\/Imagem-1624-1536x1152.jpg 1536w, https:\/\/grupofossilis.com.br\/wp-content\/uploads\/2026\/02\/Imagem-1624.jpg 1600w\" sizes=\"auto, (max-width: 1024px) 100vw, 1024px\" \/><\/figure>\n\n\n\n<figure class=\"wp-block-image size-large\"><img loading=\"lazy\" decoding=\"async\" width=\"1024\" height=\"768\" data-id=\"3468\" src=\"https:\/\/grupofossilis.com.br\/wp-content\/uploads\/2026\/02\/Imagem-1634-1024x768.jpg\" alt=\"\" class=\"wp-image-3468\" srcset=\"https:\/\/grupofossilis.com.br\/wp-content\/uploads\/2026\/02\/Imagem-1634-1024x768.jpg 1024w, https:\/\/grupofossilis.com.br\/wp-content\/uploads\/2026\/02\/Imagem-1634-300x225.jpg 300w, https:\/\/grupofossilis.com.br\/wp-content\/uploads\/2026\/02\/Imagem-1634-768x576.jpg 768w, https:\/\/grupofossilis.com.br\/wp-content\/uploads\/2026\/02\/Imagem-1634-1536x1152.jpg 1536w, https:\/\/grupofossilis.com.br\/wp-content\/uploads\/2026\/02\/Imagem-1634.jpg 1600w\" sizes=\"auto, (max-width: 1024px) 100vw, 1024px\" \/><\/figure>\n\n\n\n<figure class=\"wp-block-image size-large\"><img loading=\"lazy\" decoding=\"async\" width=\"1024\" height=\"768\" data-id=\"3470\" src=\"https:\/\/grupofossilis.com.br\/wp-content\/uploads\/2026\/02\/Imagem-1635-1024x768.jpg\" alt=\"\" class=\"wp-image-3470\" srcset=\"https:\/\/grupofossilis.com.br\/wp-content\/uploads\/2026\/02\/Imagem-1635-1024x768.jpg 1024w, https:\/\/grupofossilis.com.br\/wp-content\/uploads\/2026\/02\/Imagem-1635-300x225.jpg 300w, https:\/\/grupofossilis.com.br\/wp-content\/uploads\/2026\/02\/Imagem-1635-768x576.jpg 768w, https:\/\/grupofossilis.com.br\/wp-content\/uploads\/2026\/02\/Imagem-1635-1536x1152.jpg 1536w, https:\/\/grupofossilis.com.br\/wp-content\/uploads\/2026\/02\/Imagem-1635.jpg 1600w\" sizes=\"auto, (max-width: 1024px) 100vw, 1024px\" \/><\/figure>\n\n\n\n<figure class=\"wp-block-image size-large\"><img loading=\"lazy\" decoding=\"async\" width=\"1024\" height=\"768\" data-id=\"3471\" src=\"https:\/\/grupofossilis.com.br\/wp-content\/uploads\/2026\/02\/Imagem-1636-1024x768.jpg\" alt=\"\" class=\"wp-image-3471\" srcset=\"https:\/\/grupofossilis.com.br\/wp-content\/uploads\/2026\/02\/Imagem-1636-1024x768.jpg 1024w, https:\/\/grupofossilis.com.br\/wp-content\/uploads\/2026\/02\/Imagem-1636-300x225.jpg 300w, https:\/\/grupofossilis.com.br\/wp-content\/uploads\/2026\/02\/Imagem-1636-768x576.jpg 768w, https:\/\/grupofossilis.com.br\/wp-content\/uploads\/2026\/02\/Imagem-1636-1536x1152.jpg 1536w, https:\/\/grupofossilis.com.br\/wp-content\/uploads\/2026\/02\/Imagem-1636.jpg 1600w\" sizes=\"auto, (max-width: 1024px) 100vw, 1024px\" \/><\/figure>\n\n\n\n<figure class=\"wp-block-image size-large\"><img loading=\"lazy\" decoding=\"async\" width=\"1024\" height=\"768\" data-id=\"3472\" src=\"https:\/\/grupofossilis.com.br\/wp-content\/uploads\/2026\/02\/Imagem-1637-1024x768.jpg\" alt=\"\" class=\"wp-image-3472\" srcset=\"https:\/\/grupofossilis.com.br\/wp-content\/uploads\/2026\/02\/Imagem-1637-1024x768.jpg 1024w, https:\/\/grupofossilis.com.br\/wp-content\/uploads\/2026\/02\/Imagem-1637-300x225.jpg 300w, https:\/\/grupofossilis.com.br\/wp-content\/uploads\/2026\/02\/Imagem-1637-768x576.jpg 768w, https:\/\/grupofossilis.com.br\/wp-content\/uploads\/2026\/02\/Imagem-1637-1536x1152.jpg 1536w, https:\/\/grupofossilis.com.br\/wp-content\/uploads\/2026\/02\/Imagem-1637.jpg 1600w\" sizes=\"auto, (max-width: 1024px) 100vw, 1024px\" \/><\/figure>\n\n\n\n<figure class=\"wp-block-image size-large\"><img loading=\"lazy\" decoding=\"async\" width=\"1024\" height=\"768\" data-id=\"3473\" src=\"https:\/\/grupofossilis.com.br\/wp-content\/uploads\/2026\/02\/Imagem-1638-1024x768.jpg\" alt=\"\" class=\"wp-image-3473\" srcset=\"https:\/\/grupofossilis.com.br\/wp-content\/uploads\/2026\/02\/Imagem-1638-1024x768.jpg 1024w, https:\/\/grupofossilis.com.br\/wp-content\/uploads\/2026\/02\/Imagem-1638-300x225.jpg 300w, https:\/\/grupofossilis.com.br\/wp-content\/uploads\/2026\/02\/Imagem-1638-768x576.jpg 768w, https:\/\/grupofossilis.com.br\/wp-content\/uploads\/2026\/02\/Imagem-1638-1536x1152.jpg 1536w, https:\/\/grupofossilis.com.br\/wp-content\/uploads\/2026\/02\/Imagem-1638.jpg 1600w\" sizes=\"auto, (max-width: 1024px) 100vw, 1024px\" \/><\/figure>\n\n\n\n<figure class=\"wp-block-image size-large\"><img loading=\"lazy\" decoding=\"async\" width=\"1024\" height=\"768\" data-id=\"3474\" src=\"https:\/\/grupofossilis.com.br\/wp-content\/uploads\/2026\/02\/Imagem-1639-1024x768.jpg\" alt=\"\" class=\"wp-image-3474\" srcset=\"https:\/\/grupofossilis.com.br\/wp-content\/uploads\/2026\/02\/Imagem-1639-1024x768.jpg 1024w, https:\/\/grupofossilis.com.br\/wp-content\/uploads\/2026\/02\/Imagem-1639-300x225.jpg 300w, https:\/\/grupofossilis.com.br\/wp-content\/uploads\/2026\/02\/Imagem-1639-768x576.jpg 768w, https:\/\/grupofossilis.com.br\/wp-content\/uploads\/2026\/02\/Imagem-1639-1536x1152.jpg 1536w, https:\/\/grupofossilis.com.br\/wp-content\/uploads\/2026\/02\/Imagem-1639.jpg 1600w\" sizes=\"auto, (max-width: 1024px) 100vw, 1024px\" \/><\/figure>\n\n\n\n<figure class=\"wp-block-image size-large\"><img loading=\"lazy\" decoding=\"async\" width=\"1024\" height=\"768\" data-id=\"3475\" src=\"https:\/\/grupofossilis.com.br\/wp-content\/uploads\/2026\/02\/Imagem-1640-1024x768.jpg\" alt=\"\" class=\"wp-image-3475\" srcset=\"https:\/\/grupofossilis.com.br\/wp-content\/uploads\/2026\/02\/Imagem-1640-1024x768.jpg 1024w, https:\/\/grupofossilis.com.br\/wp-content\/uploads\/2026\/02\/Imagem-1640-300x225.jpg 300w, https:\/\/grupofossilis.com.br\/wp-content\/uploads\/2026\/02\/Imagem-1640-768x576.jpg 768w, https:\/\/grupofossilis.com.br\/wp-content\/uploads\/2026\/02\/Imagem-1640-1536x1152.jpg 1536w, https:\/\/grupofossilis.com.br\/wp-content\/uploads\/2026\/02\/Imagem-1640.jpg 1600w\" sizes=\"auto, (max-width: 1024px) 100vw, 1024px\" \/><\/figure>\n\n\n\n<figure class=\"wp-block-image size-large\"><img loading=\"lazy\" decoding=\"async\" width=\"1024\" height=\"768\" data-id=\"3476\" src=\"https:\/\/grupofossilis.com.br\/wp-content\/uploads\/2026\/02\/Imagem-1642-1024x768.jpg\" alt=\"\" class=\"wp-image-3476\" srcset=\"https:\/\/grupofossilis.com.br\/wp-content\/uploads\/2026\/02\/Imagem-1642-1024x768.jpg 1024w, https:\/\/grupofossilis.com.br\/wp-content\/uploads\/2026\/02\/Imagem-1642-300x225.jpg 300w, https:\/\/grupofossilis.com.br\/wp-content\/uploads\/2026\/02\/Imagem-1642-768x576.jpg 768w, https:\/\/grupofossilis.com.br\/wp-content\/uploads\/2026\/02\/Imagem-1642-1536x1152.jpg 1536w, https:\/\/grupofossilis.com.br\/wp-content\/uploads\/2026\/02\/Imagem-1642.jpg 1600w\" sizes=\"auto, (max-width: 1024px) 100vw, 1024px\" \/><\/figure>\n<\/figure>\n","protected":false},"excerpt":{"rendered":"<p>18\/04\/2011 &#8211; Casa Ziraldo de Cultura (Caratinga\/MG)<\/p>\n","protected":false},"author":1,"featured_media":0,"parent":0,"menu_order":0,"comment_status":"closed","ping_status":"closed","template":"","meta":{"footnotes":""},"class_list":["post-3180","page","type-page","status-publish","hentry"],"_links":{"self":[{"href":"https:\/\/grupofossilis.com.br\/index.php\/wp-json\/wp\/v2\/pages\/3180","targetHints":{"allow":["GET"]}}],"collection":[{"href":"https:\/\/grupofossilis.com.br\/index.php\/wp-json\/wp\/v2\/pages"}],"about":[{"href":"https:\/\/grupofossilis.com.br\/index.php\/wp-json\/wp\/v2\/types\/page"}],"author":[{"embeddable":true,"href":"https:\/\/grupofossilis.com.br\/index.php\/wp-json\/wp\/v2\/users\/1"}],"replies":[{"embeddable":true,"href":"https:\/\/grupofossilis.com.br\/index.php\/wp-json\/wp\/v2\/comments?post=3180"}],"version-history":[{"count":2,"href":"https:\/\/grupofossilis.com.br\/index.php\/wp-json\/wp\/v2\/pages\/3180\/revisions"}],"predecessor-version":[{"id":3477,"href":"https:\/\/grupofossilis.com.br\/index.php\/wp-json\/wp\/v2\/pages\/3180\/revisions\/3477"}],"wp:attachment":[{"href":"https:\/\/grupofossilis.com.br\/index.php\/wp-json\/wp\/v2\/media?parent=3180"}],"curies":[{"name":"wp","href":"https:\/\/api.w.org\/{rel}","templated":true}]}}