{"id":3235,"date":"2011-05-09T14:24:00","date_gmt":"2011-05-09T17:24:00","guid":{"rendered":"https:\/\/grupofossilis.com.br\/?page_id=3235"},"modified":"2026-02-23T14:29:08","modified_gmt":"2026-02-23T17:29:08","slug":"exposicao-a-escravidao-no-brasil","status":"publish","type":"page","link":"https:\/\/grupofossilis.com.br\/index.php\/exposicao-a-escravidao-no-brasil\/","title":{"rendered":"EXPOSI\u00c7\u00c3O &#8220;A ESCRAVID\u00c3O NO BRASIL&#8221;"},"content":{"rendered":"\n<p>09\/05\/2011 \u2013 Casa Ziraldo de Cultura (Caratinga\/MG)\u00a0<\/p>\n\n\n\n<figure class=\"wp-block-gallery has-nested-images columns-default is-cropped wp-block-gallery-1 is-layout-flex wp-block-gallery-is-layout-flex\">\n<figure class=\"wp-block-image size-large\"><img loading=\"lazy\" decoding=\"async\" width=\"1024\" height=\"768\" data-id=\"3236\" src=\"https:\/\/grupofossilis.com.br\/wp-content\/uploads\/2026\/02\/afotos-103-1024x768.jpg\" alt=\"\" class=\"wp-image-3236\" srcset=\"https:\/\/grupofossilis.com.br\/wp-content\/uploads\/2026\/02\/afotos-103-1024x768.jpg 1024w, https:\/\/grupofossilis.com.br\/wp-content\/uploads\/2026\/02\/afotos-103-300x225.jpg 300w, https:\/\/grupofossilis.com.br\/wp-content\/uploads\/2026\/02\/afotos-103-768x576.jpg 768w, https:\/\/grupofossilis.com.br\/wp-content\/uploads\/2026\/02\/afotos-103-1536x1152.jpg 1536w, https:\/\/grupofossilis.com.br\/wp-content\/uploads\/2026\/02\/afotos-103.jpg 1600w\" sizes=\"auto, (max-width: 1024px) 100vw, 1024px\" \/><\/figure>\n\n\n\n<figure class=\"wp-block-image size-large\"><img loading=\"lazy\" decoding=\"async\" width=\"1024\" height=\"768\" data-id=\"3237\" src=\"https:\/\/grupofossilis.com.br\/wp-content\/uploads\/2026\/02\/afotos-105-1024x768.jpg\" alt=\"\" class=\"wp-image-3237\" srcset=\"https:\/\/grupofossilis.com.br\/wp-content\/uploads\/2026\/02\/afotos-105-1024x768.jpg 1024w, https:\/\/grupofossilis.com.br\/wp-content\/uploads\/2026\/02\/afotos-105-300x225.jpg 300w, https:\/\/grupofossilis.com.br\/wp-content\/uploads\/2026\/02\/afotos-105-768x576.jpg 768w, https:\/\/grupofossilis.com.br\/wp-content\/uploads\/2026\/02\/afotos-105-1536x1152.jpg 1536w, https:\/\/grupofossilis.com.br\/wp-content\/uploads\/2026\/02\/afotos-105.jpg 1600w\" sizes=\"auto, (max-width: 1024px) 100vw, 1024px\" \/><\/figure>\n<\/figure>\n","protected":false},"excerpt":{"rendered":"<p>09\/05\/2011 \u2013 Casa Ziraldo de Cultura (Caratinga\/MG)\u00a0<\/p>\n","protected":false},"author":1,"featured_media":0,"parent":0,"menu_order":0,"comment_status":"closed","ping_status":"closed","template":"","meta":{"footnotes":""},"class_list":["post-3235","page","type-page","status-publish","hentry"],"_links":{"self":[{"href":"https:\/\/grupofossilis.com.br\/index.php\/wp-json\/wp\/v2\/pages\/3235","targetHints":{"allow":["GET"]}}],"collection":[{"href":"https:\/\/grupofossilis.com.br\/index.php\/wp-json\/wp\/v2\/pages"}],"about":[{"href":"https:\/\/grupofossilis.com.br\/index.php\/wp-json\/wp\/v2\/types\/page"}],"author":[{"embeddable":true,"href":"https:\/\/grupofossilis.com.br\/index.php\/wp-json\/wp\/v2\/users\/1"}],"replies":[{"embeddable":true,"href":"https:\/\/grupofossilis.com.br\/index.php\/wp-json\/wp\/v2\/comments?post=3235"}],"version-history":[{"count":1,"href":"https:\/\/grupofossilis.com.br\/index.php\/wp-json\/wp\/v2\/pages\/3235\/revisions"}],"predecessor-version":[{"id":3238,"href":"https:\/\/grupofossilis.com.br\/index.php\/wp-json\/wp\/v2\/pages\/3235\/revisions\/3238"}],"wp:attachment":[{"href":"https:\/\/grupofossilis.com.br\/index.php\/wp-json\/wp\/v2\/media?parent=3235"}],"curies":[{"name":"wp","href":"https:\/\/api.w.org\/{rel}","templated":true}]}}