{"id":3255,"date":"2011-07-01T14:33:00","date_gmt":"2011-07-01T17:33:00","guid":{"rendered":"https:\/\/grupofossilis.com.br\/?page_id=3255"},"modified":"2026-02-23T16:37:02","modified_gmt":"2026-02-23T19:37:02","slug":"exposicao-no-aniversario-do-museu-nacional-2","status":"publish","type":"page","link":"https:\/\/grupofossilis.com.br\/index.php\/exposicao-no-aniversario-do-museu-nacional-2\/","title":{"rendered":"EXPOSI\u00c7\u00c3O NO ANIVERS\u00c1RIO DO MUSEU NACIONAL"},"content":{"rendered":"\n<p>01\/07\/2011 &#8211;  Quinta da Boa Vista (Rio de Janeiro\/RJ)<\/p>\n\n\n\n<figure class=\"wp-block-gallery has-nested-images columns-default is-cropped wp-block-gallery-1 is-layout-flex wp-block-gallery-is-layout-flex\">\n<figure class=\"wp-block-image size-large\"><img loading=\"lazy\" decoding=\"async\" width=\"180\" height=\"133\" data-id=\"3256\" src=\"https:\/\/grupofossilis.com.br\/wp-content\/uploads\/2026\/02\/263403_114123418680097_100002473188850_113490_2617013_a.jpg\" alt=\"\" class=\"wp-image-3256\"\/><\/figure>\n\n\n\n<figure class=\"wp-block-image size-large\"><img loading=\"lazy\" decoding=\"async\" width=\"720\" height=\"529\" data-id=\"3258\" src=\"https:\/\/grupofossilis.com.br\/wp-content\/uploads\/2026\/02\/267809_114121902013582_100002473188850_113479_3202740_n.jpg\" alt=\"\" class=\"wp-image-3258\" srcset=\"https:\/\/grupofossilis.com.br\/wp-content\/uploads\/2026\/02\/267809_114121902013582_100002473188850_113479_3202740_n.jpg 720w, https:\/\/grupofossilis.com.br\/wp-content\/uploads\/2026\/02\/267809_114121902013582_100002473188850_113479_3202740_n-300x220.jpg 300w\" sizes=\"auto, (max-width: 720px) 100vw, 720px\" \/><\/figure>\n\n\n\n<figure class=\"wp-block-image size-large\"><img loading=\"lazy\" decoding=\"async\" width=\"180\" height=\"133\" data-id=\"3257\" src=\"https:\/\/grupofossilis.com.br\/wp-content\/uploads\/2026\/02\/268127_114103565348749_100002473188850_113393_5125076_a.jpg\" alt=\"\" class=\"wp-image-3257\"\/><\/figure>\n\n\n\n<figure class=\"wp-block-image size-large\"><img loading=\"lazy\" decoding=\"async\" width=\"180\" height=\"135\" data-id=\"3259\" src=\"https:\/\/grupofossilis.com.br\/wp-content\/uploads\/2026\/02\/268400_114137985345307_100002473188850_113592_1352470_a.jpg\" alt=\"\" class=\"wp-image-3259\"\/><\/figure>\n\n\n\n<figure class=\"wp-block-image size-large\"><img loading=\"lazy\" decoding=\"async\" width=\"180\" height=\"135\" data-id=\"3261\" src=\"https:\/\/grupofossilis.com.br\/wp-content\/uploads\/2026\/02\/268402_114119238680515_100002473188850_113464_7001511_a.jpg\" alt=\"\" class=\"wp-image-3261\"\/><\/figure>\n\n\n\n<figure class=\"wp-block-image size-large\"><img loading=\"lazy\" decoding=\"async\" width=\"720\" height=\"539\" data-id=\"3260\" src=\"https:\/\/grupofossilis.com.br\/wp-content\/uploads\/2026\/02\/268908_114122502013522_100002473188850_113484_6348306_n.jpg\" alt=\"\" class=\"wp-image-3260\" srcset=\"https:\/\/grupofossilis.com.br\/wp-content\/uploads\/2026\/02\/268908_114122502013522_100002473188850_113484_6348306_n.jpg 720w, https:\/\/grupofossilis.com.br\/wp-content\/uploads\/2026\/02\/268908_114122502013522_100002473188850_113484_6348306_n-300x225.jpg 300w\" sizes=\"auto, (max-width: 720px) 100vw, 720px\" \/><\/figure>\n<\/figure>\n\n\n\n<figure class=\"wp-block-gallery has-nested-images columns-default is-cropped wp-block-gallery-2 is-layout-flex wp-block-gallery-is-layout-flex\">\n<figure class=\"wp-block-image size-large\"><img loading=\"lazy\" decoding=\"async\" width=\"1024\" height=\"768\" data-id=\"3346\" src=\"https:\/\/grupofossilis.com.br\/wp-content\/uploads\/2026\/02\/afotos-001-1024x768.jpg\" alt=\"\" class=\"wp-image-3346\" srcset=\"https:\/\/grupofossilis.com.br\/wp-content\/uploads\/2026\/02\/afotos-001-1024x768.jpg 1024w, https:\/\/grupofossilis.com.br\/wp-content\/uploads\/2026\/02\/afotos-001-300x225.jpg 300w, https:\/\/grupofossilis.com.br\/wp-content\/uploads\/2026\/02\/afotos-001-768x576.jpg 768w, https:\/\/grupofossilis.com.br\/wp-content\/uploads\/2026\/02\/afotos-001-1536x1152.jpg 1536w, https:\/\/grupofossilis.com.br\/wp-content\/uploads\/2026\/02\/afotos-001.jpg 1600w\" sizes=\"auto, (max-width: 1024px) 100vw, 1024px\" \/><\/figure>\n\n\n\n<figure class=\"wp-block-image size-large\"><img loading=\"lazy\" decoding=\"async\" width=\"1024\" height=\"768\" data-id=\"3344\" src=\"https:\/\/grupofossilis.com.br\/wp-content\/uploads\/2026\/02\/afotos-002-1024x768.jpg\" alt=\"\" class=\"wp-image-3344\" srcset=\"https:\/\/grupofossilis.com.br\/wp-content\/uploads\/2026\/02\/afotos-002-1024x768.jpg 1024w, https:\/\/grupofossilis.com.br\/wp-content\/uploads\/2026\/02\/afotos-002-300x225.jpg 300w, https:\/\/grupofossilis.com.br\/wp-content\/uploads\/2026\/02\/afotos-002-768x576.jpg 768w, https:\/\/grupofossilis.com.br\/wp-content\/uploads\/2026\/02\/afotos-002-1536x1152.jpg 1536w, https:\/\/grupofossilis.com.br\/wp-content\/uploads\/2026\/02\/afotos-002.jpg 1600w\" sizes=\"auto, (max-width: 1024px) 100vw, 1024px\" \/><\/figure>\n\n\n\n<figure class=\"wp-block-image size-large\"><img loading=\"lazy\" decoding=\"async\" width=\"1024\" height=\"768\" data-id=\"3349\" src=\"https:\/\/grupofossilis.com.br\/wp-content\/uploads\/2026\/02\/afotos-003-1024x768.jpg\" alt=\"\" class=\"wp-image-3349\" srcset=\"https:\/\/grupofossilis.com.br\/wp-content\/uploads\/2026\/02\/afotos-003-1024x768.jpg 1024w, https:\/\/grupofossilis.com.br\/wp-content\/uploads\/2026\/02\/afotos-003-300x225.jpg 300w, https:\/\/grupofossilis.com.br\/wp-content\/uploads\/2026\/02\/afotos-003-768x576.jpg 768w, https:\/\/grupofossilis.com.br\/wp-content\/uploads\/2026\/02\/afotos-003-1536x1152.jpg 1536w, https:\/\/grupofossilis.com.br\/wp-content\/uploads\/2026\/02\/afotos-003.jpg 1600w\" sizes=\"auto, (max-width: 1024px) 100vw, 1024px\" \/><\/figure>\n\n\n\n<figure class=\"wp-block-image size-large\"><img loading=\"lazy\" decoding=\"async\" width=\"1024\" height=\"768\" data-id=\"3347\" src=\"https:\/\/grupofossilis.com.br\/wp-content\/uploads\/2026\/02\/afotos-004-1024x768.jpg\" alt=\"\" class=\"wp-image-3347\" srcset=\"https:\/\/grupofossilis.com.br\/wp-content\/uploads\/2026\/02\/afotos-004-1024x768.jpg 1024w, https:\/\/grupofossilis.com.br\/wp-content\/uploads\/2026\/02\/afotos-004-300x225.jpg 300w, https:\/\/grupofossilis.com.br\/wp-content\/uploads\/2026\/02\/afotos-004-768x576.jpg 768w, https:\/\/grupofossilis.com.br\/wp-content\/uploads\/2026\/02\/afotos-004-1536x1152.jpg 1536w, https:\/\/grupofossilis.com.br\/wp-content\/uploads\/2026\/02\/afotos-004.jpg 1600w\" sizes=\"auto, (max-width: 1024px) 100vw, 1024px\" \/><\/figure>\n\n\n\n<figure class=\"wp-block-image size-large\"><img loading=\"lazy\" decoding=\"async\" width=\"1024\" height=\"768\" data-id=\"3345\" src=\"https:\/\/grupofossilis.com.br\/wp-content\/uploads\/2026\/02\/afotos-005-1024x768.jpg\" alt=\"\" class=\"wp-image-3345\" srcset=\"https:\/\/grupofossilis.com.br\/wp-content\/uploads\/2026\/02\/afotos-005-1024x768.jpg 1024w, https:\/\/grupofossilis.com.br\/wp-content\/uploads\/2026\/02\/afotos-005-300x225.jpg 300w, https:\/\/grupofossilis.com.br\/wp-content\/uploads\/2026\/02\/afotos-005-768x576.jpg 768w, https:\/\/grupofossilis.com.br\/wp-content\/uploads\/2026\/02\/afotos-005-1536x1152.jpg 1536w, https:\/\/grupofossilis.com.br\/wp-content\/uploads\/2026\/02\/afotos-005.jpg 1600w\" sizes=\"auto, (max-width: 1024px) 100vw, 1024px\" \/><\/figure>\n\n\n\n<figure class=\"wp-block-image size-large\"><img loading=\"lazy\" decoding=\"async\" width=\"1024\" height=\"768\" data-id=\"3348\" src=\"https:\/\/grupofossilis.com.br\/wp-content\/uploads\/2026\/02\/afotos-007-1024x768.jpg\" alt=\"\" class=\"wp-image-3348\" srcset=\"https:\/\/grupofossilis.com.br\/wp-content\/uploads\/2026\/02\/afotos-007-1024x768.jpg 1024w, https:\/\/grupofossilis.com.br\/wp-content\/uploads\/2026\/02\/afotos-007-300x225.jpg 300w, https:\/\/grupofossilis.com.br\/wp-content\/uploads\/2026\/02\/afotos-007-768x576.jpg 768w, https:\/\/grupofossilis.com.br\/wp-content\/uploads\/2026\/02\/afotos-007-1536x1152.jpg 1536w, https:\/\/grupofossilis.com.br\/wp-content\/uploads\/2026\/02\/afotos-007.jpg 1600w\" sizes=\"auto, (max-width: 1024px) 100vw, 1024px\" \/><\/figure>\n\n\n\n<figure class=\"wp-block-image size-large\"><img loading=\"lazy\" decoding=\"async\" width=\"1024\" height=\"768\" data-id=\"3350\" src=\"https:\/\/grupofossilis.com.br\/wp-content\/uploads\/2026\/02\/afotos-008-1024x768.jpg\" alt=\"\" class=\"wp-image-3350\" srcset=\"https:\/\/grupofossilis.com.br\/wp-content\/uploads\/2026\/02\/afotos-008-1024x768.jpg 1024w, https:\/\/grupofossilis.com.br\/wp-content\/uploads\/2026\/02\/afotos-008-300x225.jpg 300w, https:\/\/grupofossilis.com.br\/wp-content\/uploads\/2026\/02\/afotos-008-768x576.jpg 768w, https:\/\/grupofossilis.com.br\/wp-content\/uploads\/2026\/02\/afotos-008-1536x1152.jpg 1536w, https:\/\/grupofossilis.com.br\/wp-content\/uploads\/2026\/02\/afotos-008.jpg 1600w\" sizes=\"auto, (max-width: 1024px) 100vw, 1024px\" \/><\/figure>\n\n\n\n<figure class=\"wp-block-image size-large\"><img loading=\"lazy\" decoding=\"async\" width=\"1024\" height=\"768\" data-id=\"3354\" src=\"https:\/\/grupofossilis.com.br\/wp-content\/uploads\/2026\/02\/afotos-009-1024x768.jpg\" alt=\"\" class=\"wp-image-3354\" srcset=\"https:\/\/grupofossilis.com.br\/wp-content\/uploads\/2026\/02\/afotos-009-1024x768.jpg 1024w, https:\/\/grupofossilis.com.br\/wp-content\/uploads\/2026\/02\/afotos-009-300x225.jpg 300w, https:\/\/grupofossilis.com.br\/wp-content\/uploads\/2026\/02\/afotos-009-768x576.jpg 768w, https:\/\/grupofossilis.com.br\/wp-content\/uploads\/2026\/02\/afotos-009-1536x1152.jpg 1536w, https:\/\/grupofossilis.com.br\/wp-content\/uploads\/2026\/02\/afotos-009.jpg 1600w\" sizes=\"auto, (max-width: 1024px) 100vw, 1024px\" \/><\/figure>\n\n\n\n<figure class=\"wp-block-image size-large\"><img loading=\"lazy\" decoding=\"async\" width=\"1024\" height=\"768\" data-id=\"3351\" src=\"https:\/\/grupofossilis.com.br\/wp-content\/uploads\/2026\/02\/afotos-010-1024x768.jpg\" alt=\"\" class=\"wp-image-3351\" srcset=\"https:\/\/grupofossilis.com.br\/wp-content\/uploads\/2026\/02\/afotos-010-1024x768.jpg 1024w, https:\/\/grupofossilis.com.br\/wp-content\/uploads\/2026\/02\/afotos-010-300x225.jpg 300w, https:\/\/grupofossilis.com.br\/wp-content\/uploads\/2026\/02\/afotos-010-768x576.jpg 768w, https:\/\/grupofossilis.com.br\/wp-content\/uploads\/2026\/02\/afotos-010-1536x1152.jpg 1536w, https:\/\/grupofossilis.com.br\/wp-content\/uploads\/2026\/02\/afotos-010.jpg 1600w\" sizes=\"auto, (max-width: 1024px) 100vw, 1024px\" \/><\/figure>\n\n\n\n<figure class=\"wp-block-image size-large\"><img loading=\"lazy\" decoding=\"async\" width=\"1024\" height=\"768\" data-id=\"3353\" src=\"https:\/\/grupofossilis.com.br\/wp-content\/uploads\/2026\/02\/P1070611-1024x768.jpg\" alt=\"\" class=\"wp-image-3353\" srcset=\"https:\/\/grupofossilis.com.br\/wp-content\/uploads\/2026\/02\/P1070611-1024x768.jpg 1024w, https:\/\/grupofossilis.com.br\/wp-content\/uploads\/2026\/02\/P1070611-300x225.jpg 300w, https:\/\/grupofossilis.com.br\/wp-content\/uploads\/2026\/02\/P1070611-768x576.jpg 768w, https:\/\/grupofossilis.com.br\/wp-content\/uploads\/2026\/02\/P1070611-1536x1152.jpg 1536w, https:\/\/grupofossilis.com.br\/wp-content\/uploads\/2026\/02\/P1070611-2048x1536.jpg 2048w\" sizes=\"auto, (max-width: 1024px) 100vw, 1024px\" \/><\/figure>\n\n\n\n<figure class=\"wp-block-image size-large\"><img loading=\"lazy\" decoding=\"async\" width=\"640\" height=\"480\" data-id=\"3355\" src=\"https:\/\/grupofossilis.com.br\/wp-content\/uploads\/2026\/02\/P1070612.jpg\" alt=\"\" class=\"wp-image-3355\" srcset=\"https:\/\/grupofossilis.com.br\/wp-content\/uploads\/2026\/02\/P1070612.jpg 640w, https:\/\/grupofossilis.com.br\/wp-content\/uploads\/2026\/02\/P1070612-300x225.jpg 300w\" sizes=\"auto, (max-width: 640px) 100vw, 640px\" \/><\/figure>\n\n\n\n<figure class=\"wp-block-image size-large\"><img loading=\"lazy\" decoding=\"async\" width=\"640\" height=\"480\" data-id=\"3352\" src=\"https:\/\/grupofossilis.com.br\/wp-content\/uploads\/2026\/02\/P1070613.jpg\" alt=\"\" class=\"wp-image-3352\" srcset=\"https:\/\/grupofossilis.com.br\/wp-content\/uploads\/2026\/02\/P1070613.jpg 640w, https:\/\/grupofossilis.com.br\/wp-content\/uploads\/2026\/02\/P1070613-300x225.jpg 300w\" sizes=\"auto, (max-width: 640px) 100vw, 640px\" \/><\/figure>\n\n\n\n<figure class=\"wp-block-image size-large\"><img loading=\"lazy\" decoding=\"async\" width=\"1024\" height=\"768\" data-id=\"3356\" src=\"https:\/\/grupofossilis.com.br\/wp-content\/uploads\/2026\/02\/P1070614-1024x768.jpg\" alt=\"\" class=\"wp-image-3356\" srcset=\"https:\/\/grupofossilis.com.br\/wp-content\/uploads\/2026\/02\/P1070614-1024x768.jpg 1024w, https:\/\/grupofossilis.com.br\/wp-content\/uploads\/2026\/02\/P1070614-300x225.jpg 300w, https:\/\/grupofossilis.com.br\/wp-content\/uploads\/2026\/02\/P1070614-768x576.jpg 768w, https:\/\/grupofossilis.com.br\/wp-content\/uploads\/2026\/02\/P1070614-1536x1152.jpg 1536w, https:\/\/grupofossilis.com.br\/wp-content\/uploads\/2026\/02\/P1070614-2048x1536.jpg 2048w\" sizes=\"auto, (max-width: 1024px) 100vw, 1024px\" \/><\/figure>\n\n\n\n<figure class=\"wp-block-image size-large\"><img loading=\"lazy\" decoding=\"async\" width=\"1024\" height=\"768\" data-id=\"3357\" src=\"https:\/\/grupofossilis.com.br\/wp-content\/uploads\/2026\/02\/P1070615-1024x768.jpg\" alt=\"\" class=\"wp-image-3357\" srcset=\"https:\/\/grupofossilis.com.br\/wp-content\/uploads\/2026\/02\/P1070615-1024x768.jpg 1024w, https:\/\/grupofossilis.com.br\/wp-content\/uploads\/2026\/02\/P1070615-300x225.jpg 300w, https:\/\/grupofossilis.com.br\/wp-content\/uploads\/2026\/02\/P1070615-768x576.jpg 768w, https:\/\/grupofossilis.com.br\/wp-content\/uploads\/2026\/02\/P1070615-1536x1152.jpg 1536w, https:\/\/grupofossilis.com.br\/wp-content\/uploads\/2026\/02\/P1070615-2048x1536.jpg 2048w\" sizes=\"auto, (max-width: 1024px) 100vw, 1024px\" \/><\/figure>\n\n\n\n<figure class=\"wp-block-image size-large\"><img loading=\"lazy\" decoding=\"async\" width=\"1024\" height=\"768\" data-id=\"3358\" src=\"https:\/\/grupofossilis.com.br\/wp-content\/uploads\/2026\/02\/P1070616-1024x768.jpg\" alt=\"\" class=\"wp-image-3358\" srcset=\"https:\/\/grupofossilis.com.br\/wp-content\/uploads\/2026\/02\/P1070616-1024x768.jpg 1024w, https:\/\/grupofossilis.com.br\/wp-content\/uploads\/2026\/02\/P1070616-300x225.jpg 300w, https:\/\/grupofossilis.com.br\/wp-content\/uploads\/2026\/02\/P1070616-768x576.jpg 768w, https:\/\/grupofossilis.com.br\/wp-content\/uploads\/2026\/02\/P1070616-1536x1152.jpg 1536w, https:\/\/grupofossilis.com.br\/wp-content\/uploads\/2026\/02\/P1070616-2048x1536.jpg 2048w\" sizes=\"auto, (max-width: 1024px) 100vw, 1024px\" \/><\/figure>\n<\/figure>\n\n\n\n<figure class=\"wp-block-gallery has-nested-images columns-default is-cropped wp-block-gallery-3 is-layout-flex wp-block-gallery-is-layout-flex\">\n<figure class=\"wp-block-image size-large\"><img loading=\"lazy\" decoding=\"async\" width=\"1024\" height=\"768\" data-id=\"3631\" src=\"https:\/\/grupofossilis.com.br\/wp-content\/uploads\/2026\/02\/afotos-004-1-1024x768.jpg\" alt=\"\" class=\"wp-image-3631\" srcset=\"https:\/\/grupofossilis.com.br\/wp-content\/uploads\/2026\/02\/afotos-004-1-1024x768.jpg 1024w, https:\/\/grupofossilis.com.br\/wp-content\/uploads\/2026\/02\/afotos-004-1-300x225.jpg 300w, https:\/\/grupofossilis.com.br\/wp-content\/uploads\/2026\/02\/afotos-004-1-768x576.jpg 768w, https:\/\/grupofossilis.com.br\/wp-content\/uploads\/2026\/02\/afotos-004-1-1536x1152.jpg 1536w, https:\/\/grupofossilis.com.br\/wp-content\/uploads\/2026\/02\/afotos-004-1.jpg 1600w\" sizes=\"auto, (max-width: 1024px) 100vw, 1024px\" \/><\/figure>\n\n\n\n<figure class=\"wp-block-image size-large\"><img loading=\"lazy\" decoding=\"async\" width=\"1024\" height=\"768\" data-id=\"3636\" src=\"https:\/\/grupofossilis.com.br\/wp-content\/uploads\/2026\/02\/afotos-011-1024x768.jpg\" alt=\"\" class=\"wp-image-3636\" srcset=\"https:\/\/grupofossilis.com.br\/wp-content\/uploads\/2026\/02\/afotos-011-1024x768.jpg 1024w, https:\/\/grupofossilis.com.br\/wp-content\/uploads\/2026\/02\/afotos-011-300x225.jpg 300w, https:\/\/grupofossilis.com.br\/wp-content\/uploads\/2026\/02\/afotos-011-768x576.jpg 768w, https:\/\/grupofossilis.com.br\/wp-content\/uploads\/2026\/02\/afotos-011-1536x1152.jpg 1536w, https:\/\/grupofossilis.com.br\/wp-content\/uploads\/2026\/02\/afotos-011.jpg 1600w\" sizes=\"auto, (max-width: 1024px) 100vw, 1024px\" \/><\/figure>\n\n\n\n<figure class=\"wp-block-image size-large\"><img loading=\"lazy\" decoding=\"async\" width=\"1024\" height=\"768\" data-id=\"3637\" src=\"https:\/\/grupofossilis.com.br\/wp-content\/uploads\/2026\/02\/afotos-013-1024x768.jpg\" alt=\"\" class=\"wp-image-3637\" srcset=\"https:\/\/grupofossilis.com.br\/wp-content\/uploads\/2026\/02\/afotos-013-1024x768.jpg 1024w, https:\/\/grupofossilis.com.br\/wp-content\/uploads\/2026\/02\/afotos-013-300x225.jpg 300w, https:\/\/grupofossilis.com.br\/wp-content\/uploads\/2026\/02\/afotos-013-768x576.jpg 768w, https:\/\/grupofossilis.com.br\/wp-content\/uploads\/2026\/02\/afotos-013-1536x1152.jpg 1536w, https:\/\/grupofossilis.com.br\/wp-content\/uploads\/2026\/02\/afotos-013.jpg 1600w\" sizes=\"auto, (max-width: 1024px) 100vw, 1024px\" \/><\/figure>\n\n\n\n<figure class=\"wp-block-image size-large\"><img loading=\"lazy\" decoding=\"async\" width=\"1024\" height=\"768\" data-id=\"3638\" src=\"https:\/\/grupofossilis.com.br\/wp-content\/uploads\/2026\/02\/afotos-015-1024x768.jpg\" alt=\"\" class=\"wp-image-3638\" srcset=\"https:\/\/grupofossilis.com.br\/wp-content\/uploads\/2026\/02\/afotos-015-1024x768.jpg 1024w, https:\/\/grupofossilis.com.br\/wp-content\/uploads\/2026\/02\/afotos-015-300x225.jpg 300w, https:\/\/grupofossilis.com.br\/wp-content\/uploads\/2026\/02\/afotos-015-768x576.jpg 768w, https:\/\/grupofossilis.com.br\/wp-content\/uploads\/2026\/02\/afotos-015-1536x1152.jpg 1536w, https:\/\/grupofossilis.com.br\/wp-content\/uploads\/2026\/02\/afotos-015.jpg 1600w\" sizes=\"auto, (max-width: 1024px) 100vw, 1024px\" \/><\/figure>\n\n\n\n<figure class=\"wp-block-image size-large\"><img loading=\"lazy\" decoding=\"async\" width=\"1024\" height=\"768\" data-id=\"3640\" src=\"https:\/\/grupofossilis.com.br\/wp-content\/uploads\/2026\/02\/P1070617-1-1024x768.jpg\" alt=\"\" class=\"wp-image-3640\" srcset=\"https:\/\/grupofossilis.com.br\/wp-content\/uploads\/2026\/02\/P1070617-1-1024x768.jpg 1024w, https:\/\/grupofossilis.com.br\/wp-content\/uploads\/2026\/02\/P1070617-1-300x225.jpg 300w, https:\/\/grupofossilis.com.br\/wp-content\/uploads\/2026\/02\/P1070617-1-768x576.jpg 768w, https:\/\/grupofossilis.com.br\/wp-content\/uploads\/2026\/02\/P1070617-1-1536x1152.jpg 1536w, https:\/\/grupofossilis.com.br\/wp-content\/uploads\/2026\/02\/P1070617-1-2048x1536.jpg 2048w\" sizes=\"auto, (max-width: 1024px) 100vw, 1024px\" \/><\/figure>\n\n\n\n<figure class=\"wp-block-image size-large\"><img loading=\"lazy\" decoding=\"async\" width=\"1024\" height=\"768\" data-id=\"3642\" src=\"https:\/\/grupofossilis.com.br\/wp-content\/uploads\/2026\/02\/P1070618-1024x768.jpg\" alt=\"\" class=\"wp-image-3642\" srcset=\"https:\/\/grupofossilis.com.br\/wp-content\/uploads\/2026\/02\/P1070618-1024x768.jpg 1024w, https:\/\/grupofossilis.com.br\/wp-content\/uploads\/2026\/02\/P1070618-300x225.jpg 300w, https:\/\/grupofossilis.com.br\/wp-content\/uploads\/2026\/02\/P1070618-768x576.jpg 768w, https:\/\/grupofossilis.com.br\/wp-content\/uploads\/2026\/02\/P1070618-1536x1152.jpg 1536w, https:\/\/grupofossilis.com.br\/wp-content\/uploads\/2026\/02\/P1070618-2048x1536.jpg 2048w\" sizes=\"auto, (max-width: 1024px) 100vw, 1024px\" \/><\/figure>\n<\/figure>\n","protected":false},"excerpt":{"rendered":"<p>01\/07\/2011 &#8211; Quinta da Boa Vista (Rio de Janeiro\/RJ)<\/p>\n","protected":false},"author":1,"featured_media":0,"parent":0,"menu_order":0,"comment_status":"closed","ping_status":"closed","template":"","meta":{"footnotes":""},"class_list":["post-3255","page","type-page","status-publish","hentry"],"_links":{"self":[{"href":"https:\/\/grupofossilis.com.br\/index.php\/wp-json\/wp\/v2\/pages\/3255","targetHints":{"allow":["GET"]}}],"collection":[{"href":"https:\/\/grupofossilis.com.br\/index.php\/wp-json\/wp\/v2\/pages"}],"about":[{"href":"https:\/\/grupofossilis.com.br\/index.php\/wp-json\/wp\/v2\/types\/page"}],"author":[{"embeddable":true,"href":"https:\/\/grupofossilis.com.br\/index.php\/wp-json\/wp\/v2\/users\/1"}],"replies":[{"embeddable":true,"href":"https:\/\/grupofossilis.com.br\/index.php\/wp-json\/wp\/v2\/comments?post=3255"}],"version-history":[{"count":3,"href":"https:\/\/grupofossilis.com.br\/index.php\/wp-json\/wp\/v2\/pages\/3255\/revisions"}],"predecessor-version":[{"id":3643,"href":"https:\/\/grupofossilis.com.br\/index.php\/wp-json\/wp\/v2\/pages\/3255\/revisions\/3643"}],"wp:attachment":[{"href":"https:\/\/grupofossilis.com.br\/index.php\/wp-json\/wp\/v2\/media?parent=3255"}],"curies":[{"name":"wp","href":"https:\/\/api.w.org\/{rel}","templated":true}]}}