{"id":3532,"date":"2011-12-05T16:12:00","date_gmt":"2011-12-05T18:12:00","guid":{"rendered":"https:\/\/grupofossilis.com.br\/?page_id=3532"},"modified":"2026-02-23T16:14:06","modified_gmt":"2026-02-23T19:14:06","slug":"8a-exposicao-paleoarqueologica-de-caratinga","status":"publish","type":"page","link":"https:\/\/grupofossilis.com.br\/index.php\/8a-exposicao-paleoarqueologica-de-caratinga\/","title":{"rendered":"8\u00aa EXPOSI\u00c7\u00c3O PALEOARQUEOL\u00d3GICA DE CARATINGA"},"content":{"rendered":"\n<p>05\/12\/2011 \u2013 Casa Ziraldo de Cultura (Caratinga\/MG)<\/p>\n\n\n\n<figure class=\"wp-block-gallery has-nested-images columns-default is-cropped wp-block-gallery-1 is-layout-flex wp-block-gallery-is-layout-flex\">\n<figure class=\"wp-block-image size-large\"><img loading=\"lazy\" decoding=\"async\" width=\"1024\" height=\"768\" data-id=\"3534\" src=\"https:\/\/grupofossilis.com.br\/wp-content\/uploads\/2026\/02\/exposicao-001-1024x768.jpg\" alt=\"\" class=\"wp-image-3534\" srcset=\"https:\/\/grupofossilis.com.br\/wp-content\/uploads\/2026\/02\/exposicao-001-1024x768.jpg 1024w, https:\/\/grupofossilis.com.br\/wp-content\/uploads\/2026\/02\/exposicao-001-300x225.jpg 300w, https:\/\/grupofossilis.com.br\/wp-content\/uploads\/2026\/02\/exposicao-001-768x576.jpg 768w, https:\/\/grupofossilis.com.br\/wp-content\/uploads\/2026\/02\/exposicao-001-1536x1152.jpg 1536w, https:\/\/grupofossilis.com.br\/wp-content\/uploads\/2026\/02\/exposicao-001.jpg 1600w\" sizes=\"auto, (max-width: 1024px) 100vw, 1024px\" \/><\/figure>\n\n\n\n<figure class=\"wp-block-image size-large\"><img loading=\"lazy\" decoding=\"async\" width=\"1024\" height=\"768\" data-id=\"3539\" src=\"https:\/\/grupofossilis.com.br\/wp-content\/uploads\/2026\/02\/exposicao-002-1024x768.jpg\" alt=\"\" class=\"wp-image-3539\" srcset=\"https:\/\/grupofossilis.com.br\/wp-content\/uploads\/2026\/02\/exposicao-002-1024x768.jpg 1024w, https:\/\/grupofossilis.com.br\/wp-content\/uploads\/2026\/02\/exposicao-002-300x225.jpg 300w, https:\/\/grupofossilis.com.br\/wp-content\/uploads\/2026\/02\/exposicao-002-768x576.jpg 768w, https:\/\/grupofossilis.com.br\/wp-content\/uploads\/2026\/02\/exposicao-002-1536x1152.jpg 1536w, https:\/\/grupofossilis.com.br\/wp-content\/uploads\/2026\/02\/exposicao-002.jpg 1600w\" sizes=\"auto, (max-width: 1024px) 100vw, 1024px\" \/><\/figure>\n\n\n\n<figure class=\"wp-block-image size-large\"><img loading=\"lazy\" decoding=\"async\" width=\"1024\" height=\"768\" data-id=\"3533\" src=\"https:\/\/grupofossilis.com.br\/wp-content\/uploads\/2026\/02\/exposicao-003-1024x768.jpg\" alt=\"\" class=\"wp-image-3533\" srcset=\"https:\/\/grupofossilis.com.br\/wp-content\/uploads\/2026\/02\/exposicao-003-1024x768.jpg 1024w, https:\/\/grupofossilis.com.br\/wp-content\/uploads\/2026\/02\/exposicao-003-300x225.jpg 300w, https:\/\/grupofossilis.com.br\/wp-content\/uploads\/2026\/02\/exposicao-003-768x576.jpg 768w, https:\/\/grupofossilis.com.br\/wp-content\/uploads\/2026\/02\/exposicao-003-1536x1152.jpg 1536w, https:\/\/grupofossilis.com.br\/wp-content\/uploads\/2026\/02\/exposicao-003.jpg 1600w\" sizes=\"auto, (max-width: 1024px) 100vw, 1024px\" \/><\/figure>\n\n\n\n<figure class=\"wp-block-image size-large\"><img loading=\"lazy\" decoding=\"async\" width=\"1024\" height=\"768\" data-id=\"3535\" src=\"https:\/\/grupofossilis.com.br\/wp-content\/uploads\/2026\/02\/exposicao-004-1024x768.jpg\" alt=\"\" class=\"wp-image-3535\" srcset=\"https:\/\/grupofossilis.com.br\/wp-content\/uploads\/2026\/02\/exposicao-004-1024x768.jpg 1024w, https:\/\/grupofossilis.com.br\/wp-content\/uploads\/2026\/02\/exposicao-004-300x225.jpg 300w, https:\/\/grupofossilis.com.br\/wp-content\/uploads\/2026\/02\/exposicao-004-768x576.jpg 768w, https:\/\/grupofossilis.com.br\/wp-content\/uploads\/2026\/02\/exposicao-004-1536x1152.jpg 1536w, https:\/\/grupofossilis.com.br\/wp-content\/uploads\/2026\/02\/exposicao-004.jpg 1600w\" sizes=\"auto, (max-width: 1024px) 100vw, 1024px\" \/><\/figure>\n\n\n\n<figure class=\"wp-block-image size-large\"><img loading=\"lazy\" decoding=\"async\" width=\"1024\" height=\"768\" data-id=\"3541\" src=\"https:\/\/grupofossilis.com.br\/wp-content\/uploads\/2026\/02\/exposicao-005-1024x768.jpg\" alt=\"\" class=\"wp-image-3541\" srcset=\"https:\/\/grupofossilis.com.br\/wp-content\/uploads\/2026\/02\/exposicao-005-1024x768.jpg 1024w, https:\/\/grupofossilis.com.br\/wp-content\/uploads\/2026\/02\/exposicao-005-300x225.jpg 300w, https:\/\/grupofossilis.com.br\/wp-content\/uploads\/2026\/02\/exposicao-005-768x576.jpg 768w, https:\/\/grupofossilis.com.br\/wp-content\/uploads\/2026\/02\/exposicao-005-1536x1152.jpg 1536w, https:\/\/grupofossilis.com.br\/wp-content\/uploads\/2026\/02\/exposicao-005.jpg 1600w\" sizes=\"auto, (max-width: 1024px) 100vw, 1024px\" \/><\/figure>\n\n\n\n<figure class=\"wp-block-image size-large\"><img loading=\"lazy\" decoding=\"async\" width=\"1024\" height=\"768\" data-id=\"3537\" src=\"https:\/\/grupofossilis.com.br\/wp-content\/uploads\/2026\/02\/exposicao-006-1024x768.jpg\" alt=\"\" class=\"wp-image-3537\" srcset=\"https:\/\/grupofossilis.com.br\/wp-content\/uploads\/2026\/02\/exposicao-006-1024x768.jpg 1024w, https:\/\/grupofossilis.com.br\/wp-content\/uploads\/2026\/02\/exposicao-006-300x225.jpg 300w, https:\/\/grupofossilis.com.br\/wp-content\/uploads\/2026\/02\/exposicao-006-768x576.jpg 768w, https:\/\/grupofossilis.com.br\/wp-content\/uploads\/2026\/02\/exposicao-006-1536x1152.jpg 1536w, https:\/\/grupofossilis.com.br\/wp-content\/uploads\/2026\/02\/exposicao-006.jpg 1600w\" sizes=\"auto, (max-width: 1024px) 100vw, 1024px\" \/><\/figure>\n\n\n\n<figure class=\"wp-block-image size-large\"><img loading=\"lazy\" decoding=\"async\" width=\"1024\" height=\"768\" data-id=\"3536\" src=\"https:\/\/grupofossilis.com.br\/wp-content\/uploads\/2026\/02\/exposicao-007-1024x768.jpg\" alt=\"\" class=\"wp-image-3536\" srcset=\"https:\/\/grupofossilis.com.br\/wp-content\/uploads\/2026\/02\/exposicao-007-1024x768.jpg 1024w, https:\/\/grupofossilis.com.br\/wp-content\/uploads\/2026\/02\/exposicao-007-300x225.jpg 300w, https:\/\/grupofossilis.com.br\/wp-content\/uploads\/2026\/02\/exposicao-007-768x576.jpg 768w, https:\/\/grupofossilis.com.br\/wp-content\/uploads\/2026\/02\/exposicao-007-1536x1152.jpg 1536w, https:\/\/grupofossilis.com.br\/wp-content\/uploads\/2026\/02\/exposicao-007.jpg 1600w\" sizes=\"auto, (max-width: 1024px) 100vw, 1024px\" \/><\/figure>\n\n\n\n<figure class=\"wp-block-image size-large\"><img loading=\"lazy\" decoding=\"async\" width=\"1024\" height=\"768\" data-id=\"3538\" src=\"https:\/\/grupofossilis.com.br\/wp-content\/uploads\/2026\/02\/exposicao-008-1024x768.jpg\" alt=\"\" class=\"wp-image-3538\" srcset=\"https:\/\/grupofossilis.com.br\/wp-content\/uploads\/2026\/02\/exposicao-008-1024x768.jpg 1024w, https:\/\/grupofossilis.com.br\/wp-content\/uploads\/2026\/02\/exposicao-008-300x225.jpg 300w, https:\/\/grupofossilis.com.br\/wp-content\/uploads\/2026\/02\/exposicao-008-768x576.jpg 768w, https:\/\/grupofossilis.com.br\/wp-content\/uploads\/2026\/02\/exposicao-008-1536x1152.jpg 1536w, https:\/\/grupofossilis.com.br\/wp-content\/uploads\/2026\/02\/exposicao-008.jpg 1600w\" sizes=\"auto, (max-width: 1024px) 100vw, 1024px\" \/><\/figure>\n\n\n\n<figure class=\"wp-block-image size-large\"><img loading=\"lazy\" decoding=\"async\" width=\"1024\" height=\"768\" data-id=\"3540\" src=\"https:\/\/grupofossilis.com.br\/wp-content\/uploads\/2026\/02\/exposicao-009-1024x768.jpg\" alt=\"\" class=\"wp-image-3540\" srcset=\"https:\/\/grupofossilis.com.br\/wp-content\/uploads\/2026\/02\/exposicao-009-1024x768.jpg 1024w, https:\/\/grupofossilis.com.br\/wp-content\/uploads\/2026\/02\/exposicao-009-300x225.jpg 300w, https:\/\/grupofossilis.com.br\/wp-content\/uploads\/2026\/02\/exposicao-009-768x576.jpg 768w, https:\/\/grupofossilis.com.br\/wp-content\/uploads\/2026\/02\/exposicao-009-1536x1152.jpg 1536w, https:\/\/grupofossilis.com.br\/wp-content\/uploads\/2026\/02\/exposicao-009.jpg 1600w\" sizes=\"auto, (max-width: 1024px) 100vw, 1024px\" \/><\/figure>\n<\/figure>\n","protected":false},"excerpt":{"rendered":"<p>05\/12\/2011 \u2013 Casa Ziraldo de Cultura (Caratinga\/MG)<\/p>\n","protected":false},"author":1,"featured_media":0,"parent":0,"menu_order":0,"comment_status":"closed","ping_status":"closed","template":"","meta":{"footnotes":""},"class_list":["post-3532","page","type-page","status-publish","hentry"],"_links":{"self":[{"href":"https:\/\/grupofossilis.com.br\/index.php\/wp-json\/wp\/v2\/pages\/3532","targetHints":{"allow":["GET"]}}],"collection":[{"href":"https:\/\/grupofossilis.com.br\/index.php\/wp-json\/wp\/v2\/pages"}],"about":[{"href":"https:\/\/grupofossilis.com.br\/index.php\/wp-json\/wp\/v2\/types\/page"}],"author":[{"embeddable":true,"href":"https:\/\/grupofossilis.com.br\/index.php\/wp-json\/wp\/v2\/users\/1"}],"replies":[{"embeddable":true,"href":"https:\/\/grupofossilis.com.br\/index.php\/wp-json\/wp\/v2\/comments?post=3532"}],"version-history":[{"count":1,"href":"https:\/\/grupofossilis.com.br\/index.php\/wp-json\/wp\/v2\/pages\/3532\/revisions"}],"predecessor-version":[{"id":3542,"href":"https:\/\/grupofossilis.com.br\/index.php\/wp-json\/wp\/v2\/pages\/3532\/revisions\/3542"}],"wp:attachment":[{"href":"https:\/\/grupofossilis.com.br\/index.php\/wp-json\/wp\/v2\/media?parent=3532"}],"curies":[{"name":"wp","href":"https:\/\/api.w.org\/{rel}","templated":true}]}}