{"id":3690,"date":"2012-10-01T19:00:00","date_gmt":"2012-10-01T22:00:00","guid":{"rendered":"https:\/\/grupofossilis.com.br\/?page_id=3690"},"modified":"2026-02-23T19:05:30","modified_gmt":"2026-02-23T22:05:30","slug":"9a-exposicao-paleoarqueologica-de-caratinga","status":"publish","type":"page","link":"https:\/\/grupofossilis.com.br\/index.php\/9a-exposicao-paleoarqueologica-de-caratinga\/","title":{"rendered":"9\u00aa EXPOSI\u00c7\u00c3O PALEOARQUEOL\u00d3GICA DE CARATINGA"},"content":{"rendered":"\n<p>01\/10\/2012 \u2013 Casar\u00e3o das Artes<\/p>\n\n\n\n<figure class=\"wp-block-gallery has-nested-images columns-default is-cropped wp-block-gallery-1 is-layout-flex wp-block-gallery-is-layout-flex\">\n<figure class=\"wp-block-image size-large\"><img loading=\"lazy\" decoding=\"async\" width=\"1024\" height=\"768\" data-id=\"3693\" src=\"https:\/\/grupofossilis.com.br\/wp-content\/uploads\/2026\/02\/Fotos-011-1024x768.jpg\" alt=\"\" class=\"wp-image-3693\" srcset=\"https:\/\/grupofossilis.com.br\/wp-content\/uploads\/2026\/02\/Fotos-011-1024x768.jpg 1024w, https:\/\/grupofossilis.com.br\/wp-content\/uploads\/2026\/02\/Fotos-011-300x225.jpg 300w, https:\/\/grupofossilis.com.br\/wp-content\/uploads\/2026\/02\/Fotos-011-768x576.jpg 768w, https:\/\/grupofossilis.com.br\/wp-content\/uploads\/2026\/02\/Fotos-011-1536x1152.jpg 1536w, https:\/\/grupofossilis.com.br\/wp-content\/uploads\/2026\/02\/Fotos-011.jpg 1600w\" sizes=\"auto, (max-width: 1024px) 100vw, 1024px\" \/><\/figure>\n\n\n\n<figure class=\"wp-block-image size-large\"><img loading=\"lazy\" decoding=\"async\" width=\"1024\" height=\"768\" data-id=\"3692\" src=\"https:\/\/grupofossilis.com.br\/wp-content\/uploads\/2026\/02\/Fotos-012-1024x768.jpg\" alt=\"\" class=\"wp-image-3692\" srcset=\"https:\/\/grupofossilis.com.br\/wp-content\/uploads\/2026\/02\/Fotos-012-1024x768.jpg 1024w, https:\/\/grupofossilis.com.br\/wp-content\/uploads\/2026\/02\/Fotos-012-300x225.jpg 300w, https:\/\/grupofossilis.com.br\/wp-content\/uploads\/2026\/02\/Fotos-012-768x576.jpg 768w, https:\/\/grupofossilis.com.br\/wp-content\/uploads\/2026\/02\/Fotos-012-1536x1152.jpg 1536w, https:\/\/grupofossilis.com.br\/wp-content\/uploads\/2026\/02\/Fotos-012.jpg 1600w\" sizes=\"auto, (max-width: 1024px) 100vw, 1024px\" \/><\/figure>\n\n\n\n<figure class=\"wp-block-image size-large\"><img loading=\"lazy\" decoding=\"async\" width=\"1024\" height=\"768\" data-id=\"3694\" src=\"https:\/\/grupofossilis.com.br\/wp-content\/uploads\/2026\/02\/Fotos-016-1024x768.jpg\" alt=\"\" class=\"wp-image-3694\" srcset=\"https:\/\/grupofossilis.com.br\/wp-content\/uploads\/2026\/02\/Fotos-016-1024x768.jpg 1024w, https:\/\/grupofossilis.com.br\/wp-content\/uploads\/2026\/02\/Fotos-016-300x225.jpg 300w, https:\/\/grupofossilis.com.br\/wp-content\/uploads\/2026\/02\/Fotos-016-768x576.jpg 768w, https:\/\/grupofossilis.com.br\/wp-content\/uploads\/2026\/02\/Fotos-016-1536x1152.jpg 1536w, https:\/\/grupofossilis.com.br\/wp-content\/uploads\/2026\/02\/Fotos-016.jpg 1600w\" sizes=\"auto, (max-width: 1024px) 100vw, 1024px\" \/><\/figure>\n\n\n\n<figure class=\"wp-block-image size-large\"><img loading=\"lazy\" decoding=\"async\" width=\"1024\" height=\"768\" data-id=\"3695\" src=\"https:\/\/grupofossilis.com.br\/wp-content\/uploads\/2026\/02\/Fotos-017-1024x768.jpg\" alt=\"\" class=\"wp-image-3695\" srcset=\"https:\/\/grupofossilis.com.br\/wp-content\/uploads\/2026\/02\/Fotos-017-1024x768.jpg 1024w, https:\/\/grupofossilis.com.br\/wp-content\/uploads\/2026\/02\/Fotos-017-300x225.jpg 300w, https:\/\/grupofossilis.com.br\/wp-content\/uploads\/2026\/02\/Fotos-017-768x576.jpg 768w, https:\/\/grupofossilis.com.br\/wp-content\/uploads\/2026\/02\/Fotos-017-1536x1152.jpg 1536w, https:\/\/grupofossilis.com.br\/wp-content\/uploads\/2026\/02\/Fotos-017.jpg 1600w\" sizes=\"auto, (max-width: 1024px) 100vw, 1024px\" \/><\/figure>\n\n\n\n<figure class=\"wp-block-image size-large\"><img loading=\"lazy\" decoding=\"async\" width=\"1024\" height=\"768\" data-id=\"3696\" src=\"https:\/\/grupofossilis.com.br\/wp-content\/uploads\/2026\/02\/Fotos-018-1024x768.jpg\" alt=\"\" class=\"wp-image-3696\" srcset=\"https:\/\/grupofossilis.com.br\/wp-content\/uploads\/2026\/02\/Fotos-018-1024x768.jpg 1024w, https:\/\/grupofossilis.com.br\/wp-content\/uploads\/2026\/02\/Fotos-018-300x225.jpg 300w, https:\/\/grupofossilis.com.br\/wp-content\/uploads\/2026\/02\/Fotos-018-768x576.jpg 768w, https:\/\/grupofossilis.com.br\/wp-content\/uploads\/2026\/02\/Fotos-018-1536x1152.jpg 1536w, https:\/\/grupofossilis.com.br\/wp-content\/uploads\/2026\/02\/Fotos-018.jpg 1600w\" sizes=\"auto, (max-width: 1024px) 100vw, 1024px\" \/><\/figure>\n\n\n\n<figure class=\"wp-block-image size-large\"><img loading=\"lazy\" decoding=\"async\" width=\"1024\" height=\"768\" data-id=\"3691\" src=\"https:\/\/grupofossilis.com.br\/wp-content\/uploads\/2026\/02\/Fotos-020-1024x768.jpg\" alt=\"\" class=\"wp-image-3691\" srcset=\"https:\/\/grupofossilis.com.br\/wp-content\/uploads\/2026\/02\/Fotos-020-1024x768.jpg 1024w, https:\/\/grupofossilis.com.br\/wp-content\/uploads\/2026\/02\/Fotos-020-300x225.jpg 300w, https:\/\/grupofossilis.com.br\/wp-content\/uploads\/2026\/02\/Fotos-020-768x576.jpg 768w, https:\/\/grupofossilis.com.br\/wp-content\/uploads\/2026\/02\/Fotos-020-1536x1152.jpg 1536w, https:\/\/grupofossilis.com.br\/wp-content\/uploads\/2026\/02\/Fotos-020.jpg 1600w\" sizes=\"auto, (max-width: 1024px) 100vw, 1024px\" \/><\/figure>\n<\/figure>\n\n\n\n<figure class=\"wp-block-gallery has-nested-images columns-default is-cropped wp-block-gallery-2 is-layout-flex wp-block-gallery-is-layout-flex\">\n<figure class=\"wp-block-image size-large\"><img loading=\"lazy\" decoding=\"async\" width=\"768\" height=\"1024\" data-id=\"3699\" src=\"https:\/\/grupofossilis.com.br\/wp-content\/uploads\/2026\/02\/Fotos-014-768x1024.jpg\" alt=\"\" class=\"wp-image-3699\" srcset=\"https:\/\/grupofossilis.com.br\/wp-content\/uploads\/2026\/02\/Fotos-014-768x1024.jpg 768w, https:\/\/grupofossilis.com.br\/wp-content\/uploads\/2026\/02\/Fotos-014-225x300.jpg 225w, https:\/\/grupofossilis.com.br\/wp-content\/uploads\/2026\/02\/Fotos-014-1152x1536.jpg 1152w, https:\/\/grupofossilis.com.br\/wp-content\/uploads\/2026\/02\/Fotos-014-rotated.jpg 1200w\" sizes=\"auto, (max-width: 768px) 100vw, 768px\" \/><\/figure>\n\n\n\n<figure class=\"wp-block-image size-large\"><img loading=\"lazy\" decoding=\"async\" width=\"768\" height=\"1024\" data-id=\"3697\" src=\"https:\/\/grupofossilis.com.br\/wp-content\/uploads\/2026\/02\/Fotos-015-768x1024.jpg\" alt=\"\" class=\"wp-image-3697\" srcset=\"https:\/\/grupofossilis.com.br\/wp-content\/uploads\/2026\/02\/Fotos-015-768x1024.jpg 768w, https:\/\/grupofossilis.com.br\/wp-content\/uploads\/2026\/02\/Fotos-015-225x300.jpg 225w, https:\/\/grupofossilis.com.br\/wp-content\/uploads\/2026\/02\/Fotos-015-1152x1536.jpg 1152w, https:\/\/grupofossilis.com.br\/wp-content\/uploads\/2026\/02\/Fotos-015-rotated.jpg 1200w\" sizes=\"auto, (max-width: 768px) 100vw, 768px\" \/><\/figure>\n\n\n\n<figure class=\"wp-block-image size-large\"><img loading=\"lazy\" decoding=\"async\" width=\"768\" height=\"1024\" data-id=\"3698\" src=\"https:\/\/grupofossilis.com.br\/wp-content\/uploads\/2026\/02\/Fotos-019-768x1024.jpg\" alt=\"\" class=\"wp-image-3698\" srcset=\"https:\/\/grupofossilis.com.br\/wp-content\/uploads\/2026\/02\/Fotos-019-768x1024.jpg 768w, https:\/\/grupofossilis.com.br\/wp-content\/uploads\/2026\/02\/Fotos-019-225x300.jpg 225w, https:\/\/grupofossilis.com.br\/wp-content\/uploads\/2026\/02\/Fotos-019-1152x1536.jpg 1152w, https:\/\/grupofossilis.com.br\/wp-content\/uploads\/2026\/02\/Fotos-019-rotated.jpg 1200w\" sizes=\"auto, (max-width: 768px) 100vw, 768px\" \/><\/figure>\n<\/figure>\n","protected":false},"excerpt":{"rendered":"<p>01\/10\/2012 \u2013 Casar\u00e3o das Artes<\/p>\n","protected":false},"author":1,"featured_media":0,"parent":0,"menu_order":0,"comment_status":"closed","ping_status":"closed","template":"","meta":{"footnotes":""},"class_list":["post-3690","page","type-page","status-publish","hentry"],"_links":{"self":[{"href":"https:\/\/grupofossilis.com.br\/index.php\/wp-json\/wp\/v2\/pages\/3690","targetHints":{"allow":["GET"]}}],"collection":[{"href":"https:\/\/grupofossilis.com.br\/index.php\/wp-json\/wp\/v2\/pages"}],"about":[{"href":"https:\/\/grupofossilis.com.br\/index.php\/wp-json\/wp\/v2\/types\/page"}],"author":[{"embeddable":true,"href":"https:\/\/grupofossilis.com.br\/index.php\/wp-json\/wp\/v2\/users\/1"}],"replies":[{"embeddable":true,"href":"https:\/\/grupofossilis.com.br\/index.php\/wp-json\/wp\/v2\/comments?post=3690"}],"version-history":[{"count":1,"href":"https:\/\/grupofossilis.com.br\/index.php\/wp-json\/wp\/v2\/pages\/3690\/revisions"}],"predecessor-version":[{"id":3700,"href":"https:\/\/grupofossilis.com.br\/index.php\/wp-json\/wp\/v2\/pages\/3690\/revisions\/3700"}],"wp:attachment":[{"href":"https:\/\/grupofossilis.com.br\/index.php\/wp-json\/wp\/v2\/media?parent=3690"}],"curies":[{"name":"wp","href":"https:\/\/api.w.org\/{rel}","templated":true}]}}