{"id":3702,"date":"2015-05-12T19:22:00","date_gmt":"2015-05-12T22:22:00","guid":{"rendered":"https:\/\/grupofossilis.com.br\/?page_id=3702"},"modified":"2026-02-23T19:23:35","modified_gmt":"2026-02-23T22:23:35","slug":"participacao-no-projeto-conexao-corredor-ecologico-sossego-caratinga","status":"publish","type":"page","link":"https:\/\/grupofossilis.com.br\/index.php\/participacao-no-projeto-conexao-corredor-ecologico-sossego-caratinga\/","title":{"rendered":"PARTICIPA\u00c7\u00c3O NO PROJETO CONEX\u00c3O \u2013 CORREDOR ECOL\u00d3GICO: SOSSEGO\/CARATINGA"},"content":{"rendered":"\n<p>12\/05\/2015 &#8211; Casar\u00e3o das Artes (Caratinga\/MG)<\/p>\n\n\n\n<figure class=\"wp-block-gallery has-nested-images columns-default is-cropped wp-block-gallery-1 is-layout-flex wp-block-gallery-is-layout-flex\">\n<figure class=\"wp-block-image size-large\"><img loading=\"lazy\" decoding=\"async\" width=\"960\" height=\"720\" data-id=\"3703\" src=\"https:\/\/grupofossilis.com.br\/wp-content\/uploads\/2026\/02\/Muriqui.jpg\" alt=\"\" class=\"wp-image-3703\" srcset=\"https:\/\/grupofossilis.com.br\/wp-content\/uploads\/2026\/02\/Muriqui.jpg 960w, https:\/\/grupofossilis.com.br\/wp-content\/uploads\/2026\/02\/Muriqui-300x225.jpg 300w, https:\/\/grupofossilis.com.br\/wp-content\/uploads\/2026\/02\/Muriqui-768x576.jpg 768w\" sizes=\"auto, (max-width: 960px) 100vw, 960px\" \/><\/figure>\n\n\n\n<figure class=\"wp-block-image size-large\"><img loading=\"lazy\" decoding=\"async\" width=\"960\" height=\"720\" data-id=\"3704\" src=\"https:\/\/grupofossilis.com.br\/wp-content\/uploads\/2026\/02\/Muriqui-01.jpg\" alt=\"\" class=\"wp-image-3704\" srcset=\"https:\/\/grupofossilis.com.br\/wp-content\/uploads\/2026\/02\/Muriqui-01.jpg 960w, https:\/\/grupofossilis.com.br\/wp-content\/uploads\/2026\/02\/Muriqui-01-300x225.jpg 300w, https:\/\/grupofossilis.com.br\/wp-content\/uploads\/2026\/02\/Muriqui-01-768x576.jpg 768w\" sizes=\"auto, (max-width: 960px) 100vw, 960px\" \/><\/figure>\n\n\n\n<figure class=\"wp-block-image size-large\"><img loading=\"lazy\" decoding=\"async\" width=\"960\" height=\"720\" data-id=\"3706\" src=\"https:\/\/grupofossilis.com.br\/wp-content\/uploads\/2026\/02\/Muriqui-02.jpg\" alt=\"\" class=\"wp-image-3706\" srcset=\"https:\/\/grupofossilis.com.br\/wp-content\/uploads\/2026\/02\/Muriqui-02.jpg 960w, https:\/\/grupofossilis.com.br\/wp-content\/uploads\/2026\/02\/Muriqui-02-300x225.jpg 300w, https:\/\/grupofossilis.com.br\/wp-content\/uploads\/2026\/02\/Muriqui-02-768x576.jpg 768w\" sizes=\"auto, (max-width: 960px) 100vw, 960px\" \/><\/figure>\n\n\n\n<figure class=\"wp-block-image size-large\"><img loading=\"lazy\" decoding=\"async\" width=\"960\" height=\"720\" data-id=\"3705\" src=\"https:\/\/grupofossilis.com.br\/wp-content\/uploads\/2026\/02\/Muriqui-03.jpg\" alt=\"\" class=\"wp-image-3705\" srcset=\"https:\/\/grupofossilis.com.br\/wp-content\/uploads\/2026\/02\/Muriqui-03.jpg 960w, https:\/\/grupofossilis.com.br\/wp-content\/uploads\/2026\/02\/Muriqui-03-300x225.jpg 300w, https:\/\/grupofossilis.com.br\/wp-content\/uploads\/2026\/02\/Muriqui-03-768x576.jpg 768w\" sizes=\"auto, (max-width: 960px) 100vw, 960px\" \/><\/figure>\n\n\n\n<figure class=\"wp-block-image size-large\"><img loading=\"lazy\" decoding=\"async\" width=\"960\" height=\"720\" data-id=\"3707\" src=\"https:\/\/grupofossilis.com.br\/wp-content\/uploads\/2026\/02\/Muriqui-04.jpg\" alt=\"\" class=\"wp-image-3707\" srcset=\"https:\/\/grupofossilis.com.br\/wp-content\/uploads\/2026\/02\/Muriqui-04.jpg 960w, https:\/\/grupofossilis.com.br\/wp-content\/uploads\/2026\/02\/Muriqui-04-300x225.jpg 300w, https:\/\/grupofossilis.com.br\/wp-content\/uploads\/2026\/02\/Muriqui-04-768x576.jpg 768w\" sizes=\"auto, (max-width: 960px) 100vw, 960px\" \/><\/figure>\n\n\n\n<figure class=\"wp-block-image size-large\"><img loading=\"lazy\" decoding=\"async\" width=\"960\" height=\"720\" data-id=\"3708\" src=\"https:\/\/grupofossilis.com.br\/wp-content\/uploads\/2026\/02\/Muriqui-05.jpg\" alt=\"\" class=\"wp-image-3708\" srcset=\"https:\/\/grupofossilis.com.br\/wp-content\/uploads\/2026\/02\/Muriqui-05.jpg 960w, https:\/\/grupofossilis.com.br\/wp-content\/uploads\/2026\/02\/Muriqui-05-300x225.jpg 300w, https:\/\/grupofossilis.com.br\/wp-content\/uploads\/2026\/02\/Muriqui-05-768x576.jpg 768w\" sizes=\"auto, (max-width: 960px) 100vw, 960px\" \/><\/figure>\n\n\n\n<figure class=\"wp-block-image size-large\"><img loading=\"lazy\" decoding=\"async\" width=\"960\" height=\"720\" data-id=\"3709\" src=\"https:\/\/grupofossilis.com.br\/wp-content\/uploads\/2026\/02\/Muriqui-06.jpg\" alt=\"\" class=\"wp-image-3709\" srcset=\"https:\/\/grupofossilis.com.br\/wp-content\/uploads\/2026\/02\/Muriqui-06.jpg 960w, https:\/\/grupofossilis.com.br\/wp-content\/uploads\/2026\/02\/Muriqui-06-300x225.jpg 300w, https:\/\/grupofossilis.com.br\/wp-content\/uploads\/2026\/02\/Muriqui-06-768x576.jpg 768w\" sizes=\"auto, (max-width: 960px) 100vw, 960px\" \/><\/figure>\n\n\n\n<figure class=\"wp-block-image size-large\"><img loading=\"lazy\" decoding=\"async\" width=\"960\" height=\"639\" data-id=\"3710\" src=\"https:\/\/grupofossilis.com.br\/wp-content\/uploads\/2026\/02\/Muriqui-07.jpg\" alt=\"\" class=\"wp-image-3710\" srcset=\"https:\/\/grupofossilis.com.br\/wp-content\/uploads\/2026\/02\/Muriqui-07.jpg 960w, https:\/\/grupofossilis.com.br\/wp-content\/uploads\/2026\/02\/Muriqui-07-300x200.jpg 300w, https:\/\/grupofossilis.com.br\/wp-content\/uploads\/2026\/02\/Muriqui-07-768x511.jpg 768w\" sizes=\"auto, (max-width: 960px) 100vw, 960px\" \/><\/figure>\n\n\n\n<figure class=\"wp-block-image size-large\"><img loading=\"lazy\" decoding=\"async\" width=\"960\" height=\"639\" data-id=\"3711\" src=\"https:\/\/grupofossilis.com.br\/wp-content\/uploads\/2026\/02\/Muriqui-08.jpg\" alt=\"\" class=\"wp-image-3711\" srcset=\"https:\/\/grupofossilis.com.br\/wp-content\/uploads\/2026\/02\/Muriqui-08.jpg 960w, https:\/\/grupofossilis.com.br\/wp-content\/uploads\/2026\/02\/Muriqui-08-300x200.jpg 300w, https:\/\/grupofossilis.com.br\/wp-content\/uploads\/2026\/02\/Muriqui-08-768x511.jpg 768w\" sizes=\"auto, (max-width: 960px) 100vw, 960px\" \/><\/figure>\n<\/figure>\n","protected":false},"excerpt":{"rendered":"<p>12\/05\/2015 &#8211; Casar\u00e3o das Artes (Caratinga\/MG)<\/p>\n","protected":false},"author":1,"featured_media":0,"parent":0,"menu_order":0,"comment_status":"closed","ping_status":"closed","template":"","meta":{"footnotes":""},"class_list":["post-3702","page","type-page","status-publish","hentry"],"_links":{"self":[{"href":"https:\/\/grupofossilis.com.br\/index.php\/wp-json\/wp\/v2\/pages\/3702","targetHints":{"allow":["GET"]}}],"collection":[{"href":"https:\/\/grupofossilis.com.br\/index.php\/wp-json\/wp\/v2\/pages"}],"about":[{"href":"https:\/\/grupofossilis.com.br\/index.php\/wp-json\/wp\/v2\/types\/page"}],"author":[{"embeddable":true,"href":"https:\/\/grupofossilis.com.br\/index.php\/wp-json\/wp\/v2\/users\/1"}],"replies":[{"embeddable":true,"href":"https:\/\/grupofossilis.com.br\/index.php\/wp-json\/wp\/v2\/comments?post=3702"}],"version-history":[{"count":1,"href":"https:\/\/grupofossilis.com.br\/index.php\/wp-json\/wp\/v2\/pages\/3702\/revisions"}],"predecessor-version":[{"id":3712,"href":"https:\/\/grupofossilis.com.br\/index.php\/wp-json\/wp\/v2\/pages\/3702\/revisions\/3712"}],"wp:attachment":[{"href":"https:\/\/grupofossilis.com.br\/index.php\/wp-json\/wp\/v2\/media?parent=3702"}],"curies":[{"name":"wp","href":"https:\/\/api.w.org\/{rel}","templated":true}]}}