{"id":3733,"date":"2014-06-16T19:51:00","date_gmt":"2014-06-16T22:51:00","guid":{"rendered":"https:\/\/grupofossilis.com.br\/?page_id=3733"},"modified":"2026-02-23T19:53:06","modified_gmt":"2026-02-23T22:53:06","slug":"exposicao-filatelica-selos-de-todo-mundo","status":"publish","type":"page","link":"https:\/\/grupofossilis.com.br\/index.php\/exposicao-filatelica-selos-de-todo-mundo\/","title":{"rendered":"EXPOSI\u00c7\u00c3O FILAT\u00c9LICA &#8220;SELOS DE TODO MUNDO&#8221;"},"content":{"rendered":"\n<p>16\/06\/2014 &#8211; Casa Ziraldo de Cultura (Caratinga\/MG)<\/p>\n\n\n\n<figure class=\"wp-block-gallery has-nested-images columns-default is-cropped wp-block-gallery-1 is-layout-flex wp-block-gallery-is-layout-flex\">\n<figure class=\"wp-block-image size-large\"><img loading=\"lazy\" decoding=\"async\" width=\"400\" height=\"225\" data-id=\"3734\" src=\"https:\/\/grupofossilis.com.br\/wp-content\/uploads\/2026\/02\/1126117144082113.jpg\" alt=\"\" class=\"wp-image-3734\" srcset=\"https:\/\/grupofossilis.com.br\/wp-content\/uploads\/2026\/02\/1126117144082113.jpg 400w, https:\/\/grupofossilis.com.br\/wp-content\/uploads\/2026\/02\/1126117144082113-300x169.jpg 300w\" sizes=\"auto, (max-width: 400px) 100vw, 400px\" \/><\/figure>\n\n\n\n<figure class=\"wp-block-image size-large\"><img loading=\"lazy\" decoding=\"async\" width=\"843\" height=\"474\" data-id=\"3735\" src=\"https:\/\/grupofossilis.com.br\/wp-content\/uploads\/2026\/02\/1126117200748774.jpg\" alt=\"\" class=\"wp-image-3735\" srcset=\"https:\/\/grupofossilis.com.br\/wp-content\/uploads\/2026\/02\/1126117200748774.jpg 843w, https:\/\/grupofossilis.com.br\/wp-content\/uploads\/2026\/02\/1126117200748774-300x169.jpg 300w, https:\/\/grupofossilis.com.br\/wp-content\/uploads\/2026\/02\/1126117200748774-768x432.jpg 768w\" sizes=\"auto, (max-width: 843px) 100vw, 843px\" \/><\/figure>\n\n\n\n<figure class=\"wp-block-image size-large\"><img loading=\"lazy\" decoding=\"async\" width=\"843\" height=\"474\" data-id=\"3737\" src=\"https:\/\/grupofossilis.com.br\/wp-content\/uploads\/2026\/02\/1126119394081888.jpg\" alt=\"\" class=\"wp-image-3737\" srcset=\"https:\/\/grupofossilis.com.br\/wp-content\/uploads\/2026\/02\/1126119394081888.jpg 843w, https:\/\/grupofossilis.com.br\/wp-content\/uploads\/2026\/02\/1126119394081888-300x169.jpg 300w, https:\/\/grupofossilis.com.br\/wp-content\/uploads\/2026\/02\/1126119394081888-768x432.jpg 768w\" sizes=\"auto, (max-width: 843px) 100vw, 843px\" \/><\/figure>\n\n\n\n<figure class=\"wp-block-image size-large\"><img loading=\"lazy\" decoding=\"async\" width=\"843\" height=\"474\" data-id=\"3738\" src=\"https:\/\/grupofossilis.com.br\/wp-content\/uploads\/2026\/02\/1126121410748353.jpg\" alt=\"\" class=\"wp-image-3738\" srcset=\"https:\/\/grupofossilis.com.br\/wp-content\/uploads\/2026\/02\/1126121410748353.jpg 843w, https:\/\/grupofossilis.com.br\/wp-content\/uploads\/2026\/02\/1126121410748353-300x169.jpg 300w, https:\/\/grupofossilis.com.br\/wp-content\/uploads\/2026\/02\/1126121410748353-768x432.jpg 768w\" sizes=\"auto, (max-width: 843px) 100vw, 843px\" \/><\/figure>\n\n\n\n<figure class=\"wp-block-image size-large\"><img loading=\"lazy\" decoding=\"async\" width=\"843\" height=\"474\" data-id=\"3736\" src=\"https:\/\/grupofossilis.com.br\/wp-content\/uploads\/2026\/02\/1126123784081449.jpg\" alt=\"\" class=\"wp-image-3736\" srcset=\"https:\/\/grupofossilis.com.br\/wp-content\/uploads\/2026\/02\/1126123784081449.jpg 843w, https:\/\/grupofossilis.com.br\/wp-content\/uploads\/2026\/02\/1126123784081449-300x169.jpg 300w, https:\/\/grupofossilis.com.br\/wp-content\/uploads\/2026\/02\/1126123784081449-768x432.jpg 768w\" sizes=\"auto, (max-width: 843px) 100vw, 843px\" \/><\/figure>\n\n\n\n<figure class=\"wp-block-image size-large\"><img loading=\"lazy\" decoding=\"async\" width=\"843\" height=\"474\" data-id=\"3739\" src=\"https:\/\/grupofossilis.com.br\/wp-content\/uploads\/2026\/02\/1126125844081243.jpg\" alt=\"\" class=\"wp-image-3739\" srcset=\"https:\/\/grupofossilis.com.br\/wp-content\/uploads\/2026\/02\/1126125844081243.jpg 843w, https:\/\/grupofossilis.com.br\/wp-content\/uploads\/2026\/02\/1126125844081243-300x169.jpg 300w, https:\/\/grupofossilis.com.br\/wp-content\/uploads\/2026\/02\/1126125844081243-768x432.jpg 768w\" sizes=\"auto, (max-width: 843px) 100vw, 843px\" \/><\/figure>\n\n\n\n<figure class=\"wp-block-image size-large\"><img loading=\"lazy\" decoding=\"async\" width=\"843\" height=\"474\" data-id=\"3740\" src=\"https:\/\/grupofossilis.com.br\/wp-content\/uploads\/2026\/02\/1126126774081150.jpg\" alt=\"\" class=\"wp-image-3740\" srcset=\"https:\/\/grupofossilis.com.br\/wp-content\/uploads\/2026\/02\/1126126774081150.jpg 843w, https:\/\/grupofossilis.com.br\/wp-content\/uploads\/2026\/02\/1126126774081150-300x169.jpg 300w, https:\/\/grupofossilis.com.br\/wp-content\/uploads\/2026\/02\/1126126774081150-768x432.jpg 768w\" sizes=\"auto, (max-width: 843px) 100vw, 843px\" \/><\/figure>\n\n\n\n<figure class=\"wp-block-image size-large\"><img loading=\"lazy\" decoding=\"async\" width=\"480\" height=\"270\" data-id=\"3742\" src=\"https:\/\/grupofossilis.com.br\/wp-content\/uploads\/2026\/02\/1126128304080997.jpg\" alt=\"\" class=\"wp-image-3742\" srcset=\"https:\/\/grupofossilis.com.br\/wp-content\/uploads\/2026\/02\/1126128304080997.jpg 480w, https:\/\/grupofossilis.com.br\/wp-content\/uploads\/2026\/02\/1126128304080997-300x169.jpg 300w\" sizes=\"auto, (max-width: 480px) 100vw, 480px\" \/><\/figure>\n\n\n\n<figure class=\"wp-block-image size-large\"><img loading=\"lazy\" decoding=\"async\" width=\"843\" height=\"474\" data-id=\"3741\" src=\"https:\/\/grupofossilis.com.br\/wp-content\/uploads\/2026\/02\/1126129960747498.jpg\" alt=\"\" class=\"wp-image-3741\" srcset=\"https:\/\/grupofossilis.com.br\/wp-content\/uploads\/2026\/02\/1126129960747498.jpg 843w, https:\/\/grupofossilis.com.br\/wp-content\/uploads\/2026\/02\/1126129960747498-300x169.jpg 300w, https:\/\/grupofossilis.com.br\/wp-content\/uploads\/2026\/02\/1126129960747498-768x432.jpg 768w\" sizes=\"auto, (max-width: 843px) 100vw, 843px\" \/><\/figure>\n<\/figure>\n","protected":false},"excerpt":{"rendered":"<p>16\/06\/2014 &#8211; Casa Ziraldo de Cultura (Caratinga\/MG)<\/p>\n","protected":false},"author":1,"featured_media":0,"parent":0,"menu_order":0,"comment_status":"closed","ping_status":"closed","template":"","meta":{"footnotes":""},"class_list":["post-3733","page","type-page","status-publish","hentry"],"_links":{"self":[{"href":"https:\/\/grupofossilis.com.br\/index.php\/wp-json\/wp\/v2\/pages\/3733","targetHints":{"allow":["GET"]}}],"collection":[{"href":"https:\/\/grupofossilis.com.br\/index.php\/wp-json\/wp\/v2\/pages"}],"about":[{"href":"https:\/\/grupofossilis.com.br\/index.php\/wp-json\/wp\/v2\/types\/page"}],"author":[{"embeddable":true,"href":"https:\/\/grupofossilis.com.br\/index.php\/wp-json\/wp\/v2\/users\/1"}],"replies":[{"embeddable":true,"href":"https:\/\/grupofossilis.com.br\/index.php\/wp-json\/wp\/v2\/comments?post=3733"}],"version-history":[{"count":1,"href":"https:\/\/grupofossilis.com.br\/index.php\/wp-json\/wp\/v2\/pages\/3733\/revisions"}],"predecessor-version":[{"id":3743,"href":"https:\/\/grupofossilis.com.br\/index.php\/wp-json\/wp\/v2\/pages\/3733\/revisions\/3743"}],"wp:attachment":[{"href":"https:\/\/grupofossilis.com.br\/index.php\/wp-json\/wp\/v2\/media?parent=3733"}],"curies":[{"name":"wp","href":"https:\/\/api.w.org\/{rel}","templated":true}]}}