{"id":3781,"date":"2015-12-15T20:10:00","date_gmt":"2015-12-15T22:10:00","guid":{"rendered":"https:\/\/grupofossilis.com.br\/?page_id=3781"},"modified":"2026-02-23T20:11:58","modified_gmt":"2026-02-23T23:11:58","slug":"visita-exposicao-mundo-jurassico-a-era-dos-dinossauros","status":"publish","type":"page","link":"https:\/\/grupofossilis.com.br\/index.php\/visita-exposicao-mundo-jurassico-a-era-dos-dinossauros\/","title":{"rendered":"VISITA EXPOSI\u00c7\u00c3O MUNDO JUR\u00c1SSICO \u201cA ERA DOS DINOSSAUROS&#8221;"},"content":{"rendered":"\n<p>15\/12\/2015  \u2013 Shopping do Vale (Ipatinga\/MG)<\/p>\n\n\n\n<figure class=\"wp-block-gallery has-nested-images columns-default is-cropped wp-block-gallery-1 is-layout-flex wp-block-gallery-is-layout-flex\">\n<figure class=\"wp-block-image size-large\"><img loading=\"lazy\" decoding=\"async\" width=\"1000\" height=\"750\" data-id=\"3784\" src=\"https:\/\/grupofossilis.com.br\/wp-content\/uploads\/2026\/02\/465696895_9506902319326863_5645442754854998318_n.jpg\" alt=\"\" class=\"wp-image-3784\" srcset=\"https:\/\/grupofossilis.com.br\/wp-content\/uploads\/2026\/02\/465696895_9506902319326863_5645442754854998318_n.jpg 1000w, https:\/\/grupofossilis.com.br\/wp-content\/uploads\/2026\/02\/465696895_9506902319326863_5645442754854998318_n-300x225.jpg 300w, https:\/\/grupofossilis.com.br\/wp-content\/uploads\/2026\/02\/465696895_9506902319326863_5645442754854998318_n-768x576.jpg 768w\" sizes=\"auto, (max-width: 1000px) 100vw, 1000px\" \/><\/figure>\n\n\n\n<figure class=\"wp-block-image size-large\"><img loading=\"lazy\" decoding=\"async\" width=\"1000\" height=\"750\" data-id=\"3791\" src=\"https:\/\/grupofossilis.com.br\/wp-content\/uploads\/2026\/02\/465412191_9506902309326864_2306538292784516794_n.jpg\" alt=\"\" class=\"wp-image-3791\" srcset=\"https:\/\/grupofossilis.com.br\/wp-content\/uploads\/2026\/02\/465412191_9506902309326864_2306538292784516794_n.jpg 1000w, https:\/\/grupofossilis.com.br\/wp-content\/uploads\/2026\/02\/465412191_9506902309326864_2306538292784516794_n-300x225.jpg 300w, https:\/\/grupofossilis.com.br\/wp-content\/uploads\/2026\/02\/465412191_9506902309326864_2306538292784516794_n-768x576.jpg 768w\" sizes=\"auto, (max-width: 1000px) 100vw, 1000px\" \/><\/figure>\n\n\n\n<figure class=\"wp-block-image size-large\"><img loading=\"lazy\" decoding=\"async\" width=\"1000\" height=\"750\" data-id=\"3783\" src=\"https:\/\/grupofossilis.com.br\/wp-content\/uploads\/2026\/02\/465410751_9506901882660240_2173309063750162386_n.jpg\" alt=\"\" class=\"wp-image-3783\" srcset=\"https:\/\/grupofossilis.com.br\/wp-content\/uploads\/2026\/02\/465410751_9506901882660240_2173309063750162386_n.jpg 1000w, https:\/\/grupofossilis.com.br\/wp-content\/uploads\/2026\/02\/465410751_9506901882660240_2173309063750162386_n-300x225.jpg 300w, https:\/\/grupofossilis.com.br\/wp-content\/uploads\/2026\/02\/465410751_9506901882660240_2173309063750162386_n-768x576.jpg 768w\" sizes=\"auto, (max-width: 1000px) 100vw, 1000px\" \/><\/figure>\n\n\n\n<figure class=\"wp-block-image size-large\"><img loading=\"lazy\" decoding=\"async\" width=\"1000\" height=\"750\" data-id=\"3785\" src=\"https:\/\/grupofossilis.com.br\/wp-content\/uploads\/2026\/02\/465656238_9506901395993622_1659240281115753203_n.jpg\" alt=\"\" class=\"wp-image-3785\" srcset=\"https:\/\/grupofossilis.com.br\/wp-content\/uploads\/2026\/02\/465656238_9506901395993622_1659240281115753203_n.jpg 1000w, https:\/\/grupofossilis.com.br\/wp-content\/uploads\/2026\/02\/465656238_9506901395993622_1659240281115753203_n-300x225.jpg 300w, https:\/\/grupofossilis.com.br\/wp-content\/uploads\/2026\/02\/465656238_9506901395993622_1659240281115753203_n-768x576.jpg 768w\" sizes=\"auto, (max-width: 1000px) 100vw, 1000px\" \/><\/figure>\n\n\n\n<figure class=\"wp-block-image size-large\"><img loading=\"lazy\" decoding=\"async\" width=\"1000\" height=\"750\" data-id=\"3786\" src=\"https:\/\/grupofossilis.com.br\/wp-content\/uploads\/2026\/02\/465735883_9506901402660288_3219246072899100763_n.jpg\" alt=\"\" class=\"wp-image-3786\" srcset=\"https:\/\/grupofossilis.com.br\/wp-content\/uploads\/2026\/02\/465735883_9506901402660288_3219246072899100763_n.jpg 1000w, https:\/\/grupofossilis.com.br\/wp-content\/uploads\/2026\/02\/465735883_9506901402660288_3219246072899100763_n-300x225.jpg 300w, https:\/\/grupofossilis.com.br\/wp-content\/uploads\/2026\/02\/465735883_9506901402660288_3219246072899100763_n-768x576.jpg 768w\" sizes=\"auto, (max-width: 1000px) 100vw, 1000px\" \/><\/figure>\n\n\n\n<figure class=\"wp-block-image size-large\"><img loading=\"lazy\" decoding=\"async\" width=\"1000\" height=\"750\" data-id=\"3787\" src=\"https:\/\/grupofossilis.com.br\/wp-content\/uploads\/2026\/02\/465592902_9506901389326956_8368542395934306803_n.jpg\" alt=\"\" class=\"wp-image-3787\" srcset=\"https:\/\/grupofossilis.com.br\/wp-content\/uploads\/2026\/02\/465592902_9506901389326956_8368542395934306803_n.jpg 1000w, https:\/\/grupofossilis.com.br\/wp-content\/uploads\/2026\/02\/465592902_9506901389326956_8368542395934306803_n-300x225.jpg 300w, https:\/\/grupofossilis.com.br\/wp-content\/uploads\/2026\/02\/465592902_9506901389326956_8368542395934306803_n-768x576.jpg 768w\" sizes=\"auto, (max-width: 1000px) 100vw, 1000px\" \/><\/figure>\n\n\n\n<figure class=\"wp-block-image size-large\"><img loading=\"lazy\" decoding=\"async\" width=\"1000\" height=\"750\" data-id=\"3788\" src=\"https:\/\/grupofossilis.com.br\/wp-content\/uploads\/2026\/02\/465544813_9506901405993621_1195212640722071788_n.jpg\" alt=\"\" class=\"wp-image-3788\" srcset=\"https:\/\/grupofossilis.com.br\/wp-content\/uploads\/2026\/02\/465544813_9506901405993621_1195212640722071788_n.jpg 1000w, https:\/\/grupofossilis.com.br\/wp-content\/uploads\/2026\/02\/465544813_9506901405993621_1195212640722071788_n-300x225.jpg 300w, https:\/\/grupofossilis.com.br\/wp-content\/uploads\/2026\/02\/465544813_9506901405993621_1195212640722071788_n-768x576.jpg 768w\" sizes=\"auto, (max-width: 1000px) 100vw, 1000px\" \/><\/figure>\n\n\n\n<figure class=\"wp-block-image size-large\"><img loading=\"lazy\" decoding=\"async\" width=\"1000\" height=\"750\" data-id=\"3789\" src=\"https:\/\/grupofossilis.com.br\/wp-content\/uploads\/2026\/02\/465740731_9506900985993663_587290529634214819_n.jpg\" alt=\"\" class=\"wp-image-3789\" srcset=\"https:\/\/grupofossilis.com.br\/wp-content\/uploads\/2026\/02\/465740731_9506900985993663_587290529634214819_n.jpg 1000w, https:\/\/grupofossilis.com.br\/wp-content\/uploads\/2026\/02\/465740731_9506900985993663_587290529634214819_n-300x225.jpg 300w, https:\/\/grupofossilis.com.br\/wp-content\/uploads\/2026\/02\/465740731_9506900985993663_587290529634214819_n-768x576.jpg 768w\" sizes=\"auto, (max-width: 1000px) 100vw, 1000px\" \/><\/figure>\n\n\n\n<figure class=\"wp-block-image size-large\"><img loading=\"lazy\" decoding=\"async\" width=\"1000\" height=\"750\" data-id=\"3790\" src=\"https:\/\/grupofossilis.com.br\/wp-content\/uploads\/2026\/02\/465476234_9506900989326996_8231796559064189049_n.jpg\" alt=\"\" class=\"wp-image-3790\" srcset=\"https:\/\/grupofossilis.com.br\/wp-content\/uploads\/2026\/02\/465476234_9506900989326996_8231796559064189049_n.jpg 1000w, https:\/\/grupofossilis.com.br\/wp-content\/uploads\/2026\/02\/465476234_9506900989326996_8231796559064189049_n-300x225.jpg 300w, https:\/\/grupofossilis.com.br\/wp-content\/uploads\/2026\/02\/465476234_9506900989326996_8231796559064189049_n-768x576.jpg 768w\" sizes=\"auto, (max-width: 1000px) 100vw, 1000px\" \/><\/figure>\n\n\n\n<figure class=\"wp-block-image size-large\"><img loading=\"lazy\" decoding=\"async\" width=\"1000\" height=\"750\" data-id=\"3792\" src=\"https:\/\/grupofossilis.com.br\/wp-content\/uploads\/2026\/02\/465733013_9506900465993715_843518931225167241_n.jpg\" alt=\"\" class=\"wp-image-3792\" srcset=\"https:\/\/grupofossilis.com.br\/wp-content\/uploads\/2026\/02\/465733013_9506900465993715_843518931225167241_n.jpg 1000w, https:\/\/grupofossilis.com.br\/wp-content\/uploads\/2026\/02\/465733013_9506900465993715_843518931225167241_n-300x225.jpg 300w, https:\/\/grupofossilis.com.br\/wp-content\/uploads\/2026\/02\/465733013_9506900465993715_843518931225167241_n-768x576.jpg 768w\" sizes=\"auto, (max-width: 1000px) 100vw, 1000px\" \/><\/figure>\n\n\n\n<figure class=\"wp-block-image size-large\"><img loading=\"lazy\" decoding=\"async\" width=\"1000\" height=\"750\" data-id=\"3793\" src=\"https:\/\/grupofossilis.com.br\/wp-content\/uploads\/2026\/02\/465773528_9506900472660381_5309300996015492128_n.jpg\" alt=\"\" class=\"wp-image-3793\" srcset=\"https:\/\/grupofossilis.com.br\/wp-content\/uploads\/2026\/02\/465773528_9506900472660381_5309300996015492128_n.jpg 1000w, https:\/\/grupofossilis.com.br\/wp-content\/uploads\/2026\/02\/465773528_9506900472660381_5309300996015492128_n-300x225.jpg 300w, https:\/\/grupofossilis.com.br\/wp-content\/uploads\/2026\/02\/465773528_9506900472660381_5309300996015492128_n-768x576.jpg 768w\" sizes=\"auto, (max-width: 1000px) 100vw, 1000px\" \/><\/figure>\n\n\n\n<figure class=\"wp-block-image size-large\"><img loading=\"lazy\" decoding=\"async\" width=\"1000\" height=\"750\" data-id=\"3795\" src=\"https:\/\/grupofossilis.com.br\/wp-content\/uploads\/2026\/02\/465796591_9506900459327049_9091719071584663160_n.jpg\" alt=\"\" class=\"wp-image-3795\" srcset=\"https:\/\/grupofossilis.com.br\/wp-content\/uploads\/2026\/02\/465796591_9506900459327049_9091719071584663160_n.jpg 1000w, https:\/\/grupofossilis.com.br\/wp-content\/uploads\/2026\/02\/465796591_9506900459327049_9091719071584663160_n-300x225.jpg 300w, https:\/\/grupofossilis.com.br\/wp-content\/uploads\/2026\/02\/465796591_9506900459327049_9091719071584663160_n-768x576.jpg 768w\" sizes=\"auto, (max-width: 1000px) 100vw, 1000px\" \/><\/figure>\n\n\n\n<figure class=\"wp-block-image size-large\"><img loading=\"lazy\" decoding=\"async\" width=\"1000\" height=\"750\" data-id=\"3794\" src=\"https:\/\/grupofossilis.com.br\/wp-content\/uploads\/2026\/02\/465530581_9506900479327047_2517201805022305619_n.jpg\" alt=\"\" class=\"wp-image-3794\" srcset=\"https:\/\/grupofossilis.com.br\/wp-content\/uploads\/2026\/02\/465530581_9506900479327047_2517201805022305619_n.jpg 1000w, https:\/\/grupofossilis.com.br\/wp-content\/uploads\/2026\/02\/465530581_9506900479327047_2517201805022305619_n-300x225.jpg 300w, https:\/\/grupofossilis.com.br\/wp-content\/uploads\/2026\/02\/465530581_9506900479327047_2517201805022305619_n-768x576.jpg 768w\" sizes=\"auto, (max-width: 1000px) 100vw, 1000px\" \/><\/figure>\n\n\n\n<figure class=\"wp-block-image size-large\"><img loading=\"lazy\" decoding=\"async\" width=\"1000\" height=\"750\" data-id=\"3796\" src=\"https:\/\/grupofossilis.com.br\/wp-content\/uploads\/2026\/02\/465657259_9506899985993763_3556390625058198808_n.jpg\" alt=\"\" class=\"wp-image-3796\" srcset=\"https:\/\/grupofossilis.com.br\/wp-content\/uploads\/2026\/02\/465657259_9506899985993763_3556390625058198808_n.jpg 1000w, https:\/\/grupofossilis.com.br\/wp-content\/uploads\/2026\/02\/465657259_9506899985993763_3556390625058198808_n-300x225.jpg 300w, https:\/\/grupofossilis.com.br\/wp-content\/uploads\/2026\/02\/465657259_9506899985993763_3556390625058198808_n-768x576.jpg 768w\" sizes=\"auto, (max-width: 1000px) 100vw, 1000px\" \/><\/figure>\n\n\n\n<figure class=\"wp-block-image size-large\"><img loading=\"lazy\" decoding=\"async\" width=\"1000\" height=\"750\" data-id=\"3797\" src=\"https:\/\/grupofossilis.com.br\/wp-content\/uploads\/2026\/02\/465656502_9506899989327096_3014114528216677923_n.jpg\" alt=\"\" class=\"wp-image-3797\" srcset=\"https:\/\/grupofossilis.com.br\/wp-content\/uploads\/2026\/02\/465656502_9506899989327096_3014114528216677923_n.jpg 1000w, https:\/\/grupofossilis.com.br\/wp-content\/uploads\/2026\/02\/465656502_9506899989327096_3014114528216677923_n-300x225.jpg 300w, https:\/\/grupofossilis.com.br\/wp-content\/uploads\/2026\/02\/465656502_9506899989327096_3014114528216677923_n-768x576.jpg 768w\" sizes=\"auto, (max-width: 1000px) 100vw, 1000px\" \/><\/figure>\n\n\n\n<figure class=\"wp-block-image size-large\"><img loading=\"lazy\" decoding=\"async\" width=\"1000\" height=\"750\" data-id=\"3798\" src=\"https:\/\/grupofossilis.com.br\/wp-content\/uploads\/2026\/02\/465652421_9506900012660427_1041664014155231520_n.jpg\" alt=\"\" class=\"wp-image-3798\" srcset=\"https:\/\/grupofossilis.com.br\/wp-content\/uploads\/2026\/02\/465652421_9506900012660427_1041664014155231520_n.jpg 1000w, https:\/\/grupofossilis.com.br\/wp-content\/uploads\/2026\/02\/465652421_9506900012660427_1041664014155231520_n-300x225.jpg 300w, https:\/\/grupofossilis.com.br\/wp-content\/uploads\/2026\/02\/465652421_9506900012660427_1041664014155231520_n-768x576.jpg 768w\" sizes=\"auto, (max-width: 1000px) 100vw, 1000px\" \/><\/figure>\n\n\n\n<figure class=\"wp-block-image size-large\"><img loading=\"lazy\" decoding=\"async\" width=\"1000\" height=\"750\" data-id=\"3799\" src=\"https:\/\/grupofossilis.com.br\/wp-content\/uploads\/2026\/02\/465740815_9506900015993760_71986887209302251_n.jpg\" alt=\"\" class=\"wp-image-3799\" srcset=\"https:\/\/grupofossilis.com.br\/wp-content\/uploads\/2026\/02\/465740815_9506900015993760_71986887209302251_n.jpg 1000w, https:\/\/grupofossilis.com.br\/wp-content\/uploads\/2026\/02\/465740815_9506900015993760_71986887209302251_n-300x225.jpg 300w, https:\/\/grupofossilis.com.br\/wp-content\/uploads\/2026\/02\/465740815_9506900015993760_71986887209302251_n-768x576.jpg 768w\" sizes=\"auto, (max-width: 1000px) 100vw, 1000px\" \/><\/figure>\n\n\n\n<figure class=\"wp-block-image size-large\"><img loading=\"lazy\" decoding=\"async\" width=\"1000\" height=\"750\" data-id=\"3800\" src=\"https:\/\/grupofossilis.com.br\/wp-content\/uploads\/2026\/02\/465410591_9506900005993761_6405049099236372983_n.jpg\" alt=\"\" class=\"wp-image-3800\" srcset=\"https:\/\/grupofossilis.com.br\/wp-content\/uploads\/2026\/02\/465410591_9506900005993761_6405049099236372983_n.jpg 1000w, https:\/\/grupofossilis.com.br\/wp-content\/uploads\/2026\/02\/465410591_9506900005993761_6405049099236372983_n-300x225.jpg 300w, https:\/\/grupofossilis.com.br\/wp-content\/uploads\/2026\/02\/465410591_9506900005993761_6405049099236372983_n-768x576.jpg 768w\" sizes=\"auto, (max-width: 1000px) 100vw, 1000px\" \/><\/figure>\n<\/figure>\n","protected":false},"excerpt":{"rendered":"<p>15\/12\/2015 \u2013 Shopping do Vale (Ipatinga\/MG)<\/p>\n","protected":false},"author":1,"featured_media":0,"parent":0,"menu_order":0,"comment_status":"closed","ping_status":"closed","template":"","meta":{"footnotes":""},"class_list":["post-3781","page","type-page","status-publish","hentry"],"_links":{"self":[{"href":"https:\/\/grupofossilis.com.br\/index.php\/wp-json\/wp\/v2\/pages\/3781","targetHints":{"allow":["GET"]}}],"collection":[{"href":"https:\/\/grupofossilis.com.br\/index.php\/wp-json\/wp\/v2\/pages"}],"about":[{"href":"https:\/\/grupofossilis.com.br\/index.php\/wp-json\/wp\/v2\/types\/page"}],"author":[{"embeddable":true,"href":"https:\/\/grupofossilis.com.br\/index.php\/wp-json\/wp\/v2\/users\/1"}],"replies":[{"embeddable":true,"href":"https:\/\/grupofossilis.com.br\/index.php\/wp-json\/wp\/v2\/comments?post=3781"}],"version-history":[{"count":1,"href":"https:\/\/grupofossilis.com.br\/index.php\/wp-json\/wp\/v2\/pages\/3781\/revisions"}],"predecessor-version":[{"id":3801,"href":"https:\/\/grupofossilis.com.br\/index.php\/wp-json\/wp\/v2\/pages\/3781\/revisions\/3801"}],"wp:attachment":[{"href":"https:\/\/grupofossilis.com.br\/index.php\/wp-json\/wp\/v2\/media?parent=3781"}],"curies":[{"name":"wp","href":"https:\/\/api.w.org\/{rel}","templated":true}]}}