{"id":3855,"date":"2013-06-14T20:49:00","date_gmt":"2013-06-14T23:49:00","guid":{"rendered":"https:\/\/grupofossilis.com.br\/?page_id=3855"},"modified":"2026-02-23T20:50:58","modified_gmt":"2026-02-23T23:50:58","slug":"participacao-no-encontro-internacional-para-conservacao-dos-muriquis","status":"publish","type":"page","link":"https:\/\/grupofossilis.com.br\/index.php\/participacao-no-encontro-internacional-para-conservacao-dos-muriquis\/","title":{"rendered":"PARTICIPA\u00c7\u00c3O NO ENCONTRO INTERNACIONAL PARA CONSERVA\u00c7\u00c3O DOS MURIQUIS"},"content":{"rendered":"\n<p>14\/06\/2013 &#8211; Casar\u00e3o das Artes (Caratinga\/MG)<\/p>\n\n\n\n<figure class=\"wp-block-gallery has-nested-images columns-default is-cropped wp-block-gallery-1 is-layout-flex wp-block-gallery-is-layout-flex\">\n<figure class=\"wp-block-image size-large\"><img loading=\"lazy\" decoding=\"async\" width=\"960\" height=\"720\" data-id=\"3856\" src=\"https:\/\/grupofossilis.com.br\/wp-content\/uploads\/2026\/02\/555723449_25622014024055769_5392351370943258436_n.jpg\" alt=\"\" class=\"wp-image-3856\" srcset=\"https:\/\/grupofossilis.com.br\/wp-content\/uploads\/2026\/02\/555723449_25622014024055769_5392351370943258436_n.jpg 960w, https:\/\/grupofossilis.com.br\/wp-content\/uploads\/2026\/02\/555723449_25622014024055769_5392351370943258436_n-300x225.jpg 300w, https:\/\/grupofossilis.com.br\/wp-content\/uploads\/2026\/02\/555723449_25622014024055769_5392351370943258436_n-768x576.jpg 768w\" sizes=\"auto, (max-width: 960px) 100vw, 960px\" \/><\/figure>\n\n\n\n<figure class=\"wp-block-image size-large\"><img loading=\"lazy\" decoding=\"async\" width=\"960\" height=\"720\" data-id=\"3857\" src=\"https:\/\/grupofossilis.com.br\/wp-content\/uploads\/2026\/02\/556525020_25622014077389097_5029884919850148989_n.jpg\" alt=\"\" class=\"wp-image-3857\" srcset=\"https:\/\/grupofossilis.com.br\/wp-content\/uploads\/2026\/02\/556525020_25622014077389097_5029884919850148989_n.jpg 960w, https:\/\/grupofossilis.com.br\/wp-content\/uploads\/2026\/02\/556525020_25622014077389097_5029884919850148989_n-300x225.jpg 300w, https:\/\/grupofossilis.com.br\/wp-content\/uploads\/2026\/02\/556525020_25622014077389097_5029884919850148989_n-768x576.jpg 768w\" sizes=\"auto, (max-width: 960px) 100vw, 960px\" \/><\/figure>\n\n\n\n<figure class=\"wp-block-image size-large\"><img loading=\"lazy\" decoding=\"async\" width=\"960\" height=\"720\" data-id=\"3858\" src=\"https:\/\/grupofossilis.com.br\/wp-content\/uploads\/2026\/02\/556160466_25622014387389066_568812230301219798_n.jpg\" alt=\"\" class=\"wp-image-3858\" srcset=\"https:\/\/grupofossilis.com.br\/wp-content\/uploads\/2026\/02\/556160466_25622014387389066_568812230301219798_n.jpg 960w, https:\/\/grupofossilis.com.br\/wp-content\/uploads\/2026\/02\/556160466_25622014387389066_568812230301219798_n-300x225.jpg 300w, https:\/\/grupofossilis.com.br\/wp-content\/uploads\/2026\/02\/556160466_25622014387389066_568812230301219798_n-768x576.jpg 768w\" sizes=\"auto, (max-width: 960px) 100vw, 960px\" \/><\/figure>\n<\/figure>\n","protected":false},"excerpt":{"rendered":"<p>14\/06\/2013 &#8211; Casar\u00e3o das Artes (Caratinga\/MG)<\/p>\n","protected":false},"author":1,"featured_media":0,"parent":0,"menu_order":0,"comment_status":"closed","ping_status":"closed","template":"","meta":{"footnotes":""},"class_list":["post-3855","page","type-page","status-publish","hentry"],"_links":{"self":[{"href":"https:\/\/grupofossilis.com.br\/index.php\/wp-json\/wp\/v2\/pages\/3855","targetHints":{"allow":["GET"]}}],"collection":[{"href":"https:\/\/grupofossilis.com.br\/index.php\/wp-json\/wp\/v2\/pages"}],"about":[{"href":"https:\/\/grupofossilis.com.br\/index.php\/wp-json\/wp\/v2\/types\/page"}],"author":[{"embeddable":true,"href":"https:\/\/grupofossilis.com.br\/index.php\/wp-json\/wp\/v2\/users\/1"}],"replies":[{"embeddable":true,"href":"https:\/\/grupofossilis.com.br\/index.php\/wp-json\/wp\/v2\/comments?post=3855"}],"version-history":[{"count":1,"href":"https:\/\/grupofossilis.com.br\/index.php\/wp-json\/wp\/v2\/pages\/3855\/revisions"}],"predecessor-version":[{"id":3859,"href":"https:\/\/grupofossilis.com.br\/index.php\/wp-json\/wp\/v2\/pages\/3855\/revisions\/3859"}],"wp:attachment":[{"href":"https:\/\/grupofossilis.com.br\/index.php\/wp-json\/wp\/v2\/media?parent=3855"}],"curies":[{"name":"wp","href":"https:\/\/api.w.org\/{rel}","templated":true}]}}