{"id":3898,"date":"2014-05-26T21:20:00","date_gmt":"2014-05-27T00:20:00","guid":{"rendered":"https:\/\/grupofossilis.com.br\/?page_id=3898"},"modified":"2026-02-23T21:22:16","modified_gmt":"2026-02-24T00:22:16","slug":"10a-exposicao-paleoarqueologica-de-caratinga","status":"publish","type":"page","link":"https:\/\/grupofossilis.com.br\/index.php\/10a-exposicao-paleoarqueologica-de-caratinga\/","title":{"rendered":"10\u00aa EXPOSI\u00c7\u00c3O PALEOARQUEOL\u00d3GICA DE CARATINGA"},"content":{"rendered":"\n<p>26\/05\/2014 &#8211; Casa Ziraldo de Cultura (Caratinga\/MG)<\/p>\n\n\n\n<figure class=\"wp-block-gallery has-nested-images columns-default is-cropped wp-block-gallery-1 is-layout-flex wp-block-gallery-is-layout-flex\">\n<figure class=\"wp-block-image size-large\"><img loading=\"lazy\" decoding=\"async\" width=\"960\" height=\"540\" data-id=\"3899\" src=\"https:\/\/grupofossilis.com.br\/wp-content\/uploads\/2026\/02\/494790276_4062166580690986_8822709261151085685_n.jpg\" alt=\"\" class=\"wp-image-3899\" srcset=\"https:\/\/grupofossilis.com.br\/wp-content\/uploads\/2026\/02\/494790276_4062166580690986_8822709261151085685_n.jpg 960w, https:\/\/grupofossilis.com.br\/wp-content\/uploads\/2026\/02\/494790276_4062166580690986_8822709261151085685_n-300x169.jpg 300w, https:\/\/grupofossilis.com.br\/wp-content\/uploads\/2026\/02\/494790276_4062166580690986_8822709261151085685_n-768x432.jpg 768w\" sizes=\"auto, (max-width: 960px) 100vw, 960px\" \/><\/figure>\n\n\n\n<figure class=\"wp-block-image size-large\"><img loading=\"lazy\" decoding=\"async\" width=\"960\" height=\"720\" data-id=\"3903\" src=\"https:\/\/grupofossilis.com.br\/wp-content\/uploads\/2026\/02\/495368514_4062166360691008_3011128176671882254_n.jpg\" alt=\"\" class=\"wp-image-3903\" srcset=\"https:\/\/grupofossilis.com.br\/wp-content\/uploads\/2026\/02\/495368514_4062166360691008_3011128176671882254_n.jpg 960w, https:\/\/grupofossilis.com.br\/wp-content\/uploads\/2026\/02\/495368514_4062166360691008_3011128176671882254_n-300x225.jpg 300w, https:\/\/grupofossilis.com.br\/wp-content\/uploads\/2026\/02\/495368514_4062166360691008_3011128176671882254_n-768x576.jpg 768w\" sizes=\"auto, (max-width: 960px) 100vw, 960px\" \/><\/figure>\n\n\n\n<figure class=\"wp-block-image size-large\"><img loading=\"lazy\" decoding=\"async\" width=\"960\" height=\"720\" data-id=\"3901\" src=\"https:\/\/grupofossilis.com.br\/wp-content\/uploads\/2026\/02\/494930871_4062166550690989_7752164541503606647_n.jpg\" alt=\"\" class=\"wp-image-3901\" srcset=\"https:\/\/grupofossilis.com.br\/wp-content\/uploads\/2026\/02\/494930871_4062166550690989_7752164541503606647_n.jpg 960w, https:\/\/grupofossilis.com.br\/wp-content\/uploads\/2026\/02\/494930871_4062166550690989_7752164541503606647_n-300x225.jpg 300w, https:\/\/grupofossilis.com.br\/wp-content\/uploads\/2026\/02\/494930871_4062166550690989_7752164541503606647_n-768x576.jpg 768w\" sizes=\"auto, (max-width: 960px) 100vw, 960px\" \/><\/figure>\n\n\n\n<figure class=\"wp-block-image size-large\"><img loading=\"lazy\" decoding=\"async\" width=\"960\" height=\"720\" data-id=\"3900\" src=\"https:\/\/grupofossilis.com.br\/wp-content\/uploads\/2026\/02\/494400344_4062166720690972_2353766508937958536_n.jpg\" alt=\"\" class=\"wp-image-3900\" srcset=\"https:\/\/grupofossilis.com.br\/wp-content\/uploads\/2026\/02\/494400344_4062166720690972_2353766508937958536_n.jpg 960w, https:\/\/grupofossilis.com.br\/wp-content\/uploads\/2026\/02\/494400344_4062166720690972_2353766508937958536_n-300x225.jpg 300w, https:\/\/grupofossilis.com.br\/wp-content\/uploads\/2026\/02\/494400344_4062166720690972_2353766508937958536_n-768x576.jpg 768w\" sizes=\"auto, (max-width: 960px) 100vw, 960px\" \/><\/figure>\n\n\n\n<figure class=\"wp-block-image size-large\"><img loading=\"lazy\" decoding=\"async\" width=\"960\" height=\"720\" data-id=\"3902\" src=\"https:\/\/grupofossilis.com.br\/wp-content\/uploads\/2026\/02\/494473547_4062166320691012_3594459333027427463_n.jpg\" alt=\"\" class=\"wp-image-3902\" srcset=\"https:\/\/grupofossilis.com.br\/wp-content\/uploads\/2026\/02\/494473547_4062166320691012_3594459333027427463_n.jpg 960w, https:\/\/grupofossilis.com.br\/wp-content\/uploads\/2026\/02\/494473547_4062166320691012_3594459333027427463_n-300x225.jpg 300w, https:\/\/grupofossilis.com.br\/wp-content\/uploads\/2026\/02\/494473547_4062166320691012_3594459333027427463_n-768x576.jpg 768w\" sizes=\"auto, (max-width: 960px) 100vw, 960px\" \/><\/figure>\n\n\n\n<figure class=\"wp-block-image size-large\"><img loading=\"lazy\" decoding=\"async\" width=\"960\" height=\"720\" data-id=\"3905\" src=\"https:\/\/grupofossilis.com.br\/wp-content\/uploads\/2026\/02\/494534361_4062166394024338_5359523769683767790_n.jpg\" alt=\"\" class=\"wp-image-3905\" srcset=\"https:\/\/grupofossilis.com.br\/wp-content\/uploads\/2026\/02\/494534361_4062166394024338_5359523769683767790_n.jpg 960w, https:\/\/grupofossilis.com.br\/wp-content\/uploads\/2026\/02\/494534361_4062166394024338_5359523769683767790_n-300x225.jpg 300w, https:\/\/grupofossilis.com.br\/wp-content\/uploads\/2026\/02\/494534361_4062166394024338_5359523769683767790_n-768x576.jpg 768w\" sizes=\"auto, (max-width: 960px) 100vw, 960px\" \/><\/figure>\n\n\n\n<figure class=\"wp-block-image size-large\"><img loading=\"lazy\" decoding=\"async\" width=\"960\" height=\"720\" data-id=\"3904\" src=\"https:\/\/grupofossilis.com.br\/wp-content\/uploads\/2026\/02\/494182908_4062166460690998_1401545162293465943_n.jpg\" alt=\"\" class=\"wp-image-3904\" srcset=\"https:\/\/grupofossilis.com.br\/wp-content\/uploads\/2026\/02\/494182908_4062166460690998_1401545162293465943_n.jpg 960w, https:\/\/grupofossilis.com.br\/wp-content\/uploads\/2026\/02\/494182908_4062166460690998_1401545162293465943_n-300x225.jpg 300w, https:\/\/grupofossilis.com.br\/wp-content\/uploads\/2026\/02\/494182908_4062166460690998_1401545162293465943_n-768x576.jpg 768w\" sizes=\"auto, (max-width: 960px) 100vw, 960px\" \/><\/figure>\n\n\n\n<figure class=\"wp-block-image size-large\"><img loading=\"lazy\" decoding=\"async\" width=\"960\" height=\"720\" data-id=\"3907\" src=\"https:\/\/grupofossilis.com.br\/wp-content\/uploads\/2026\/02\/494194940_4062166560690988_7995959247501603849_n.jpg\" alt=\"\" class=\"wp-image-3907\" srcset=\"https:\/\/grupofossilis.com.br\/wp-content\/uploads\/2026\/02\/494194940_4062166560690988_7995959247501603849_n.jpg 960w, https:\/\/grupofossilis.com.br\/wp-content\/uploads\/2026\/02\/494194940_4062166560690988_7995959247501603849_n-300x225.jpg 300w, https:\/\/grupofossilis.com.br\/wp-content\/uploads\/2026\/02\/494194940_4062166560690988_7995959247501603849_n-768x576.jpg 768w\" sizes=\"auto, (max-width: 960px) 100vw, 960px\" \/><\/figure>\n\n\n\n<figure class=\"wp-block-image size-large\"><img loading=\"lazy\" decoding=\"async\" width=\"960\" height=\"720\" data-id=\"3906\" src=\"https:\/\/grupofossilis.com.br\/wp-content\/uploads\/2026\/02\/494636681_4062166347357676_3675802272261471826_n.jpg\" alt=\"\" class=\"wp-image-3906\" srcset=\"https:\/\/grupofossilis.com.br\/wp-content\/uploads\/2026\/02\/494636681_4062166347357676_3675802272261471826_n.jpg 960w, https:\/\/grupofossilis.com.br\/wp-content\/uploads\/2026\/02\/494636681_4062166347357676_3675802272261471826_n-300x225.jpg 300w, https:\/\/grupofossilis.com.br\/wp-content\/uploads\/2026\/02\/494636681_4062166347357676_3675802272261471826_n-768x576.jpg 768w\" sizes=\"auto, (max-width: 960px) 100vw, 960px\" \/><\/figure>\n\n\n\n<figure class=\"wp-block-image size-large\"><img loading=\"lazy\" decoding=\"async\" width=\"960\" height=\"720\" data-id=\"3908\" src=\"https:\/\/grupofossilis.com.br\/wp-content\/uploads\/2026\/02\/494182297_4062166440691000_8024648115838155909_n.jpg\" alt=\"\" class=\"wp-image-3908\" srcset=\"https:\/\/grupofossilis.com.br\/wp-content\/uploads\/2026\/02\/494182297_4062166440691000_8024648115838155909_n.jpg 960w, https:\/\/grupofossilis.com.br\/wp-content\/uploads\/2026\/02\/494182297_4062166440691000_8024648115838155909_n-300x225.jpg 300w, https:\/\/grupofossilis.com.br\/wp-content\/uploads\/2026\/02\/494182297_4062166440691000_8024648115838155909_n-768x576.jpg 768w\" sizes=\"auto, (max-width: 960px) 100vw, 960px\" \/><\/figure>\n\n\n\n<figure class=\"wp-block-image size-large\"><img loading=\"lazy\" decoding=\"async\" width=\"960\" height=\"720\" data-id=\"3909\" src=\"https:\/\/grupofossilis.com.br\/wp-content\/uploads\/2026\/02\/494361723_4062166474024330_4361791424145054261_n.jpg\" alt=\"\" class=\"wp-image-3909\" srcset=\"https:\/\/grupofossilis.com.br\/wp-content\/uploads\/2026\/02\/494361723_4062166474024330_4361791424145054261_n.jpg 960w, https:\/\/grupofossilis.com.br\/wp-content\/uploads\/2026\/02\/494361723_4062166474024330_4361791424145054261_n-300x225.jpg 300w, https:\/\/grupofossilis.com.br\/wp-content\/uploads\/2026\/02\/494361723_4062166474024330_4361791424145054261_n-768x576.jpg 768w\" sizes=\"auto, (max-width: 960px) 100vw, 960px\" \/><\/figure>\n\n\n\n<figure class=\"wp-block-image size-large\"><img loading=\"lazy\" decoding=\"async\" width=\"960\" height=\"720\" data-id=\"3910\" src=\"https:\/\/grupofossilis.com.br\/wp-content\/uploads\/2026\/02\/495032864_4062166477357663_4948240572027519505_n.jpg\" alt=\"\" class=\"wp-image-3910\" srcset=\"https:\/\/grupofossilis.com.br\/wp-content\/uploads\/2026\/02\/495032864_4062166477357663_4948240572027519505_n.jpg 960w, https:\/\/grupofossilis.com.br\/wp-content\/uploads\/2026\/02\/495032864_4062166477357663_4948240572027519505_n-300x225.jpg 300w, https:\/\/grupofossilis.com.br\/wp-content\/uploads\/2026\/02\/495032864_4062166477357663_4948240572027519505_n-768x576.jpg 768w\" sizes=\"auto, (max-width: 960px) 100vw, 960px\" \/><\/figure>\n\n\n\n<figure class=\"wp-block-image size-large\"><img loading=\"lazy\" decoding=\"async\" width=\"960\" height=\"720\" data-id=\"3911\" src=\"https:\/\/grupofossilis.com.br\/wp-content\/uploads\/2026\/02\/494496381_4062166534024324_5764125418163005216_n.jpg\" alt=\"\" class=\"wp-image-3911\" srcset=\"https:\/\/grupofossilis.com.br\/wp-content\/uploads\/2026\/02\/494496381_4062166534024324_5764125418163005216_n.jpg 960w, https:\/\/grupofossilis.com.br\/wp-content\/uploads\/2026\/02\/494496381_4062166534024324_5764125418163005216_n-300x225.jpg 300w, https:\/\/grupofossilis.com.br\/wp-content\/uploads\/2026\/02\/494496381_4062166534024324_5764125418163005216_n-768x576.jpg 768w\" sizes=\"auto, (max-width: 960px) 100vw, 960px\" \/><\/figure>\n\n\n\n<figure class=\"wp-block-image size-large\"><img loading=\"lazy\" decoding=\"async\" width=\"960\" height=\"540\" data-id=\"3912\" src=\"https:\/\/grupofossilis.com.br\/wp-content\/uploads\/2026\/02\/494198067_4062166324024345_7564570949146143423_n.jpg\" alt=\"\" class=\"wp-image-3912\" srcset=\"https:\/\/grupofossilis.com.br\/wp-content\/uploads\/2026\/02\/494198067_4062166324024345_7564570949146143423_n.jpg 960w, https:\/\/grupofossilis.com.br\/wp-content\/uploads\/2026\/02\/494198067_4062166324024345_7564570949146143423_n-300x169.jpg 300w, https:\/\/grupofossilis.com.br\/wp-content\/uploads\/2026\/02\/494198067_4062166324024345_7564570949146143423_n-768x432.jpg 768w\" sizes=\"auto, (max-width: 960px) 100vw, 960px\" \/><\/figure>\n\n\n\n<figure class=\"wp-block-image size-large\"><img loading=\"lazy\" decoding=\"async\" width=\"960\" height=\"540\" data-id=\"3913\" src=\"https:\/\/grupofossilis.com.br\/wp-content\/uploads\/2026\/02\/495051721_4062166487357662_2436355977532670850_n.jpg\" alt=\"\" class=\"wp-image-3913\" srcset=\"https:\/\/grupofossilis.com.br\/wp-content\/uploads\/2026\/02\/495051721_4062166487357662_2436355977532670850_n.jpg 960w, https:\/\/grupofossilis.com.br\/wp-content\/uploads\/2026\/02\/495051721_4062166487357662_2436355977532670850_n-300x169.jpg 300w, https:\/\/grupofossilis.com.br\/wp-content\/uploads\/2026\/02\/495051721_4062166487357662_2436355977532670850_n-768x432.jpg 768w\" sizes=\"auto, (max-width: 960px) 100vw, 960px\" \/><\/figure>\n\n\n\n<figure class=\"wp-block-image size-large\"><img loading=\"lazy\" decoding=\"async\" width=\"960\" height=\"720\" data-id=\"3914\" src=\"https:\/\/grupofossilis.com.br\/wp-content\/uploads\/2026\/02\/494201380_4062166737357637_7063988440619866064_n.jpg\" alt=\"\" class=\"wp-image-3914\" srcset=\"https:\/\/grupofossilis.com.br\/wp-content\/uploads\/2026\/02\/494201380_4062166737357637_7063988440619866064_n.jpg 960w, https:\/\/grupofossilis.com.br\/wp-content\/uploads\/2026\/02\/494201380_4062166737357637_7063988440619866064_n-300x225.jpg 300w, https:\/\/grupofossilis.com.br\/wp-content\/uploads\/2026\/02\/494201380_4062166737357637_7063988440619866064_n-768x576.jpg 768w\" sizes=\"auto, (max-width: 960px) 100vw, 960px\" \/><\/figure>\n\n\n\n<figure class=\"wp-block-image size-large\"><img loading=\"lazy\" decoding=\"async\" width=\"960\" height=\"720\" data-id=\"3915\" src=\"https:\/\/grupofossilis.com.br\/wp-content\/uploads\/2026\/02\/494875356_4062166544024323_8119247815694354784_n.jpg\" alt=\"\" class=\"wp-image-3915\" srcset=\"https:\/\/grupofossilis.com.br\/wp-content\/uploads\/2026\/02\/494875356_4062166544024323_8119247815694354784_n.jpg 960w, https:\/\/grupofossilis.com.br\/wp-content\/uploads\/2026\/02\/494875356_4062166544024323_8119247815694354784_n-300x225.jpg 300w, https:\/\/grupofossilis.com.br\/wp-content\/uploads\/2026\/02\/494875356_4062166544024323_8119247815694354784_n-768x576.jpg 768w\" sizes=\"auto, (max-width: 960px) 100vw, 960px\" \/><\/figure>\n\n\n\n<figure class=\"wp-block-image size-large\"><img loading=\"lazy\" decoding=\"async\" width=\"960\" height=\"720\" data-id=\"3918\" src=\"https:\/\/grupofossilis.com.br\/wp-content\/uploads\/2026\/02\/495197190_4062166727357638_1240062067156044082_n.jpg\" alt=\"\" class=\"wp-image-3918\" srcset=\"https:\/\/grupofossilis.com.br\/wp-content\/uploads\/2026\/02\/495197190_4062166727357638_1240062067156044082_n.jpg 960w, https:\/\/grupofossilis.com.br\/wp-content\/uploads\/2026\/02\/495197190_4062166727357638_1240062067156044082_n-300x225.jpg 300w, https:\/\/grupofossilis.com.br\/wp-content\/uploads\/2026\/02\/495197190_4062166727357638_1240062067156044082_n-768x576.jpg 768w\" sizes=\"auto, (max-width: 960px) 100vw, 960px\" \/><\/figure>\n\n\n\n<figure class=\"wp-block-image size-large\"><img loading=\"lazy\" decoding=\"async\" width=\"960\" height=\"540\" data-id=\"3916\" src=\"https:\/\/grupofossilis.com.br\/wp-content\/uploads\/2026\/02\/494361722_4062166677357643_2277918350477240053_n.jpg\" alt=\"\" class=\"wp-image-3916\" srcset=\"https:\/\/grupofossilis.com.br\/wp-content\/uploads\/2026\/02\/494361722_4062166677357643_2277918350477240053_n.jpg 960w, https:\/\/grupofossilis.com.br\/wp-content\/uploads\/2026\/02\/494361722_4062166677357643_2277918350477240053_n-300x169.jpg 300w, https:\/\/grupofossilis.com.br\/wp-content\/uploads\/2026\/02\/494361722_4062166677357643_2277918350477240053_n-768x432.jpg 768w\" sizes=\"auto, (max-width: 960px) 100vw, 960px\" \/><\/figure>\n\n\n\n<figure class=\"wp-block-image size-large\"><img loading=\"lazy\" decoding=\"async\" width=\"960\" height=\"720\" data-id=\"3917\" src=\"https:\/\/grupofossilis.com.br\/wp-content\/uploads\/2026\/02\/494195182_4062166337357677_2546438699101234713_n.jpg\" alt=\"\" class=\"wp-image-3917\" srcset=\"https:\/\/grupofossilis.com.br\/wp-content\/uploads\/2026\/02\/494195182_4062166337357677_2546438699101234713_n.jpg 960w, https:\/\/grupofossilis.com.br\/wp-content\/uploads\/2026\/02\/494195182_4062166337357677_2546438699101234713_n-300x225.jpg 300w, https:\/\/grupofossilis.com.br\/wp-content\/uploads\/2026\/02\/494195182_4062166337357677_2546438699101234713_n-768x576.jpg 768w\" sizes=\"auto, (max-width: 960px) 100vw, 960px\" \/><\/figure>\n\n\n\n<figure class=\"wp-block-image size-large\"><img loading=\"lazy\" decoding=\"async\" width=\"960\" height=\"540\" data-id=\"3919\" src=\"https:\/\/grupofossilis.com.br\/wp-content\/uploads\/2026\/02\/494203854_4062166574024320_8609027459761466853_n.jpg\" alt=\"\" class=\"wp-image-3919\" srcset=\"https:\/\/grupofossilis.com.br\/wp-content\/uploads\/2026\/02\/494203854_4062166574024320_8609027459761466853_n.jpg 960w, https:\/\/grupofossilis.com.br\/wp-content\/uploads\/2026\/02\/494203854_4062166574024320_8609027459761466853_n-300x169.jpg 300w, https:\/\/grupofossilis.com.br\/wp-content\/uploads\/2026\/02\/494203854_4062166574024320_8609027459761466853_n-768x432.jpg 768w\" sizes=\"auto, (max-width: 960px) 100vw, 960px\" \/><\/figure>\n\n\n\n<figure class=\"wp-block-image size-large\"><img loading=\"lazy\" decoding=\"async\" width=\"960\" height=\"540\" data-id=\"3920\" src=\"https:\/\/grupofossilis.com.br\/wp-content\/uploads\/2026\/02\/494668840_4062166800690964_2019797287999159960_n.jpg\" alt=\"\" class=\"wp-image-3920\" srcset=\"https:\/\/grupofossilis.com.br\/wp-content\/uploads\/2026\/02\/494668840_4062166800690964_2019797287999159960_n.jpg 960w, https:\/\/grupofossilis.com.br\/wp-content\/uploads\/2026\/02\/494668840_4062166800690964_2019797287999159960_n-300x169.jpg 300w, https:\/\/grupofossilis.com.br\/wp-content\/uploads\/2026\/02\/494668840_4062166800690964_2019797287999159960_n-768x432.jpg 768w\" sizes=\"auto, (max-width: 960px) 100vw, 960px\" \/><\/figure>\n\n\n\n<figure class=\"wp-block-image size-large\"><img loading=\"lazy\" decoding=\"async\" width=\"960\" height=\"540\" data-id=\"3921\" src=\"https:\/\/grupofossilis.com.br\/wp-content\/uploads\/2026\/02\/494948310_4062166810690963_6636715871824392435_n.jpg\" alt=\"\" class=\"wp-image-3921\" srcset=\"https:\/\/grupofossilis.com.br\/wp-content\/uploads\/2026\/02\/494948310_4062166810690963_6636715871824392435_n.jpg 960w, https:\/\/grupofossilis.com.br\/wp-content\/uploads\/2026\/02\/494948310_4062166810690963_6636715871824392435_n-300x169.jpg 300w, https:\/\/grupofossilis.com.br\/wp-content\/uploads\/2026\/02\/494948310_4062166810690963_6636715871824392435_n-768x432.jpg 768w\" sizes=\"auto, (max-width: 960px) 100vw, 960px\" \/><\/figure>\n\n\n\n<figure class=\"wp-block-image size-large\"><img loading=\"lazy\" decoding=\"async\" width=\"960\" height=\"720\" data-id=\"3923\" src=\"https:\/\/grupofossilis.com.br\/wp-content\/uploads\/2026\/02\/494891602_4062166667357644_4650543774497541170_n.jpg\" alt=\"\" class=\"wp-image-3923\" srcset=\"https:\/\/grupofossilis.com.br\/wp-content\/uploads\/2026\/02\/494891602_4062166667357644_4650543774497541170_n.jpg 960w, https:\/\/grupofossilis.com.br\/wp-content\/uploads\/2026\/02\/494891602_4062166667357644_4650543774497541170_n-300x225.jpg 300w, https:\/\/grupofossilis.com.br\/wp-content\/uploads\/2026\/02\/494891602_4062166667357644_4650543774497541170_n-768x576.jpg 768w\" sizes=\"auto, (max-width: 960px) 100vw, 960px\" \/><\/figure>\n\n\n\n<figure class=\"wp-block-image size-large\"><img loading=\"lazy\" decoding=\"async\" width=\"960\" height=\"540\" data-id=\"3922\" src=\"https:\/\/grupofossilis.com.br\/wp-content\/uploads\/2026\/02\/494420645_4062166707357640_6645304218061462970_n.jpg\" alt=\"\" class=\"wp-image-3922\" srcset=\"https:\/\/grupofossilis.com.br\/wp-content\/uploads\/2026\/02\/494420645_4062166707357640_6645304218061462970_n.jpg 960w, https:\/\/grupofossilis.com.br\/wp-content\/uploads\/2026\/02\/494420645_4062166707357640_6645304218061462970_n-300x169.jpg 300w, https:\/\/grupofossilis.com.br\/wp-content\/uploads\/2026\/02\/494420645_4062166707357640_6645304218061462970_n-768x432.jpg 768w\" sizes=\"auto, (max-width: 960px) 100vw, 960px\" \/><\/figure>\n\n\n\n<figure class=\"wp-block-image size-large\"><img loading=\"lazy\" decoding=\"async\" width=\"960\" height=\"720\" data-id=\"3924\" src=\"https:\/\/grupofossilis.com.br\/wp-content\/uploads\/2026\/02\/494313086_4062166784024299_3981360299572842073_n.jpg\" alt=\"\" class=\"wp-image-3924\" srcset=\"https:\/\/grupofossilis.com.br\/wp-content\/uploads\/2026\/02\/494313086_4062166784024299_3981360299572842073_n.jpg 960w, https:\/\/grupofossilis.com.br\/wp-content\/uploads\/2026\/02\/494313086_4062166784024299_3981360299572842073_n-300x225.jpg 300w, https:\/\/grupofossilis.com.br\/wp-content\/uploads\/2026\/02\/494313086_4062166784024299_3981360299572842073_n-768x576.jpg 768w\" sizes=\"auto, (max-width: 960px) 100vw, 960px\" \/><\/figure>\n\n\n\n<figure class=\"wp-block-image size-large\"><img loading=\"lazy\" decoding=\"async\" width=\"960\" height=\"720\" data-id=\"3925\" src=\"https:\/\/grupofossilis.com.br\/wp-content\/uploads\/2026\/02\/494204449_4062166694024308_6161395372834934213_n.jpg\" alt=\"\" class=\"wp-image-3925\" srcset=\"https:\/\/grupofossilis.com.br\/wp-content\/uploads\/2026\/02\/494204449_4062166694024308_6161395372834934213_n.jpg 960w, https:\/\/grupofossilis.com.br\/wp-content\/uploads\/2026\/02\/494204449_4062166694024308_6161395372834934213_n-300x225.jpg 300w, https:\/\/grupofossilis.com.br\/wp-content\/uploads\/2026\/02\/494204449_4062166694024308_6161395372834934213_n-768x576.jpg 768w\" sizes=\"auto, (max-width: 960px) 100vw, 960px\" \/><\/figure>\n<\/figure>\n","protected":false},"excerpt":{"rendered":"<p>26\/05\/2014 &#8211; Casa Ziraldo de Cultura (Caratinga\/MG)<\/p>\n","protected":false},"author":1,"featured_media":0,"parent":0,"menu_order":0,"comment_status":"closed","ping_status":"closed","template":"","meta":{"footnotes":""},"class_list":["post-3898","page","type-page","status-publish","hentry"],"_links":{"self":[{"href":"https:\/\/grupofossilis.com.br\/index.php\/wp-json\/wp\/v2\/pages\/3898","targetHints":{"allow":["GET"]}}],"collection":[{"href":"https:\/\/grupofossilis.com.br\/index.php\/wp-json\/wp\/v2\/pages"}],"about":[{"href":"https:\/\/grupofossilis.com.br\/index.php\/wp-json\/wp\/v2\/types\/page"}],"author":[{"embeddable":true,"href":"https:\/\/grupofossilis.com.br\/index.php\/wp-json\/wp\/v2\/users\/1"}],"replies":[{"embeddable":true,"href":"https:\/\/grupofossilis.com.br\/index.php\/wp-json\/wp\/v2\/comments?post=3898"}],"version-history":[{"count":1,"href":"https:\/\/grupofossilis.com.br\/index.php\/wp-json\/wp\/v2\/pages\/3898\/revisions"}],"predecessor-version":[{"id":3926,"href":"https:\/\/grupofossilis.com.br\/index.php\/wp-json\/wp\/v2\/pages\/3898\/revisions\/3926"}],"wp:attachment":[{"href":"https:\/\/grupofossilis.com.br\/index.php\/wp-json\/wp\/v2\/media?parent=3898"}],"curies":[{"name":"wp","href":"https:\/\/api.w.org\/{rel}","templated":true}]}}