{"id":4026,"date":"2017-12-01T23:17:00","date_gmt":"2017-12-02T01:17:00","guid":{"rendered":"https:\/\/grupofossilis.com.br\/?page_id=4026"},"modified":"2026-02-23T23:20:31","modified_gmt":"2026-02-24T02:20:31","slug":"exposicao-na-mostra-de-ciencias","status":"publish","type":"page","link":"https:\/\/grupofossilis.com.br\/index.php\/exposicao-na-mostra-de-ciencias\/","title":{"rendered":"EXPOSI\u00c7\u00c3O NA MOSTRA DE CI\u00caNCIAS"},"content":{"rendered":"\n<p>01\/12\/2017 &#8211;  Escola Professor Jairo Grossi (Caratinga\/MG)<\/p>\n\n\n\n<figure class=\"wp-block-gallery has-nested-images columns-default is-cropped wp-block-gallery-1 is-layout-flex wp-block-gallery-is-layout-flex\">\n<figure class=\"wp-block-image size-large\"><img loading=\"lazy\" decoding=\"async\" width=\"1024\" height=\"576\" data-id=\"4027\" src=\"https:\/\/grupofossilis.com.br\/wp-content\/uploads\/2026\/02\/23874070_1519183851535565_1668252397_o-1024x576.jpg\" alt=\"\" class=\"wp-image-4027\" srcset=\"https:\/\/grupofossilis.com.br\/wp-content\/uploads\/2026\/02\/23874070_1519183851535565_1668252397_o-1024x576.jpg 1024w, https:\/\/grupofossilis.com.br\/wp-content\/uploads\/2026\/02\/23874070_1519183851535565_1668252397_o-300x169.jpg 300w, https:\/\/grupofossilis.com.br\/wp-content\/uploads\/2026\/02\/23874070_1519183851535565_1668252397_o-768x432.jpg 768w, https:\/\/grupofossilis.com.br\/wp-content\/uploads\/2026\/02\/23874070_1519183851535565_1668252397_o.jpg 1184w\" sizes=\"auto, (max-width: 1024px) 100vw, 1024px\" \/><\/figure>\n\n\n\n<figure class=\"wp-block-image size-large\"><img loading=\"lazy\" decoding=\"async\" width=\"1024\" height=\"576\" data-id=\"4028\" src=\"https:\/\/grupofossilis.com.br\/wp-content\/uploads\/2026\/02\/23897326_1519211738199443_825992876_o-1024x576.jpg\" alt=\"\" class=\"wp-image-4028\" srcset=\"https:\/\/grupofossilis.com.br\/wp-content\/uploads\/2026\/02\/23897326_1519211738199443_825992876_o-1024x576.jpg 1024w, https:\/\/grupofossilis.com.br\/wp-content\/uploads\/2026\/02\/23897326_1519211738199443_825992876_o-300x169.jpg 300w, https:\/\/grupofossilis.com.br\/wp-content\/uploads\/2026\/02\/23897326_1519211738199443_825992876_o-768x432.jpg 768w, https:\/\/grupofossilis.com.br\/wp-content\/uploads\/2026\/02\/23897326_1519211738199443_825992876_o.jpg 1184w\" sizes=\"auto, (max-width: 1024px) 100vw, 1024px\" \/><\/figure>\n\n\n\n<figure class=\"wp-block-image size-large\"><img loading=\"lazy\" decoding=\"async\" width=\"1024\" height=\"576\" data-id=\"4031\" src=\"https:\/\/grupofossilis.com.br\/wp-content\/uploads\/2026\/02\/23949115_1519183831535567_382691396_o-1024x576.jpg\" alt=\"\" class=\"wp-image-4031\" srcset=\"https:\/\/grupofossilis.com.br\/wp-content\/uploads\/2026\/02\/23949115_1519183831535567_382691396_o-1024x576.jpg 1024w, https:\/\/grupofossilis.com.br\/wp-content\/uploads\/2026\/02\/23949115_1519183831535567_382691396_o-300x169.jpg 300w, https:\/\/grupofossilis.com.br\/wp-content\/uploads\/2026\/02\/23949115_1519183831535567_382691396_o-768x432.jpg 768w, https:\/\/grupofossilis.com.br\/wp-content\/uploads\/2026\/02\/23949115_1519183831535567_382691396_o.jpg 1184w\" sizes=\"auto, (max-width: 1024px) 100vw, 1024px\" \/><\/figure>\n\n\n\n<figure class=\"wp-block-image size-large\"><img loading=\"lazy\" decoding=\"async\" width=\"1024\" height=\"576\" data-id=\"4029\" src=\"https:\/\/grupofossilis.com.br\/wp-content\/uploads\/2026\/02\/23960920_1519183834868900_1265075420_o-1024x576.jpg\" alt=\"\" class=\"wp-image-4029\" srcset=\"https:\/\/grupofossilis.com.br\/wp-content\/uploads\/2026\/02\/23960920_1519183834868900_1265075420_o-1024x576.jpg 1024w, https:\/\/grupofossilis.com.br\/wp-content\/uploads\/2026\/02\/23960920_1519183834868900_1265075420_o-300x169.jpg 300w, https:\/\/grupofossilis.com.br\/wp-content\/uploads\/2026\/02\/23960920_1519183834868900_1265075420_o-768x432.jpg 768w, https:\/\/grupofossilis.com.br\/wp-content\/uploads\/2026\/02\/23960920_1519183834868900_1265075420_o.jpg 1184w\" sizes=\"auto, (max-width: 1024px) 100vw, 1024px\" \/><\/figure>\n\n\n\n<figure class=\"wp-block-image size-large\"><img loading=\"lazy\" decoding=\"async\" width=\"1024\" height=\"576\" data-id=\"4030\" src=\"https:\/\/grupofossilis.com.br\/wp-content\/uploads\/2026\/02\/23961073_1519188861535064_682103920_o-1024x576.jpg\" alt=\"\" class=\"wp-image-4030\" srcset=\"https:\/\/grupofossilis.com.br\/wp-content\/uploads\/2026\/02\/23961073_1519188861535064_682103920_o-1024x576.jpg 1024w, https:\/\/grupofossilis.com.br\/wp-content\/uploads\/2026\/02\/23961073_1519188861535064_682103920_o-300x169.jpg 300w, https:\/\/grupofossilis.com.br\/wp-content\/uploads\/2026\/02\/23961073_1519188861535064_682103920_o-768x432.jpg 768w, https:\/\/grupofossilis.com.br\/wp-content\/uploads\/2026\/02\/23961073_1519188861535064_682103920_o.jpg 1184w\" sizes=\"auto, (max-width: 1024px) 100vw, 1024px\" \/><\/figure>\n\n\n\n<figure class=\"wp-block-image size-large\"><img loading=\"lazy\" decoding=\"async\" width=\"1024\" height=\"524\" data-id=\"4032\" src=\"https:\/\/grupofossilis.com.br\/wp-content\/uploads\/2026\/02\/MOSTRA1-1024x524.png\" alt=\"\" class=\"wp-image-4032\" srcset=\"https:\/\/grupofossilis.com.br\/wp-content\/uploads\/2026\/02\/MOSTRA1-1024x524.png 1024w, https:\/\/grupofossilis.com.br\/wp-content\/uploads\/2026\/02\/MOSTRA1-300x154.png 300w, https:\/\/grupofossilis.com.br\/wp-content\/uploads\/2026\/02\/MOSTRA1-768x393.png 768w, https:\/\/grupofossilis.com.br\/wp-content\/uploads\/2026\/02\/MOSTRA1.png 1070w\" sizes=\"auto, (max-width: 1024px) 100vw, 1024px\" \/><\/figure>\n<\/figure>\n","protected":false},"excerpt":{"rendered":"<p>01\/12\/2017 &#8211; Escola Professor Jairo Grossi (Caratinga\/MG)<\/p>\n","protected":false},"author":1,"featured_media":0,"parent":0,"menu_order":0,"comment_status":"closed","ping_status":"closed","template":"","meta":{"footnotes":""},"class_list":["post-4026","page","type-page","status-publish","hentry"],"_links":{"self":[{"href":"https:\/\/grupofossilis.com.br\/index.php\/wp-json\/wp\/v2\/pages\/4026","targetHints":{"allow":["GET"]}}],"collection":[{"href":"https:\/\/grupofossilis.com.br\/index.php\/wp-json\/wp\/v2\/pages"}],"about":[{"href":"https:\/\/grupofossilis.com.br\/index.php\/wp-json\/wp\/v2\/types\/page"}],"author":[{"embeddable":true,"href":"https:\/\/grupofossilis.com.br\/index.php\/wp-json\/wp\/v2\/users\/1"}],"replies":[{"embeddable":true,"href":"https:\/\/grupofossilis.com.br\/index.php\/wp-json\/wp\/v2\/comments?post=4026"}],"version-history":[{"count":1,"href":"https:\/\/grupofossilis.com.br\/index.php\/wp-json\/wp\/v2\/pages\/4026\/revisions"}],"predecessor-version":[{"id":4033,"href":"https:\/\/grupofossilis.com.br\/index.php\/wp-json\/wp\/v2\/pages\/4026\/revisions\/4033"}],"wp:attachment":[{"href":"https:\/\/grupofossilis.com.br\/index.php\/wp-json\/wp\/v2\/media?parent=4026"}],"curies":[{"name":"wp","href":"https:\/\/api.w.org\/{rel}","templated":true}]}}