{"id":4074,"date":"2019-06-22T00:06:00","date_gmt":"2019-06-22T03:06:00","guid":{"rendered":"https:\/\/grupofossilis.com.br\/?page_id=4074"},"modified":"2026-02-24T00:12:52","modified_gmt":"2026-02-24T03:12:52","slug":"visita-ao-museu-da-puc-minas","status":"publish","type":"page","link":"https:\/\/grupofossilis.com.br\/index.php\/visita-ao-museu-da-puc-minas\/","title":{"rendered":"VISITA AO MUSEU DA PUC\/MINAS"},"content":{"rendered":"\n<p>22\/06\/2019 &#8211; Cora\u00e7\u00e3o Eucar\u00edstico (Belo Horizonte\/MG)<\/p>\n\n\n\n<figure class=\"wp-block-gallery has-nested-images columns-default is-cropped wp-block-gallery-1 is-layout-flex wp-block-gallery-is-layout-flex\">\n<figure class=\"wp-block-image size-large\"><img loading=\"lazy\" decoding=\"async\" width=\"1024\" height=\"768\" data-id=\"4075\" src=\"https:\/\/grupofossilis.com.br\/wp-content\/uploads\/2026\/02\/IMG_9019-1024x768.jpg\" alt=\"\" class=\"wp-image-4075\" srcset=\"https:\/\/grupofossilis.com.br\/wp-content\/uploads\/2026\/02\/IMG_9019-1024x768.jpg 1024w, https:\/\/grupofossilis.com.br\/wp-content\/uploads\/2026\/02\/IMG_9019-300x225.jpg 300w, https:\/\/grupofossilis.com.br\/wp-content\/uploads\/2026\/02\/IMG_9019-768x576.jpg 768w, https:\/\/grupofossilis.com.br\/wp-content\/uploads\/2026\/02\/IMG_9019-1536x1152.jpg 1536w, https:\/\/grupofossilis.com.br\/wp-content\/uploads\/2026\/02\/IMG_9019-2048x1536.jpg 2048w\" sizes=\"auto, (max-width: 1024px) 100vw, 1024px\" \/><\/figure>\n\n\n\n<figure class=\"wp-block-image size-large\"><img loading=\"lazy\" decoding=\"async\" width=\"1024\" height=\"768\" data-id=\"4080\" src=\"https:\/\/grupofossilis.com.br\/wp-content\/uploads\/2026\/02\/IMG_9020-1024x768.jpg\" alt=\"\" class=\"wp-image-4080\" srcset=\"https:\/\/grupofossilis.com.br\/wp-content\/uploads\/2026\/02\/IMG_9020-1024x768.jpg 1024w, https:\/\/grupofossilis.com.br\/wp-content\/uploads\/2026\/02\/IMG_9020-300x225.jpg 300w, https:\/\/grupofossilis.com.br\/wp-content\/uploads\/2026\/02\/IMG_9020-768x576.jpg 768w, https:\/\/grupofossilis.com.br\/wp-content\/uploads\/2026\/02\/IMG_9020-1536x1152.jpg 1536w, https:\/\/grupofossilis.com.br\/wp-content\/uploads\/2026\/02\/IMG_9020-2048x1536.jpg 2048w\" sizes=\"auto, (max-width: 1024px) 100vw, 1024px\" \/><\/figure>\n\n\n\n<figure class=\"wp-block-image size-large\"><img loading=\"lazy\" decoding=\"async\" width=\"1024\" height=\"768\" data-id=\"4076\" src=\"https:\/\/grupofossilis.com.br\/wp-content\/uploads\/2026\/02\/IMG_9023-1024x768.jpg\" alt=\"\" class=\"wp-image-4076\" srcset=\"https:\/\/grupofossilis.com.br\/wp-content\/uploads\/2026\/02\/IMG_9023-1024x768.jpg 1024w, https:\/\/grupofossilis.com.br\/wp-content\/uploads\/2026\/02\/IMG_9023-300x225.jpg 300w, https:\/\/grupofossilis.com.br\/wp-content\/uploads\/2026\/02\/IMG_9023-768x576.jpg 768w, https:\/\/grupofossilis.com.br\/wp-content\/uploads\/2026\/02\/IMG_9023-1536x1152.jpg 1536w, https:\/\/grupofossilis.com.br\/wp-content\/uploads\/2026\/02\/IMG_9023-2048x1536.jpg 2048w\" sizes=\"auto, (max-width: 1024px) 100vw, 1024px\" \/><\/figure>\n\n\n\n<figure class=\"wp-block-image size-large\"><img loading=\"lazy\" decoding=\"async\" width=\"1024\" height=\"768\" data-id=\"4079\" src=\"https:\/\/grupofossilis.com.br\/wp-content\/uploads\/2026\/02\/IMG_9057-1024x768.jpg\" alt=\"\" class=\"wp-image-4079\" srcset=\"https:\/\/grupofossilis.com.br\/wp-content\/uploads\/2026\/02\/IMG_9057-1024x768.jpg 1024w, https:\/\/grupofossilis.com.br\/wp-content\/uploads\/2026\/02\/IMG_9057-300x225.jpg 300w, https:\/\/grupofossilis.com.br\/wp-content\/uploads\/2026\/02\/IMG_9057-768x576.jpg 768w, https:\/\/grupofossilis.com.br\/wp-content\/uploads\/2026\/02\/IMG_9057-1536x1152.jpg 1536w, https:\/\/grupofossilis.com.br\/wp-content\/uploads\/2026\/02\/IMG_9057-2048x1536.jpg 2048w\" sizes=\"auto, (max-width: 1024px) 100vw, 1024px\" \/><\/figure>\n\n\n\n<figure class=\"wp-block-image size-large\"><img loading=\"lazy\" decoding=\"async\" width=\"1024\" height=\"768\" data-id=\"4077\" src=\"https:\/\/grupofossilis.com.br\/wp-content\/uploads\/2026\/02\/IMG_9066-1024x768.jpg\" alt=\"\" class=\"wp-image-4077\" srcset=\"https:\/\/grupofossilis.com.br\/wp-content\/uploads\/2026\/02\/IMG_9066-1024x768.jpg 1024w, https:\/\/grupofossilis.com.br\/wp-content\/uploads\/2026\/02\/IMG_9066-300x225.jpg 300w, https:\/\/grupofossilis.com.br\/wp-content\/uploads\/2026\/02\/IMG_9066-768x576.jpg 768w, https:\/\/grupofossilis.com.br\/wp-content\/uploads\/2026\/02\/IMG_9066-1536x1152.jpg 1536w, https:\/\/grupofossilis.com.br\/wp-content\/uploads\/2026\/02\/IMG_9066-2048x1536.jpg 2048w\" sizes=\"auto, (max-width: 1024px) 100vw, 1024px\" \/><\/figure>\n\n\n\n<figure class=\"wp-block-image size-large\"><img loading=\"lazy\" decoding=\"async\" width=\"1024\" height=\"768\" data-id=\"4081\" src=\"https:\/\/grupofossilis.com.br\/wp-content\/uploads\/2026\/02\/IMG_9068-1024x768.jpg\" alt=\"\" class=\"wp-image-4081\" srcset=\"https:\/\/grupofossilis.com.br\/wp-content\/uploads\/2026\/02\/IMG_9068-1024x768.jpg 1024w, https:\/\/grupofossilis.com.br\/wp-content\/uploads\/2026\/02\/IMG_9068-300x225.jpg 300w, https:\/\/grupofossilis.com.br\/wp-content\/uploads\/2026\/02\/IMG_9068-768x576.jpg 768w, https:\/\/grupofossilis.com.br\/wp-content\/uploads\/2026\/02\/IMG_9068-1536x1152.jpg 1536w, https:\/\/grupofossilis.com.br\/wp-content\/uploads\/2026\/02\/IMG_9068-2048x1536.jpg 2048w\" sizes=\"auto, (max-width: 1024px) 100vw, 1024px\" \/><\/figure>\n\n\n\n<figure class=\"wp-block-image size-large\"><img loading=\"lazy\" decoding=\"async\" width=\"1024\" height=\"768\" data-id=\"4078\" src=\"https:\/\/grupofossilis.com.br\/wp-content\/uploads\/2026\/02\/IMG_9103-1024x768.jpg\" alt=\"\" class=\"wp-image-4078\" srcset=\"https:\/\/grupofossilis.com.br\/wp-content\/uploads\/2026\/02\/IMG_9103-1024x768.jpg 1024w, https:\/\/grupofossilis.com.br\/wp-content\/uploads\/2026\/02\/IMG_9103-300x225.jpg 300w, https:\/\/grupofossilis.com.br\/wp-content\/uploads\/2026\/02\/IMG_9103-768x576.jpg 768w, https:\/\/grupofossilis.com.br\/wp-content\/uploads\/2026\/02\/IMG_9103-1536x1152.jpg 1536w, https:\/\/grupofossilis.com.br\/wp-content\/uploads\/2026\/02\/IMG_9103-2048x1536.jpg 2048w\" sizes=\"auto, (max-width: 1024px) 100vw, 1024px\" \/><\/figure>\n\n\n\n<figure class=\"wp-block-image size-large\"><img loading=\"lazy\" decoding=\"async\" width=\"1024\" height=\"768\" data-id=\"4082\" src=\"https:\/\/grupofossilis.com.br\/wp-content\/uploads\/2026\/02\/IMG_9105-1024x768.jpg\" alt=\"\" class=\"wp-image-4082\" srcset=\"https:\/\/grupofossilis.com.br\/wp-content\/uploads\/2026\/02\/IMG_9105-1024x768.jpg 1024w, https:\/\/grupofossilis.com.br\/wp-content\/uploads\/2026\/02\/IMG_9105-300x225.jpg 300w, https:\/\/grupofossilis.com.br\/wp-content\/uploads\/2026\/02\/IMG_9105-768x576.jpg 768w, https:\/\/grupofossilis.com.br\/wp-content\/uploads\/2026\/02\/IMG_9105-1536x1152.jpg 1536w, https:\/\/grupofossilis.com.br\/wp-content\/uploads\/2026\/02\/IMG_9105-2048x1536.jpg 2048w\" sizes=\"auto, (max-width: 1024px) 100vw, 1024px\" \/><\/figure>\n\n\n\n<figure class=\"wp-block-image size-large\"><img loading=\"lazy\" decoding=\"async\" width=\"1024\" height=\"768\" data-id=\"4084\" src=\"https:\/\/grupofossilis.com.br\/wp-content\/uploads\/2026\/02\/IMG_9106-1024x768.jpg\" alt=\"\" class=\"wp-image-4084\" srcset=\"https:\/\/grupofossilis.com.br\/wp-content\/uploads\/2026\/02\/IMG_9106-1024x768.jpg 1024w, https:\/\/grupofossilis.com.br\/wp-content\/uploads\/2026\/02\/IMG_9106-300x225.jpg 300w, https:\/\/grupofossilis.com.br\/wp-content\/uploads\/2026\/02\/IMG_9106-768x576.jpg 768w, https:\/\/grupofossilis.com.br\/wp-content\/uploads\/2026\/02\/IMG_9106-1536x1152.jpg 1536w, https:\/\/grupofossilis.com.br\/wp-content\/uploads\/2026\/02\/IMG_9106-2048x1536.jpg 2048w\" sizes=\"auto, (max-width: 1024px) 100vw, 1024px\" \/><\/figure>\n\n\n\n<figure class=\"wp-block-image size-large\"><img loading=\"lazy\" decoding=\"async\" width=\"1024\" height=\"768\" data-id=\"4083\" src=\"https:\/\/grupofossilis.com.br\/wp-content\/uploads\/2026\/02\/IMG_9107-1024x768.jpg\" alt=\"\" class=\"wp-image-4083\" srcset=\"https:\/\/grupofossilis.com.br\/wp-content\/uploads\/2026\/02\/IMG_9107-1024x768.jpg 1024w, https:\/\/grupofossilis.com.br\/wp-content\/uploads\/2026\/02\/IMG_9107-300x225.jpg 300w, https:\/\/grupofossilis.com.br\/wp-content\/uploads\/2026\/02\/IMG_9107-768x576.jpg 768w, https:\/\/grupofossilis.com.br\/wp-content\/uploads\/2026\/02\/IMG_9107-1536x1152.jpg 1536w, https:\/\/grupofossilis.com.br\/wp-content\/uploads\/2026\/02\/IMG_9107-2048x1536.jpg 2048w\" sizes=\"auto, (max-width: 1024px) 100vw, 1024px\" \/><\/figure>\n\n\n\n<figure class=\"wp-block-image size-large\"><img loading=\"lazy\" decoding=\"async\" width=\"1024\" height=\"768\" data-id=\"4085\" src=\"https:\/\/grupofossilis.com.br\/wp-content\/uploads\/2026\/02\/IMG_9176-1024x768.jpg\" alt=\"\" class=\"wp-image-4085\" srcset=\"https:\/\/grupofossilis.com.br\/wp-content\/uploads\/2026\/02\/IMG_9176-1024x768.jpg 1024w, https:\/\/grupofossilis.com.br\/wp-content\/uploads\/2026\/02\/IMG_9176-300x225.jpg 300w, https:\/\/grupofossilis.com.br\/wp-content\/uploads\/2026\/02\/IMG_9176-768x576.jpg 768w, https:\/\/grupofossilis.com.br\/wp-content\/uploads\/2026\/02\/IMG_9176-1536x1152.jpg 1536w, https:\/\/grupofossilis.com.br\/wp-content\/uploads\/2026\/02\/IMG_9176-2048x1536.jpg 2048w\" sizes=\"auto, (max-width: 1024px) 100vw, 1024px\" \/><\/figure>\n\n\n\n<figure class=\"wp-block-image size-large\"><img loading=\"lazy\" decoding=\"async\" width=\"1024\" height=\"768\" data-id=\"4088\" src=\"https:\/\/grupofossilis.com.br\/wp-content\/uploads\/2026\/02\/IMG_9177-1024x768.jpg\" alt=\"\" class=\"wp-image-4088\" srcset=\"https:\/\/grupofossilis.com.br\/wp-content\/uploads\/2026\/02\/IMG_9177-1024x768.jpg 1024w, https:\/\/grupofossilis.com.br\/wp-content\/uploads\/2026\/02\/IMG_9177-300x225.jpg 300w, https:\/\/grupofossilis.com.br\/wp-content\/uploads\/2026\/02\/IMG_9177-768x576.jpg 768w, https:\/\/grupofossilis.com.br\/wp-content\/uploads\/2026\/02\/IMG_9177-1536x1152.jpg 1536w, https:\/\/grupofossilis.com.br\/wp-content\/uploads\/2026\/02\/IMG_9177-2048x1536.jpg 2048w\" sizes=\"auto, (max-width: 1024px) 100vw, 1024px\" \/><\/figure>\n\n\n\n<figure class=\"wp-block-image size-large\"><img loading=\"lazy\" decoding=\"async\" width=\"1024\" height=\"768\" data-id=\"4087\" src=\"https:\/\/grupofossilis.com.br\/wp-content\/uploads\/2026\/02\/IMG_20190622_134550561-1024x768.jpg\" alt=\"\" class=\"wp-image-4087\" srcset=\"https:\/\/grupofossilis.com.br\/wp-content\/uploads\/2026\/02\/IMG_20190622_134550561-1024x768.jpg 1024w, https:\/\/grupofossilis.com.br\/wp-content\/uploads\/2026\/02\/IMG_20190622_134550561-300x225.jpg 300w, https:\/\/grupofossilis.com.br\/wp-content\/uploads\/2026\/02\/IMG_20190622_134550561-768x576.jpg 768w, https:\/\/grupofossilis.com.br\/wp-content\/uploads\/2026\/02\/IMG_20190622_134550561-1536x1152.jpg 1536w, https:\/\/grupofossilis.com.br\/wp-content\/uploads\/2026\/02\/IMG_20190622_134550561-2048x1536.jpg 2048w\" sizes=\"auto, (max-width: 1024px) 100vw, 1024px\" \/><\/figure>\n\n\n\n<figure class=\"wp-block-image size-large\"><img loading=\"lazy\" decoding=\"async\" width=\"1024\" height=\"768\" data-id=\"4086\" src=\"https:\/\/grupofossilis.com.br\/wp-content\/uploads\/2026\/02\/IMG_20190622_134643040-1024x768.jpg\" alt=\"\" class=\"wp-image-4086\" srcset=\"https:\/\/grupofossilis.com.br\/wp-content\/uploads\/2026\/02\/IMG_20190622_134643040-1024x768.jpg 1024w, https:\/\/grupofossilis.com.br\/wp-content\/uploads\/2026\/02\/IMG_20190622_134643040-300x225.jpg 300w, https:\/\/grupofossilis.com.br\/wp-content\/uploads\/2026\/02\/IMG_20190622_134643040-768x576.jpg 768w, https:\/\/grupofossilis.com.br\/wp-content\/uploads\/2026\/02\/IMG_20190622_134643040-1536x1152.jpg 1536w, https:\/\/grupofossilis.com.br\/wp-content\/uploads\/2026\/02\/IMG_20190622_134643040-2048x1536.jpg 2048w\" sizes=\"auto, (max-width: 1024px) 100vw, 1024px\" \/><\/figure>\n\n\n\n<figure class=\"wp-block-image size-large\"><img loading=\"lazy\" decoding=\"async\" width=\"1024\" height=\"768\" data-id=\"4089\" src=\"https:\/\/grupofossilis.com.br\/wp-content\/uploads\/2026\/02\/IMG_20190622_134657128-1024x768.jpg\" alt=\"\" class=\"wp-image-4089\" srcset=\"https:\/\/grupofossilis.com.br\/wp-content\/uploads\/2026\/02\/IMG_20190622_134657128-1024x768.jpg 1024w, https:\/\/grupofossilis.com.br\/wp-content\/uploads\/2026\/02\/IMG_20190622_134657128-300x225.jpg 300w, https:\/\/grupofossilis.com.br\/wp-content\/uploads\/2026\/02\/IMG_20190622_134657128-768x576.jpg 768w, https:\/\/grupofossilis.com.br\/wp-content\/uploads\/2026\/02\/IMG_20190622_134657128-1536x1152.jpg 1536w, https:\/\/grupofossilis.com.br\/wp-content\/uploads\/2026\/02\/IMG_20190622_134657128-2048x1536.jpg 2048w\" sizes=\"auto, (max-width: 1024px) 100vw, 1024px\" \/><\/figure>\n\n\n\n<figure class=\"wp-block-image size-large\"><img loading=\"lazy\" decoding=\"async\" width=\"1024\" height=\"768\" data-id=\"4091\" src=\"https:\/\/grupofossilis.com.br\/wp-content\/uploads\/2026\/02\/IMG_20190622_134942560-1024x768.jpg\" alt=\"\" class=\"wp-image-4091\" srcset=\"https:\/\/grupofossilis.com.br\/wp-content\/uploads\/2026\/02\/IMG_20190622_134942560-1024x768.jpg 1024w, https:\/\/grupofossilis.com.br\/wp-content\/uploads\/2026\/02\/IMG_20190622_134942560-300x225.jpg 300w, https:\/\/grupofossilis.com.br\/wp-content\/uploads\/2026\/02\/IMG_20190622_134942560-768x576.jpg 768w, https:\/\/grupofossilis.com.br\/wp-content\/uploads\/2026\/02\/IMG_20190622_134942560-1536x1152.jpg 1536w, https:\/\/grupofossilis.com.br\/wp-content\/uploads\/2026\/02\/IMG_20190622_134942560-2048x1536.jpg 2048w\" sizes=\"auto, (max-width: 1024px) 100vw, 1024px\" \/><\/figure>\n\n\n\n<figure class=\"wp-block-image size-large\"><img loading=\"lazy\" decoding=\"async\" width=\"1024\" height=\"768\" data-id=\"4090\" src=\"https:\/\/grupofossilis.com.br\/wp-content\/uploads\/2026\/02\/IMG_20190622_135146214-1024x768.jpg\" alt=\"\" class=\"wp-image-4090\" srcset=\"https:\/\/grupofossilis.com.br\/wp-content\/uploads\/2026\/02\/IMG_20190622_135146214-1024x768.jpg 1024w, https:\/\/grupofossilis.com.br\/wp-content\/uploads\/2026\/02\/IMG_20190622_135146214-300x225.jpg 300w, https:\/\/grupofossilis.com.br\/wp-content\/uploads\/2026\/02\/IMG_20190622_135146214-768x576.jpg 768w, https:\/\/grupofossilis.com.br\/wp-content\/uploads\/2026\/02\/IMG_20190622_135146214-1536x1152.jpg 1536w, https:\/\/grupofossilis.com.br\/wp-content\/uploads\/2026\/02\/IMG_20190622_135146214-2048x1536.jpg 2048w\" sizes=\"auto, (max-width: 1024px) 100vw, 1024px\" \/><\/figure>\n\n\n\n<figure class=\"wp-block-image size-large\"><img loading=\"lazy\" decoding=\"async\" width=\"1024\" height=\"768\" data-id=\"4093\" src=\"https:\/\/grupofossilis.com.br\/wp-content\/uploads\/2026\/02\/IMG_20190622_135209135-1024x768.jpg\" alt=\"\" class=\"wp-image-4093\" srcset=\"https:\/\/grupofossilis.com.br\/wp-content\/uploads\/2026\/02\/IMG_20190622_135209135-1024x768.jpg 1024w, https:\/\/grupofossilis.com.br\/wp-content\/uploads\/2026\/02\/IMG_20190622_135209135-300x225.jpg 300w, https:\/\/grupofossilis.com.br\/wp-content\/uploads\/2026\/02\/IMG_20190622_135209135-768x576.jpg 768w, https:\/\/grupofossilis.com.br\/wp-content\/uploads\/2026\/02\/IMG_20190622_135209135-1536x1152.jpg 1536w, https:\/\/grupofossilis.com.br\/wp-content\/uploads\/2026\/02\/IMG_20190622_135209135-2048x1536.jpg 2048w\" sizes=\"auto, (max-width: 1024px) 100vw, 1024px\" \/><\/figure>\n\n\n\n<figure class=\"wp-block-image size-large\"><img loading=\"lazy\" decoding=\"async\" width=\"1024\" height=\"768\" data-id=\"4092\" src=\"https:\/\/grupofossilis.com.br\/wp-content\/uploads\/2026\/02\/IMG_20190622_135227764-1024x768.jpg\" alt=\"\" class=\"wp-image-4092\" srcset=\"https:\/\/grupofossilis.com.br\/wp-content\/uploads\/2026\/02\/IMG_20190622_135227764-1024x768.jpg 1024w, https:\/\/grupofossilis.com.br\/wp-content\/uploads\/2026\/02\/IMG_20190622_135227764-300x225.jpg 300w, https:\/\/grupofossilis.com.br\/wp-content\/uploads\/2026\/02\/IMG_20190622_135227764-768x576.jpg 768w, https:\/\/grupofossilis.com.br\/wp-content\/uploads\/2026\/02\/IMG_20190622_135227764-1536x1152.jpg 1536w, https:\/\/grupofossilis.com.br\/wp-content\/uploads\/2026\/02\/IMG_20190622_135227764-2048x1536.jpg 2048w\" sizes=\"auto, (max-width: 1024px) 100vw, 1024px\" \/><\/figure>\n\n\n\n<figure class=\"wp-block-image size-large\"><img loading=\"lazy\" decoding=\"async\" width=\"1024\" height=\"768\" data-id=\"4094\" src=\"https:\/\/grupofossilis.com.br\/wp-content\/uploads\/2026\/02\/IMG_20190622_140233595-1024x768.jpg\" alt=\"\" class=\"wp-image-4094\" srcset=\"https:\/\/grupofossilis.com.br\/wp-content\/uploads\/2026\/02\/IMG_20190622_140233595-1024x768.jpg 1024w, https:\/\/grupofossilis.com.br\/wp-content\/uploads\/2026\/02\/IMG_20190622_140233595-300x225.jpg 300w, https:\/\/grupofossilis.com.br\/wp-content\/uploads\/2026\/02\/IMG_20190622_140233595-768x576.jpg 768w, https:\/\/grupofossilis.com.br\/wp-content\/uploads\/2026\/02\/IMG_20190622_140233595-1536x1152.jpg 1536w, https:\/\/grupofossilis.com.br\/wp-content\/uploads\/2026\/02\/IMG_20190622_140233595-2048x1536.jpg 2048w\" sizes=\"auto, (max-width: 1024px) 100vw, 1024px\" \/><\/figure>\n<\/figure>\n\n\n\n<figure class=\"wp-block-gallery has-nested-images columns-default is-cropped wp-block-gallery-2 is-layout-flex wp-block-gallery-is-layout-flex\">\n<figure class=\"wp-block-image size-large\"><img loading=\"lazy\" decoding=\"async\" width=\"768\" height=\"1024\" data-id=\"4097\" src=\"https:\/\/grupofossilis.com.br\/wp-content\/uploads\/2026\/02\/IMG_9027-768x1024.jpg\" alt=\"\" class=\"wp-image-4097\" srcset=\"https:\/\/grupofossilis.com.br\/wp-content\/uploads\/2026\/02\/IMG_9027-768x1024.jpg 768w, https:\/\/grupofossilis.com.br\/wp-content\/uploads\/2026\/02\/IMG_9027-225x300.jpg 225w, https:\/\/grupofossilis.com.br\/wp-content\/uploads\/2026\/02\/IMG_9027-1152x1536.jpg 1152w, https:\/\/grupofossilis.com.br\/wp-content\/uploads\/2026\/02\/IMG_9027-1536x2048.jpg 1536w, https:\/\/grupofossilis.com.br\/wp-content\/uploads\/2026\/02\/IMG_9027-scaled.jpg 1920w\" sizes=\"auto, (max-width: 768px) 100vw, 768px\" \/><\/figure>\n\n\n\n<figure class=\"wp-block-image size-large\"><img loading=\"lazy\" decoding=\"async\" width=\"768\" height=\"1024\" data-id=\"4098\" src=\"https:\/\/grupofossilis.com.br\/wp-content\/uploads\/2026\/02\/IMG_20190622_134918966-768x1024.jpg\" alt=\"\" class=\"wp-image-4098\" srcset=\"https:\/\/grupofossilis.com.br\/wp-content\/uploads\/2026\/02\/IMG_20190622_134918966-768x1024.jpg 768w, https:\/\/grupofossilis.com.br\/wp-content\/uploads\/2026\/02\/IMG_20190622_134918966-225x300.jpg 225w, https:\/\/grupofossilis.com.br\/wp-content\/uploads\/2026\/02\/IMG_20190622_134918966-1152x1536.jpg 1152w, https:\/\/grupofossilis.com.br\/wp-content\/uploads\/2026\/02\/IMG_20190622_134918966-1536x2048.jpg 1536w, https:\/\/grupofossilis.com.br\/wp-content\/uploads\/2026\/02\/IMG_20190622_134918966-scaled.jpg 1920w\" sizes=\"auto, (max-width: 768px) 100vw, 768px\" \/><\/figure>\n\n\n\n<figure class=\"wp-block-image size-large\"><img loading=\"lazy\" decoding=\"async\" width=\"768\" height=\"1024\" data-id=\"4096\" src=\"https:\/\/grupofossilis.com.br\/wp-content\/uploads\/2026\/02\/IMG_20190622_140044388-768x1024.jpg\" alt=\"\" class=\"wp-image-4096\" srcset=\"https:\/\/grupofossilis.com.br\/wp-content\/uploads\/2026\/02\/IMG_20190622_140044388-768x1024.jpg 768w, https:\/\/grupofossilis.com.br\/wp-content\/uploads\/2026\/02\/IMG_20190622_140044388-225x300.jpg 225w, https:\/\/grupofossilis.com.br\/wp-content\/uploads\/2026\/02\/IMG_20190622_140044388-1152x1536.jpg 1152w, https:\/\/grupofossilis.com.br\/wp-content\/uploads\/2026\/02\/IMG_20190622_140044388-1536x2048.jpg 1536w, https:\/\/grupofossilis.com.br\/wp-content\/uploads\/2026\/02\/IMG_20190622_140044388-scaled.jpg 1920w\" sizes=\"auto, (max-width: 768px) 100vw, 768px\" \/><\/figure>\n<\/figure>\n","protected":false},"excerpt":{"rendered":"<p>22\/06\/2019 &#8211; Cora\u00e7\u00e3o Eucar\u00edstico (Belo Horizonte\/MG)<\/p>\n","protected":false},"author":1,"featured_media":0,"parent":0,"menu_order":0,"comment_status":"closed","ping_status":"closed","template":"","meta":{"footnotes":""},"class_list":["post-4074","page","type-page","status-publish","hentry"],"_links":{"self":[{"href":"https:\/\/grupofossilis.com.br\/index.php\/wp-json\/wp\/v2\/pages\/4074","targetHints":{"allow":["GET"]}}],"collection":[{"href":"https:\/\/grupofossilis.com.br\/index.php\/wp-json\/wp\/v2\/pages"}],"about":[{"href":"https:\/\/grupofossilis.com.br\/index.php\/wp-json\/wp\/v2\/types\/page"}],"author":[{"embeddable":true,"href":"https:\/\/grupofossilis.com.br\/index.php\/wp-json\/wp\/v2\/users\/1"}],"replies":[{"embeddable":true,"href":"https:\/\/grupofossilis.com.br\/index.php\/wp-json\/wp\/v2\/comments?post=4074"}],"version-history":[{"count":1,"href":"https:\/\/grupofossilis.com.br\/index.php\/wp-json\/wp\/v2\/pages\/4074\/revisions"}],"predecessor-version":[{"id":4099,"href":"https:\/\/grupofossilis.com.br\/index.php\/wp-json\/wp\/v2\/pages\/4074\/revisions\/4099"}],"wp:attachment":[{"href":"https:\/\/grupofossilis.com.br\/index.php\/wp-json\/wp\/v2\/media?parent=4074"}],"curies":[{"name":"wp","href":"https:\/\/api.w.org\/{rel}","templated":true}]}}