{"id":4966,"date":"2026-03-27T08:22:13","date_gmt":"2026-03-27T11:22:13","guid":{"rendered":"https:\/\/grupofossilis.com.br\/?page_id=4966"},"modified":"2026-03-27T08:22:13","modified_gmt":"2026-03-27T11:22:13","slug":"30-09-2012-cartaz-da-9a-exposicao-paleoarqueologica-de-caratinga","status":"publish","type":"page","link":"https:\/\/grupofossilis.com.br\/index.php\/30-09-2012-cartaz-da-9a-exposicao-paleoarqueologica-de-caratinga\/","title":{"rendered":"30\/09\/2012 &#8211; Cartaz da 9\u00aa Exposi\u00e7\u00e3o Paleoarqueol\u00f3gica de Caratinga"},"content":{"rendered":"\n<figure class=\"wp-block-gallery has-nested-images columns-default is-cropped wp-block-gallery-1 is-layout-flex wp-block-gallery-is-layout-flex\">\n<figure class=\"wp-block-image size-large\"><img loading=\"lazy\" decoding=\"async\" width=\"1024\" height=\"736\" data-id=\"4967\" src=\"https:\/\/grupofossilis.com.br\/wp-content\/uploads\/2026\/03\/30-09-2012-1024x736.jpeg\" alt=\"\" class=\"wp-image-4967\" srcset=\"https:\/\/grupofossilis.com.br\/wp-content\/uploads\/2026\/03\/30-09-2012-1024x736.jpeg 1024w, https:\/\/grupofossilis.com.br\/wp-content\/uploads\/2026\/03\/30-09-2012-300x216.jpeg 300w, https:\/\/grupofossilis.com.br\/wp-content\/uploads\/2026\/03\/30-09-2012-768x552.jpeg 768w, https:\/\/grupofossilis.com.br\/wp-content\/uploads\/2026\/03\/30-09-2012-1536x1104.jpeg 1536w, https:\/\/grupofossilis.com.br\/wp-content\/uploads\/2026\/03\/30-09-2012.jpeg 1566w\" sizes=\"auto, (max-width: 1024px) 100vw, 1024px\" \/><\/figure>\n<\/figure>\n","protected":false},"excerpt":{"rendered":"","protected":false},"author":1,"featured_media":0,"parent":0,"menu_order":0,"comment_status":"closed","ping_status":"closed","template":"","meta":{"footnotes":""},"class_list":["post-4966","page","type-page","status-publish","hentry"],"_links":{"self":[{"href":"https:\/\/grupofossilis.com.br\/index.php\/wp-json\/wp\/v2\/pages\/4966","targetHints":{"allow":["GET"]}}],"collection":[{"href":"https:\/\/grupofossilis.com.br\/index.php\/wp-json\/wp\/v2\/pages"}],"about":[{"href":"https:\/\/grupofossilis.com.br\/index.php\/wp-json\/wp\/v2\/types\/page"}],"author":[{"embeddable":true,"href":"https:\/\/grupofossilis.com.br\/index.php\/wp-json\/wp\/v2\/users\/1"}],"replies":[{"embeddable":true,"href":"https:\/\/grupofossilis.com.br\/index.php\/wp-json\/wp\/v2\/comments?post=4966"}],"version-history":[{"count":1,"href":"https:\/\/grupofossilis.com.br\/index.php\/wp-json\/wp\/v2\/pages\/4966\/revisions"}],"predecessor-version":[{"id":4968,"href":"https:\/\/grupofossilis.com.br\/index.php\/wp-json\/wp\/v2\/pages\/4966\/revisions\/4968"}],"wp:attachment":[{"href":"https:\/\/grupofossilis.com.br\/index.php\/wp-json\/wp\/v2\/media?parent=4966"}],"curies":[{"name":"wp","href":"https:\/\/api.w.org\/{rel}","templated":true}]}}