{"id":62,"date":"2025-12-08T15:35:32","date_gmt":"2025-12-08T18:35:32","guid":{"rendered":"https:\/\/grupofossilis.com.br\/?page_id=62"},"modified":"2025-12-09T23:24:18","modified_gmt":"2025-12-10T02:24:18","slug":"quem-somos","status":"publish","type":"page","link":"https:\/\/grupofossilis.com.br\/index.php\/quem-somos\/","title":{"rendered":"QUEM SOMOS"},"content":{"rendered":"\n<p><strong>Hist\u00f3rico <strong><a href=\"https:\/\/grupofossilis.com.br\/index.php\/historico\/\">&lt;link><\/a><\/strong><\/strong><\/p>\n\n\n\n<p><strong>Membros <a href=\"https:\/\/grupofossilis.com.br\/index.php\/membros\/\">&lt;link><\/a><\/strong><\/p>\n\n\n\n<p><strong>Diretoria <a href=\"https:\/\/grupofossilis.com.br\/index.php\/diretoria\/\">&lt;link><\/a><\/strong><\/p>\n\n\n\n<p><strong>Conselho Fiscal <a href=\"https:\/\/grupofossilis.com.br\/index.php\/conselho-fiscal\/\">&lt;link><\/a><\/strong><\/p>\n\n\n\n<p><strong>Comiss\u00f5es<\/strong> <strong><a href=\"https:\/\/grupofossilis.com.br\/index.php\/comissoes\/\">&lt;link><\/a><\/strong><\/p>\n\n\n\n<p><strong>Logomarcas<\/strong> <strong><a href=\"https:\/\/grupofossilis.com.br\/index.php\/logomarcas\/\">&lt;link><\/a><\/strong><\/p>\n\n\n\n<p><strong>Clipping<\/strong> <strong><a href=\"https:\/\/grupofossilis.com.br\/index.php\/clipping\/\">&lt;link><\/a><\/strong><\/p>\n\n\n\n<p><strong>Pr\u00eamios &amp; Certificados<\/strong> <strong><a href=\"https:\/\/grupofossilis.com.br\/index.php\/premios-e-certificados\/\">&lt;link><\/a><\/strong><\/p>\n","protected":false},"excerpt":{"rendered":"<p>Hist\u00f3rico &lt;link> Membros &lt;link> Diretoria &lt;link> Conselho Fiscal &lt;link> Comiss\u00f5es &lt;link> Logomarcas &lt;link> Clipping &lt;link> Pr\u00eamios &amp; Certificados<\/p>\n","protected":false},"author":1,"featured_media":0,"parent":0,"menu_order":0,"comment_status":"closed","ping_status":"closed","template":"","meta":{"footnotes":""},"class_list":["post-62","page","type-page","status-publish","hentry"],"_links":{"self":[{"href":"https:\/\/grupofossilis.com.br\/index.php\/wp-json\/wp\/v2\/pages\/62","targetHints":{"allow":["GET"]}}],"collection":[{"href":"https:\/\/grupofossilis.com.br\/index.php\/wp-json\/wp\/v2\/pages"}],"about":[{"href":"https:\/\/grupofossilis.com.br\/index.php\/wp-json\/wp\/v2\/types\/page"}],"author":[{"embeddable":true,"href":"https:\/\/grupofossilis.com.br\/index.php\/wp-json\/wp\/v2\/users\/1"}],"replies":[{"embeddable":true,"href":"https:\/\/grupofossilis.com.br\/index.php\/wp-json\/wp\/v2\/comments?post=62"}],"version-history":[{"count":4,"href":"https:\/\/grupofossilis.com.br\/index.php\/wp-json\/wp\/v2\/pages\/62\/revisions"}],"predecessor-version":[{"id":1292,"href":"https:\/\/grupofossilis.com.br\/index.php\/wp-json\/wp\/v2\/pages\/62\/revisions\/1292"}],"wp:attachment":[{"href":"https:\/\/grupofossilis.com.br\/index.php\/wp-json\/wp\/v2\/media?parent=62"}],"curies":[{"name":"wp","href":"https:\/\/api.w.org\/{rel}","templated":true}]}}