{"id":66,"date":"2025-12-08T15:35:57","date_gmt":"2025-12-08T18:35:57","guid":{"rendered":"https:\/\/grupofossilis.com.br\/?page_id=66"},"modified":"2026-03-30T18:35:33","modified_gmt":"2026-03-30T21:35:33","slug":"membros","status":"publish","type":"page","link":"https:\/\/grupofossilis.com.br\/index.php\/membros\/","title":{"rendered":"MEMBROS"},"content":{"rendered":"\n<p><strong>Abiatar David de Souza Machado<\/strong><br><strong>Abnara Soares Domingos<\/strong><br><strong>Arthur Nunes Costa<\/strong><br><strong>Ant\u00f4nio Carlos Teixeira Costa<\/strong><br><strong>Dalton Jacinto Costa<\/strong><br><strong>Elias de Souza Silva<\/strong><br><strong>Iury Lemos<br>Juliano Silvano de Souza<br>Joaquim Sabino de Souza Rodrigues<br>Halisson Augusto da Silva<br>Harley Leandro Coelho<\/strong><br><strong>Keley Cristina Gualberto Franco<\/strong><br><strong>Lourdes Aparecida Rodrigues<\/strong><br><strong>Lucas Nunes Costa<\/strong><br><strong>Lu\u00eds Ant\u00f4nio da Costa<br>M\u00f4nica Gon\u00e7alves da Silva Zavat\u00e1rio<br>Paula Regina Nunes Costa<\/strong><br><strong>Patr\u00edcia Cristina Barros Rezende<\/strong><br><strong>Patr\u00edcia Santos<\/strong><br><strong>Vaneska Maria Lopes Viana<\/strong><br><strong>Viviane Em\u00eddia Lopes<\/strong><br><strong>Walber Gon\u00e7alves de Souza<\/strong><br><strong>Walter Zavat\u00e1rio<\/strong><\/p>\n","protected":false},"excerpt":{"rendered":"<p>Abiatar David de Souza MachadoAbnara Soares DomingosArthur Nunes CostaAnt\u00f4nio Carlos Teixeira CostaDalton Jacinto CostaElias de Souza SilvaIury LemosJuliano<\/p>\n","protected":false},"author":1,"featured_media":0,"parent":0,"menu_order":0,"comment_status":"closed","ping_status":"closed","template":"","meta":{"footnotes":""},"class_list":["post-66","page","type-page","status-publish","hentry"],"_links":{"self":[{"href":"https:\/\/grupofossilis.com.br\/index.php\/wp-json\/wp\/v2\/pages\/66","targetHints":{"allow":["GET"]}}],"collection":[{"href":"https:\/\/grupofossilis.com.br\/index.php\/wp-json\/wp\/v2\/pages"}],"about":[{"href":"https:\/\/grupofossilis.com.br\/index.php\/wp-json\/wp\/v2\/types\/page"}],"author":[{"embeddable":true,"href":"https:\/\/grupofossilis.com.br\/index.php\/wp-json\/wp\/v2\/users\/1"}],"replies":[{"embeddable":true,"href":"https:\/\/grupofossilis.com.br\/index.php\/wp-json\/wp\/v2\/comments?post=66"}],"version-history":[{"count":8,"href":"https:\/\/grupofossilis.com.br\/index.php\/wp-json\/wp\/v2\/pages\/66\/revisions"}],"predecessor-version":[{"id":5097,"href":"https:\/\/grupofossilis.com.br\/index.php\/wp-json\/wp\/v2\/pages\/66\/revisions\/5097"}],"wp:attachment":[{"href":"https:\/\/grupofossilis.com.br\/index.php\/wp-json\/wp\/v2\/media?parent=66"}],"curies":[{"name":"wp","href":"https:\/\/api.w.org\/{rel}","templated":true}]}}