{"id":68,"date":"2025-12-08T15:36:06","date_gmt":"2025-12-08T18:36:06","guid":{"rendered":"https:\/\/grupofossilis.com.br\/?page_id=68"},"modified":"2025-12-09T23:12:09","modified_gmt":"2025-12-10T02:12:09","slug":"diretoria","status":"publish","type":"page","link":"https:\/\/grupofossilis.com.br\/index.php\/diretoria\/","title":{"rendered":"DIRETORIA"},"content":{"rendered":"\n<p><strong>Diretoria Atual<br><\/strong>Presidente: Lu\u00eds Ant\u00f4nio Costa<br>Vice-Presidente: Ant\u00f4nio Carlos Teixeira Costa<br>1\u00ba Secret\u00e1rio: Juliano Silvano de Souza<br>2\u00ba Secret\u00e1rio: Paula Regina Nunes Costa<br>1\u00ba Tesoureiro: Hallison Augusto da Silva<br>2\u00ba Tesoureiro: Dalton Jacinto Costa<br><\/p>\n\n\n\n<p><strong>Presidentes<\/strong> <br>2001-2001: Jo\u00e3o Paulo Barbosa Moraes<br>2001-2010: Ant\u00f4nio Carlos Teixeira Costa<br>2010-2014: Laci Augusto dos Reis<br>2015-2016: Ant\u00f4nio Carlos Teixeira Costa<br>2017-2018: Juliano Silvano de Souza<br>2019-2020: Ant\u00f4nio Carlos Teixeira Costa<br>2021-2022: Harley Leandro Coelho<br>2023-2024: Ant\u00f4nio Carlos Teixeira Costa<br>2025-2026: Lu\u00eds Ant\u00f4nio Costa<br><\/p>\n","protected":false},"excerpt":{"rendered":"<p>Diretoria AtualPresidente: Lu\u00eds Ant\u00f4nio CostaVice-Presidente: Ant\u00f4nio Carlos Teixeira Costa1\u00ba Secret\u00e1rio: Juliano Silvano de Souza2\u00ba Secret\u00e1rio: Paula Regina Nunes<\/p>\n","protected":false},"author":1,"featured_media":0,"parent":0,"menu_order":0,"comment_status":"closed","ping_status":"closed","template":"","meta":{"footnotes":""},"class_list":["post-68","page","type-page","status-publish","hentry"],"_links":{"self":[{"href":"https:\/\/grupofossilis.com.br\/index.php\/wp-json\/wp\/v2\/pages\/68","targetHints":{"allow":["GET"]}}],"collection":[{"href":"https:\/\/grupofossilis.com.br\/index.php\/wp-json\/wp\/v2\/pages"}],"about":[{"href":"https:\/\/grupofossilis.com.br\/index.php\/wp-json\/wp\/v2\/types\/page"}],"author":[{"embeddable":true,"href":"https:\/\/grupofossilis.com.br\/index.php\/wp-json\/wp\/v2\/users\/1"}],"replies":[{"embeddable":true,"href":"https:\/\/grupofossilis.com.br\/index.php\/wp-json\/wp\/v2\/comments?post=68"}],"version-history":[{"count":3,"href":"https:\/\/grupofossilis.com.br\/index.php\/wp-json\/wp\/v2\/pages\/68\/revisions"}],"predecessor-version":[{"id":1272,"href":"https:\/\/grupofossilis.com.br\/index.php\/wp-json\/wp\/v2\/pages\/68\/revisions\/1272"}],"wp:attachment":[{"href":"https:\/\/grupofossilis.com.br\/index.php\/wp-json\/wp\/v2\/media?parent=68"}],"curies":[{"name":"wp","href":"https:\/\/api.w.org\/{rel}","templated":true}]}}