{"id":74,"date":"2025-12-08T15:36:42","date_gmt":"2025-12-08T18:36:42","guid":{"rendered":"https:\/\/grupofossilis.com.br\/?page_id=74"},"modified":"2025-12-10T13:44:40","modified_gmt":"2025-12-10T16:44:40","slug":"intercambios","status":"publish","type":"page","link":"https:\/\/grupofossilis.com.br\/index.php\/intercambios\/","title":{"rendered":"INTERC\u00c2MBIOS"},"content":{"rendered":"\n<p><strong>Laborat\u00f3rio de Sistem\u00e1tica e Tafonomia de Vertebrados F\u00f3sseis (LAPUG), Museu Nacional\/UFRJ<\/strong><\/p>\n","protected":false},"excerpt":{"rendered":"<p>Laborat\u00f3rio de Sistem\u00e1tica e Tafonomia de Vertebrados F\u00f3sseis (LAPUG), Museu Nacional\/UFRJ<\/p>\n","protected":false},"author":1,"featured_media":0,"parent":0,"menu_order":0,"comment_status":"closed","ping_status":"closed","template":"","meta":{"footnotes":""},"class_list":["post-74","page","type-page","status-publish","hentry"],"_links":{"self":[{"href":"https:\/\/grupofossilis.com.br\/index.php\/wp-json\/wp\/v2\/pages\/74","targetHints":{"allow":["GET"]}}],"collection":[{"href":"https:\/\/grupofossilis.com.br\/index.php\/wp-json\/wp\/v2\/pages"}],"about":[{"href":"https:\/\/grupofossilis.com.br\/index.php\/wp-json\/wp\/v2\/types\/page"}],"author":[{"embeddable":true,"href":"https:\/\/grupofossilis.com.br\/index.php\/wp-json\/wp\/v2\/users\/1"}],"replies":[{"embeddable":true,"href":"https:\/\/grupofossilis.com.br\/index.php\/wp-json\/wp\/v2\/comments?post=74"}],"version-history":[{"count":3,"href":"https:\/\/grupofossilis.com.br\/index.php\/wp-json\/wp\/v2\/pages\/74\/revisions"}],"predecessor-version":[{"id":1369,"href":"https:\/\/grupofossilis.com.br\/index.php\/wp-json\/wp\/v2\/pages\/74\/revisions\/1369"}],"wp:attachment":[{"href":"https:\/\/grupofossilis.com.br\/index.php\/wp-json\/wp\/v2\/media?parent=74"}],"curies":[{"name":"wp","href":"https:\/\/api.w.org\/{rel}","templated":true}]}}